{"id":5645,"date":"2025-05-23T14:41:25","date_gmt":"2025-05-23T12:41:25","guid":{"rendered":"https:\/\/www.xpaddleboards.com\/?post_type=product&#038;p=5645"},"modified":"2026-03-06T12:44:30","modified_gmt":"2026-03-06T11:44:30","slug":"k-black-2-places","status":"publish","type":"product","link":"https:\/\/www.xpaddleboards.com\/en\/planche\/k-black-2-places\/","title":{"rendered":"K-Black 2 places"},"content":{"rendered":"<h3 class=\"\" data-start=\"121\" data-end=\"219\"><strong data-start=\"125\" data-end=\"219\">K-Black: Kayak 100% dropstitch \u2013 L\u2019alliance parfaite entre stabilit\u00e9, performance et facilit\u00e9<\/strong><\/h3>\n<p>Le K-Black 2 places est un kayak que nous avons d\u00e9velopp\u00e9 en utilisant tout notre savoir faire en stand up paddle. Nous avons souhait\u00e9 proposer un kayak haut de gamme, performant, solide et magnifique.<\/p>\n<p class=\"\" data-start=\"221\" data-end=\"387\">Profitez du meilleur des deux mondes avec notre kayak gonflable en dropstitch : la <strong data-start=\"304\" data-end=\"337\">rigidit\u00e9 d\u2019un kayak hardshell<\/strong> et la <strong data-start=\"344\" data-end=\"386\">facilit\u00e9 d\u2019usage d\u2019un mod\u00e8le gonflable<\/strong>.<\/p>\n<h4 class=\"\" data-start=\"389\" data-end=\"422\">\u00a0Stabilit\u00e9 exceptionnelle<\/h4>\n<p class=\"\" data-start=\"423\" data-end=\"692\">Gr\u00e2ce \u00e0 sa construction en dropstitch haute pression, ce kayak offre une <strong data-start=\"496\" data-end=\"539\">structure rigide et parfaitement stable<\/strong>, id\u00e9ale pour les pagayeurs de tous niveaux. Que vous soyez d\u00e9butant ou exp\u00e9riment\u00e9, vous b\u00e9n\u00e9ficiez d\u2019un excellent \u00e9quilibre, m\u00eame sur plan d\u2019eau agit\u00e9.<\/p>\n<h4 class=\"\" data-start=\"694\" data-end=\"726\">Facilit\u00e9 d\u2019utilisation<\/h4>\n<p class=\"\" data-start=\"727\" data-end=\"1001\">Gonflable en quelques minutes avec une pompe manuelle ou \u00e9lectrique, il se range facilement dans son sac de transport compact une fois vid\u00e9 de son air. <strong data-start=\"879\" data-end=\"956\">Plus besoin de galerie ou de grand garage : votre kayak vous suit partout<\/strong>, que ce soit en voiture, en train ou \u00e0 pied. Il pese moins de 18kg, emmenez le partout avec vous<\/p>\n<h4 class=\"\" data-start=\"1003\" data-end=\"1024\">\u00a0Performance<\/h4>\n<p class=\"\" data-start=\"1025\" data-end=\"1265\">Son profil affin\u00e9 et sa rigidit\u00e9 dropstitch offrent <strong data-start=\"1077\" data-end=\"1129\">une glisse fluide et une excellente tenue de cap<\/strong>. Que ce soit pour des balades sportives, des longues excursions ou une session sur rivi\u00e8re calme, il r\u00e9pond avec agilit\u00e9 et efficacit\u00e9. Le K-Black avec sa car\u00e8ne en V qui fend l&rsquo;eau et sa rigidit\u00e9 exceptionnelle est un kayak tr\u00e8s rapide en fait l&rsquo;un des produit les plus rapides du march\u00e9.<\/p>\n<h4 class=\"\" data-start=\"1267\" data-end=\"1301\">Solidit\u00e9 &amp; Construction<\/h4>\n<p class=\"\" data-start=\"1302\" data-end=\"1559\">Con\u00e7u avec des mat\u00e9riaux haut de gamme et une technologie dropstitch renforc\u00e9e, ce kayak supporte les chocs, les frottements et les variations de pression. <strong data-start=\"1458\" data-end=\"1534\">Sa structure multicouche garantit durabilit\u00e9 et r\u00e9sistance dans le temps<\/strong>, m\u00eame en usage intensif.<\/p>\n<p data-start=\"1302\" data-end=\"1559\"><strong>S\u00e9curit\u00e9<\/strong><\/p>\n<p data-start=\"1302\" data-end=\"1559\">Parce que votre s\u00e9curit\u00e9 est notre priorit\u00e9, ce kayak est \u00e9quip\u00e9 de <strong data-start=\"1629\" data-end=\"1671\">3 chambres \u00e0 air ind\u00e9pendantes<\/strong>, r\u00e9duisant tout risque de d\u00e9gonflage complet en cas de crevaison. Ses <strong data-start=\"1742\" data-end=\"1766\">poign\u00e9es de maintien lat\u00e9rales <\/strong>et sa <b>stabilit\u00e9 exceptionnelle<\/b>\u00a0renforcent encore votre tranquillit\u00e9 d\u2019esprit.<\/p>\n<p data-start=\"1302\" data-end=\"1559\"><strong>Confort:<\/strong><\/p>\n<p data-start=\"1302\" data-end=\"1559\">Avec ses 470cm de long et ses 80cm de large, le <strong>K-Black<\/strong> offre une taille interessante o\u00f9 vous ne vous trouverez jamais \u00e0 l&rsquo;\u00e9troit \u00e0 2 et vous permettra d&#8217;emporter des sacs, pic nic et autres accessoires. Ses rebords s\u00e9curisants vous permettront de rester au sec. Il dispose d&rsquo;une excellente flottabilit\u00e9 peut supporter jusqu&rsquo;\u00e0 180kg.<\/p>\n<p data-start=\"1302\" data-end=\"1559\"><strong>Caract\u00e9ristique K-Black 2 places.<\/strong><\/p>\n<p data-start=\"1302\" data-end=\"1559\">Mat\u00e9riaux: 100% dropstich<\/p>\n<p data-start=\"1302\" data-end=\"1559\">Taille: 470 x 80 x 42 cm<\/p>\n<p data-start=\"1302\" data-end=\"1559\"><strong>Fourni avec:<\/strong><\/p>\n<ul>\n<li data-start=\"1302\" data-end=\"1559\">Pagaie double x 2<\/li>\n<li data-start=\"1302\" data-end=\"1559\">Sac de rangement<\/li>\n<li data-start=\"1302\" data-end=\"1559\">Repair Kit<\/li>\n<li data-start=\"1302\" data-end=\"1559\">Siege x 2<\/li>\n<li data-start=\"1302\" data-end=\"1559\">Pompe double action<\/li>\n<\/ul>","protected":false},"excerpt":{"rendered":"<p>K-Black: Kayak 100% dropstitch \u2013 L\u2019alliance parfaite entre stabilit\u00e9, performance et facilit\u00e9 Le K-Black 2 places est un kayak que nous avons d\u00e9velopp\u00e9 en utilisant&#8230;<\/p>","protected":false},"featured_media":5741,"template":"","meta":[],"etheme_brands":[],"product_brand":[],"product_cat":[81],"product_tag":[],"class_list":{"0":"post-5645","1":"product","2":"type-product","3":"status-publish","4":"has-post-thumbnail","6":"product_cat-kayak","8":"first","9":"instock","10":"shipping-taxable","11":"purchasable","12":"product-type-simple"},"yoast_head":"<!-- This site is optimized with the Yoast SEO plugin v26.3 - https:\/\/yoast.com\/wordpress\/plugins\/seo\/ -->\n<title>K-Black 2 places - X Paddleboards<\/title>\n<meta name=\"robots\" content=\"index, follow, max-snippet:-1, max-image-preview:large, max-video-preview:-1\" \/>\n<link rel=\"canonical\" href=\"https:\/\/www.xpaddleboards.com\/en\/planche\/k-black-2-places\/\" \/>\n<meta property=\"og:locale\" content=\"en_GB\" \/>\n<meta property=\"og:type\" content=\"article\" \/>\n<meta property=\"og:title\" content=\"K-Black 2 places - X Paddleboards\" \/>\n<meta property=\"og:description\" content=\"K-Black: Kayak 100% dropstitch \u2013 L\u2019alliance parfaite entre stabilit\u00e9, performance et facilit\u00e9 Le K-Black 2 places est un kayak que nous avons d\u00e9velopp\u00e9 en utilisant...\" \/>\n<meta property=\"og:url\" content=\"https:\/\/www.xpaddleboards.com\/en\/planche\/k-black-2-places\/\" \/>\n<meta property=\"og:site_name\" content=\"X Paddleboards\" \/>\n<meta property=\"article:modified_time\" content=\"2026-03-06T11:44:30+00:00\" \/>\n<meta property=\"og:image\" content=\"https:\/\/www.xpaddleboards.com\/wp-content\/uploads\/2025\/05\/KBlack-2-places.png\" \/>\n\t<meta property=\"og:image:width\" content=\"1350\" \/>\n\t<meta property=\"og:image:height\" content=\"1000\" \/>\n\t<meta property=\"og:image:type\" content=\"image\/png\" \/>\n<meta name=\"twitter:card\" content=\"summary_large_image\" \/>\n<meta name=\"twitter:label1\" content=\"Estimated reading time\" \/>\n\t<meta name=\"twitter:data1\" content=\"3 minutes\" \/>\n<script type=\"application\/ld+json\" class=\"yoast-schema-graph\">{\"@context\":\"https:\/\/schema.org\",\"@graph\":[{\"@type\":\"WebPage\",\"@id\":\"https:\/\/www.xpaddleboards.com\/planche\/k-black-2-places\/\",\"url\":\"https:\/\/www.xpaddleboards.com\/planche\/k-black-2-places\/\",\"name\":\"K-Black 2 places - X Paddleboards\",\"isPartOf\":{\"@id\":\"https:\/\/www.xpaddleboards.com\/#website\"},\"primaryImageOfPage\":{\"@id\":\"https:\/\/www.xpaddleboards.com\/planche\/k-black-2-places\/#primaryimage\"},\"image\":{\"@id\":\"https:\/\/www.xpaddleboards.com\/planche\/k-black-2-places\/#primaryimage\"},\"thumbnailUrl\":\"https:\/\/www.xpaddleboards.com\/wp-content\/uploads\/2025\/05\/KBlack-2-places.png\",\"datePublished\":\"2025-05-23T12:41:25+00:00\",\"dateModified\":\"2026-03-06T11:44:30+00:00\",\"breadcrumb\":{\"@id\":\"https:\/\/www.xpaddleboards.com\/planche\/k-black-2-places\/#breadcrumb\"},\"inLanguage\":\"en-GB\",\"potentialAction\":[{\"@type\":\"ReadAction\",\"target\":[\"https:\/\/www.xpaddleboards.com\/planche\/k-black-2-places\/\"]}]},{\"@type\":\"ImageObject\",\"inLanguage\":\"en-GB\",\"@id\":\"https:\/\/www.xpaddleboards.com\/planche\/k-black-2-places\/#primaryimage\",\"url\":\"https:\/\/www.xpaddleboards.com\/wp-content\/uploads\/2025\/05\/KBlack-2-places.png\",\"contentUrl\":\"https:\/\/www.xpaddleboards.com\/wp-content\/uploads\/2025\/05\/KBlack-2-places.png\",\"width\":1350,\"height\":1000},{\"@type\":\"BreadcrumbList\",\"@id\":\"https:\/\/www.xpaddleboards.com\/planche\/k-black-2-places\/#breadcrumb\",\"itemListElement\":[{\"@type\":\"ListItem\",\"position\":1,\"name\":\"Accueil\",\"item\":\"https:\/\/www.xpaddleboards.com\/\"},{\"@type\":\"ListItem\",\"position\":2,\"name\":\"Nos planches\",\"item\":\"https:\/\/www.xpaddleboards.com\/planches\/\"},{\"@type\":\"ListItem\",\"position\":3,\"name\":\"K-Black 2 places\"}]},{\"@type\":\"WebSite\",\"@id\":\"https:\/\/www.xpaddleboards.com\/#website\",\"url\":\"https:\/\/www.xpaddleboards.com\/\",\"name\":\"X Paddleboards\",\"description\":\"La nouvelle g\u00e9n\u00e9ration de SUP gonflable\",\"potentialAction\":[{\"@type\":\"SearchAction\",\"target\":{\"@type\":\"EntryPoint\",\"urlTemplate\":\"https:\/\/www.xpaddleboards.com\/?s={search_term_string}\"},\"query-input\":{\"@type\":\"PropertyValueSpecification\",\"valueRequired\":true,\"valueName\":\"search_term_string\"}}],\"inLanguage\":\"en-GB\"}]}<\/script>\n<!-- \/ Yoast SEO plugin. -->","yoast_head_json":{"title":"K-Black 2 places - X Paddleboards","robots":{"index":"index","follow":"follow","max-snippet":"max-snippet:-1","max-image-preview":"max-image-preview:large","max-video-preview":"max-video-preview:-1"},"canonical":"https:\/\/www.xpaddleboards.com\/en\/planche\/k-black-2-places\/","og_locale":"en_GB","og_type":"article","og_title":"K-Black 2 places - X Paddleboards","og_description":"K-Black: Kayak 100% dropstitch \u2013 L\u2019alliance parfaite entre stabilit\u00e9, performance et facilit\u00e9 Le K-Black 2 places est un kayak que nous avons d\u00e9velopp\u00e9 en utilisant...","og_url":"https:\/\/www.xpaddleboards.com\/en\/planche\/k-black-2-places\/","og_site_name":"X Paddleboards","article_modified_time":"2026-03-06T11:44:30+00:00","og_image":[{"width":1350,"height":1000,"url":"https:\/\/www.xpaddleboards.com\/wp-content\/uploads\/2025\/05\/KBlack-2-places.png","type":"image\/png"}],"twitter_card":"summary_large_image","twitter_misc":{"Estimated reading time":"3 minutes"},"schema":{"@context":"https:\/\/schema.org","@graph":[{"@type":"WebPage","@id":"https:\/\/www.xpaddleboards.com\/planche\/k-black-2-places\/","url":"https:\/\/www.xpaddleboards.com\/planche\/k-black-2-places\/","name":"K-Black 2 places - X Paddleboards","isPartOf":{"@id":"https:\/\/www.xpaddleboards.com\/#website"},"primaryImageOfPage":{"@id":"https:\/\/www.xpaddleboards.com\/planche\/k-black-2-places\/#primaryimage"},"image":{"@id":"https:\/\/www.xpaddleboards.com\/planche\/k-black-2-places\/#primaryimage"},"thumbnailUrl":"https:\/\/www.xpaddleboards.com\/wp-content\/uploads\/2025\/05\/KBlack-2-places.png","datePublished":"2025-05-23T12:41:25+00:00","dateModified":"2026-03-06T11:44:30+00:00","breadcrumb":{"@id":"https:\/\/www.xpaddleboards.com\/planche\/k-black-2-places\/#breadcrumb"},"inLanguage":"en-GB","potentialAction":[{"@type":"ReadAction","target":["https:\/\/www.xpaddleboards.com\/planche\/k-black-2-places\/"]}]},{"@type":"ImageObject","inLanguage":"en-GB","@id":"https:\/\/www.xpaddleboards.com\/planche\/k-black-2-places\/#primaryimage","url":"https:\/\/www.xpaddleboards.com\/wp-content\/uploads\/2025\/05\/KBlack-2-places.png","contentUrl":"https:\/\/www.xpaddleboards.com\/wp-content\/uploads\/2025\/05\/KBlack-2-places.png","width":1350,"height":1000},{"@type":"BreadcrumbList","@id":"https:\/\/www.xpaddleboards.com\/planche\/k-black-2-places\/#breadcrumb","itemListElement":[{"@type":"ListItem","position":1,"name":"Accueil","item":"https:\/\/www.xpaddleboards.com\/"},{"@type":"ListItem","position":2,"name":"Nos planches","item":"https:\/\/www.xpaddleboards.com\/planches\/"},{"@type":"ListItem","position":3,"name":"K-Black 2 places"}]},{"@type":"WebSite","@id":"https:\/\/www.xpaddleboards.com\/#website","url":"https:\/\/www.xpaddleboards.com\/","name":"X Paddleboards","description":"La nouvelle g\u00e9n\u00e9ration de SUP gonflable","potentialAction":[{"@type":"SearchAction","target":{"@type":"EntryPoint","urlTemplate":"https:\/\/www.xpaddleboards.com\/?s={search_term_string}"},"query-input":{"@type":"PropertyValueSpecification","valueRequired":true,"valueName":"search_term_string"}}],"inLanguage":"en-GB"}]}},"_links":{"self":[{"href":"https:\/\/www.xpaddleboards.com\/en\/wp-json\/wp\/v2\/product\/5645","targetHints":{"allow":["GET"]}}],"collection":[{"href":"https:\/\/www.xpaddleboards.com\/en\/wp-json\/wp\/v2\/product"}],"about":[{"href":"https:\/\/www.xpaddleboards.com\/en\/wp-json\/wp\/v2\/types\/product"}],"version-history":[{"count":3,"href":"https:\/\/www.xpaddleboards.com\/en\/wp-json\/wp\/v2\/product\/5645\/revisions"}],"predecessor-version":[{"id":5766,"href":"https:\/\/www.xpaddleboards.com\/en\/wp-json\/wp\/v2\/product\/5645\/revisions\/5766"}],"wp:featuredmedia":[{"embeddable":true,"href":"https:\/\/www.xpaddleboards.com\/en\/wp-json\/wp\/v2\/media\/5741"}],"wp:attachment":[{"href":"https:\/\/www.xpaddleboards.com\/en\/wp-json\/wp\/v2\/media?parent=5645"}],"wp:term":[{"taxonomy":"brand","embeddable":true,"href":"https:\/\/www.xpaddleboards.com\/en\/wp-json\/wp\/v2\/etheme_brands?post=5645"},{"taxonomy":"product_brand","embeddable":true,"href":"https:\/\/www.xpaddleboards.com\/en\/wp-json\/wp\/v2\/product_brand?post=5645"},{"taxonomy":"product_cat","embeddable":true,"href":"https:\/\/www.xpaddleboards.com\/en\/wp-json\/wp\/v2\/product_cat?post=5645"},{"taxonomy":"product_tag","embeddable":true,"href":"https:\/\/www.xpaddleboards.com\/en\/wp-json\/wp\/v2\/product_tag?post=5645"}],"curies":[{"name":"wp","href":"https:\/\/api.w.org\/{rel}","templated":true}]}}