{"id":5053,"date":"2022-12-22T23:00:01","date_gmt":"2022-12-22T22:00:01","guid":{"rendered":"https:\/\/www.xpaddleboards.com\/?post_type=product&#038;p=5053"},"modified":"2025-10-06T09:51:56","modified_gmt":"2025-10-06T07:51:56","slug":"aloha-kayak","status":"publish","type":"product","link":"https:\/\/www.xpaddleboards.com\/en\/planche\/aloha-kayak\/","title":{"rendered":"Aloha kayak"},"content":{"rendered":"<div data-elementor-type=\"product-post\" data-elementor-id=\"5053\" class=\"elementor elementor-5053\" data-elementor-post-type=\"product\">\n\t\t\t\t\t\t<section class=\"elementor-section elementor-top-section elementor-element elementor-element-4142b4b7 elementor-section-boxed elementor-section-height-default elementor-section-height-default\" data-id=\"4142b4b7\" data-element_type=\"section\">\n\t\t\t\t\t\t<div class=\"elementor-container elementor-column-gap-default\">\n\t\t\t\t\t<div class=\"elementor-column elementor-col-100 elementor-top-column elementor-element elementor-element-5a845ec5\" data-id=\"5a845ec5\" data-element_type=\"column\">\n\t\t\t<div class=\"elementor-widget-wrap elementor-element-populated\">\n\t\t\t\t\t\t<div class=\"elementor-element elementor-element-9987740 elementor-widget elementor-widget-video\" data-id=\"9987740\" data-element_type=\"widget\" data-settings=\"{&quot;youtube_url&quot;:&quot;https:\\\/\\\/www.youtube.com\\\/watch?v=Up_qaxbluxk&quot;,&quot;video_type&quot;:&quot;youtube&quot;,&quot;controls&quot;:&quot;yes&quot;}\" data-widget_type=\"video.default\">\n\t\t\t\t<div class=\"elementor-widget-container\">\n\t\t\t\t\t\t\t<div class=\"elementor-wrapper elementor-open-inline\">\n\t\t\t<div class=\"elementor-video\"><\/div>\t\t<\/div>\n\t\t\t\t\t\t<\/div>\n\t\t\t\t<\/div>\n\t\t\t\t<div class=\"elementor-element elementor-element-2b304f5c elementor-widget elementor-widget-text-editor\" data-id=\"2b304f5c\" data-element_type=\"widget\" data-widget_type=\"text-editor.default\">\n\t\t\t\t<div class=\"elementor-widget-container\">\n\t\t\t\t\t\t\t\t\tTaille: 10&rsquo;2 x 32 x 6&Prime;\r\n\r\nL&rsquo;Aloha est un paddle au look incroyable, m\u00ealant bois et ainsi que le turquoise des eaux d&rsquo;hawaii et le rose de ses fleurs. D\u00e9finitivement f\u00e9minin, ce paddle a \u00e9t\u00e9 \u00e9tudi\u00e9 afin de proposer le meilleur paddle pour femme du march\u00e9: une taille parfaitement adapt\u00e9e aux femmes qui souhaitent d\u00e9buter et progresser en paddle\r\n\r\n<strong>Paddle fourni en pack complet avec:<\/strong>\r\n<ul>\r\n \t<li>Paddleboard<\/li>\r\n \t<li>Paddle<\/li>\r\n \t<li>Leash<\/li>\r\n \t<li>Pump<\/li>\r\n \t<li>Backpack<\/li>\r\n \t<li>Repair kit<\/li>\r\n<\/ul>\r\n<img fetchpriority=\"high\" decoding=\"async\" class=\"alignnone wp-image-5334 size-full\" src=\"https:\/\/www.paddlegonflable.fr\/wp-content\/uploads\/2022\/12\/ensemble-aloha.jpeg\" alt=\"\" width=\"1080\" height=\"3340\" \/>\t\t\t\t\t\t\t\t<\/div>\n\t\t\t\t<\/div>\n\t\t\t\t\t<\/div>\n\t\t<\/div>\n\t\t\t\t\t<\/div>\n\t\t<\/section>\n\t\t\t\t<\/div>","protected":false},"excerpt":{"rendered":"<p><strong>Paddle fourni en pack complet avec:<\/strong><\/p>\n<ul>\n<li>Paddleboard<\/li>\n<li>Paddle<\/li>\n<li>Leash<\/li>\n<li>Pump<\/li>\n<li>Backpack<\/li>\n<li>Repair kit<\/li>\n<\/ul>","protected":false},"featured_media":5086,"template":"","meta":[],"etheme_brands":[],"product_brand":[],"product_cat":[79],"product_tag":[],"class_list":{"0":"post-5053","1":"product","2":"type-product","3":"status-publish","4":"has-post-thumbnail","6":"product_cat-sup-kayak","8":"first","9":"instock","10":"shipping-taxable","11":"purchasable","12":"product-type-simple"},"yoast_head":"<!-- This site is optimized with the Yoast SEO plugin v26.3 - https:\/\/yoast.com\/wordpress\/plugins\/seo\/ -->\n<title>Pack Stand up paddle Aloha Kayak: convertissez votre sup Aloha<\/title>\n<meta name=\"description\" content=\"Notre magnifique paddle pour femme Aloha est d\u00e9sormais disponible en pack kayak! Un superbe paddle pour femme polyvalent et adaptable pour la rame assise\" \/>\n<meta name=\"robots\" content=\"index, follow, max-snippet:-1, max-image-preview:large, max-video-preview:-1\" \/>\n<link rel=\"canonical\" href=\"https:\/\/www.xpaddleboards.com\/en\/planche\/aloha-kayak\/\" \/>\n<meta property=\"og:locale\" content=\"en_GB\" \/>\n<meta property=\"og:type\" content=\"article\" \/>\n<meta property=\"og:title\" content=\"Pack Stand up paddle Aloha Kayak: convertissez votre sup Aloha\" \/>\n<meta property=\"og:description\" content=\"Notre magnifique paddle pour femme Aloha est d\u00e9sormais disponible en pack kayak! Un superbe paddle pour femme polyvalent et adaptable pour la rame assise\" \/>\n<meta property=\"og:url\" content=\"https:\/\/www.xpaddleboards.com\/en\/planche\/aloha-kayak\/\" \/>\n<meta property=\"og:site_name\" content=\"X Paddleboards\" \/>\n<meta property=\"article:modified_time\" content=\"2025-10-06T07:51:56+00:00\" \/>\n<meta property=\"og:image\" content=\"https:\/\/www.xpaddleboards.com\/wp-content\/uploads\/2022\/12\/aloha-kayak.png\" \/>\n\t<meta property=\"og:image:width\" content=\"756\" \/>\n\t<meta property=\"og:image:height\" content=\"600\" \/>\n\t<meta property=\"og:image:type\" content=\"image\/png\" \/>\n<meta name=\"twitter:card\" content=\"summary_large_image\" \/>\n<meta name=\"twitter:label1\" content=\"Estimated reading time\" \/>\n\t<meta name=\"twitter:data1\" content=\"1 minute\" \/>\n<script type=\"application\/ld+json\" class=\"yoast-schema-graph\">{\"@context\":\"https:\/\/schema.org\",\"@graph\":[{\"@type\":\"WebPage\",\"@id\":\"https:\/\/www.xpaddleboards.com\/planche\/aloha-kayak\/\",\"url\":\"https:\/\/www.xpaddleboards.com\/planche\/aloha-kayak\/\",\"name\":\"Pack Stand up paddle Aloha Kayak: convertissez votre sup Aloha\",\"isPartOf\":{\"@id\":\"https:\/\/www.xpaddleboards.com\/#website\"},\"primaryImageOfPage\":{\"@id\":\"https:\/\/www.xpaddleboards.com\/planche\/aloha-kayak\/#primaryimage\"},\"image\":{\"@id\":\"https:\/\/www.xpaddleboards.com\/planche\/aloha-kayak\/#primaryimage\"},\"thumbnailUrl\":\"https:\/\/www.xpaddleboards.com\/wp-content\/uploads\/2022\/12\/aloha-kayak.png\",\"datePublished\":\"2022-12-22T22:00:01+00:00\",\"dateModified\":\"2025-10-06T07:51:56+00:00\",\"description\":\"Notre magnifique paddle pour femme Aloha est d\u00e9sormais disponible en pack kayak! Un superbe paddle pour femme polyvalent et adaptable pour la rame assise\",\"breadcrumb\":{\"@id\":\"https:\/\/www.xpaddleboards.com\/planche\/aloha-kayak\/#breadcrumb\"},\"inLanguage\":\"en-GB\",\"potentialAction\":[{\"@type\":\"ReadAction\",\"target\":[\"https:\/\/www.xpaddleboards.com\/planche\/aloha-kayak\/\"]}]},{\"@type\":\"ImageObject\",\"inLanguage\":\"en-GB\",\"@id\":\"https:\/\/www.xpaddleboards.com\/planche\/aloha-kayak\/#primaryimage\",\"url\":\"https:\/\/www.xpaddleboards.com\/wp-content\/uploads\/2022\/12\/aloha-kayak.png\",\"contentUrl\":\"https:\/\/www.xpaddleboards.com\/wp-content\/uploads\/2022\/12\/aloha-kayak.png\",\"width\":756,\"height\":600},{\"@type\":\"BreadcrumbList\",\"@id\":\"https:\/\/www.xpaddleboards.com\/planche\/aloha-kayak\/#breadcrumb\",\"itemListElement\":[{\"@type\":\"ListItem\",\"position\":1,\"name\":\"Accueil\",\"item\":\"https:\/\/www.xpaddleboards.com\/\"},{\"@type\":\"ListItem\",\"position\":2,\"name\":\"Nos planches\",\"item\":\"https:\/\/www.xpaddleboards.com\/planches\/\"},{\"@type\":\"ListItem\",\"position\":3,\"name\":\"Aloha kayak\"}]},{\"@type\":\"WebSite\",\"@id\":\"https:\/\/www.xpaddleboards.com\/#website\",\"url\":\"https:\/\/www.xpaddleboards.com\/\",\"name\":\"X Paddleboards\",\"description\":\"La nouvelle g\u00e9n\u00e9ration de SUP gonflable\",\"potentialAction\":[{\"@type\":\"SearchAction\",\"target\":{\"@type\":\"EntryPoint\",\"urlTemplate\":\"https:\/\/www.xpaddleboards.com\/?s={search_term_string}\"},\"query-input\":{\"@type\":\"PropertyValueSpecification\",\"valueRequired\":true,\"valueName\":\"search_term_string\"}}],\"inLanguage\":\"en-GB\"}]}<\/script>\n<!-- \/ Yoast SEO plugin. -->","yoast_head_json":{"title":"Pack Stand up paddle Aloha Kayak: convertissez votre sup Aloha","description":"Notre magnifique paddle pour femme Aloha est d\u00e9sormais disponible en pack kayak! Un superbe paddle pour femme polyvalent et adaptable pour la rame assise","robots":{"index":"index","follow":"follow","max-snippet":"max-snippet:-1","max-image-preview":"max-image-preview:large","max-video-preview":"max-video-preview:-1"},"canonical":"https:\/\/www.xpaddleboards.com\/en\/planche\/aloha-kayak\/","og_locale":"en_GB","og_type":"article","og_title":"Pack Stand up paddle Aloha Kayak: convertissez votre sup Aloha","og_description":"Notre magnifique paddle pour femme Aloha est d\u00e9sormais disponible en pack kayak! Un superbe paddle pour femme polyvalent et adaptable pour la rame assise","og_url":"https:\/\/www.xpaddleboards.com\/en\/planche\/aloha-kayak\/","og_site_name":"X Paddleboards","article_modified_time":"2025-10-06T07:51:56+00:00","og_image":[{"width":756,"height":600,"url":"https:\/\/www.xpaddleboards.com\/wp-content\/uploads\/2022\/12\/aloha-kayak.png","type":"image\/png"}],"twitter_card":"summary_large_image","twitter_misc":{"Estimated reading time":"1 minute"},"schema":{"@context":"https:\/\/schema.org","@graph":[{"@type":"WebPage","@id":"https:\/\/www.xpaddleboards.com\/planche\/aloha-kayak\/","url":"https:\/\/www.xpaddleboards.com\/planche\/aloha-kayak\/","name":"Pack Stand up paddle Aloha Kayak: convertissez votre sup Aloha","isPartOf":{"@id":"https:\/\/www.xpaddleboards.com\/#website"},"primaryImageOfPage":{"@id":"https:\/\/www.xpaddleboards.com\/planche\/aloha-kayak\/#primaryimage"},"image":{"@id":"https:\/\/www.xpaddleboards.com\/planche\/aloha-kayak\/#primaryimage"},"thumbnailUrl":"https:\/\/www.xpaddleboards.com\/wp-content\/uploads\/2022\/12\/aloha-kayak.png","datePublished":"2022-12-22T22:00:01+00:00","dateModified":"2025-10-06T07:51:56+00:00","description":"Notre magnifique paddle pour femme Aloha est d\u00e9sormais disponible en pack kayak! Un superbe paddle pour femme polyvalent et adaptable pour la rame assise","breadcrumb":{"@id":"https:\/\/www.xpaddleboards.com\/planche\/aloha-kayak\/#breadcrumb"},"inLanguage":"en-GB","potentialAction":[{"@type":"ReadAction","target":["https:\/\/www.xpaddleboards.com\/planche\/aloha-kayak\/"]}]},{"@type":"ImageObject","inLanguage":"en-GB","@id":"https:\/\/www.xpaddleboards.com\/planche\/aloha-kayak\/#primaryimage","url":"https:\/\/www.xpaddleboards.com\/wp-content\/uploads\/2022\/12\/aloha-kayak.png","contentUrl":"https:\/\/www.xpaddleboards.com\/wp-content\/uploads\/2022\/12\/aloha-kayak.png","width":756,"height":600},{"@type":"BreadcrumbList","@id":"https:\/\/www.xpaddleboards.com\/planche\/aloha-kayak\/#breadcrumb","itemListElement":[{"@type":"ListItem","position":1,"name":"Accueil","item":"https:\/\/www.xpaddleboards.com\/"},{"@type":"ListItem","position":2,"name":"Nos planches","item":"https:\/\/www.xpaddleboards.com\/planches\/"},{"@type":"ListItem","position":3,"name":"Aloha kayak"}]},{"@type":"WebSite","@id":"https:\/\/www.xpaddleboards.com\/#website","url":"https:\/\/www.xpaddleboards.com\/","name":"X Paddleboards","description":"La nouvelle g\u00e9n\u00e9ration de SUP gonflable","potentialAction":[{"@type":"SearchAction","target":{"@type":"EntryPoint","urlTemplate":"https:\/\/www.xpaddleboards.com\/?s={search_term_string}"},"query-input":{"@type":"PropertyValueSpecification","valueRequired":true,"valueName":"search_term_string"}}],"inLanguage":"en-GB"}]}},"_links":{"self":[{"href":"https:\/\/www.xpaddleboards.com\/en\/wp-json\/wp\/v2\/product\/5053","targetHints":{"allow":["GET"]}}],"collection":[{"href":"https:\/\/www.xpaddleboards.com\/en\/wp-json\/wp\/v2\/product"}],"about":[{"href":"https:\/\/www.xpaddleboards.com\/en\/wp-json\/wp\/v2\/types\/product"}],"version-history":[{"count":5,"href":"https:\/\/www.xpaddleboards.com\/en\/wp-json\/wp\/v2\/product\/5053\/revisions"}],"predecessor-version":[{"id":5432,"href":"https:\/\/www.xpaddleboards.com\/en\/wp-json\/wp\/v2\/product\/5053\/revisions\/5432"}],"wp:featuredmedia":[{"embeddable":true,"href":"https:\/\/www.xpaddleboards.com\/en\/wp-json\/wp\/v2\/media\/5086"}],"wp:attachment":[{"href":"https:\/\/www.xpaddleboards.com\/en\/wp-json\/wp\/v2\/media?parent=5053"}],"wp:term":[{"taxonomy":"brand","embeddable":true,"href":"https:\/\/www.xpaddleboards.com\/en\/wp-json\/wp\/v2\/etheme_brands?post=5053"},{"taxonomy":"product_brand","embeddable":true,"href":"https:\/\/www.xpaddleboards.com\/en\/wp-json\/wp\/v2\/product_brand?post=5053"},{"taxonomy":"product_cat","embeddable":true,"href":"https:\/\/www.xpaddleboards.com\/en\/wp-json\/wp\/v2\/product_cat?post=5053"},{"taxonomy":"product_tag","embeddable":true,"href":"https:\/\/www.xpaddleboards.com\/en\/wp-json\/wp\/v2\/product_tag?post=5053"}],"curies":[{"name":"wp","href":"https:\/\/api.w.org\/{rel}","templated":true}]}}