{"id":5050,"date":"2022-12-22T23:00:00","date_gmt":"2022-12-22T22:00:00","guid":{"rendered":"https:\/\/www.xpaddleboards.com\/?post_type=product&#038;p=5050"},"modified":"2026-03-26T09:56:22","modified_gmt":"2026-03-26T08:56:22","slug":"ripper","status":"publish","type":"product","link":"https:\/\/www.xpaddleboards.com\/en\/planche\/ripper\/","title":{"rendered":"Ripper"},"content":{"rendered":"<div data-elementor-type=\"product-post\" data-elementor-id=\"5050\" class=\"elementor elementor-5050\" data-elementor-post-type=\"product\">\n\t\t\t\t\t\t<section class=\"elementor-section elementor-top-section elementor-element elementor-element-2e8d651d elementor-section-boxed elementor-section-height-default elementor-section-height-default\" data-id=\"2e8d651d\" data-element_type=\"section\">\n\t\t\t\t\t\t<div class=\"elementor-container elementor-column-gap-default\">\n\t\t\t\t\t<div class=\"elementor-column elementor-col-100 elementor-top-column elementor-element elementor-element-71706473\" data-id=\"71706473\" data-element_type=\"column\">\n\t\t\t<div class=\"elementor-widget-wrap elementor-element-populated\">\n\t\t\t\t\t\t<div class=\"elementor-element elementor-element-5455d87 elementor-widget elementor-widget-video\" data-id=\"5455d87\" data-element_type=\"widget\" data-settings=\"{&quot;youtube_url&quot;:&quot;https:\\\/\\\/www.youtube.com\\\/watch?v=F-T0SjV2ego&quot;,&quot;video_type&quot;:&quot;youtube&quot;,&quot;controls&quot;:&quot;yes&quot;}\" data-widget_type=\"video.default\">\n\t\t\t\t<div class=\"elementor-widget-container\">\n\t\t\t\t\t\t\t<div class=\"elementor-wrapper elementor-open-inline\">\n\t\t\t<div class=\"elementor-video\"><\/div>\t\t<\/div>\n\t\t\t\t\t\t<\/div>\n\t\t\t\t<\/div>\n\t\t\t\t<div class=\"elementor-element elementor-element-87a4cfa elementor-widget elementor-widget-text-editor\" data-id=\"87a4cfa\" data-element_type=\"widget\" data-widget_type=\"text-editor.default\">\n\t\t\t\t<div class=\"elementor-widget-container\">\n\t\t\t\t\t\t\t\t\t<ul>\r\n \t<li><strong>Taille: 8&rsquo;2 x 28 x 4. ( 249 x 71 x 10 cm)<\/strong>Le ripper est le plus petit paddle de la gamme X-paddleboards, sp\u00e9cialement con\u00e7u pour les enfants \u00e0 partir de 6 ans et jusqu&rsquo;\u00e0 13 ans afin de leur permettre d&rsquo;avoir un support adapt\u00e9 \u00e0 leur poids, leur taille et leur pratique.Il est le paddle id\u00e9al pour les enfants de moins de 50kg (mais peut supporter un poids jusqu&rsquo;\u00e0 80kg)&nbsp;\r\n<h2>Petit mais costaud<\/h2>\r\nLe ripper pr\u00e9sente la m\u00eame construit haut de gamme que les autres paddles de notre gamme afin d&rsquo;assurer une excellente rigidit\u00e9 et une durabilit\u00e9 exceptionnelle obtenue avec les meilleures mat\u00e9riaux disponibles sur le march\u00e9.\r\n\r\nSon rev\u00eatement en pad EVA haute qualit\u00e9 le rend particuli\u00e8rement anti-d\u00e9rapant tandis que ses lacets permettent aux enfants d&#8217;emmener une bouteille d&rsquo;eau ou un gouter lors de leurs balades.\r\n\r\n&nbsp;\r\n<h2>Tr\u00e8s stable pour d\u00e9buter<\/h2>\r\nLe ripper pr\u00e9sente un shape tr\u00e8s compact qui lui permet d&rsquo;avoir une excellente stabilit\u00e9. Nous avons sp\u00e9cialement pens\u00e9 ce paddle afin que les enfants qui montent dessus se sentent imm\u00e9diatement \u00e0 l&rsquo;aise et donnent leur premier coups de rame sans tomber. Le ripper est le meilleur stand up apddle du march\u00e9 pour d\u00e9buter, progresser et s&rsquo;amuser en SUP\r\n<h2><\/h2>\r\n<h2>Maniable pour les petits gabarits<\/h2>\r\nCe paddle a \u00e9t\u00e9 sp\u00e9cialement pens\u00e9 et d\u00e9velopp\u00e9 afin d&rsquo;\u00eatre utilis\u00e9 par des petits gabarits et plus particuli\u00e8rement les enfants de moins de 13 ans et leur permettre de se faire plaisir sur l&rsquo;eau. Sa forme compacte lui permet de tourner dans un mouchoir de poche tandis que sa largeur int\u00e9ressante permet aux enfants de d\u00e9buter avec beaucoup de stabilit\u00e9.\r\n\r\nSa l\u00e9g\u00e8ret\u00e9 ( moins de 8kg) lui permet aux enfant de transporter le paddle dans leur sac sans se casser le dos.\r\n\r\n&nbsp;\r\n\r\n&nbsp;\r\n\r\n<strong>To conclude<\/strong>, le Ripper est un paddle accessible, ludique et adapt\u00e9 aux petits gabarits de moins de 50kg et permettra aux enfants d\u00e8s 6 ans de prendre leurs premi\u00e8re sensations sur l&rsquo;eau.\r\n\r\nSa grande stabilit\u00e9, son excellente construction, son design dynamique et ses c\u00f4tes adapt\u00e9es aux enfants vous assurent d&rsquo;offrir le meilleur cadeau pour les garcons et les filles qui ont envie de progresser sur l&rsquo;eau.\r\n\r\nIl est \u00e9galement convertible en kayak afin de varier les activit\u00e9s ( si\u00e8ge non-fourni)\r\n\r\n&nbsp;\r\n\r\nCe paddle est pr\u00eat \u00e0 partir et est livr\u00e9 avec:\r\n\r\n<strong>Paddle fourni en pack complet avec:<\/strong>\r\n<ul>\r\n \t<li>Paddleboard<\/li>\r\n \t<li>Paddle<\/li>\r\n \t<li>Leash<\/li>\r\n \t<li>Pump<\/li>\r\n \t<li>Backpack<\/li>\r\n \t<li>Repair kit<\/li>\r\n<\/ul>\r\n<\/li>\r\n<\/ul>\r\n&nbsp;\r\n\r\n<img fetchpriority=\"high\" decoding=\"async\" class=\"alignnone wp-image-5340 size-full\" src=\"https:\/\/www.paddlegonflable.fr\/wp-content\/uploads\/2022\/12\/Paddle-ripper.jpeg\" alt=\"\" width=\"1080\" height=\"3340\" \/>\t\t\t\t\t\t\t\t<\/div>\n\t\t\t\t<\/div>\n\t\t\t\t\t<\/div>\n\t\t<\/div>\n\t\t\t\t\t<\/div>\n\t\t<\/section>\n\t\t\t\t<\/div>","protected":false},"excerpt":{"rendered":"<p><strong>Paddle fourni en pack complet avec:<\/strong><\/p>\n<ul>\n<li>Paddleboard<\/li>\n<li>Paddle<\/li>\n<li>Leash<\/li>\n<li>Pump<\/li>\n<li>Backpack<\/li>\n<li>Repair kit<\/li>\n<\/ul>","protected":false},"featured_media":5075,"template":"","meta":[],"etheme_brands":[],"product_brand":[],"product_cat":[74,42],"product_tag":[],"class_list":{"0":"post-5050","1":"product","2":"type-product","3":"status-publish","4":"has-post-thumbnail","6":"product_cat-les-paddles-gonflables","7":"product_cat-enfants","9":"first","10":"instock","11":"featured","12":"shipping-taxable","13":"purchasable","14":"product-type-simple"},"yoast_head":"<!-- This site is optimized with the Yoast SEO plugin v26.3 - https:\/\/yoast.com\/wordpress\/plugins\/seo\/ -->\n<title>Stand Up Paddle Ripper: Le sup pour les enfants de moins de 50kg<\/title>\n<meta name=\"description\" content=\"Ce stand up paddle a \u00e9t\u00e9 pens\u00e9, \u00e9tudi\u00e9 et con\u00e7u afin de cr\u00e9er la planche gonflable id\u00e9ale pour les enfants de moins de 13 ans\" \/>\n<meta name=\"robots\" content=\"index, follow, max-snippet:-1, max-image-preview:large, max-video-preview:-1\" \/>\n<link rel=\"canonical\" href=\"https:\/\/www.xpaddleboards.com\/en\/planche\/ripper\/\" \/>\n<meta property=\"og:locale\" content=\"en_GB\" \/>\n<meta property=\"og:type\" content=\"article\" \/>\n<meta property=\"og:title\" content=\"Stand Up Paddle Ripper: Le sup pour les enfants de moins de 50kg\" \/>\n<meta property=\"og:description\" content=\"Ce stand up paddle a \u00e9t\u00e9 pens\u00e9, \u00e9tudi\u00e9 et con\u00e7u afin de cr\u00e9er la planche gonflable id\u00e9ale pour les enfants de moins de 13 ans\" \/>\n<meta property=\"og:url\" content=\"https:\/\/www.xpaddleboards.com\/en\/planche\/ripper\/\" \/>\n<meta property=\"og:site_name\" content=\"X Paddleboards\" \/>\n<meta property=\"article:modified_time\" content=\"2026-03-26T08:56:22+00:00\" \/>\n<meta property=\"og:image\" content=\"https:\/\/www.xpaddleboards.com\/wp-content\/uploads\/2022\/12\/paddle-ripper.jpg\" \/>\n\t<meta property=\"og:image:width\" content=\"1170\" \/>\n\t<meta property=\"og:image:height\" content=\"1164\" \/>\n\t<meta property=\"og:image:type\" content=\"image\/jpeg\" \/>\n<meta name=\"twitter:card\" content=\"summary_large_image\" \/>\n<meta name=\"twitter:label1\" content=\"Estimated reading time\" \/>\n\t<meta name=\"twitter:data1\" content=\"3 minutes\" \/>\n<script type=\"application\/ld+json\" class=\"yoast-schema-graph\">{\"@context\":\"https:\/\/schema.org\",\"@graph\":[{\"@type\":\"WebPage\",\"@id\":\"https:\/\/www.xpaddleboards.com\/planche\/ripper\/\",\"url\":\"https:\/\/www.xpaddleboards.com\/planche\/ripper\/\",\"name\":\"Stand Up Paddle Ripper: Le sup pour les enfants de moins de 50kg\",\"isPartOf\":{\"@id\":\"https:\/\/www.xpaddleboards.com\/#website\"},\"primaryImageOfPage\":{\"@id\":\"https:\/\/www.xpaddleboards.com\/planche\/ripper\/#primaryimage\"},\"image\":{\"@id\":\"https:\/\/www.xpaddleboards.com\/planche\/ripper\/#primaryimage\"},\"thumbnailUrl\":\"https:\/\/www.xpaddleboards.com\/wp-content\/uploads\/2022\/12\/paddle-ripper.jpg\",\"datePublished\":\"2022-12-22T22:00:00+00:00\",\"dateModified\":\"2026-03-26T08:56:22+00:00\",\"description\":\"Ce stand up paddle a \u00e9t\u00e9 pens\u00e9, \u00e9tudi\u00e9 et con\u00e7u afin de cr\u00e9er la planche gonflable id\u00e9ale pour les enfants de moins de 13 ans\",\"breadcrumb\":{\"@id\":\"https:\/\/www.xpaddleboards.com\/planche\/ripper\/#breadcrumb\"},\"inLanguage\":\"en-GB\",\"potentialAction\":[{\"@type\":\"ReadAction\",\"target\":[\"https:\/\/www.xpaddleboards.com\/planche\/ripper\/\"]}]},{\"@type\":\"ImageObject\",\"inLanguage\":\"en-GB\",\"@id\":\"https:\/\/www.xpaddleboards.com\/planche\/ripper\/#primaryimage\",\"url\":\"https:\/\/www.xpaddleboards.com\/wp-content\/uploads\/2022\/12\/paddle-ripper.jpg\",\"contentUrl\":\"https:\/\/www.xpaddleboards.com\/wp-content\/uploads\/2022\/12\/paddle-ripper.jpg\",\"width\":1170,\"height\":1164},{\"@type\":\"BreadcrumbList\",\"@id\":\"https:\/\/www.xpaddleboards.com\/planche\/ripper\/#breadcrumb\",\"itemListElement\":[{\"@type\":\"ListItem\",\"position\":1,\"name\":\"Accueil\",\"item\":\"https:\/\/www.xpaddleboards.com\/\"},{\"@type\":\"ListItem\",\"position\":2,\"name\":\"Nos planches\",\"item\":\"https:\/\/www.xpaddleboards.com\/planches\/\"},{\"@type\":\"ListItem\",\"position\":3,\"name\":\"Ripper\"}]},{\"@type\":\"WebSite\",\"@id\":\"https:\/\/www.xpaddleboards.com\/#website\",\"url\":\"https:\/\/www.xpaddleboards.com\/\",\"name\":\"X Paddleboards\",\"description\":\"La nouvelle g\u00e9n\u00e9ration de SUP gonflable\",\"potentialAction\":[{\"@type\":\"SearchAction\",\"target\":{\"@type\":\"EntryPoint\",\"urlTemplate\":\"https:\/\/www.xpaddleboards.com\/?s={search_term_string}\"},\"query-input\":{\"@type\":\"PropertyValueSpecification\",\"valueRequired\":true,\"valueName\":\"search_term_string\"}}],\"inLanguage\":\"en-GB\"}]}<\/script>\n<!-- \/ Yoast SEO plugin. -->","yoast_head_json":{"title":"Stand Up Paddle Ripper: Le sup pour les enfants de moins de 50kg","description":"Ce stand up paddle a \u00e9t\u00e9 pens\u00e9, \u00e9tudi\u00e9 et con\u00e7u afin de cr\u00e9er la planche gonflable id\u00e9ale pour les enfants de moins de 13 ans","robots":{"index":"index","follow":"follow","max-snippet":"max-snippet:-1","max-image-preview":"max-image-preview:large","max-video-preview":"max-video-preview:-1"},"canonical":"https:\/\/www.xpaddleboards.com\/en\/planche\/ripper\/","og_locale":"en_GB","og_type":"article","og_title":"Stand Up Paddle Ripper: Le sup pour les enfants de moins de 50kg","og_description":"Ce stand up paddle a \u00e9t\u00e9 pens\u00e9, \u00e9tudi\u00e9 et con\u00e7u afin de cr\u00e9er la planche gonflable id\u00e9ale pour les enfants de moins de 13 ans","og_url":"https:\/\/www.xpaddleboards.com\/en\/planche\/ripper\/","og_site_name":"X Paddleboards","article_modified_time":"2026-03-26T08:56:22+00:00","og_image":[{"width":1170,"height":1164,"url":"https:\/\/www.xpaddleboards.com\/wp-content\/uploads\/2022\/12\/paddle-ripper.jpg","type":"image\/jpeg"}],"twitter_card":"summary_large_image","twitter_misc":{"Estimated reading time":"3 minutes"},"schema":{"@context":"https:\/\/schema.org","@graph":[{"@type":"WebPage","@id":"https:\/\/www.xpaddleboards.com\/planche\/ripper\/","url":"https:\/\/www.xpaddleboards.com\/planche\/ripper\/","name":"Stand Up Paddle Ripper: Le sup pour les enfants de moins de 50kg","isPartOf":{"@id":"https:\/\/www.xpaddleboards.com\/#website"},"primaryImageOfPage":{"@id":"https:\/\/www.xpaddleboards.com\/planche\/ripper\/#primaryimage"},"image":{"@id":"https:\/\/www.xpaddleboards.com\/planche\/ripper\/#primaryimage"},"thumbnailUrl":"https:\/\/www.xpaddleboards.com\/wp-content\/uploads\/2022\/12\/paddle-ripper.jpg","datePublished":"2022-12-22T22:00:00+00:00","dateModified":"2026-03-26T08:56:22+00:00","description":"Ce stand up paddle a \u00e9t\u00e9 pens\u00e9, \u00e9tudi\u00e9 et con\u00e7u afin de cr\u00e9er la planche gonflable id\u00e9ale pour les enfants de moins de 13 ans","breadcrumb":{"@id":"https:\/\/www.xpaddleboards.com\/planche\/ripper\/#breadcrumb"},"inLanguage":"en-GB","potentialAction":[{"@type":"ReadAction","target":["https:\/\/www.xpaddleboards.com\/planche\/ripper\/"]}]},{"@type":"ImageObject","inLanguage":"en-GB","@id":"https:\/\/www.xpaddleboards.com\/planche\/ripper\/#primaryimage","url":"https:\/\/www.xpaddleboards.com\/wp-content\/uploads\/2022\/12\/paddle-ripper.jpg","contentUrl":"https:\/\/www.xpaddleboards.com\/wp-content\/uploads\/2022\/12\/paddle-ripper.jpg","width":1170,"height":1164},{"@type":"BreadcrumbList","@id":"https:\/\/www.xpaddleboards.com\/planche\/ripper\/#breadcrumb","itemListElement":[{"@type":"ListItem","position":1,"name":"Accueil","item":"https:\/\/www.xpaddleboards.com\/"},{"@type":"ListItem","position":2,"name":"Nos planches","item":"https:\/\/www.xpaddleboards.com\/planches\/"},{"@type":"ListItem","position":3,"name":"Ripper"}]},{"@type":"WebSite","@id":"https:\/\/www.xpaddleboards.com\/#website","url":"https:\/\/www.xpaddleboards.com\/","name":"X Paddleboards","description":"La nouvelle g\u00e9n\u00e9ration de SUP gonflable","potentialAction":[{"@type":"SearchAction","target":{"@type":"EntryPoint","urlTemplate":"https:\/\/www.xpaddleboards.com\/?s={search_term_string}"},"query-input":{"@type":"PropertyValueSpecification","valueRequired":true,"valueName":"search_term_string"}}],"inLanguage":"en-GB"}]}},"_links":{"self":[{"href":"https:\/\/www.xpaddleboards.com\/en\/wp-json\/wp\/v2\/product\/5050","targetHints":{"allow":["GET"]}}],"collection":[{"href":"https:\/\/www.xpaddleboards.com\/en\/wp-json\/wp\/v2\/product"}],"about":[{"href":"https:\/\/www.xpaddleboards.com\/en\/wp-json\/wp\/v2\/types\/product"}],"version-history":[{"count":9,"href":"https:\/\/www.xpaddleboards.com\/en\/wp-json\/wp\/v2\/product\/5050\/revisions"}],"predecessor-version":[{"id":5891,"href":"https:\/\/www.xpaddleboards.com\/en\/wp-json\/wp\/v2\/product\/5050\/revisions\/5891"}],"wp:featuredmedia":[{"embeddable":true,"href":"https:\/\/www.xpaddleboards.com\/en\/wp-json\/wp\/v2\/media\/5075"}],"wp:attachment":[{"href":"https:\/\/www.xpaddleboards.com\/en\/wp-json\/wp\/v2\/media?parent=5050"}],"wp:term":[{"taxonomy":"brand","embeddable":true,"href":"https:\/\/www.xpaddleboards.com\/en\/wp-json\/wp\/v2\/etheme_brands?post=5050"},{"taxonomy":"product_brand","embeddable":true,"href":"https:\/\/www.xpaddleboards.com\/en\/wp-json\/wp\/v2\/product_brand?post=5050"},{"taxonomy":"product_cat","embeddable":true,"href":"https:\/\/www.xpaddleboards.com\/en\/wp-json\/wp\/v2\/product_cat?post=5050"},{"taxonomy":"product_tag","embeddable":true,"href":"https:\/\/www.xpaddleboards.com\/en\/wp-json\/wp\/v2\/product_tag?post=5050"}],"curies":[{"name":"wp","href":"https:\/\/api.w.org\/{rel}","templated":true}]}}