{"id":5049,"date":"2022-12-22T23:00:00","date_gmt":"2022-12-22T22:00:00","guid":{"rendered":"https:\/\/www.xpaddleboards.com\/?post_type=product&#038;p=5049"},"modified":"2026-03-26T09:47:17","modified_gmt":"2026-03-26T08:47:17","slug":"aloha","status":"publish","type":"product","link":"https:\/\/www.xpaddleboards.com\/en\/planche\/aloha\/","title":{"rendered":"Aloha"},"content":{"rendered":"<div data-elementor-type=\"product-post\" data-elementor-id=\"5049\" class=\"elementor elementor-5049\" data-elementor-post-type=\"product\">\n\t\t\t\t\t\t<section class=\"elementor-section elementor-top-section elementor-element elementor-element-62b312d4 elementor-section-boxed elementor-section-height-default elementor-section-height-default\" data-id=\"62b312d4\" data-element_type=\"section\">\n\t\t\t\t\t\t<div class=\"elementor-container elementor-column-gap-default\">\n\t\t\t\t\t<div class=\"elementor-column elementor-col-100 elementor-top-column elementor-element elementor-element-5eba358e\" data-id=\"5eba358e\" data-element_type=\"column\">\n\t\t\t<div class=\"elementor-widget-wrap elementor-element-populated\">\n\t\t\t\t\t\t<div class=\"elementor-element elementor-element-be5b2ec elementor-widget elementor-widget-video\" data-id=\"be5b2ec\" data-element_type=\"widget\" data-settings=\"{&quot;youtube_url&quot;:&quot;https:\\\/\\\/youtu.be\\\/NKHG7VOxTrM&quot;,&quot;video_type&quot;:&quot;youtube&quot;,&quot;controls&quot;:&quot;yes&quot;}\" data-widget_type=\"video.default\">\n\t\t\t\t<div class=\"elementor-widget-container\">\n\t\t\t\t\t\t\t<div class=\"elementor-wrapper elementor-open-inline\">\n\t\t\t<div class=\"elementor-video\"><\/div>\t\t<\/div>\n\t\t\t\t\t\t<\/div>\n\t\t\t\t<\/div>\n\t\t\t\t<div class=\"elementor-element elementor-element-78d14ed2 elementor-widget elementor-widget-text-editor\" data-id=\"78d14ed2\" data-element_type=\"widget\" data-widget_type=\"text-editor.default\">\n\t\t\t\t<div class=\"elementor-widget-container\">\n\t\t\t\t\t\t\t\t\t<strong>Taille: 10&rsquo;2 x 32 x 6&Prime;<\/strong>\r\n\r\nL&rsquo;Aloha est un paddle au look incroyable, m\u00ealant bois et ainsi que le turquoise des eaux d&rsquo;hawaii et le rose de ses fleurs. D\u00e9finitivement f\u00e9minin, ce paddle a \u00e9t\u00e9 \u00e9tudi\u00e9 afin de proposer le meilleur paddle pour femme du march\u00e9: une taille parfaitement adapt\u00e9e aux femmes qui souhaitent d\u00e9buter et progresser en paddle\r\n<h2>Le SUP id\u00e9al pour les femmes de tous niveaux<\/h2>\r\n<div>Cette planche offre la combinaison parfaite d&rsquo;accessibilit\u00e9, de stabilit\u00e9, de performance, de construction et de polyvalence. Vous vous sentirez en s\u00e9curit\u00e9 et en confiance sur cette planche, quel que soit le type d&rsquo;eau que vous explorez &#8211; des lacs et lagons calmes aux rivi\u00e8res et baies rapides<\/div>\r\n<div><\/div>\r\n<div>L&rsquo;ALOHA a \u00e9t\u00e9 sp\u00e9cialement con\u00e7ue pour les rideuses, avec un design en bois et en fleurs qui attire l&rsquo;attention et crie la f\u00e9minit\u00e9 &#8211; avec un m\u00e9lange de couleurs et un pad EVA antid\u00e9rapant pour que vous puissiez vous d\u00e9placer en toute confiance sur le pont sans craindre de glisser.<\/div>\r\n<div><\/div>\r\n<h2>Une planche belle mais aussi performante<\/h2>\r\n<div><\/div>\r\n<div>Mais ne vous inqui\u00e9tez pas, cette planche ne se contente pas d&rsquo;\u00eatre belle : elle offre une grande stabilit\u00e9 lorsque vous pagayez en eaux calmes gr\u00e2ce \u00e0 son \u00e9paisseur (6 pouces) et sa largeur la rendant facile et stable pour les d\u00e9butantes. Elle dispose \u00e9galement de trois bo\u00eetiers d&rsquo;ailerons d\u00e9di\u00e9s qui vous permettent de faire \u00e9voluer votre configuration au fur et \u00e0 mesure que votre niveau de comp\u00e9tence augmente ou que les conditions changent, vous offrant ainsi une flexibilit\u00e9 ultime pendant votre session<\/div>\r\n<div><\/div>\r\n<div>Et gr\u00e2ce \u00e0 son shape et sa construction haut de gamme l&rsquo;ALOHA vous offre d&rsquo;excellentes performances &#8211; elle est 50% plus rigide que les autres planches gonflables, ce qui la rend incroyablement r\u00e9active dans les virages et les man\u0153uvres sur l&rsquo;eau. Et parce que moins d&rsquo;\u00e9nergie est gaspill\u00e9e en pagayant, vous pouvez aussi aller plus vite !<\/div>\r\n<div><\/div>\r\n<h2>Une construction de qualit\u00e9<\/h2>\r\n<div><\/div>\r\n<div>Pour couronner le tout, cette planche est construite avec des mat\u00e9riaux de haute qualit\u00e9 (noyau en drop stitch) qui garantissent la durabilit\u00e9 pour que vos aventures de paddle surf ne s&rsquo;arr\u00eatent pas !<\/div>\r\n<div><\/div>\r\n<div>Que vous soyez un d\u00e9butant dans vos aventures de standup paddleboard ou un rider exp\u00e9riment\u00e9 qui veut juste quelque chose de sp\u00e9cial &#8211; l&rsquo;ALOHA de X-PaddleBoards est pr\u00eat \u00e0 vous rejoindre dans toutes les aventures qui vous attendent<\/div>\r\n<div>Alors mesdames, pr\u00e9parez-vous \u00e0 vivre une toute nouvelle exp\u00e9rience sur la X-PaddleBoards Stand up Paddle for Woman ALOHA ! Un design moderne combinant la beaut\u00e9 et la fonction, rempli de fonctionnalit\u00e9s, pr\u00eat \u00e0 affronter n&rsquo;importe quel cours d&rsquo;eau, proche ou lointain !<\/div>\r\n<strong>Paddle fourni en pack complet avec:<\/strong>\r\n<ul>\r\n \t<li>Paddleboard<\/li>\r\n \t<li>Paddle<\/li>\r\n \t<li>Leash<\/li>\r\n \t<li>Pump<\/li>\r\n \t<li>Backpack<\/li>\r\n \t<li>Repair kit<\/li>\r\n<\/ul>\r\n<img fetchpriority=\"high\" decoding=\"async\" class=\"alignnone wp-image-5334 size-full\" src=\"https:\/\/www.paddlegonflable.fr\/wp-content\/uploads\/2022\/12\/ensemble-aloha.jpeg\" alt=\"\" width=\"1080\" height=\"3340\" \/>\t\t\t\t\t\t\t\t<\/div>\n\t\t\t\t<\/div>\n\t\t\t\t\t<\/div>\n\t\t<\/div>\n\t\t\t\t\t<\/div>\n\t\t<\/section>\n\t\t\t\t<\/div>","protected":false},"excerpt":{"rendered":"<p><strong>Paddle fourni en pack complet avec:<\/strong><\/p>\n<ul>\n<li>Paddleboard<\/li>\n<li>Paddle<\/li>\n<li>Leash<\/li>\n<li>Pump<\/li>\n<li>Backpack<\/li>\n<li>Repair kit<\/li>\n<\/ul>","protected":false},"featured_media":5068,"template":"","meta":[],"etheme_brands":[],"product_brand":[],"product_cat":[74,41],"product_tag":[],"class_list":{"0":"post-5049","1":"product","2":"type-product","3":"status-publish","4":"has-post-thumbnail","6":"product_cat-les-paddles-gonflables","7":"product_cat-femmes","9":"first","10":"instock","11":"featured","12":"shipping-taxable","13":"purchasable","14":"product-type-simple"},"yoast_head":"<!-- This site is optimized with the Yoast SEO plugin v26.3 - https:\/\/yoast.com\/wordpress\/plugins\/seo\/ -->\n<title>Stand up paddle gonflable Aloha: un superbe design hawaiien<\/title>\n<meta name=\"description\" content=\"L&#039;Aloha est probablement la plus belle planche de SUP gonflable du amrch\u00e9 avec son design m\u00ealant bois et ambiance Hawaienne.\" \/>\n<meta name=\"robots\" content=\"index, follow, max-snippet:-1, max-image-preview:large, max-video-preview:-1\" \/>\n<link rel=\"canonical\" href=\"https:\/\/www.xpaddleboards.com\/en\/planche\/aloha\/\" \/>\n<meta property=\"og:locale\" content=\"en_GB\" \/>\n<meta property=\"og:type\" content=\"article\" \/>\n<meta property=\"og:title\" content=\"Stand up paddle gonflable Aloha: un superbe design hawaiien\" \/>\n<meta property=\"og:description\" content=\"L&#039;Aloha est probablement la plus belle planche de SUP gonflable du amrch\u00e9 avec son design m\u00ealant bois et ambiance Hawaienne.\" \/>\n<meta property=\"og:url\" content=\"https:\/\/www.xpaddleboards.com\/en\/planche\/aloha\/\" \/>\n<meta property=\"og:site_name\" content=\"X Paddleboards\" \/>\n<meta property=\"article:modified_time\" content=\"2026-03-26T08:47:17+00:00\" \/>\n<meta property=\"og:image\" content=\"https:\/\/www.xpaddleboards.com\/wp-content\/uploads\/2022\/12\/aloha-1.jpeg\" \/>\n\t<meta property=\"og:image:width\" content=\"1200\" \/>\n\t<meta property=\"og:image:height\" content=\"1291\" \/>\n\t<meta property=\"og:image:type\" content=\"image\/jpeg\" \/>\n<meta name=\"twitter:card\" content=\"summary_large_image\" \/>\n<meta name=\"twitter:label1\" content=\"Estimated reading time\" \/>\n\t<meta name=\"twitter:data1\" content=\"3 minutes\" \/>\n<script type=\"application\/ld+json\" class=\"yoast-schema-graph\">{\"@context\":\"https:\/\/schema.org\",\"@graph\":[{\"@type\":\"WebPage\",\"@id\":\"https:\/\/www.xpaddleboards.com\/planche\/aloha\/\",\"url\":\"https:\/\/www.xpaddleboards.com\/planche\/aloha\/\",\"name\":\"Stand up paddle gonflable Aloha: un superbe design hawaiien\",\"isPartOf\":{\"@id\":\"https:\/\/www.xpaddleboards.com\/#website\"},\"primaryImageOfPage\":{\"@id\":\"https:\/\/www.xpaddleboards.com\/planche\/aloha\/#primaryimage\"},\"image\":{\"@id\":\"https:\/\/www.xpaddleboards.com\/planche\/aloha\/#primaryimage\"},\"thumbnailUrl\":\"https:\/\/www.xpaddleboards.com\/wp-content\/uploads\/2022\/12\/aloha-1.jpeg\",\"datePublished\":\"2022-12-22T22:00:00+00:00\",\"dateModified\":\"2026-03-26T08:47:17+00:00\",\"description\":\"L'Aloha est probablement la plus belle planche de SUP gonflable du amrch\u00e9 avec son design m\u00ealant bois et ambiance Hawaienne.\",\"breadcrumb\":{\"@id\":\"https:\/\/www.xpaddleboards.com\/planche\/aloha\/#breadcrumb\"},\"inLanguage\":\"en-GB\",\"potentialAction\":[{\"@type\":\"ReadAction\",\"target\":[\"https:\/\/www.xpaddleboards.com\/planche\/aloha\/\"]}]},{\"@type\":\"ImageObject\",\"inLanguage\":\"en-GB\",\"@id\":\"https:\/\/www.xpaddleboards.com\/planche\/aloha\/#primaryimage\",\"url\":\"https:\/\/www.xpaddleboards.com\/wp-content\/uploads\/2022\/12\/aloha-1.jpeg\",\"contentUrl\":\"https:\/\/www.xpaddleboards.com\/wp-content\/uploads\/2022\/12\/aloha-1.jpeg\",\"width\":1200,\"height\":1291},{\"@type\":\"BreadcrumbList\",\"@id\":\"https:\/\/www.xpaddleboards.com\/planche\/aloha\/#breadcrumb\",\"itemListElement\":[{\"@type\":\"ListItem\",\"position\":1,\"name\":\"Accueil\",\"item\":\"https:\/\/www.xpaddleboards.com\/\"},{\"@type\":\"ListItem\",\"position\":2,\"name\":\"Nos planches\",\"item\":\"https:\/\/www.xpaddleboards.com\/planches\/\"},{\"@type\":\"ListItem\",\"position\":3,\"name\":\"Aloha\"}]},{\"@type\":\"WebSite\",\"@id\":\"https:\/\/www.xpaddleboards.com\/#website\",\"url\":\"https:\/\/www.xpaddleboards.com\/\",\"name\":\"X Paddleboards\",\"description\":\"La nouvelle g\u00e9n\u00e9ration de SUP gonflable\",\"potentialAction\":[{\"@type\":\"SearchAction\",\"target\":{\"@type\":\"EntryPoint\",\"urlTemplate\":\"https:\/\/www.xpaddleboards.com\/?s={search_term_string}\"},\"query-input\":{\"@type\":\"PropertyValueSpecification\",\"valueRequired\":true,\"valueName\":\"search_term_string\"}}],\"inLanguage\":\"en-GB\"}]}<\/script>\n<!-- \/ Yoast SEO plugin. -->","yoast_head_json":{"title":"Stand up paddle gonflable Aloha: un superbe design hawaiien","description":"L'Aloha est probablement la plus belle planche de SUP gonflable du amrch\u00e9 avec son design m\u00ealant bois et ambiance Hawaienne.","robots":{"index":"index","follow":"follow","max-snippet":"max-snippet:-1","max-image-preview":"max-image-preview:large","max-video-preview":"max-video-preview:-1"},"canonical":"https:\/\/www.xpaddleboards.com\/en\/planche\/aloha\/","og_locale":"en_GB","og_type":"article","og_title":"Stand up paddle gonflable Aloha: un superbe design hawaiien","og_description":"L'Aloha est probablement la plus belle planche de SUP gonflable du amrch\u00e9 avec son design m\u00ealant bois et ambiance Hawaienne.","og_url":"https:\/\/www.xpaddleboards.com\/en\/planche\/aloha\/","og_site_name":"X Paddleboards","article_modified_time":"2026-03-26T08:47:17+00:00","og_image":[{"width":1200,"height":1291,"url":"https:\/\/www.xpaddleboards.com\/wp-content\/uploads\/2022\/12\/aloha-1.jpeg","type":"image\/jpeg"}],"twitter_card":"summary_large_image","twitter_misc":{"Estimated reading time":"3 minutes"},"schema":{"@context":"https:\/\/schema.org","@graph":[{"@type":"WebPage","@id":"https:\/\/www.xpaddleboards.com\/planche\/aloha\/","url":"https:\/\/www.xpaddleboards.com\/planche\/aloha\/","name":"Stand up paddle gonflable Aloha: un superbe design hawaiien","isPartOf":{"@id":"https:\/\/www.xpaddleboards.com\/#website"},"primaryImageOfPage":{"@id":"https:\/\/www.xpaddleboards.com\/planche\/aloha\/#primaryimage"},"image":{"@id":"https:\/\/www.xpaddleboards.com\/planche\/aloha\/#primaryimage"},"thumbnailUrl":"https:\/\/www.xpaddleboards.com\/wp-content\/uploads\/2022\/12\/aloha-1.jpeg","datePublished":"2022-12-22T22:00:00+00:00","dateModified":"2026-03-26T08:47:17+00:00","description":"L'Aloha est probablement la plus belle planche de SUP gonflable du amrch\u00e9 avec son design m\u00ealant bois et ambiance Hawaienne.","breadcrumb":{"@id":"https:\/\/www.xpaddleboards.com\/planche\/aloha\/#breadcrumb"},"inLanguage":"en-GB","potentialAction":[{"@type":"ReadAction","target":["https:\/\/www.xpaddleboards.com\/planche\/aloha\/"]}]},{"@type":"ImageObject","inLanguage":"en-GB","@id":"https:\/\/www.xpaddleboards.com\/planche\/aloha\/#primaryimage","url":"https:\/\/www.xpaddleboards.com\/wp-content\/uploads\/2022\/12\/aloha-1.jpeg","contentUrl":"https:\/\/www.xpaddleboards.com\/wp-content\/uploads\/2022\/12\/aloha-1.jpeg","width":1200,"height":1291},{"@type":"BreadcrumbList","@id":"https:\/\/www.xpaddleboards.com\/planche\/aloha\/#breadcrumb","itemListElement":[{"@type":"ListItem","position":1,"name":"Accueil","item":"https:\/\/www.xpaddleboards.com\/"},{"@type":"ListItem","position":2,"name":"Nos planches","item":"https:\/\/www.xpaddleboards.com\/planches\/"},{"@type":"ListItem","position":3,"name":"Aloha"}]},{"@type":"WebSite","@id":"https:\/\/www.xpaddleboards.com\/#website","url":"https:\/\/www.xpaddleboards.com\/","name":"X Paddleboards","description":"La nouvelle g\u00e9n\u00e9ration de SUP gonflable","potentialAction":[{"@type":"SearchAction","target":{"@type":"EntryPoint","urlTemplate":"https:\/\/www.xpaddleboards.com\/?s={search_term_string}"},"query-input":{"@type":"PropertyValueSpecification","valueRequired":true,"valueName":"search_term_string"}}],"inLanguage":"en-GB"}]}},"_links":{"self":[{"href":"https:\/\/www.xpaddleboards.com\/en\/wp-json\/wp\/v2\/product\/5049","targetHints":{"allow":["GET"]}}],"collection":[{"href":"https:\/\/www.xpaddleboards.com\/en\/wp-json\/wp\/v2\/product"}],"about":[{"href":"https:\/\/www.xpaddleboards.com\/en\/wp-json\/wp\/v2\/types\/product"}],"version-history":[{"count":7,"href":"https:\/\/www.xpaddleboards.com\/en\/wp-json\/wp\/v2\/product\/5049\/revisions"}],"predecessor-version":[{"id":5187,"href":"https:\/\/www.xpaddleboards.com\/en\/wp-json\/wp\/v2\/product\/5049\/revisions\/5187"}],"wp:featuredmedia":[{"embeddable":true,"href":"https:\/\/www.xpaddleboards.com\/en\/wp-json\/wp\/v2\/media\/5068"}],"wp:attachment":[{"href":"https:\/\/www.xpaddleboards.com\/en\/wp-json\/wp\/v2\/media?parent=5049"}],"wp:term":[{"taxonomy":"brand","embeddable":true,"href":"https:\/\/www.xpaddleboards.com\/en\/wp-json\/wp\/v2\/etheme_brands?post=5049"},{"taxonomy":"product_brand","embeddable":true,"href":"https:\/\/www.xpaddleboards.com\/en\/wp-json\/wp\/v2\/product_brand?post=5049"},{"taxonomy":"product_cat","embeddable":true,"href":"https:\/\/www.xpaddleboards.com\/en\/wp-json\/wp\/v2\/product_cat?post=5049"},{"taxonomy":"product_tag","embeddable":true,"href":"https:\/\/www.xpaddleboards.com\/en\/wp-json\/wp\/v2\/product_tag?post=5049"}],"curies":[{"name":"wp","href":"https:\/\/api.w.org\/{rel}","templated":true}]}}