{"id":5047,"date":"2022-12-22T23:00:00","date_gmt":"2022-12-22T22:00:00","guid":{"rendered":"https:\/\/www.xpaddleboards.com\/?post_type=product&#038;p=5047"},"modified":"2026-03-26T09:42:53","modified_gmt":"2026-03-26T08:42:53","slug":"natural","status":"publish","type":"product","link":"https:\/\/www.xpaddleboards.com\/en\/planche\/natural\/","title":{"rendered":"Natural"},"content":{"rendered":"<p><strong>Taille: 11&rsquo;5 x 32&Prime; x 6&Prime; ( 348 x 82 x 15cm)<\/strong><\/p>\n<p>Le NATURAL est un mod\u00e8le au design exceptionnel, rendant hommage au design des bateaux italiens et qui propose une ligne \u00e9l\u00e9gante , hydrodynamique et performante.<\/p>\n<h2>Glisse &amp; performance<\/h2>\n<p>&nbsp;<\/p>\n<p>Avec sa ligne \u00e9tudi\u00e9e pour percer les flots et limiter la train\u00e9e au maximum coupl\u00e9e \u00e0 une taille de 11&rsquo;5, l&rsquo; Aquariva est un SUP id\u00e9al pour les pratiquants qui cherchent une planche performante et qui leur permettra de pagayer avec un maximum d&rsquo;efficacit\u00e9.Ce paddle est particuli\u00e8rement adapt\u00e9 pour le cruising, la randonn\u00e9e, la longue distance. C&rsquo;est le paddle le plus performant de la gamme X-paddleboards, celui qui vous permettra d&rsquo;atteindre les vitesses les plus \u00e9lev\u00e9es et de parcourir le plus de distance avec un effort minimal.<\/p>\n<p>Sa rigidit\u00e9 maximale vous limite les d\u00e9formations de cette planche et sa train\u00e9e.<\/p>\n<p>&nbsp;<\/p>\n<h2>Building<\/h2>\n<p>&nbsp;<\/p>\n<p>Le NATURAL\u00a0 est un mod\u00e8le premium de la gamme X-Paddleboards et pr\u00e9sente une construction et une finition haut de gamme avec le soucis du d\u00e9tails. De l&rsquo;impression Haute d\u00e9finition imitation bois en passant par des pads haute qualit\u00e9 ainsi que le meilleur dropstitch du march\u00e9, cette planche compte parmi ce qu&rsquo;il se fait de mieux aujourd&rsquo;hui dans le monde du stand up paddle.<\/p>\n<p>&nbsp;<\/p>\n<h2>Accesibility<\/h2>\n<p>Le NATURAL reste particuli\u00e8rement accessible gr\u00e2ce \u00e0 son volume ( c&rsquo;est l&rsquo;une des planches avec le plus de flottabilit\u00e9 de la gamme X-paddleboards) et vous permettra une utilisation d\u00e9butant sans aucun probl\u00e8me, une utilisation \u00e0 2 adultes ( moins de 160kg total) facile gr\u00e2ce \u00e0 sa longueur.<\/p>\n<p>&nbsp;<\/p>\n<h2>Convertible<\/h2>\n<p>Tout a \u00e9t\u00e9 pr\u00e9vu sur le NATURAL et vous pouvez tr\u00e8s facilement convertible cette planche en Kayak gr\u00e2ce aux anneaux d&rsquo;accroches int\u00e9gr\u00e9s ou y ajouter un moteur \u00e9lectrique gr\u00e2ce aux anneaux arri\u00e8res pr\u00e9vus \u00e0 cet effet afin de vous amuser encore davantage avec cette planche!<\/p>\n<p>&nbsp;<\/p>\n<h2>To conclude<\/h2>\n<p>Une planche superbe, rapide et bien construite \u00e0 l&rsquo;image des bateaux italiens dont elle s&rsquo;inspire. Le NATURAL est un produit exceptionnel qui saura satisfaire les pratiquants exigeants mais pas seulement puisqu&rsquo;elle conviendra \u00e9galement aux d\u00e9butants qui souhaitent tout simplement un SUP incroyable pour s&rsquo;initier et progresser.<\/p>\n<p>&nbsp;<\/p>\n<p><strong>Paddle fourni en pack complet avec:<\/strong><\/p>\n<ul>\n<li>Paddleboard<\/li>\n<li>Paddle<\/li>\n<li>Leash<\/li>\n<li>Pump<\/li>\n<li>Backpack<\/li>\n<li>Repair kit<\/li>\n<\/ul>\n<p>&nbsp;<\/p>\n<p>&nbsp;<\/p>\n<p>&nbsp;<\/p>\n<p><img fetchpriority=\"high\" decoding=\"async\" class=\"alignnone wp-image-5326 size-full\" src=\"https:\/\/www.paddlegonflable.fr\/wp-content\/uploads\/2022\/12\/presentation-aquariva.jpg\" alt=\"\" width=\"1080\" height=\"3340\" \/><\/p>","protected":false},"excerpt":{"rendered":"<p><strong>Paddle fourni en pack complet avec:<\/strong><\/p>\n<ul>\n<li>Paddleboard<\/li>\n<li>Paddle<\/li>\n<li>Leash<\/li>\n<li>Pump<\/li>\n<li>Backpack<\/li>\n<li>Repair kit<\/li>\n<\/ul>","protected":false},"featured_media":5113,"template":"","meta":[],"etheme_brands":[],"product_brand":[],"product_cat":[74,30],"product_tag":[],"class_list":{"0":"post-5047","1":"product","2":"type-product","3":"status-publish","4":"has-post-thumbnail","6":"product_cat-les-paddles-gonflables","7":"product_cat-hommes","9":"first","10":"instock","11":"featured","12":"shipping-taxable","13":"purchasable","14":"product-type-simple"},"yoast_head":"<!-- This site is optimized with the Yoast SEO plugin v26.3 - https:\/\/yoast.com\/wordpress\/plugins\/seo\/ -->\n<title>Stand up paddle gonflable NATURAL: Radical, performant et styl\u00e9<\/title>\n<meta name=\"description\" content=\"Cette incroyable planche de SUP a \u00e9t\u00e9 imagin\u00e9e en observant le look des bateaux italiens et propose un shape performant pour la balade et la randonn\u00e9e\" \/>\n<meta name=\"robots\" content=\"index, follow, max-snippet:-1, max-image-preview:large, max-video-preview:-1\" \/>\n<link rel=\"canonical\" href=\"https:\/\/www.xpaddleboards.com\/en\/planche\/natural\/\" \/>\n<meta property=\"og:locale\" content=\"en_GB\" \/>\n<meta property=\"og:type\" content=\"article\" \/>\n<meta property=\"og:title\" content=\"Stand up paddle gonflable NATURAL: Radical, performant et styl\u00e9\" \/>\n<meta property=\"og:description\" content=\"Cette incroyable planche de SUP a \u00e9t\u00e9 imagin\u00e9e en observant le look des bateaux italiens et propose un shape performant pour la balade et la randonn\u00e9e\" \/>\n<meta property=\"og:url\" content=\"https:\/\/www.xpaddleboards.com\/en\/planche\/natural\/\" \/>\n<meta property=\"og:site_name\" content=\"X Paddleboards\" \/>\n<meta property=\"article:modified_time\" content=\"2026-03-26T08:42:53+00:00\" \/>\n<meta property=\"og:image\" content=\"https:\/\/www.xpaddleboards.com\/wp-content\/uploads\/2022\/12\/natural.png\" \/>\n\t<meta property=\"og:image:width\" content=\"1200\" \/>\n\t<meta property=\"og:image:height\" content=\"1271\" \/>\n\t<meta property=\"og:image:type\" content=\"image\/png\" \/>\n<meta name=\"twitter:card\" content=\"summary_large_image\" \/>\n<meta name=\"twitter:label1\" content=\"Estimated reading time\" \/>\n\t<meta name=\"twitter:data1\" content=\"3 minutes\" \/>\n<script type=\"application\/ld+json\" class=\"yoast-schema-graph\">{\"@context\":\"https:\/\/schema.org\",\"@graph\":[{\"@type\":\"WebPage\",\"@id\":\"https:\/\/www.xpaddleboards.com\/planche\/natural\/\",\"url\":\"https:\/\/www.xpaddleboards.com\/planche\/natural\/\",\"name\":\"Stand up paddle gonflable NATURAL: Radical, performant et styl\u00e9\",\"isPartOf\":{\"@id\":\"https:\/\/www.xpaddleboards.com\/#website\"},\"primaryImageOfPage\":{\"@id\":\"https:\/\/www.xpaddleboards.com\/planche\/natural\/#primaryimage\"},\"image\":{\"@id\":\"https:\/\/www.xpaddleboards.com\/planche\/natural\/#primaryimage\"},\"thumbnailUrl\":\"https:\/\/www.xpaddleboards.com\/wp-content\/uploads\/2022\/12\/natural.png\",\"datePublished\":\"2022-12-22T22:00:00+00:00\",\"dateModified\":\"2026-03-26T08:42:53+00:00\",\"description\":\"Cette incroyable planche de SUP a \u00e9t\u00e9 imagin\u00e9e en observant le look des bateaux italiens et propose un shape performant pour la balade et la randonn\u00e9e\",\"breadcrumb\":{\"@id\":\"https:\/\/www.xpaddleboards.com\/planche\/natural\/#breadcrumb\"},\"inLanguage\":\"en-GB\",\"potentialAction\":[{\"@type\":\"ReadAction\",\"target\":[\"https:\/\/www.xpaddleboards.com\/planche\/natural\/\"]}]},{\"@type\":\"ImageObject\",\"inLanguage\":\"en-GB\",\"@id\":\"https:\/\/www.xpaddleboards.com\/planche\/natural\/#primaryimage\",\"url\":\"https:\/\/www.xpaddleboards.com\/wp-content\/uploads\/2022\/12\/natural.png\",\"contentUrl\":\"https:\/\/www.xpaddleboards.com\/wp-content\/uploads\/2022\/12\/natural.png\",\"width\":1200,\"height\":1271},{\"@type\":\"BreadcrumbList\",\"@id\":\"https:\/\/www.xpaddleboards.com\/planche\/natural\/#breadcrumb\",\"itemListElement\":[{\"@type\":\"ListItem\",\"position\":1,\"name\":\"Accueil\",\"item\":\"https:\/\/www.xpaddleboards.com\/\"},{\"@type\":\"ListItem\",\"position\":2,\"name\":\"Nos planches\",\"item\":\"https:\/\/www.xpaddleboards.com\/planches\/\"},{\"@type\":\"ListItem\",\"position\":3,\"name\":\"Natural\"}]},{\"@type\":\"WebSite\",\"@id\":\"https:\/\/www.xpaddleboards.com\/#website\",\"url\":\"https:\/\/www.xpaddleboards.com\/\",\"name\":\"X Paddleboards\",\"description\":\"La nouvelle g\u00e9n\u00e9ration de SUP gonflable\",\"potentialAction\":[{\"@type\":\"SearchAction\",\"target\":{\"@type\":\"EntryPoint\",\"urlTemplate\":\"https:\/\/www.xpaddleboards.com\/?s={search_term_string}\"},\"query-input\":{\"@type\":\"PropertyValueSpecification\",\"valueRequired\":true,\"valueName\":\"search_term_string\"}}],\"inLanguage\":\"en-GB\"}]}<\/script>\n<!-- \/ Yoast SEO plugin. -->","yoast_head_json":{"title":"Stand up paddle gonflable NATURAL: Radical, performant et styl\u00e9","description":"Cette incroyable planche de SUP a \u00e9t\u00e9 imagin\u00e9e en observant le look des bateaux italiens et propose un shape performant pour la balade et la randonn\u00e9e","robots":{"index":"index","follow":"follow","max-snippet":"max-snippet:-1","max-image-preview":"max-image-preview:large","max-video-preview":"max-video-preview:-1"},"canonical":"https:\/\/www.xpaddleboards.com\/en\/planche\/natural\/","og_locale":"en_GB","og_type":"article","og_title":"Stand up paddle gonflable NATURAL: Radical, performant et styl\u00e9","og_description":"Cette incroyable planche de SUP a \u00e9t\u00e9 imagin\u00e9e en observant le look des bateaux italiens et propose un shape performant pour la balade et la randonn\u00e9e","og_url":"https:\/\/www.xpaddleboards.com\/en\/planche\/natural\/","og_site_name":"X Paddleboards","article_modified_time":"2026-03-26T08:42:53+00:00","og_image":[{"width":1200,"height":1271,"url":"https:\/\/www.xpaddleboards.com\/wp-content\/uploads\/2022\/12\/natural.png","type":"image\/png"}],"twitter_card":"summary_large_image","twitter_misc":{"Estimated reading time":"3 minutes"},"schema":{"@context":"https:\/\/schema.org","@graph":[{"@type":"WebPage","@id":"https:\/\/www.xpaddleboards.com\/planche\/natural\/","url":"https:\/\/www.xpaddleboards.com\/planche\/natural\/","name":"Stand up paddle gonflable NATURAL: Radical, performant et styl\u00e9","isPartOf":{"@id":"https:\/\/www.xpaddleboards.com\/#website"},"primaryImageOfPage":{"@id":"https:\/\/www.xpaddleboards.com\/planche\/natural\/#primaryimage"},"image":{"@id":"https:\/\/www.xpaddleboards.com\/planche\/natural\/#primaryimage"},"thumbnailUrl":"https:\/\/www.xpaddleboards.com\/wp-content\/uploads\/2022\/12\/natural.png","datePublished":"2022-12-22T22:00:00+00:00","dateModified":"2026-03-26T08:42:53+00:00","description":"Cette incroyable planche de SUP a \u00e9t\u00e9 imagin\u00e9e en observant le look des bateaux italiens et propose un shape performant pour la balade et la randonn\u00e9e","breadcrumb":{"@id":"https:\/\/www.xpaddleboards.com\/planche\/natural\/#breadcrumb"},"inLanguage":"en-GB","potentialAction":[{"@type":"ReadAction","target":["https:\/\/www.xpaddleboards.com\/planche\/natural\/"]}]},{"@type":"ImageObject","inLanguage":"en-GB","@id":"https:\/\/www.xpaddleboards.com\/planche\/natural\/#primaryimage","url":"https:\/\/www.xpaddleboards.com\/wp-content\/uploads\/2022\/12\/natural.png","contentUrl":"https:\/\/www.xpaddleboards.com\/wp-content\/uploads\/2022\/12\/natural.png","width":1200,"height":1271},{"@type":"BreadcrumbList","@id":"https:\/\/www.xpaddleboards.com\/planche\/natural\/#breadcrumb","itemListElement":[{"@type":"ListItem","position":1,"name":"Accueil","item":"https:\/\/www.xpaddleboards.com\/"},{"@type":"ListItem","position":2,"name":"Nos planches","item":"https:\/\/www.xpaddleboards.com\/planches\/"},{"@type":"ListItem","position":3,"name":"Natural"}]},{"@type":"WebSite","@id":"https:\/\/www.xpaddleboards.com\/#website","url":"https:\/\/www.xpaddleboards.com\/","name":"X Paddleboards","description":"La nouvelle g\u00e9n\u00e9ration de SUP gonflable","potentialAction":[{"@type":"SearchAction","target":{"@type":"EntryPoint","urlTemplate":"https:\/\/www.xpaddleboards.com\/?s={search_term_string}"},"query-input":{"@type":"PropertyValueSpecification","valueRequired":true,"valueName":"search_term_string"}}],"inLanguage":"en-GB"}]}},"_links":{"self":[{"href":"https:\/\/www.xpaddleboards.com\/en\/wp-json\/wp\/v2\/product\/5047","targetHints":{"allow":["GET"]}}],"collection":[{"href":"https:\/\/www.xpaddleboards.com\/en\/wp-json\/wp\/v2\/product"}],"about":[{"href":"https:\/\/www.xpaddleboards.com\/en\/wp-json\/wp\/v2\/types\/product"}],"version-history":[{"count":9,"href":"https:\/\/www.xpaddleboards.com\/en\/wp-json\/wp\/v2\/product\/5047\/revisions"}],"predecessor-version":[{"id":5889,"href":"https:\/\/www.xpaddleboards.com\/en\/wp-json\/wp\/v2\/product\/5047\/revisions\/5889"}],"wp:featuredmedia":[{"embeddable":true,"href":"https:\/\/www.xpaddleboards.com\/en\/wp-json\/wp\/v2\/media\/5113"}],"wp:attachment":[{"href":"https:\/\/www.xpaddleboards.com\/en\/wp-json\/wp\/v2\/media?parent=5047"}],"wp:term":[{"taxonomy":"brand","embeddable":true,"href":"https:\/\/www.xpaddleboards.com\/en\/wp-json\/wp\/v2\/etheme_brands?post=5047"},{"taxonomy":"product_brand","embeddable":true,"href":"https:\/\/www.xpaddleboards.com\/en\/wp-json\/wp\/v2\/product_brand?post=5047"},{"taxonomy":"product_cat","embeddable":true,"href":"https:\/\/www.xpaddleboards.com\/en\/wp-json\/wp\/v2\/product_cat?post=5047"},{"taxonomy":"product_tag","embeddable":true,"href":"https:\/\/www.xpaddleboards.com\/en\/wp-json\/wp\/v2\/product_tag?post=5047"}],"curies":[{"name":"wp","href":"https:\/\/api.w.org\/{rel}","templated":true}]}}