{"id":4988,"date":"2022-11-28T17:38:06","date_gmt":"2022-11-28T16:38:06","guid":{"rendered":"https:\/\/www.xpaddleboards.com\/?post_type=product&#038;p=4988"},"modified":"2024-07-28T10:35:51","modified_gmt":"2024-07-28T08:35:51","slug":"pack-electrique","status":"publish","type":"product","link":"https:\/\/www.xpaddleboards.com\/en\/planche\/pack-electrique\/","title":{"rendered":"Pack \u00e9lectrique"},"content":{"rendered":"<div data-elementor-type=\"product-post\" data-elementor-id=\"4988\" class=\"elementor elementor-4988\" data-elementor-post-type=\"product\">\n\t\t\t\t\t\t<section class=\"elementor-section elementor-top-section elementor-element elementor-element-868b6b2 elementor-section-boxed elementor-section-height-default elementor-section-height-default\" data-id=\"868b6b2\" data-element_type=\"section\">\n\t\t\t\t\t\t<div class=\"elementor-container elementor-column-gap-default\">\n\t\t\t\t\t<div class=\"elementor-column elementor-col-100 elementor-top-column elementor-element elementor-element-16ac5c3\" data-id=\"16ac5c3\" data-element_type=\"column\">\n\t\t\t<div class=\"elementor-widget-wrap elementor-element-populated\">\n\t\t\t\t\t\t<div class=\"elementor-element elementor-element-9a74e00 elementor-widget elementor-widget-text-editor\" data-id=\"9a74e00\" data-element_type=\"widget\" data-widget_type=\"text-editor.default\">\n\t\t\t\t<div class=\"elementor-widget-container\">\n\t\t\t\t\t\t\t\t\t<p>\u00a0<\/p><ul><li>Aileron propulseur<\/li><li>Batterie Lithium 12 A \u00e9tanche<\/li><li>Leash de s\u00e9curit\u00e9<\/li><li>Sangles<\/li><li>Chargeur<\/li><\/ul><p><strong>Description:<\/strong><\/p><p>Gr\u00e2ce \u00e0 sa taille compacte et \u00e0 sa structure amovible, notre propulseur sous marin vous permettra de transformer votre Stand up paddle X PaddleBoards en SUP \u00e9lectrique<\/p><p>Sa t\u00e9l\u00e9commande dispose de 3 niveaux de vitesse qui vous aidera \u00e0 vous assister sur l&rsquo;eau suivant votre niveau d&rsquo;\u00e9nergie, les conditions de vent et de courant et vos envies<\/p><p>Ce propulseur est \u00e9quip\u00e9 d une batterie lithium qui vous permettra de naviguer jusqu&rsquo;\u00e0 1 heure suivant la vitesse choisie et est \u00e9quip\u00e9 d&rsquo;un \u00e9cran LED qui vous indiquera la batterie restante, le signal WIFI et les 3 diff\u00e9rents modes de vitesse.<\/p><ul><li>Temps de charge: 3 h<\/li><li>Puissance moteur: 280 W<\/li><li>Voltage: 36v<\/li><li>3 vitesses diff\u00e9rentes jusqu&rsquo;\u00e0 5 km\/h<\/li><li>Poids : 2.5 kg<\/li><\/ul><p>\u00a0<\/p><div id=\"content_tab_description\" class=\"tab-content tab-description\"><div class=\"tab-content-inner\"><div class=\"tab-content-scroll\"><div class=\"elementor elementor-4774\" data-elementor-type=\"product-post\" data-elementor-id=\"4774\"><div class=\"elementor-inner\"><div class=\"elementor-section-wrap\"><section class=\"elementor-section elementor-top-section elementor-element elementor-element-8b2ce0b elementor-section-boxed elementor-section-height-default elementor-section-height-default\" data-id=\"8b2ce0b\" data-element_type=\"section\"><div class=\"elementor-container elementor-column-gap-default\"><div class=\"elementor-row\"><div class=\"elementor-column elementor-col-100 elementor-top-column elementor-element elementor-element-a8932c1\" data-id=\"a8932c1\" data-element_type=\"column\"><div class=\"elementor-column-wrap elementor-element-populated\"><div class=\"elementor-widget-wrap\"><div class=\"elementor-element elementor-element-9dd3057 elementor-widget elementor-widget-text-editor\" data-id=\"9dd3057\" data-element_type=\"widget\" data-widget_type=\"text-editor.default\"><div class=\"elementor-widget-container\">\u00a0<\/div><\/div><\/div><\/div><\/div><\/div><\/div><\/section><\/div><\/div><\/div><\/div><\/div><\/div>\t\t\t\t\t\t\t\t<\/div>\n\t\t\t\t<\/div>\n\t\t\t\t\t<\/div>\n\t\t<\/div>\n\t\t\t\t\t<\/div>\n\t\t<\/section>\n\t\t\t\t<section class=\"elementor-section elementor-top-section elementor-element elementor-element-b3598cf elementor-section-boxed elementor-section-height-default elementor-section-height-default\" data-id=\"b3598cf\" data-element_type=\"section\">\n\t\t\t\t\t\t<div class=\"elementor-container elementor-column-gap-default\">\n\t\t\t\t\t<div class=\"elementor-column elementor-col-100 elementor-top-column elementor-element elementor-element-417252d\" data-id=\"417252d\" data-element_type=\"column\">\n\t\t\t<div class=\"elementor-widget-wrap elementor-element-populated\">\n\t\t\t\t\t\t<div class=\"elementor-element elementor-element-6da45ab elementor-widget elementor-widget-video\" data-id=\"6da45ab\" data-element_type=\"widget\" data-settings=\"{&quot;youtube_url&quot;:&quot;https:\\\/\\\/youtu.be\\\/n9BM-cRCBOs&quot;,&quot;video_type&quot;:&quot;youtube&quot;,&quot;controls&quot;:&quot;yes&quot;}\" data-widget_type=\"video.default\">\n\t\t\t\t<div class=\"elementor-widget-container\">\n\t\t\t\t\t\t\t<div class=\"elementor-wrapper elementor-open-inline\">\n\t\t\t<div class=\"elementor-video\"><\/div>\t\t<\/div>\n\t\t\t\t\t\t<\/div>\n\t\t\t\t<\/div>\n\t\t\t\t\t<\/div>\n\t\t<\/div>\n\t\t\t\t\t<\/div>\n\t\t<\/section>\n\t\t\t\t<section class=\"elementor-section elementor-top-section elementor-element elementor-element-40f9cbc elementor-section-boxed elementor-section-height-default elementor-section-height-default\" data-id=\"40f9cbc\" data-element_type=\"section\">\n\t\t\t\t\t\t<div class=\"elementor-container elementor-column-gap-default\">\n\t\t\t\t\t<div class=\"elementor-column elementor-col-100 elementor-top-column elementor-element elementor-element-a9be52f\" data-id=\"a9be52f\" data-element_type=\"column\">\n\t\t\t<div class=\"elementor-widget-wrap elementor-element-populated\">\n\t\t\t\t\t\t<div class=\"elementor-element elementor-element-319977e elementor-widget elementor-widget-text-editor\" data-id=\"319977e\" data-element_type=\"widget\" data-widget_type=\"text-editor.default\">\n\t\t\t\t<div class=\"elementor-widget-container\">\n\t\t\t\t\t\t\t\t\t<p><b>Description<\/b><strong>:<\/strong><\/p><ul><li>Temps de charge: 6 h<\/li><li>Puissance moteur: 350 W<\/li><li>Voltage: 36v<\/li><li>4 vitesses<\/li><\/ul><p><strong>Vitesses:<\/strong><\/p><p><strong>Vitesse 1<\/strong>:\u00a0 0,8m\/s ou 2,9 km\/h. ( autonomie de 10h)<\/p><p><strong>Vitesse 2<\/strong>:\u00a0 1,3m\/s ou 4,6 km\/h (autonomie 4h )<\/p><p><strong>Vitesse 3<\/strong>:\u00a0 2m\/s ou 6,9 km\/h ( autonomie 2h30 )<\/p><p><strong>Vitesse 4<\/strong>:\u00a0 2,3m\/s ou 8km\/h (autonomie 1h30)<\/p>\t\t\t\t\t\t\t\t<\/div>\n\t\t\t\t<\/div>\n\t\t\t\t\t<\/div>\n\t\t<\/div>\n\t\t\t\t\t<\/div>\n\t\t<\/section>\n\t\t\t\t<\/div>","protected":false},"excerpt":{"rendered":"<p>Pack pr\u00eat \u00e0 naviguer avec<\/p>\n<p>&nbsp;<\/p>\n<ul>\n<li>Un aileron propulseur<\/li>\n<li>Une batterie au lithium<\/li>\n<li>Un chargeur de batterie<\/li>\n<li>Une sangle d&rsquo;attache<\/li>\n<li>Un t\u00e9l\u00e9commande 4 vitesses<\/li>\n<li>Un boiter adaptateur Us box\/ slide in\n<div class=\"accordion-title opened-parent et-opened opened\"><\/div>\n<\/li>\n<\/ul>","protected":false},"featured_media":5423,"template":"","meta":[],"etheme_brands":[],"product_brand":[],"product_cat":[73],"product_tag":[],"class_list":{"0":"post-4988","1":"product","2":"type-product","3":"status-publish","4":"has-post-thumbnail","6":"product_cat-e-sup","8":"first","9":"instock","10":"shipping-taxable","11":"purchasable","12":"product-type-simple"},"yoast_head":"<!-- This site is optimized with the Yoast SEO plugin v26.3 - https:\/\/yoast.com\/wordpress\/plugins\/seo\/ -->\n<title>Pack \u00e9lectrique pour paddle<\/title>\n<meta name=\"description\" content=\"Convertissez n&#039;importe quel paddle (rigide ou gonflable) en engin motoris\u00e9 avec ce pack qui s&#039;adapte \u00e0 la fois sur les boitiers US mais aussi slide in\" \/>\n<meta name=\"robots\" content=\"index, follow, max-snippet:-1, max-image-preview:large, max-video-preview:-1\" \/>\n<link rel=\"canonical\" href=\"https:\/\/www.xpaddleboards.com\/en\/planche\/pack-electrique\/\" \/>\n<meta property=\"og:locale\" content=\"en_GB\" \/>\n<meta property=\"og:type\" content=\"article\" \/>\n<meta property=\"og:title\" content=\"Pack \u00e9lectrique pour paddle\" \/>\n<meta property=\"og:description\" content=\"Convertissez n&#039;importe quel paddle (rigide ou gonflable) en engin motoris\u00e9 avec ce pack qui s&#039;adapte \u00e0 la fois sur les boitiers US mais aussi slide in\" \/>\n<meta property=\"og:url\" content=\"https:\/\/www.xpaddleboards.com\/en\/planche\/pack-electrique\/\" \/>\n<meta property=\"og:site_name\" content=\"X Paddleboards\" \/>\n<meta property=\"article:modified_time\" content=\"2024-07-28T08:35:51+00:00\" \/>\n<meta property=\"og:image\" content=\"https:\/\/www.xpaddleboards.com\/wp-content\/uploads\/2022\/11\/Capture-decran-2024-07-28-a-10.34.46.png\" \/>\n\t<meta property=\"og:image:width\" content=\"1170\" \/>\n\t<meta property=\"og:image:height\" content=\"1171\" \/>\n\t<meta property=\"og:image:type\" content=\"image\/png\" \/>\n<meta name=\"twitter:card\" content=\"summary_large_image\" \/>\n<meta name=\"twitter:label1\" content=\"Estimated reading time\" \/>\n\t<meta name=\"twitter:data1\" content=\"2 minutes\" \/>\n<script type=\"application\/ld+json\" class=\"yoast-schema-graph\">{\"@context\":\"https:\/\/schema.org\",\"@graph\":[{\"@type\":\"WebPage\",\"@id\":\"https:\/\/www.xpaddleboards.com\/planche\/pack-electrique\/\",\"url\":\"https:\/\/www.xpaddleboards.com\/planche\/pack-electrique\/\",\"name\":\"Pack \u00e9lectrique pour paddle\",\"isPartOf\":{\"@id\":\"https:\/\/www.xpaddleboards.com\/#website\"},\"primaryImageOfPage\":{\"@id\":\"https:\/\/www.xpaddleboards.com\/planche\/pack-electrique\/#primaryimage\"},\"image\":{\"@id\":\"https:\/\/www.xpaddleboards.com\/planche\/pack-electrique\/#primaryimage\"},\"thumbnailUrl\":\"https:\/\/www.xpaddleboards.com\/wp-content\/uploads\/2022\/11\/Capture-decran-2024-07-28-a-10.34.46.png\",\"datePublished\":\"2022-11-28T16:38:06+00:00\",\"dateModified\":\"2024-07-28T08:35:51+00:00\",\"description\":\"Convertissez n'importe quel paddle (rigide ou gonflable) en engin motoris\u00e9 avec ce pack qui s'adapte \u00e0 la fois sur les boitiers US mais aussi slide in\",\"breadcrumb\":{\"@id\":\"https:\/\/www.xpaddleboards.com\/planche\/pack-electrique\/#breadcrumb\"},\"inLanguage\":\"en-GB\",\"potentialAction\":[{\"@type\":\"ReadAction\",\"target\":[\"https:\/\/www.xpaddleboards.com\/planche\/pack-electrique\/\"]}]},{\"@type\":\"ImageObject\",\"inLanguage\":\"en-GB\",\"@id\":\"https:\/\/www.xpaddleboards.com\/planche\/pack-electrique\/#primaryimage\",\"url\":\"https:\/\/www.xpaddleboards.com\/wp-content\/uploads\/2022\/11\/Capture-decran-2024-07-28-a-10.34.46.png\",\"contentUrl\":\"https:\/\/www.xpaddleboards.com\/wp-content\/uploads\/2022\/11\/Capture-decran-2024-07-28-a-10.34.46.png\",\"width\":1726,\"height\":1728},{\"@type\":\"BreadcrumbList\",\"@id\":\"https:\/\/www.xpaddleboards.com\/planche\/pack-electrique\/#breadcrumb\",\"itemListElement\":[{\"@type\":\"ListItem\",\"position\":1,\"name\":\"Accueil\",\"item\":\"https:\/\/www.xpaddleboards.com\/\"},{\"@type\":\"ListItem\",\"position\":2,\"name\":\"Nos planches\",\"item\":\"https:\/\/www.xpaddleboards.com\/planches\/\"},{\"@type\":\"ListItem\",\"position\":3,\"name\":\"Pack \u00e9lectrique\"}]},{\"@type\":\"WebSite\",\"@id\":\"https:\/\/www.xpaddleboards.com\/#website\",\"url\":\"https:\/\/www.xpaddleboards.com\/\",\"name\":\"X Paddleboards\",\"description\":\"La nouvelle g\u00e9n\u00e9ration de SUP gonflable\",\"potentialAction\":[{\"@type\":\"SearchAction\",\"target\":{\"@type\":\"EntryPoint\",\"urlTemplate\":\"https:\/\/www.xpaddleboards.com\/?s={search_term_string}\"},\"query-input\":{\"@type\":\"PropertyValueSpecification\",\"valueRequired\":true,\"valueName\":\"search_term_string\"}}],\"inLanguage\":\"en-GB\"}]}<\/script>\n<!-- \/ Yoast SEO plugin. -->","yoast_head_json":{"title":"Pack \u00e9lectrique pour paddle","description":"Convertissez n'importe quel paddle (rigide ou gonflable) en engin motoris\u00e9 avec ce pack qui s'adapte \u00e0 la fois sur les boitiers US mais aussi slide in","robots":{"index":"index","follow":"follow","max-snippet":"max-snippet:-1","max-image-preview":"max-image-preview:large","max-video-preview":"max-video-preview:-1"},"canonical":"https:\/\/www.xpaddleboards.com\/en\/planche\/pack-electrique\/","og_locale":"en_GB","og_type":"article","og_title":"Pack \u00e9lectrique pour paddle","og_description":"Convertissez n'importe quel paddle (rigide ou gonflable) en engin motoris\u00e9 avec ce pack qui s'adapte \u00e0 la fois sur les boitiers US mais aussi slide in","og_url":"https:\/\/www.xpaddleboards.com\/en\/planche\/pack-electrique\/","og_site_name":"X Paddleboards","article_modified_time":"2024-07-28T08:35:51+00:00","og_image":[{"url":"https:\/\/www.xpaddleboards.com\/wp-content\/uploads\/2022\/11\/Capture-decran-2024-07-28-a-10.34.46.png","width":1170,"height":1171,"type":"image\/png"}],"twitter_card":"summary_large_image","twitter_misc":{"Estimated reading time":"2 minutes"},"schema":{"@context":"https:\/\/schema.org","@graph":[{"@type":"WebPage","@id":"https:\/\/www.xpaddleboards.com\/planche\/pack-electrique\/","url":"https:\/\/www.xpaddleboards.com\/planche\/pack-electrique\/","name":"Pack \u00e9lectrique pour paddle","isPartOf":{"@id":"https:\/\/www.xpaddleboards.com\/#website"},"primaryImageOfPage":{"@id":"https:\/\/www.xpaddleboards.com\/planche\/pack-electrique\/#primaryimage"},"image":{"@id":"https:\/\/www.xpaddleboards.com\/planche\/pack-electrique\/#primaryimage"},"thumbnailUrl":"https:\/\/www.xpaddleboards.com\/wp-content\/uploads\/2022\/11\/Capture-decran-2024-07-28-a-10.34.46.png","datePublished":"2022-11-28T16:38:06+00:00","dateModified":"2024-07-28T08:35:51+00:00","description":"Convertissez n'importe quel paddle (rigide ou gonflable) en engin motoris\u00e9 avec ce pack qui s'adapte \u00e0 la fois sur les boitiers US mais aussi slide in","breadcrumb":{"@id":"https:\/\/www.xpaddleboards.com\/planche\/pack-electrique\/#breadcrumb"},"inLanguage":"en-GB","potentialAction":[{"@type":"ReadAction","target":["https:\/\/www.xpaddleboards.com\/planche\/pack-electrique\/"]}]},{"@type":"ImageObject","inLanguage":"en-GB","@id":"https:\/\/www.xpaddleboards.com\/planche\/pack-electrique\/#primaryimage","url":"https:\/\/www.xpaddleboards.com\/wp-content\/uploads\/2022\/11\/Capture-decran-2024-07-28-a-10.34.46.png","contentUrl":"https:\/\/www.xpaddleboards.com\/wp-content\/uploads\/2022\/11\/Capture-decran-2024-07-28-a-10.34.46.png","width":1726,"height":1728},{"@type":"BreadcrumbList","@id":"https:\/\/www.xpaddleboards.com\/planche\/pack-electrique\/#breadcrumb","itemListElement":[{"@type":"ListItem","position":1,"name":"Accueil","item":"https:\/\/www.xpaddleboards.com\/"},{"@type":"ListItem","position":2,"name":"Nos planches","item":"https:\/\/www.xpaddleboards.com\/planches\/"},{"@type":"ListItem","position":3,"name":"Pack \u00e9lectrique"}]},{"@type":"WebSite","@id":"https:\/\/www.xpaddleboards.com\/#website","url":"https:\/\/www.xpaddleboards.com\/","name":"X Paddleboards","description":"La nouvelle g\u00e9n\u00e9ration de SUP gonflable","potentialAction":[{"@type":"SearchAction","target":{"@type":"EntryPoint","urlTemplate":"https:\/\/www.xpaddleboards.com\/?s={search_term_string}"},"query-input":{"@type":"PropertyValueSpecification","valueRequired":true,"valueName":"search_term_string"}}],"inLanguage":"en-GB"}]}},"_links":{"self":[{"href":"https:\/\/www.xpaddleboards.com\/en\/wp-json\/wp\/v2\/product\/4988","targetHints":{"allow":["GET"]}}],"collection":[{"href":"https:\/\/www.xpaddleboards.com\/en\/wp-json\/wp\/v2\/product"}],"about":[{"href":"https:\/\/www.xpaddleboards.com\/en\/wp-json\/wp\/v2\/types\/product"}],"version-history":[{"count":19,"href":"https:\/\/www.xpaddleboards.com\/en\/wp-json\/wp\/v2\/product\/4988\/revisions"}],"predecessor-version":[{"id":5424,"href":"https:\/\/www.xpaddleboards.com\/en\/wp-json\/wp\/v2\/product\/4988\/revisions\/5424"}],"wp:featuredmedia":[{"embeddable":true,"href":"https:\/\/www.xpaddleboards.com\/en\/wp-json\/wp\/v2\/media\/5423"}],"wp:attachment":[{"href":"https:\/\/www.xpaddleboards.com\/en\/wp-json\/wp\/v2\/media?parent=4988"}],"wp:term":[{"taxonomy":"brand","embeddable":true,"href":"https:\/\/www.xpaddleboards.com\/en\/wp-json\/wp\/v2\/etheme_brands?post=4988"},{"taxonomy":"product_brand","embeddable":true,"href":"https:\/\/www.xpaddleboards.com\/en\/wp-json\/wp\/v2\/product_brand?post=4988"},{"taxonomy":"product_cat","embeddable":true,"href":"https:\/\/www.xpaddleboards.com\/en\/wp-json\/wp\/v2\/product_cat?post=4988"},{"taxonomy":"product_tag","embeddable":true,"href":"https:\/\/www.xpaddleboards.com\/en\/wp-json\/wp\/v2\/product_tag?post=4988"}],"curies":[{"name":"wp","href":"https:\/\/api.w.org\/{rel}","templated":true}]}}