{"id":4837,"date":"2022-11-14T16:50:41","date_gmt":"2022-11-14T15:50:41","guid":{"rendered":"https:\/\/www.xpaddleboards.com\/?post_type=product&#038;p=4837"},"modified":"2025-10-02T12:09:15","modified_gmt":"2025-10-02T10:09:15","slug":"e-xfun","status":"publish","type":"product","link":"https:\/\/www.xpaddleboards.com\/en\/planche\/e-xfun\/","title":{"rendered":"E-XFUN"},"content":{"rendered":"<div data-elementor-type=\"wp-post\" data-elementor-id=\"4837\" class=\"elementor elementor-4837\" data-elementor-post-type=\"product\">\n\t\t\t\t\t\t<section class=\"elementor-section elementor-top-section elementor-element elementor-element-27163f98 elementor-section-boxed elementor-section-height-default elementor-section-height-default\" data-id=\"27163f98\" data-element_type=\"section\">\n\t\t\t\t\t\t<div class=\"elementor-container elementor-column-gap-no\">\n\t\t\t\t\t<div class=\"elementor-column elementor-col-100 elementor-top-column elementor-element elementor-element-6c1d35ed\" data-id=\"6c1d35ed\" data-element_type=\"column\">\n\t\t\t<div class=\"elementor-widget-wrap elementor-element-populated\">\n\t\t\t\t\t\t<div class=\"elementor-element elementor-element-a5d83d3 elementor-widget elementor-widget-video\" data-id=\"a5d83d3\" data-element_type=\"widget\" data-settings=\"{&quot;youtube_url&quot;:&quot;https:\\\/\\\/www.youtube.com\\\/watch?v=E5SE81M58PE&quot;,&quot;video_type&quot;:&quot;youtube&quot;,&quot;controls&quot;:&quot;yes&quot;}\" data-widget_type=\"video.default\">\n\t\t\t\t<div class=\"elementor-widget-container\">\n\t\t\t\t\t\t\t<div class=\"elementor-wrapper elementor-open-inline\">\n\t\t\t<div class=\"elementor-video\"><\/div>\t\t<\/div>\n\t\t\t\t\t\t<\/div>\n\t\t\t\t<\/div>\n\t\t\t\t<div class=\"elementor-element elementor-element-348666f0 elementor-widget elementor-widget-text-editor\" data-id=\"348666f0\" data-element_type=\"widget\" data-widget_type=\"text-editor.default\">\n\t\t\t\t<div class=\"elementor-widget-container\">\n\t\t\t\t\t\t\t\t\t<p>\u00a0<\/p><h3><img fetchpriority=\"high\" decoding=\"async\" src=\"http:\/\/xpaddleboards.com\/wp-content\/uploads\/2022\/03\/1940x6000_paddle_06.png\" alt=\"\" width=\"1940\" height=\"6000\" \/><\/h3><p><strong>La version \u00e9lectrique en pack complet de notre X-FUN, livr\u00e9 avec:\u00a0<\/strong><\/p><ul><li>Aileron propulseur<\/li><li>Batterie Lithium 12 A \u00e9tanche<\/li><li>Leash de s\u00e9curit\u00e9\u00a0<\/li><li>Sangles<\/li><li>Chargeur<\/li><\/ul><p><b>Description<\/b><strong>:<\/strong><\/p><p><span style=\"font-family: Arial, sans-serif;font-size: 11pt;background-color: var(--et_container-bg-color,transparent)\">Gr\u00e2ce \u00e0 sa taille compacte et \u00e0 sa structure amovible, notre propulseur sous marin vous permettra de transformer votre Stand up paddle X PaddleBoards en SUP \u00e9lectrique<\/span><\/p><p><span style=\"font-family: Arial, sans-serif;font-size: 11pt;background-color: var(--et_container-bg-color,transparent)\">Sa t\u00e9l\u00e9commande dispose de 3 niveaux de vitesse qui vous aidera \u00e0 vous assister sur l&rsquo;eau suivant votre niveau d&rsquo;\u00e9nergie, les conditions de vent et de courant et vos envies<\/span><\/p><p><span style=\"font-family: Arial, sans-serif;font-size: 11pt;background-color: var(--et_container-bg-color,transparent)\">Ce propulseur est \u00e9quip\u00e9 d une batterie lithium qui vous permettra de naviguer jusqu&rsquo;\u00e0 1 heure suivant la vitesse choisie et est \u00e9quip\u00e9 d&rsquo;un \u00e9cran LED qui vous indiquera la batterie restante, le signal WIFI et les 3 diff\u00e9rents modes de vitesse.<\/span><\/p><ul><li><p dir=\"ltr\" style=\"line-height: 1.38;margin-top: 12pt;margin-bottom: 12pt\"><span style=\"font-size: 11pt;font-family: Arial, sans-serif;vertical-align: baseline\">&#8211; Temps de charge: 3 h<\/span><span style=\"font-size: 11pt;font-family: Arial, sans-serif;vertical-align: baseline\"><br \/><\/span><span style=\"font-size: 11pt;font-family: Arial, sans-serif;vertical-align: baseline\">&#8211; Puissance moteur: 280 W<\/span><span style=\"font-size: 11pt;font-family: Arial, sans-serif;vertical-align: baseline\"><br \/><\/span><span style=\"font-size: 11pt;font-family: Arial, sans-serif;vertical-align: baseline\">&#8211; Voltage: 36v<\/span><span style=\"font-size: 11pt;font-family: Arial, sans-serif;vertical-align: baseline\"><br \/><\/span><span style=\"font-size: 11pt;font-family: Arial, sans-serif;vertical-align: baseline\">&#8211; 3 vitesses diff\u00e9rentes jusqu&rsquo;\u00e0 5 km\/h<\/span><span style=\"font-size: 11pt;font-family: Arial, sans-serif;vertical-align: baseline\"><br \/><\/span><span style=\"font-size: 11pt;font-family: Arial, sans-serif;vertical-align: baseline\">&#8211; Poids : 2.5 kg<\/span><\/p><p><br style=\"color: #000000\" \/>&#8212;&#8211;<\/p><\/li><\/ul><p>Fresh and colorful model of the X-paddleboards range, the X- Fun will suit men or women who are looking for an efficient paddle, easy to handle, stable and fast on the water.<\/p><p>At 10'6 x 32 x 6\u2033, it's a versatile and accessible paddleboard.<\/p><h3><span style=\"color: #cc99ff\"><strong>Building<\/strong><\/span><\/h3><p>Like all X-paddleboards, X-Fun was created with the best materials available on the market. A high-end dropstitch ensures exceptional rigidity, while its single-layer PVC coating guarantees its durability.<\/p><h3><span style=\"color: #cc99ff\"><strong>Easy and stable<\/strong><\/span><\/h3><p>Very stable, this paddleboard will suit all beginners up to 130kg who can easily stand on the X-fun without being destabilized. It is ideal for men and women who are looking to start paddling on a super reassuring but also efficient paddle that will allow them to progress for many years. The X-Fun is indeed perfect<\/p><h3><span style=\"color: #cc99ff\"><strong>Glide<\/strong><\/span><\/h3><p>L\u2019un des points forts du X-fun est sa glisse exceptionnelle qui est due \u00e0 sa forme hydrodynamique et sa rigidit\u00e9 surprenante. Il vous permet de pagayer des heures sans vous fatiguer, peu importe le plan d&rsquo;eau<\/p><p>\u00a0<\/p><h3><span style=\"color: #cc99ff\"><span style=\"color: #cc99ff\">To conclude<\/span><\/span><\/h3><p>Ce X-FUN sait tout faire: balade, randonn\u00e9e, plateforme parfaite pour les d\u00e9butants. Sa rigidit\u00e9 et sa construction haut de gamme en font une valeur s\u00fbre qui vous permettra d&rsquo;avoir un paddle utilisable par toute la famille.<\/p>\t\t\t\t\t\t\t\t<\/div>\n\t\t\t\t<\/div>\n\t\t\t\t\t<\/div>\n\t\t<\/div>\n\t\t\t\t\t<\/div>\n\t\t<\/section>\n\t\t\t\t<\/div>","protected":false},"excerpt":{"rendered":"<ul>\n<li>Paddleboard<\/li>\n<li>Pack \u00e9lectrique<\/li>\n<li>Paddle<\/li>\n<li>Leash<\/li>\n<li>Pump<\/li>\n<li>Backpack<\/li>\n<li>Repair kit<\/li>\n<\/ul>","protected":false},"featured_media":5372,"template":"","meta":[],"etheme_brands":[],"product_brand":[],"product_cat":[73],"product_tag":[],"class_list":{"0":"post-4837","1":"product","2":"type-product","3":"status-publish","4":"has-post-thumbnail","6":"product_cat-e-sup","8":"first","9":"instock","10":"shipping-taxable","11":"purchasable","12":"product-type-simple"},"yoast_head":"<!-- This site is optimized with the Yoast SEO plugin v26.3 - https:\/\/yoast.com\/wordpress\/plugins\/seo\/ -->\n<title>E-XFUN : le paddle gonflable qui ne manque pas de fun<\/title>\n<meta name=\"description\" content=\"Le X-Fun est le dernier n\u00e9s de la gamme X-PaddleBoards. C&#039;est un SUP polyvalent, facile et tr\u00e8s performant. Un vrai r\u00e9gal sur l&#039;eau.\" \/>\n<meta name=\"robots\" content=\"index, follow, max-snippet:-1, max-image-preview:large, max-video-preview:-1\" \/>\n<link rel=\"canonical\" href=\"https:\/\/www.xpaddleboards.com\/en\/planche\/e-xfun\/\" \/>\n<meta property=\"og:locale\" content=\"en_GB\" \/>\n<meta property=\"og:type\" content=\"article\" \/>\n<meta property=\"og:title\" content=\"E-XFUN : le paddle gonflable qui ne manque pas de fun\" \/>\n<meta property=\"og:description\" content=\"Le X-Fun est le dernier n\u00e9s de la gamme X-PaddleBoards. C&#039;est un SUP polyvalent, facile et tr\u00e8s performant. Un vrai r\u00e9gal sur l&#039;eau.\" \/>\n<meta property=\"og:url\" content=\"https:\/\/www.xpaddleboards.com\/en\/planche\/e-xfun\/\" \/>\n<meta property=\"og:site_name\" content=\"X Paddleboards\" \/>\n<meta property=\"article:modified_time\" content=\"2025-10-02T10:09:15+00:00\" \/>\n<meta property=\"og:image\" content=\"https:\/\/www.xpaddleboards.com\/wp-content\/uploads\/2022\/11\/6.png\" \/>\n\t<meta property=\"og:image:width\" content=\"950\" \/>\n\t<meta property=\"og:image:height\" content=\"1200\" \/>\n\t<meta property=\"og:image:type\" content=\"image\/png\" \/>\n<meta name=\"twitter:card\" content=\"summary_large_image\" \/>\n<meta name=\"twitter:label1\" content=\"Estimated reading time\" \/>\n\t<meta name=\"twitter:data1\" content=\"3 minutes\" \/>\n<script type=\"application\/ld+json\" class=\"yoast-schema-graph\">{\"@context\":\"https:\/\/schema.org\",\"@graph\":[{\"@type\":\"WebPage\",\"@id\":\"https:\/\/www.xpaddleboards.com\/planche\/e-xfun\/\",\"url\":\"https:\/\/www.xpaddleboards.com\/planche\/e-xfun\/\",\"name\":\"E-XFUN : le paddle gonflable qui ne manque pas de fun\",\"isPartOf\":{\"@id\":\"https:\/\/www.xpaddleboards.com\/#website\"},\"primaryImageOfPage\":{\"@id\":\"https:\/\/www.xpaddleboards.com\/planche\/e-xfun\/#primaryimage\"},\"image\":{\"@id\":\"https:\/\/www.xpaddleboards.com\/planche\/e-xfun\/#primaryimage\"},\"thumbnailUrl\":\"https:\/\/www.xpaddleboards.com\/wp-content\/uploads\/2022\/11\/6.png\",\"datePublished\":\"2022-11-14T15:50:41+00:00\",\"dateModified\":\"2025-10-02T10:09:15+00:00\",\"description\":\"Le X-Fun est le dernier n\u00e9s de la gamme X-PaddleBoards. C'est un SUP polyvalent, facile et tr\u00e8s performant. Un vrai r\u00e9gal sur l'eau.\",\"breadcrumb\":{\"@id\":\"https:\/\/www.xpaddleboards.com\/planche\/e-xfun\/#breadcrumb\"},\"inLanguage\":\"en-GB\",\"potentialAction\":[{\"@type\":\"ReadAction\",\"target\":[\"https:\/\/www.xpaddleboards.com\/planche\/e-xfun\/\"]}]},{\"@type\":\"ImageObject\",\"inLanguage\":\"en-GB\",\"@id\":\"https:\/\/www.xpaddleboards.com\/planche\/e-xfun\/#primaryimage\",\"url\":\"https:\/\/www.xpaddleboards.com\/wp-content\/uploads\/2022\/11\/6.png\",\"contentUrl\":\"https:\/\/www.xpaddleboards.com\/wp-content\/uploads\/2022\/11\/6.png\",\"width\":950,\"height\":1200},{\"@type\":\"BreadcrumbList\",\"@id\":\"https:\/\/www.xpaddleboards.com\/planche\/e-xfun\/#breadcrumb\",\"itemListElement\":[{\"@type\":\"ListItem\",\"position\":1,\"name\":\"Accueil\",\"item\":\"https:\/\/www.xpaddleboards.com\/\"},{\"@type\":\"ListItem\",\"position\":2,\"name\":\"Nos planches\",\"item\":\"https:\/\/www.xpaddleboards.com\/planches\/\"},{\"@type\":\"ListItem\",\"position\":3,\"name\":\"E-XFUN\"}]},{\"@type\":\"WebSite\",\"@id\":\"https:\/\/www.xpaddleboards.com\/#website\",\"url\":\"https:\/\/www.xpaddleboards.com\/\",\"name\":\"X Paddleboards\",\"description\":\"La nouvelle g\u00e9n\u00e9ration de SUP gonflable\",\"potentialAction\":[{\"@type\":\"SearchAction\",\"target\":{\"@type\":\"EntryPoint\",\"urlTemplate\":\"https:\/\/www.xpaddleboards.com\/?s={search_term_string}\"},\"query-input\":{\"@type\":\"PropertyValueSpecification\",\"valueRequired\":true,\"valueName\":\"search_term_string\"}}],\"inLanguage\":\"en-GB\"}]}<\/script>\n<!-- \/ Yoast SEO plugin. -->","yoast_head_json":{"title":"E-XFUN : le paddle gonflable qui ne manque pas de fun","description":"Le X-Fun est le dernier n\u00e9s de la gamme X-PaddleBoards. C'est un SUP polyvalent, facile et tr\u00e8s performant. Un vrai r\u00e9gal sur l'eau.","robots":{"index":"index","follow":"follow","max-snippet":"max-snippet:-1","max-image-preview":"max-image-preview:large","max-video-preview":"max-video-preview:-1"},"canonical":"https:\/\/www.xpaddleboards.com\/en\/planche\/e-xfun\/","og_locale":"en_GB","og_type":"article","og_title":"E-XFUN : le paddle gonflable qui ne manque pas de fun","og_description":"Le X-Fun est le dernier n\u00e9s de la gamme X-PaddleBoards. C'est un SUP polyvalent, facile et tr\u00e8s performant. Un vrai r\u00e9gal sur l'eau.","og_url":"https:\/\/www.xpaddleboards.com\/en\/planche\/e-xfun\/","og_site_name":"X Paddleboards","article_modified_time":"2025-10-02T10:09:15+00:00","og_image":[{"width":950,"height":1200,"url":"https:\/\/www.xpaddleboards.com\/wp-content\/uploads\/2022\/11\/6.png","type":"image\/png"}],"twitter_card":"summary_large_image","twitter_misc":{"Estimated reading time":"3 minutes"},"schema":{"@context":"https:\/\/schema.org","@graph":[{"@type":"WebPage","@id":"https:\/\/www.xpaddleboards.com\/planche\/e-xfun\/","url":"https:\/\/www.xpaddleboards.com\/planche\/e-xfun\/","name":"E-XFUN : le paddle gonflable qui ne manque pas de fun","isPartOf":{"@id":"https:\/\/www.xpaddleboards.com\/#website"},"primaryImageOfPage":{"@id":"https:\/\/www.xpaddleboards.com\/planche\/e-xfun\/#primaryimage"},"image":{"@id":"https:\/\/www.xpaddleboards.com\/planche\/e-xfun\/#primaryimage"},"thumbnailUrl":"https:\/\/www.xpaddleboards.com\/wp-content\/uploads\/2022\/11\/6.png","datePublished":"2022-11-14T15:50:41+00:00","dateModified":"2025-10-02T10:09:15+00:00","description":"Le X-Fun est le dernier n\u00e9s de la gamme X-PaddleBoards. C'est un SUP polyvalent, facile et tr\u00e8s performant. Un vrai r\u00e9gal sur l'eau.","breadcrumb":{"@id":"https:\/\/www.xpaddleboards.com\/planche\/e-xfun\/#breadcrumb"},"inLanguage":"en-GB","potentialAction":[{"@type":"ReadAction","target":["https:\/\/www.xpaddleboards.com\/planche\/e-xfun\/"]}]},{"@type":"ImageObject","inLanguage":"en-GB","@id":"https:\/\/www.xpaddleboards.com\/planche\/e-xfun\/#primaryimage","url":"https:\/\/www.xpaddleboards.com\/wp-content\/uploads\/2022\/11\/6.png","contentUrl":"https:\/\/www.xpaddleboards.com\/wp-content\/uploads\/2022\/11\/6.png","width":950,"height":1200},{"@type":"BreadcrumbList","@id":"https:\/\/www.xpaddleboards.com\/planche\/e-xfun\/#breadcrumb","itemListElement":[{"@type":"ListItem","position":1,"name":"Accueil","item":"https:\/\/www.xpaddleboards.com\/"},{"@type":"ListItem","position":2,"name":"Nos planches","item":"https:\/\/www.xpaddleboards.com\/planches\/"},{"@type":"ListItem","position":3,"name":"E-XFUN"}]},{"@type":"WebSite","@id":"https:\/\/www.xpaddleboards.com\/#website","url":"https:\/\/www.xpaddleboards.com\/","name":"X Paddleboards","description":"La nouvelle g\u00e9n\u00e9ration de SUP gonflable","potentialAction":[{"@type":"SearchAction","target":{"@type":"EntryPoint","urlTemplate":"https:\/\/www.xpaddleboards.com\/?s={search_term_string}"},"query-input":{"@type":"PropertyValueSpecification","valueRequired":true,"valueName":"search_term_string"}}],"inLanguage":"en-GB"}]}},"_links":{"self":[{"href":"https:\/\/www.xpaddleboards.com\/en\/wp-json\/wp\/v2\/product\/4837","targetHints":{"allow":["GET"]}}],"collection":[{"href":"https:\/\/www.xpaddleboards.com\/en\/wp-json\/wp\/v2\/product"}],"about":[{"href":"https:\/\/www.xpaddleboards.com\/en\/wp-json\/wp\/v2\/types\/product"}],"version-history":[{"count":24,"href":"https:\/\/www.xpaddleboards.com\/en\/wp-json\/wp\/v2\/product\/4837\/revisions"}],"predecessor-version":[{"id":5894,"href":"https:\/\/www.xpaddleboards.com\/en\/wp-json\/wp\/v2\/product\/4837\/revisions\/5894"}],"wp:featuredmedia":[{"embeddable":true,"href":"https:\/\/www.xpaddleboards.com\/en\/wp-json\/wp\/v2\/media\/5372"}],"wp:attachment":[{"href":"https:\/\/www.xpaddleboards.com\/en\/wp-json\/wp\/v2\/media?parent=4837"}],"wp:term":[{"taxonomy":"brand","embeddable":true,"href":"https:\/\/www.xpaddleboards.com\/en\/wp-json\/wp\/v2\/etheme_brands?post=4837"},{"taxonomy":"product_brand","embeddable":true,"href":"https:\/\/www.xpaddleboards.com\/en\/wp-json\/wp\/v2\/product_brand?post=4837"},{"taxonomy":"product_cat","embeddable":true,"href":"https:\/\/www.xpaddleboards.com\/en\/wp-json\/wp\/v2\/product_cat?post=4837"},{"taxonomy":"product_tag","embeddable":true,"href":"https:\/\/www.xpaddleboards.com\/en\/wp-json\/wp\/v2\/product_tag?post=4837"}],"curies":[{"name":"wp","href":"https:\/\/api.w.org\/{rel}","templated":true}]}}