{"id":4823,"date":"2022-11-14T16:41:00","date_gmt":"2022-11-14T15:41:00","guid":{"rendered":"https:\/\/www.xpaddleboards.com\/?post_type=product&#038;p=4823"},"modified":"2025-10-02T12:10:29","modified_gmt":"2025-10-02T10:10:29","slug":"e-xtreme","status":"publish","type":"product","link":"https:\/\/www.xpaddleboards.com\/en\/planche\/e-xtreme\/","title":{"rendered":"E-XTREME"},"content":{"rendered":"<div data-elementor-type=\"wp-post\" data-elementor-id=\"4823\" class=\"elementor elementor-4823\" data-elementor-post-type=\"product\">\n\t\t\t\t\t\t<section class=\"elementor-section elementor-top-section elementor-element elementor-element-767a2112 elementor-section-boxed elementor-section-height-default elementor-section-height-default\" data-id=\"767a2112\" data-element_type=\"section\">\n\t\t\t\t\t\t<div class=\"elementor-container elementor-column-gap-no\">\n\t\t\t\t\t<div class=\"elementor-column elementor-col-100 elementor-top-column elementor-element elementor-element-668a31e8\" data-id=\"668a31e8\" data-element_type=\"column\">\n\t\t\t<div class=\"elementor-widget-wrap elementor-element-populated\">\n\t\t\t\t\t\t<div class=\"elementor-element elementor-element-6a304ea elementor-widget elementor-widget-video\" data-id=\"6a304ea\" data-element_type=\"widget\" data-settings=\"{&quot;youtube_url&quot;:&quot;https:\\\/\\\/www.youtube.com\\\/watch?v=E5SE81M58PE&quot;,&quot;video_type&quot;:&quot;youtube&quot;,&quot;controls&quot;:&quot;yes&quot;}\" data-widget_type=\"video.default\">\n\t\t\t\t<div class=\"elementor-widget-container\">\n\t\t\t\t\t\t\t<div class=\"elementor-wrapper elementor-open-inline\">\n\t\t\t<div class=\"elementor-video\"><\/div>\t\t<\/div>\n\t\t\t\t\t\t<\/div>\n\t\t\t\t<\/div>\n\t\t\t\t<div class=\"elementor-element elementor-element-3a17e2e5 elementor-widget__width-initial elementor-widget elementor-widget-text-editor\" data-id=\"3a17e2e5\" data-element_type=\"widget\" data-widget_type=\"text-editor.default\">\n\t\t\t\t<div class=\"elementor-widget-container\">\n\t\t\t\t\t\t\t\t\t<p><img fetchpriority=\"high\" decoding=\"async\" src=\"http:\/\/xpaddleboards.com\/wp-content\/uploads\/2022\/03\/1940x6000_paddle_01.png\" alt=\"\" width=\"1940\" height=\"6000\"><\/p>\n<p><\/p>\n<p><span style=\"color: #000000\"><strong>La version \u00e9lectrique en pack complet de notre XTREME, livr\u00e9 avec:&nbsp;<\/strong><\/span><\/p>\n<ul>\n<li>Aileron propulseur<\/li>\n<li>Batterie Lithium 12 A \u00e9tanche<\/li>\n<li>Leash de s\u00e9curit\u00e9&nbsp;<\/li>\n<li>Sangles<\/li>\n<li>Chargeur<\/li>\n<\/ul>\n<p><span style=\"color: #000000\"><b>Description<\/b><strong>:<\/strong><\/span><\/p>\n<p dir=\"ltr\" style=\"line-height: 1.38;margin-top: 12pt;margin-bottom: 12pt\">Gr\u00e2ce \u00e0 sa taille compacte et sa structure amovible, notre propulseur sous marin vous permettra de transformer votre stand up paddle X PaddleBoards en SUP \u00e9lectrique. &nbsp;<\/p>\n<p dir=\"ltr\" style=\"line-height: 1.38;margin-top: 12pt;margin-bottom: 12pt\"><span style=\"background-color: var(--et_container-bg-color,transparent)\"><font face=\"inherit\"><span style=\"font-size: inherit\">Sa t\u00e9l\u00e9commande dispose de 3 niveaux de vitesse qui vous aidera \u00e0 vous assister sur l&rsquo;eau suivant votre niveau&nbsp;<\/span><\/font>d&rsquo;\u00e9nergie, les conditions de vent et de courant et de vos envies.&nbsp;<\/span><\/p>\n<p dir=\"ltr\" style=\"line-height: 1.38;margin-top: 12pt;margin-bottom: 12pt\"><span style=\"background-color: var(--et_container-bg-color,transparent)\"><font face=\"inherit\"><span style=\"font-size: inherit\">Ce propulseur est&nbsp;<\/span><\/font>\u00e9quip\u00e9<font face=\"inherit\"><span style=\"font-size: inherit\">&nbsp;d&rsquo;une batterie lithium qui vous permettra de naviguer jusqu&rsquo;\u00e0 1 heure&nbsp;<\/span><\/font>suivant<font face=\"inherit\"><span style=\"font-size: inherit\">&nbsp;l vitesse choisie et est \u00e9quip\u00e9 d&rsquo;un \u00e9cran LED qui&nbsp;<\/span><\/font>vous<font face=\"inherit\"><span style=\"font-size: inherit\">&nbsp;indiquera la batterie restante, le signal WIFI et les 3 diff\u00e9rents mode de vitesse.&nbsp;<\/span><\/font><\/span><\/p>\n<p dir=\"ltr\" style=\"line-height: 1.38;margin-top: 12pt;margin-bottom: 12pt\"><span style=\"background-color: var(--et_container-bg-color,transparent)\"><font face=\"inherit\"><span style=\"font-size: inherit\">&#8211; Temps de charge : 3 heures.<\/span><\/font><\/span><\/p>\n<p dir=\"ltr\" style=\"line-height: 1.38;margin-top: 12pt;margin-bottom: 12pt\"><span style=\"background-color: var(--et_container-bg-color,transparent)\"><font face=\"inherit\"><span style=\"font-size: inherit\">&#8211; Puissance moteur : 280 W&nbsp;<\/span><\/font><\/span><\/p>\n<p dir=\"ltr\" style=\"line-height: 1.38;margin-top: 12pt;margin-bottom: 12pt\"><span style=\"background-color: var(--et_container-bg-color,transparent)\"><font face=\"inherit\"><span style=\"font-size: inherit\">&#8211; Voltage : 36 V<\/span><\/font><\/span><\/p>\n<p dir=\"ltr\" style=\"line-height: 1.38;margin-top: 12pt;margin-bottom: 12pt\"><span style=\"background-color: var(--et_container-bg-color,transparent)\"><font face=\"inherit\"><span style=\"font-size: inherit\">&#8211; 3 vitesses diff\u00e9rentes jusqu&rsquo;\u00e0 5 km\/h&nbsp;<\/span><\/font><\/span><\/p><p dir=\"ltr\" style=\"line-height: 1.38;margin-top: 12pt;margin-bottom: 12pt\"><span style=\"background-color: var(--et_container-bg-color,transparent)\"><font face=\"inherit\"><span style=\"font-size: inherit\">&#8211; Poids : 2,5 kg<\/span><\/font><\/span><\/p>\n<p dir=\"ltr\" style=\"line-height: 1.38;margin-top: 12pt;margin-bottom: 12pt\">\n<\/p><p dir=\"ltr\" style=\"line-height: 1.38;margin-top: 12pt;margin-bottom: 12pt\">\n<\/p><p dir=\"ltr\" style=\"line-height: 1.38;margin-top: 12pt;margin-bottom: 12pt\">\n<\/p><p dir=\"ltr\" style=\"line-height: 1.38;margin-top: 12pt;margin-bottom: 12pt\">\n<\/p><p dir=\"ltr\" style=\"line-height: 1.38;margin-top: 12pt;margin-bottom: 12pt\">\n<\/p><p dir=\"ltr\" style=\"line-height: 1.38;margin-top: 12pt;margin-bottom: 12pt\">\n<\/p><p dir=\"ltr\" style=\"line-height: 1.38;margin-top: 12pt;margin-bottom: 12pt\">\n<\/p><p dir=\"ltr\" style=\"line-height: 1.38;margin-top: 12pt;margin-bottom: 12pt\">\n<\/p><p dir=\"ltr\" style=\"line-height: 1.38;margin-top: 12pt;margin-bottom: 12pt\">\n<\/p><p dir=\"ltr\" style=\"line-height: 1.38;margin-top: 12pt;margin-bottom: 12pt\">\n<\/p><p dir=\"ltr\" style=\"line-height: 1.38;margin-top: 12pt;margin-bottom: 12pt\">\n<\/p><p dir=\"ltr\" style=\"line-height: 1.38;margin-top: 12pt;margin-bottom: 12pt\">\n<\/p><p dir=\"ltr\" style=\"line-height: 1.38;margin-top: 12pt;margin-bottom: 12pt\">\n<\/p><p dir=\"ltr\" style=\"line-height: 1.38;margin-top: 12pt;margin-bottom: 12pt\">\n<\/p>\n<p>The X-treme is the X-Paddle Board brand's model with an aggressive, masculine and radical look. It has been developed to offer excellent performance to people who want to start or progress in stand up paddle.<\/p>\n<h3><span style=\"color: #00ccff\"><strong>Building<\/strong><\/span><\/h3>\n<p>The Xtreme features a single skin construction with a high end drop-stitch based on the best standards in the industry. This construction combined with its 15cm thickness provides exemplary rigidity that allows it to accommodate all types of riders, makes it shock resistant and ensures you can keep this paddle for a long time without damaging it.<\/p>\n<h3><span style=\"color: #00ccff;font-family: remover\"><strong>Stability<\/strong><\/span><\/h3>\n<p>The X-treme is very easy to handle for beginners and can support a weight of up to 140kg without any problem. Its generous volume ensures excellent buoyancy and stability. At 320cm long, it remains a versatile paddle that will turn in a handkerchief.<\/p>\n<h3><span style=\"color: #00ccff\"><strong>Glide&nbsp;<\/strong><\/span><\/h3>\n<p>The X-treme is a particularly rigid paddleboard with excellent glide. It starts with the first strokes of the paddle and allows you to cover kilometers without forcing. As comfortable on the lake as on the sea, this paddle is ideal for those who wish to improve their skills with an evolving paddle.<\/p>\n<h3><span style=\"color: #00ccff\">Conclusion<\/span><\/h3>\n<p>The X-paddle Boards X-treme is a real success that will allow you to start without problems and will not slow you down over the years. It will allow to accompany the paddlers of all levels who like the sport, the ballade and the fun!<\/p>\n<p>Included in the pack<\/p>\n<ul>\n<li>Paddleboard<\/li>\n<li>3-parts paddle<\/li>\n<li>Backpack<\/li>\n<li>Leash<\/li>\n<li>Repair Kit<\/li>\n<\/ul>\t\t\t\t\t\t\t\t<\/div>\n\t\t\t\t<\/div>\n\t\t\t\t\t<\/div>\n\t\t<\/div>\n\t\t\t\t\t<\/div>\n\t\t<\/section>\n\t\t\t\t<\/div>","protected":false},"excerpt":{"rendered":"<h4>Pack paddle complet livr\u00e9 avec:<\/h4>\n<ul>\n<li>Paddleboard<\/li>\n<li>Pack \u00e9lectrique<\/li>\n<li>Paddle<\/li>\n<li>Leash<\/li>\n<li>Pump<\/li>\n<li>Backpack<\/li>\n<li>Repair kit<\/li>\n<\/ul>","protected":false},"featured_media":5373,"template":"","meta":[],"etheme_brands":[],"product_brand":[],"product_cat":[73],"product_tag":[],"class_list":{"0":"post-4823","1":"product","2":"type-product","3":"status-publish","4":"has-post-thumbnail","6":"product_cat-e-sup","8":"first","9":"instock","10":"shipping-taxable","11":"purchasable","12":"product-type-simple"},"yoast_head":"<!-- This site is optimized with the Yoast SEO plugin v26.3 - https:\/\/yoast.com\/wordpress\/plugins\/seo\/ -->\n<title>E-XTREME : Le paddle gonflable extreme<\/title>\n<meta name=\"description\" content=\"Best seller de la gamme X-PaddleBoards, le X-Treme est un sup gonflable facile d&#039;acc\u00e8s, performant et styl\u00e9. Sourire garanti \u00e0 son bord\" \/>\n<meta name=\"robots\" content=\"index, follow, max-snippet:-1, max-image-preview:large, max-video-preview:-1\" \/>\n<link rel=\"canonical\" href=\"https:\/\/www.xpaddleboards.com\/en\/planche\/e-xtreme\/\" \/>\n<meta property=\"og:locale\" content=\"en_GB\" \/>\n<meta property=\"og:type\" content=\"article\" \/>\n<meta property=\"og:title\" content=\"E-XTREME : Le paddle gonflable extreme\" \/>\n<meta property=\"og:description\" content=\"Best seller de la gamme X-PaddleBoards, le X-Treme est un sup gonflable facile d&#039;acc\u00e8s, performant et styl\u00e9. Sourire garanti \u00e0 son bord\" \/>\n<meta property=\"og:url\" content=\"https:\/\/www.xpaddleboards.com\/en\/planche\/e-xtreme\/\" \/>\n<meta property=\"og:site_name\" content=\"X Paddleboards\" \/>\n<meta property=\"article:modified_time\" content=\"2025-10-02T10:10:29+00:00\" \/>\n<meta property=\"og:image\" content=\"https:\/\/www.xpaddleboards.com\/wp-content\/uploads\/2022\/11\/8.png\" \/>\n\t<meta property=\"og:image:width\" content=\"950\" \/>\n\t<meta property=\"og:image:height\" content=\"1200\" \/>\n\t<meta property=\"og:image:type\" content=\"image\/png\" \/>\n<meta name=\"twitter:card\" content=\"summary_large_image\" \/>\n<meta name=\"twitter:label1\" content=\"Estimated reading time\" \/>\n\t<meta name=\"twitter:data1\" content=\"3 minutes\" \/>\n<script type=\"application\/ld+json\" class=\"yoast-schema-graph\">{\"@context\":\"https:\/\/schema.org\",\"@graph\":[{\"@type\":\"WebPage\",\"@id\":\"https:\/\/www.xpaddleboards.com\/planche\/e-xtreme\/\",\"url\":\"https:\/\/www.xpaddleboards.com\/planche\/e-xtreme\/\",\"name\":\"E-XTREME : Le paddle gonflable extreme\",\"isPartOf\":{\"@id\":\"https:\/\/www.xpaddleboards.com\/#website\"},\"primaryImageOfPage\":{\"@id\":\"https:\/\/www.xpaddleboards.com\/planche\/e-xtreme\/#primaryimage\"},\"image\":{\"@id\":\"https:\/\/www.xpaddleboards.com\/planche\/e-xtreme\/#primaryimage\"},\"thumbnailUrl\":\"https:\/\/www.xpaddleboards.com\/wp-content\/uploads\/2022\/11\/8.png\",\"datePublished\":\"2022-11-14T15:41:00+00:00\",\"dateModified\":\"2025-10-02T10:10:29+00:00\",\"description\":\"Best seller de la gamme X-PaddleBoards, le X-Treme est un sup gonflable facile d'acc\u00e8s, performant et styl\u00e9. Sourire garanti \u00e0 son bord\",\"breadcrumb\":{\"@id\":\"https:\/\/www.xpaddleboards.com\/planche\/e-xtreme\/#breadcrumb\"},\"inLanguage\":\"en-GB\",\"potentialAction\":[{\"@type\":\"ReadAction\",\"target\":[\"https:\/\/www.xpaddleboards.com\/planche\/e-xtreme\/\"]}]},{\"@type\":\"ImageObject\",\"inLanguage\":\"en-GB\",\"@id\":\"https:\/\/www.xpaddleboards.com\/planche\/e-xtreme\/#primaryimage\",\"url\":\"https:\/\/www.xpaddleboards.com\/wp-content\/uploads\/2022\/11\/8.png\",\"contentUrl\":\"https:\/\/www.xpaddleboards.com\/wp-content\/uploads\/2022\/11\/8.png\",\"width\":950,\"height\":1200},{\"@type\":\"BreadcrumbList\",\"@id\":\"https:\/\/www.xpaddleboards.com\/planche\/e-xtreme\/#breadcrumb\",\"itemListElement\":[{\"@type\":\"ListItem\",\"position\":1,\"name\":\"Accueil\",\"item\":\"https:\/\/www.xpaddleboards.com\/\"},{\"@type\":\"ListItem\",\"position\":2,\"name\":\"Nos planches\",\"item\":\"https:\/\/www.xpaddleboards.com\/planches\/\"},{\"@type\":\"ListItem\",\"position\":3,\"name\":\"E-XTREME\"}]},{\"@type\":\"WebSite\",\"@id\":\"https:\/\/www.xpaddleboards.com\/#website\",\"url\":\"https:\/\/www.xpaddleboards.com\/\",\"name\":\"X Paddleboards\",\"description\":\"La nouvelle g\u00e9n\u00e9ration de SUP gonflable\",\"potentialAction\":[{\"@type\":\"SearchAction\",\"target\":{\"@type\":\"EntryPoint\",\"urlTemplate\":\"https:\/\/www.xpaddleboards.com\/?s={search_term_string}\"},\"query-input\":{\"@type\":\"PropertyValueSpecification\",\"valueRequired\":true,\"valueName\":\"search_term_string\"}}],\"inLanguage\":\"en-GB\"}]}<\/script>\n<!-- \/ Yoast SEO plugin. -->","yoast_head_json":{"title":"E-XTREME : Le paddle gonflable extreme","description":"Best seller de la gamme X-PaddleBoards, le X-Treme est un sup gonflable facile d'acc\u00e8s, performant et styl\u00e9. Sourire garanti \u00e0 son bord","robots":{"index":"index","follow":"follow","max-snippet":"max-snippet:-1","max-image-preview":"max-image-preview:large","max-video-preview":"max-video-preview:-1"},"canonical":"https:\/\/www.xpaddleboards.com\/en\/planche\/e-xtreme\/","og_locale":"en_GB","og_type":"article","og_title":"E-XTREME : Le paddle gonflable extreme","og_description":"Best seller de la gamme X-PaddleBoards, le X-Treme est un sup gonflable facile d'acc\u00e8s, performant et styl\u00e9. Sourire garanti \u00e0 son bord","og_url":"https:\/\/www.xpaddleboards.com\/en\/planche\/e-xtreme\/","og_site_name":"X Paddleboards","article_modified_time":"2025-10-02T10:10:29+00:00","og_image":[{"width":950,"height":1200,"url":"https:\/\/www.xpaddleboards.com\/wp-content\/uploads\/2022\/11\/8.png","type":"image\/png"}],"twitter_card":"summary_large_image","twitter_misc":{"Estimated reading time":"3 minutes"},"schema":{"@context":"https:\/\/schema.org","@graph":[{"@type":"WebPage","@id":"https:\/\/www.xpaddleboards.com\/planche\/e-xtreme\/","url":"https:\/\/www.xpaddleboards.com\/planche\/e-xtreme\/","name":"E-XTREME : Le paddle gonflable extreme","isPartOf":{"@id":"https:\/\/www.xpaddleboards.com\/#website"},"primaryImageOfPage":{"@id":"https:\/\/www.xpaddleboards.com\/planche\/e-xtreme\/#primaryimage"},"image":{"@id":"https:\/\/www.xpaddleboards.com\/planche\/e-xtreme\/#primaryimage"},"thumbnailUrl":"https:\/\/www.xpaddleboards.com\/wp-content\/uploads\/2022\/11\/8.png","datePublished":"2022-11-14T15:41:00+00:00","dateModified":"2025-10-02T10:10:29+00:00","description":"Best seller de la gamme X-PaddleBoards, le X-Treme est un sup gonflable facile d'acc\u00e8s, performant et styl\u00e9. Sourire garanti \u00e0 son bord","breadcrumb":{"@id":"https:\/\/www.xpaddleboards.com\/planche\/e-xtreme\/#breadcrumb"},"inLanguage":"en-GB","potentialAction":[{"@type":"ReadAction","target":["https:\/\/www.xpaddleboards.com\/planche\/e-xtreme\/"]}]},{"@type":"ImageObject","inLanguage":"en-GB","@id":"https:\/\/www.xpaddleboards.com\/planche\/e-xtreme\/#primaryimage","url":"https:\/\/www.xpaddleboards.com\/wp-content\/uploads\/2022\/11\/8.png","contentUrl":"https:\/\/www.xpaddleboards.com\/wp-content\/uploads\/2022\/11\/8.png","width":950,"height":1200},{"@type":"BreadcrumbList","@id":"https:\/\/www.xpaddleboards.com\/planche\/e-xtreme\/#breadcrumb","itemListElement":[{"@type":"ListItem","position":1,"name":"Accueil","item":"https:\/\/www.xpaddleboards.com\/"},{"@type":"ListItem","position":2,"name":"Nos planches","item":"https:\/\/www.xpaddleboards.com\/planches\/"},{"@type":"ListItem","position":3,"name":"E-XTREME"}]},{"@type":"WebSite","@id":"https:\/\/www.xpaddleboards.com\/#website","url":"https:\/\/www.xpaddleboards.com\/","name":"X Paddleboards","description":"La nouvelle g\u00e9n\u00e9ration de SUP gonflable","potentialAction":[{"@type":"SearchAction","target":{"@type":"EntryPoint","urlTemplate":"https:\/\/www.xpaddleboards.com\/?s={search_term_string}"},"query-input":{"@type":"PropertyValueSpecification","valueRequired":true,"valueName":"search_term_string"}}],"inLanguage":"en-GB"}]}},"_links":{"self":[{"href":"https:\/\/www.xpaddleboards.com\/en\/wp-json\/wp\/v2\/product\/4823","targetHints":{"allow":["GET"]}}],"collection":[{"href":"https:\/\/www.xpaddleboards.com\/en\/wp-json\/wp\/v2\/product"}],"about":[{"href":"https:\/\/www.xpaddleboards.com\/en\/wp-json\/wp\/v2\/types\/product"}],"version-history":[{"count":26,"href":"https:\/\/www.xpaddleboards.com\/en\/wp-json\/wp\/v2\/product\/4823\/revisions"}],"predecessor-version":[{"id":5895,"href":"https:\/\/www.xpaddleboards.com\/en\/wp-json\/wp\/v2\/product\/4823\/revisions\/5895"}],"wp:featuredmedia":[{"embeddable":true,"href":"https:\/\/www.xpaddleboards.com\/en\/wp-json\/wp\/v2\/media\/5373"}],"wp:attachment":[{"href":"https:\/\/www.xpaddleboards.com\/en\/wp-json\/wp\/v2\/media?parent=4823"}],"wp:term":[{"taxonomy":"brand","embeddable":true,"href":"https:\/\/www.xpaddleboards.com\/en\/wp-json\/wp\/v2\/etheme_brands?post=4823"},{"taxonomy":"product_brand","embeddable":true,"href":"https:\/\/www.xpaddleboards.com\/en\/wp-json\/wp\/v2\/product_brand?post=4823"},{"taxonomy":"product_cat","embeddable":true,"href":"https:\/\/www.xpaddleboards.com\/en\/wp-json\/wp\/v2\/product_cat?post=4823"},{"taxonomy":"product_tag","embeddable":true,"href":"https:\/\/www.xpaddleboards.com\/en\/wp-json\/wp\/v2\/product_tag?post=4823"}],"curies":[{"name":"wp","href":"https:\/\/api.w.org\/{rel}","templated":true}]}}