{"id":4774,"date":"2022-11-14T15:28:16","date_gmt":"2022-11-14T14:28:16","guid":{"rendered":"https:\/\/www.xpaddleboards.com\/?post_type=product&#038;p=4774"},"modified":"2025-10-02T12:18:20","modified_gmt":"2025-10-02T10:18:20","slug":"e-x1","status":"publish","type":"product","link":"https:\/\/www.xpaddleboards.com\/en\/planche\/e-x1\/","title":{"rendered":"E-X1"},"content":{"rendered":"<div data-elementor-type=\"product-post\" data-elementor-id=\"4774\" class=\"elementor elementor-4774\" data-elementor-post-type=\"product\">\n\t\t\t\t\t\t<section class=\"elementor-section elementor-top-section elementor-element elementor-element-8b2ce0b elementor-section-boxed elementor-section-height-default elementor-section-height-default\" data-id=\"8b2ce0b\" data-element_type=\"section\">\n\t\t\t\t\t\t<div class=\"elementor-container elementor-column-gap-default\">\n\t\t\t\t\t<div class=\"elementor-column elementor-col-100 elementor-top-column elementor-element elementor-element-a8932c1\" data-id=\"a8932c1\" data-element_type=\"column\">\n\t\t\t<div class=\"elementor-widget-wrap elementor-element-populated\">\n\t\t\t\t\t\t<div class=\"elementor-element elementor-element-9603983 elementor-widget elementor-widget-video\" data-id=\"9603983\" data-element_type=\"widget\" data-settings=\"{&quot;youtube_url&quot;:&quot;https:\\\/\\\/www.youtube.com\\\/watch?v=E5SE81M58PE&quot;,&quot;video_type&quot;:&quot;youtube&quot;,&quot;controls&quot;:&quot;yes&quot;}\" data-widget_type=\"video.default\">\n\t\t\t\t<div class=\"elementor-widget-container\">\n\t\t\t\t\t\t\t<div class=\"elementor-wrapper elementor-open-inline\">\n\t\t\t<div class=\"elementor-video\"><\/div>\t\t<\/div>\n\t\t\t\t\t\t<\/div>\n\t\t\t\t<\/div>\n\t\t\t\t<div class=\"elementor-element elementor-element-9dd3057 elementor-widget elementor-widget-text-editor\" data-id=\"9dd3057\" data-element_type=\"widget\" data-widget_type=\"text-editor.default\">\n\t\t\t\t<div class=\"elementor-widget-container\">\n\t\t\t\t\t\t\t\t\t<p><img fetchpriority=\"high\" decoding=\"async\" src=\"http:\/\/xpaddleboards.com\/wp-content\/uploads\/2022\/03\/test.png\" alt=\"\" width=\"1940\" height=\"6000\" \/><\/p><p><span style=\"color: #000000\"><strong>La version \u00e9lectrique en pack complet de notre X3, livr\u00e9 avec:\u00a0<\/strong><\/span><\/p><ul><li>Aileron propulseur<\/li><li>Batterie Lithium 12 A \u00e9tanche<\/li><li>Leash de s\u00e9curit\u00e9\u00a0<\/li><li>Sangles<\/li><li>Chargeur<\/li><\/ul><p><span style=\"color: #000000\"><b>Description<\/b><strong>:<\/strong><\/span><\/p><p><span style=\"color: #958f8f;font-family: Arial, sans-serif;font-size: 12pt;background-color: var(--et_container-bg-color,transparent)\">Gr\u00e2ce \u00e0 sa taille compacte et sa structure amovible, notre propulseur sous marin vous permettra de transformer votre stand up paddle X PaddleBoards en SUP \u00e9lectrique.\u00a0\u00a0<\/span><\/p><ul><li><p dir=\"ltr\" style=\"line-height: 1.656;margin-top: 12pt;margin-bottom: 12pt\"><span style=\"font-size: 12pt;font-family: Arial, sans-serif;color: #958f8f;vertical-align: baseline\">Sa t\u00e9l\u00e9commande dispose de 3 niveaux de vitesse qui vous aidera \u00e0 vous assister sur l&rsquo;eau suivant votre niveau d&rsquo;\u00e9nergie, les conditions de vent et de courant et de vos envies.\u00a0<\/span><\/p><p dir=\"ltr\" style=\"line-height: 1.656;margin-top: 12pt;margin-bottom: 12pt\"><span style=\"font-size: 12pt;font-family: Arial, sans-serif;color: #958f8f;vertical-align: baseline\">Ce propulseur est \u00e9quip\u00e9 d&rsquo;une batterie lithium qui vous permettra de naviguer jusqu&rsquo;\u00e0 1 heure suivant l vitesse choisie et est \u00e9quip\u00e9 d&rsquo;un \u00e9cran LED qui vous indiquera la batterie restante, le signal WIFI et les 3 diff\u00e9rents mode de vitesse.\u00a0<\/span><\/p><p dir=\"ltr\" style=\"line-height: 1.656;margin-top: 12pt;margin-bottom: 12pt\"><span style=\"font-size: 12pt;font-family: Arial, sans-serif;color: #958f8f;vertical-align: baseline\">&#8211; Temps de charge : 3 heures.<\/span><\/p><p dir=\"ltr\" style=\"line-height: 1.656;margin-top: 12pt;margin-bottom: 12pt\"><span style=\"font-size: 12pt;font-family: Arial, sans-serif;color: #958f8f;vertical-align: baseline\">&#8211; Puissance moteur : 280 W\u00a0<\/span><\/p><p dir=\"ltr\" style=\"line-height: 1.656;margin-top: 12pt;margin-bottom: 12pt\"><span style=\"font-size: 12pt;font-family: Arial, sans-serif;color: #958f8f;vertical-align: baseline\">&#8211; Voltage : 36 V<\/span><\/p><p dir=\"ltr\" style=\"line-height: 1.656;margin-top: 12pt;margin-bottom: 12pt\"><span style=\"font-size: 12pt;font-family: Arial, sans-serif;color: #958f8f;vertical-align: baseline\">&#8211; 3 vitesses diff\u00e9rentes jusqu&rsquo;\u00e0 5 km\/h\u00a0<\/span><\/p><p dir=\"ltr\" style=\"line-height: 1.656;margin-top: 12pt;margin-bottom: 12pt\"><span style=\"font-size: 12pt;font-family: Arial, sans-serif;color: #958f8f;vertical-align: baseline\">&#8211; Poids : 2,5 kg<\/span><\/p><\/li><\/ul><p>\u00a0<\/p><p>Taille: 10 x 32\u2033 x 6\u2033 ( 305 x 82 x 15cm)<\/p><h2>Paddling is 100% accessible from all points of view!<\/h2><p>The X1 is one of the three paddles in our range under the symbolic 300 euro mark, along with the X2 and the X3. The objective of this range was to create simple, aesthetic models, with features worthy of high-end paddles while remaining very difficult to beat in terms of price. The X1 is probably one of the best value for money on the market.<\/p><h2>Accessibility - Stability - Performance<\/h2><p>The X1 was created with the goal of providing maximum stability. It is very suitable for beginners or heavy builders thanks to its width and its important volume associated with a thickness of 15cm<\/p><p>This paddleboard is perfectly suited for your session on fresh or salt water: it will be suitable for sea outings as well as for lakes or rivers.<\/p><p>With excellent glide, the X1 will allow you to paddle for hours without burning out while reaching excellent speeds. Ideal for strolling, hiking.<\/p><h2>Building<\/h2><p>The X1 is constructed of lightweight, heavy-duty PVC and dropstitch for durability and superior impact and abrasion resistance.<br \/>Its premium dropstitch construction allows you to inflate it to 15 psi and makes it one of the stiffest paddleboard in its price range.<\/p><h2>To conclude<\/h2><p>The X1 is a great model that is perfect for beginner to intermediate riders, both men and women, who want the ideal paddle to progress with confidence.<\/p><p><strong>Pros:<\/strong><\/p><ul><li>Ideal for beginners thanks to its stability<\/li><li>Well equipped<\/li><li>Solid and quality construction<\/li><li>Convertible into a kayak with its integrated rings<\/li><li>Good Glide<\/li><li>Light<\/li><\/ul><p>Paddleboard supplied in a complete pack with<\/p><ul><li>Paddleboard<\/li><li>Paddle<\/li><li>Leash<\/li><li>Pump<\/li><li>Backpack<\/li><li>Repair kit<\/li><\/ul>\t\t\t\t\t\t\t\t<\/div>\n\t\t\t\t<\/div>\n\t\t\t\t\t<\/div>\n\t\t<\/div>\n\t\t\t\t\t<\/div>\n\t\t<\/section>\n\t\t\t\t<\/div>","protected":false},"excerpt":{"rendered":"<h4>Ready to paddling package including<\/h4>\n<ul>\n<li>Paddleboard<\/li>\n<li>Pack \u00e9lectrique<\/li>\n<li>Paddle<\/li>\n<li>Leash<\/li>\n<li>Pump<\/li>\n<li>Backpack<\/li>\n<li>Repair kit<\/li>\n<\/ul>","protected":false},"featured_media":5375,"template":"","meta":[],"etheme_brands":[],"product_brand":[],"product_cat":[73],"product_tag":[],"class_list":{"0":"post-4774","1":"product","2":"type-product","3":"status-publish","4":"has-post-thumbnail","6":"product_cat-e-sup","8":"first","9":"instock","10":"shipping-taxable","11":"purchasable","12":"product-type-simple"},"yoast_head":"<!-- This site is optimized with the Yoast SEO plugin v26.3 - https:\/\/yoast.com\/wordpress\/plugins\/seo\/ -->\n<title>E-X1 : Le pack paddle accessible par excellence<\/title>\n<meta name=\"description\" content=\"Rapport qualit\u00e9\/prix, performance, accessibilit\u00e9, les qualit\u00e9s du X1 sont nombreuses. Ajoutez \u00e0 cela un jolie design, vous obtenez le paddle de l&#039;\u00e9t\u00e9\" \/>\n<meta name=\"robots\" content=\"index, follow, max-snippet:-1, max-image-preview:large, max-video-preview:-1\" \/>\n<link rel=\"canonical\" href=\"https:\/\/www.xpaddleboards.com\/en\/planche\/e-x1\/\" \/>\n<meta property=\"og:locale\" content=\"en_GB\" \/>\n<meta property=\"og:type\" content=\"article\" \/>\n<meta property=\"og:title\" content=\"E-X1 : Le pack paddle accessible par excellence\" \/>\n<meta property=\"og:description\" content=\"Rapport qualit\u00e9\/prix, performance, accessibilit\u00e9, les qualit\u00e9s du X1 sont nombreuses. Ajoutez \u00e0 cela un jolie design, vous obtenez le paddle de l&#039;\u00e9t\u00e9\" \/>\n<meta property=\"og:url\" content=\"https:\/\/www.xpaddleboards.com\/en\/planche\/e-x1\/\" \/>\n<meta property=\"og:site_name\" content=\"X Paddleboards\" \/>\n<meta property=\"article:modified_time\" content=\"2025-10-02T10:18:20+00:00\" \/>\n<meta property=\"og:image\" content=\"https:\/\/www.xpaddleboards.com\/wp-content\/uploads\/2022\/11\/7.png\" \/>\n\t<meta property=\"og:image:width\" content=\"950\" \/>\n\t<meta property=\"og:image:height\" content=\"1200\" \/>\n\t<meta property=\"og:image:type\" content=\"image\/png\" \/>\n<meta name=\"twitter:card\" content=\"summary_large_image\" \/>\n<meta name=\"twitter:label1\" content=\"Estimated reading time\" \/>\n\t<meta name=\"twitter:data1\" content=\"3 minutes\" \/>\n<script type=\"application\/ld+json\" class=\"yoast-schema-graph\">{\"@context\":\"https:\/\/schema.org\",\"@graph\":[{\"@type\":\"WebPage\",\"@id\":\"https:\/\/www.xpaddleboards.com\/planche\/e-x1\/\",\"url\":\"https:\/\/www.xpaddleboards.com\/planche\/e-x1\/\",\"name\":\"E-X1 : Le pack paddle accessible par excellence\",\"isPartOf\":{\"@id\":\"https:\/\/www.xpaddleboards.com\/#website\"},\"primaryImageOfPage\":{\"@id\":\"https:\/\/www.xpaddleboards.com\/planche\/e-x1\/#primaryimage\"},\"image\":{\"@id\":\"https:\/\/www.xpaddleboards.com\/planche\/e-x1\/#primaryimage\"},\"thumbnailUrl\":\"https:\/\/www.xpaddleboards.com\/wp-content\/uploads\/2022\/11\/7.png\",\"datePublished\":\"2022-11-14T14:28:16+00:00\",\"dateModified\":\"2025-10-02T10:18:20+00:00\",\"description\":\"Rapport qualit\u00e9\/prix, performance, accessibilit\u00e9, les qualit\u00e9s du X1 sont nombreuses. Ajoutez \u00e0 cela un jolie design, vous obtenez le paddle de l'\u00e9t\u00e9\",\"breadcrumb\":{\"@id\":\"https:\/\/www.xpaddleboards.com\/planche\/e-x1\/#breadcrumb\"},\"inLanguage\":\"en-GB\",\"potentialAction\":[{\"@type\":\"ReadAction\",\"target\":[\"https:\/\/www.xpaddleboards.com\/planche\/e-x1\/\"]}]},{\"@type\":\"ImageObject\",\"inLanguage\":\"en-GB\",\"@id\":\"https:\/\/www.xpaddleboards.com\/planche\/e-x1\/#primaryimage\",\"url\":\"https:\/\/www.xpaddleboards.com\/wp-content\/uploads\/2022\/11\/7.png\",\"contentUrl\":\"https:\/\/www.xpaddleboards.com\/wp-content\/uploads\/2022\/11\/7.png\",\"width\":950,\"height\":1200},{\"@type\":\"BreadcrumbList\",\"@id\":\"https:\/\/www.xpaddleboards.com\/planche\/e-x1\/#breadcrumb\",\"itemListElement\":[{\"@type\":\"ListItem\",\"position\":1,\"name\":\"Accueil\",\"item\":\"https:\/\/www.xpaddleboards.com\/\"},{\"@type\":\"ListItem\",\"position\":2,\"name\":\"Nos planches\",\"item\":\"https:\/\/www.xpaddleboards.com\/planches\/\"},{\"@type\":\"ListItem\",\"position\":3,\"name\":\"E-X1\"}]},{\"@type\":\"WebSite\",\"@id\":\"https:\/\/www.xpaddleboards.com\/#website\",\"url\":\"https:\/\/www.xpaddleboards.com\/\",\"name\":\"X Paddleboards\",\"description\":\"La nouvelle g\u00e9n\u00e9ration de SUP gonflable\",\"potentialAction\":[{\"@type\":\"SearchAction\",\"target\":{\"@type\":\"EntryPoint\",\"urlTemplate\":\"https:\/\/www.xpaddleboards.com\/?s={search_term_string}\"},\"query-input\":{\"@type\":\"PropertyValueSpecification\",\"valueRequired\":true,\"valueName\":\"search_term_string\"}}],\"inLanguage\":\"en-GB\"}]}<\/script>\n<!-- \/ Yoast SEO plugin. -->","yoast_head_json":{"title":"E-X1 : Le pack paddle accessible par excellence","description":"Rapport qualit\u00e9\/prix, performance, accessibilit\u00e9, les qualit\u00e9s du X1 sont nombreuses. Ajoutez \u00e0 cela un jolie design, vous obtenez le paddle de l'\u00e9t\u00e9","robots":{"index":"index","follow":"follow","max-snippet":"max-snippet:-1","max-image-preview":"max-image-preview:large","max-video-preview":"max-video-preview:-1"},"canonical":"https:\/\/www.xpaddleboards.com\/en\/planche\/e-x1\/","og_locale":"en_GB","og_type":"article","og_title":"E-X1 : Le pack paddle accessible par excellence","og_description":"Rapport qualit\u00e9\/prix, performance, accessibilit\u00e9, les qualit\u00e9s du X1 sont nombreuses. Ajoutez \u00e0 cela un jolie design, vous obtenez le paddle de l'\u00e9t\u00e9","og_url":"https:\/\/www.xpaddleboards.com\/en\/planche\/e-x1\/","og_site_name":"X Paddleboards","article_modified_time":"2025-10-02T10:18:20+00:00","og_image":[{"width":950,"height":1200,"url":"https:\/\/www.xpaddleboards.com\/wp-content\/uploads\/2022\/11\/7.png","type":"image\/png"}],"twitter_card":"summary_large_image","twitter_misc":{"Estimated reading time":"3 minutes"},"schema":{"@context":"https:\/\/schema.org","@graph":[{"@type":"WebPage","@id":"https:\/\/www.xpaddleboards.com\/planche\/e-x1\/","url":"https:\/\/www.xpaddleboards.com\/planche\/e-x1\/","name":"E-X1 : Le pack paddle accessible par excellence","isPartOf":{"@id":"https:\/\/www.xpaddleboards.com\/#website"},"primaryImageOfPage":{"@id":"https:\/\/www.xpaddleboards.com\/planche\/e-x1\/#primaryimage"},"image":{"@id":"https:\/\/www.xpaddleboards.com\/planche\/e-x1\/#primaryimage"},"thumbnailUrl":"https:\/\/www.xpaddleboards.com\/wp-content\/uploads\/2022\/11\/7.png","datePublished":"2022-11-14T14:28:16+00:00","dateModified":"2025-10-02T10:18:20+00:00","description":"Rapport qualit\u00e9\/prix, performance, accessibilit\u00e9, les qualit\u00e9s du X1 sont nombreuses. Ajoutez \u00e0 cela un jolie design, vous obtenez le paddle de l'\u00e9t\u00e9","breadcrumb":{"@id":"https:\/\/www.xpaddleboards.com\/planche\/e-x1\/#breadcrumb"},"inLanguage":"en-GB","potentialAction":[{"@type":"ReadAction","target":["https:\/\/www.xpaddleboards.com\/planche\/e-x1\/"]}]},{"@type":"ImageObject","inLanguage":"en-GB","@id":"https:\/\/www.xpaddleboards.com\/planche\/e-x1\/#primaryimage","url":"https:\/\/www.xpaddleboards.com\/wp-content\/uploads\/2022\/11\/7.png","contentUrl":"https:\/\/www.xpaddleboards.com\/wp-content\/uploads\/2022\/11\/7.png","width":950,"height":1200},{"@type":"BreadcrumbList","@id":"https:\/\/www.xpaddleboards.com\/planche\/e-x1\/#breadcrumb","itemListElement":[{"@type":"ListItem","position":1,"name":"Accueil","item":"https:\/\/www.xpaddleboards.com\/"},{"@type":"ListItem","position":2,"name":"Nos planches","item":"https:\/\/www.xpaddleboards.com\/planches\/"},{"@type":"ListItem","position":3,"name":"E-X1"}]},{"@type":"WebSite","@id":"https:\/\/www.xpaddleboards.com\/#website","url":"https:\/\/www.xpaddleboards.com\/","name":"X Paddleboards","description":"La nouvelle g\u00e9n\u00e9ration de SUP gonflable","potentialAction":[{"@type":"SearchAction","target":{"@type":"EntryPoint","urlTemplate":"https:\/\/www.xpaddleboards.com\/?s={search_term_string}"},"query-input":{"@type":"PropertyValueSpecification","valueRequired":true,"valueName":"search_term_string"}}],"inLanguage":"en-GB"}]}},"_links":{"self":[{"href":"https:\/\/www.xpaddleboards.com\/en\/wp-json\/wp\/v2\/product\/4774","targetHints":{"allow":["GET"]}}],"collection":[{"href":"https:\/\/www.xpaddleboards.com\/en\/wp-json\/wp\/v2\/product"}],"about":[{"href":"https:\/\/www.xpaddleboards.com\/en\/wp-json\/wp\/v2\/types\/product"}],"version-history":[{"count":22,"href":"https:\/\/www.xpaddleboards.com\/en\/wp-json\/wp\/v2\/product\/4774\/revisions"}],"predecessor-version":[{"id":5897,"href":"https:\/\/www.xpaddleboards.com\/en\/wp-json\/wp\/v2\/product\/4774\/revisions\/5897"}],"wp:featuredmedia":[{"embeddable":true,"href":"https:\/\/www.xpaddleboards.com\/en\/wp-json\/wp\/v2\/media\/5375"}],"wp:attachment":[{"href":"https:\/\/www.xpaddleboards.com\/en\/wp-json\/wp\/v2\/media?parent=4774"}],"wp:term":[{"taxonomy":"brand","embeddable":true,"href":"https:\/\/www.xpaddleboards.com\/en\/wp-json\/wp\/v2\/etheme_brands?post=4774"},{"taxonomy":"product_brand","embeddable":true,"href":"https:\/\/www.xpaddleboards.com\/en\/wp-json\/wp\/v2\/product_brand?post=4774"},{"taxonomy":"product_cat","embeddable":true,"href":"https:\/\/www.xpaddleboards.com\/en\/wp-json\/wp\/v2\/product_cat?post=4774"},{"taxonomy":"product_tag","embeddable":true,"href":"https:\/\/www.xpaddleboards.com\/en\/wp-json\/wp\/v2\/product_tag?post=4774"}],"curies":[{"name":"wp","href":"https:\/\/api.w.org\/{rel}","templated":true}]}}