{"id":4736,"date":"2022-11-14T14:23:51","date_gmt":"2022-11-14T13:23:51","guid":{"rendered":"https:\/\/www.xpaddleboards.com\/?post_type=product&#038;p=4736"},"modified":"2025-10-02T12:22:41","modified_gmt":"2025-10-02T10:22:41","slug":"e-x3","status":"publish","type":"product","link":"https:\/\/www.xpaddleboards.com\/en\/planche\/e-x3\/","title":{"rendered":"E-X3"},"content":{"rendered":"<div data-elementor-type=\"product-post\" data-elementor-id=\"4736\" class=\"elementor elementor-4736\" data-elementor-post-type=\"product\">\n\t\t\t\t\t\t<section class=\"elementor-section elementor-top-section elementor-element elementor-element-887620b elementor-section-boxed elementor-section-height-default elementor-section-height-default\" data-id=\"887620b\" data-element_type=\"section\">\n\t\t\t\t\t\t<div class=\"elementor-container elementor-column-gap-default\">\n\t\t\t\t\t<div class=\"elementor-column elementor-col-100 elementor-top-column elementor-element elementor-element-cc0b5e0\" data-id=\"cc0b5e0\" data-element_type=\"column\">\n\t\t\t<div class=\"elementor-widget-wrap elementor-element-populated\">\n\t\t\t\t\t\t<div class=\"elementor-element elementor-element-4730c4d elementor-widget elementor-widget-video\" data-id=\"4730c4d\" data-element_type=\"widget\" data-settings=\"{&quot;youtube_url&quot;:&quot;https:\\\/\\\/www.youtube.com\\\/watch?v=E5SE81M58PE&quot;,&quot;video_type&quot;:&quot;youtube&quot;,&quot;controls&quot;:&quot;yes&quot;}\" data-widget_type=\"video.default\">\n\t\t\t\t<div class=\"elementor-widget-container\">\n\t\t\t\t\t\t\t<div class=\"elementor-wrapper elementor-open-inline\">\n\t\t\t<div class=\"elementor-video\"><\/div>\t\t<\/div>\n\t\t\t\t\t\t<\/div>\n\t\t\t\t<\/div>\n\t\t\t\t\t<\/div>\n\t\t<\/div>\n\t\t\t\t\t<\/div>\n\t\t<\/section>\n\t\t\t\t<section class=\"elementor-section elementor-top-section elementor-element elementor-element-05ad706 elementor-section-boxed elementor-section-height-default elementor-section-height-default\" data-id=\"05ad706\" data-element_type=\"section\">\n\t\t\t\t\t\t<div class=\"elementor-container elementor-column-gap-default\">\n\t\t\t\t\t<div class=\"elementor-column elementor-col-100 elementor-top-column elementor-element elementor-element-576be8e\" data-id=\"576be8e\" data-element_type=\"column\">\n\t\t\t<div class=\"elementor-widget-wrap elementor-element-populated\">\n\t\t\t\t\t\t<div class=\"elementor-element elementor-element-4327ca2 elementor-widget elementor-widget-text-editor\" data-id=\"4327ca2\" data-element_type=\"widget\" data-widget_type=\"text-editor.default\">\n\t\t\t\t<div class=\"elementor-widget-container\">\n\t\t\t\t\t\t\t\t\t<p><span style=\"color: #000000\"><strong>La version \u00e9lectrique en pack complet de notre X3, livr\u00e9 avec:\u00a0<\/strong><\/span><\/p><ul><li>Aileron propulseur<\/li><li>Batterie Lithium 12 A \u00e9tanche<\/li><li>Leash de s\u00e9curit\u00e9\u00a0<\/li><li>Sangles<\/li><li>Chargeur<\/li><\/ul><p><span style=\"color: #000000\"><b>Description<\/b><strong>:<\/strong><\/span><\/p><p dir=\"ltr\" style=\"line-height: 1.656;margin-top: 12pt;margin-bottom: 12pt\"><span style=\"font-size: 12pt;font-family: Arial, sans-serif;color: #958f8f;background-color: transparent;font-weight: 400;font-style: normal;text-decoration: none;vertical-align: baseline\">Gr\u00e2ce \u00e0 sa taille compacte et sa structure amovible, notre propulseur sous marin vous permettra de transformer votre stand up paddle X PaddleBoards en SUP \u00e9lectrique.\u00a0\u00a0<\/span><\/p><p dir=\"ltr\" style=\"line-height: 1.656;margin-top: 12pt;margin-bottom: 12pt\"><span style=\"font-size: 12pt;font-family: Arial, sans-serif;color: #958f8f;background-color: transparent;font-weight: 400;font-style: normal;text-decoration: none;vertical-align: baseline\">Sa t\u00e9l\u00e9commande dispose de 3 niveaux de vitesse qui vous aidera \u00e0 vous assister sur l&rsquo;eau suivant votre niveau d&rsquo;\u00e9nergie, les conditions de vent et de courant et de vos envies.\u00a0<\/span><\/p><p dir=\"ltr\" style=\"line-height: 1.656;margin-top: 12pt;margin-bottom: 12pt\"><span style=\"font-size: 12pt;font-family: Arial, sans-serif;color: #958f8f;background-color: transparent;font-weight: 400;font-style: normal;text-decoration: none;vertical-align: baseline\">Ce propulseur est \u00e9quip\u00e9 d&rsquo;une batterie lithium qui vous permettra de naviguer jusqu&rsquo;\u00e0 1 heure suivant l vitesse choisie et est \u00e9quip\u00e9 d&rsquo;un \u00e9cran LED qui vous indiquera la batterie restante, le signal WIFI et les 3 diff\u00e9rents mode de vitesse.\u00a0<\/span><\/p><p dir=\"ltr\" style=\"line-height: 1.656;margin-top: 12pt;margin-bottom: 12pt\"><span style=\"font-size: 12pt;font-family: Arial, sans-serif;color: #958f8f;background-color: transparent;font-weight: 400;font-style: normal;text-decoration: none;vertical-align: baseline\">&#8211; Temps de charge : 3 heures.<\/span><\/p><p dir=\"ltr\" style=\"line-height: 1.656;margin-top: 12pt;margin-bottom: 12pt\"><span style=\"font-size: 12pt;font-family: Arial, sans-serif;color: #958f8f;background-color: transparent;font-weight: 400;font-style: normal;text-decoration: none;vertical-align: baseline\">&#8211; Puissance moteur : 280 W\u00a0<\/span><\/p><p dir=\"ltr\" style=\"line-height: 1.656;margin-top: 12pt;margin-bottom: 12pt\"><span style=\"font-size: 12pt;font-family: Arial, sans-serif;color: #958f8f;background-color: transparent;font-weight: 400;font-style: normal;text-decoration: none;vertical-align: baseline\">&#8211; Voltage : 36 V<\/span><\/p><p dir=\"ltr\" style=\"line-height: 1.656;margin-top: 12pt;margin-bottom: 12pt\"><span style=\"font-size: 12pt;font-family: Arial, sans-serif;color: #958f8f;background-color: transparent;font-weight: 400;font-style: normal;text-decoration: none;vertical-align: baseline\">&#8211; 3 vitesses diff\u00e9rentes jusqu&rsquo;\u00e0 5 km\/h\u00a0<\/span><\/p><p dir=\"ltr\" style=\"line-height: 1.656;margin-top: 12pt;margin-bottom: 12pt\"><span style=\"font-size: 12pt;font-family: Arial, sans-serif;color: #958f8f;background-color: transparent;font-weight: 400;font-style: normal;text-decoration: none;vertical-align: baseline\">&#8211; Poids : 2,5 kg<\/span><\/p><p>\u00a0<\/p><p><span style=\"color: #000000\"><strong>Dimensions: 10 x 82&Prime; x 6&Prime; ( 305 x 82 x 15cm)<\/strong><\/span><\/p><p>The X3 is the 3rd SUP in our latest range with the aim of producing excellent quality paddles at an attractive price (under 300e) while offering performance worthy of the best paddles. This X3 comes with a fresh and sunny design that does not go unnoticed without doing too much!<\/p><h2><strong><span style=\"color: #ffc906\">The best quality-price ratio<\/span><\/strong><\/h2><p>The X3 is a versatile paddle suitable for beginners as well as intermediates, with a very good construction while remaining under the symbolic 300euros bar.<\/p><h2><strong><span style=\"color: #ffc906\">An accessible shape ideal for beginners and intermediate riders<\/span><\/strong><\/h2><p>Whether it's your first time on a paddle or you're already a fan of the sport, the X3 <strong>vous surprendra par sa polyvalence<\/strong> and its accessibility. This very stable paddleboard will allow you to take your marks on the board without effort and to give your first strokes of paddle.<\/p><p>Its compact shape with a good width and a thickness of 15cm has a large volume that gives it a lot of buoyancy.<\/p><h2><strong><span style=\"color: #ffc906\">Performances<\/span><\/strong><\/h2><p>While this paddleboard is perfectly suited for beginners, the performance is still top notch and this paddleboard has excellent glide due to its premium rigid construction that allows the paddle to glide through the water without a hitch.<\/p><p>It swallows the kilometers on the water that it is in sea, in lake and in river for your biggest pleasure.<br \/>This paddleboard will be ideal to accompany you in all your walks and hikes near the coast.<\/p><h2><strong><span style=\"color: #ffc906\">Building<\/span><\/strong><\/h2><p>This paddleboard has been designed with top of the line materials for maximum rigidity. From the premium single-layer PVC, to the diamond-shaped honeycomb pad, to the high-end dropstitch that allows for inflation up to 15psi, this paddle has nothing to envy the more expensive models.<\/p><h2><span style=\"color: #ffc906\"><strong>To conclude<\/strong><\/span><\/h2><p>The X3 is a great paddle for people who want a SUP that is very affordable in every way: affordable in terms of price, stability, easy to carry. It is one of the best value paddles on the market if you want to start or improve!<\/p><p><span style=\"color: #ffc906\"><strong>Pros:<\/strong><\/span><\/p><ul><li>Ideal for beginners thanks to its stability<\/li><li>Well equipped<\/li><li>Solid and quality construction<\/li><li>Convertible into a kayak with its integrated rings<\/li><li>Good Glide<\/li><li>Light<\/li><\/ul><p><strong><span style=\"color: #ffc906\">Paddleboard supplied in a complete pack with<\/span><\/strong><\/p><ul><li>Paddleboard<\/li><li>Pack \u00e9lectrique complet<\/li><li>Paddle<\/li><li>Leash<\/li><li>Pump<\/li><li>Backpack<\/li><li>Kit r\u00e9paratio<\/li><\/ul>\t\t\t\t\t\t\t\t<\/div>\n\t\t\t\t<\/div>\n\t\t\t\t<div class=\"elementor-element elementor-element-60b71e4 elementor-widget elementor-widget-image\" data-id=\"60b71e4\" data-element_type=\"widget\" data-widget_type=\"image.default\">\n\t\t\t\t<div class=\"elementor-widget-container\">\n\t\t\t\t\t\t\t\t\t\t\t\t\t\t\t<img fetchpriority=\"high\" decoding=\"async\" width=\"1940\" height=\"6000\" src=\"https:\/\/www.xpaddleboards.com\/wp-content\/uploads\/2021\/09\/1940x6000_paddle_02-3x10.png\" class=\"attachment-full size-full wp-image-4074 lazyload lazyload-lqip et-lazyload-fadeIn\" alt=\"\" sizes=\"(max-width: 1940px) 100vw, 1940px\" data-src=\"https:\/\/www.xpaddleboards.com\/wp-content\/uploads\/2021\/09\/1940x6000_paddle_02.png\" data-srcset=\"https:\/\/www.xpaddleboards.com\/wp-content\/uploads\/2021\/09\/1940x6000_paddle_02.png 1940w, https:\/\/www.xpaddleboards.com\/wp-content\/uploads\/2021\/09\/1940x6000_paddle_02-500x1546.png 500w, https:\/\/www.xpaddleboards.com\/wp-content\/uploads\/2021\/09\/1940x6000_paddle_02-259x800.png 259w, https:\/\/www.xpaddleboards.com\/wp-content\/uploads\/2021\/09\/1940x6000_paddle_02-331x1024.png 331w, https:\/\/www.xpaddleboards.com\/wp-content\/uploads\/2021\/09\/1940x6000_paddle_02-768x2375.png 768w, https:\/\/www.xpaddleboards.com\/wp-content\/uploads\/2021\/09\/1940x6000_paddle_02-497x1536.png 497w, https:\/\/www.xpaddleboards.com\/wp-content\/uploads\/2021\/09\/1940x6000_paddle_02-662x2048.png 662w, https:\/\/www.xpaddleboards.com\/wp-content\/uploads\/2021\/09\/1940x6000_paddle_02-2x6.png 2w, https:\/\/www.xpaddleboards.com\/wp-content\/uploads\/2021\/09\/1940x6000_paddle_02-3x10.png 3w\" srcset=\"https:\/\/www.xpaddleboards.com\/wp-content\/uploads\/2021\/09\/1940x6000_paddle_02-3x10.png 3w, https:\/\/www.xpaddleboards.com\/wp-content\/uploads\/2021\/09\/1940x6000_paddle_02-500x1546.png 500w, https:\/\/www.xpaddleboards.com\/wp-content\/uploads\/2021\/09\/1940x6000_paddle_02-259x800.png 259w, https:\/\/www.xpaddleboards.com\/wp-content\/uploads\/2021\/09\/1940x6000_paddle_02-331x1024.png 331w, https:\/\/www.xpaddleboards.com\/wp-content\/uploads\/2021\/09\/1940x6000_paddle_02-768x2375.png 768w, https:\/\/www.xpaddleboards.com\/wp-content\/uploads\/2021\/09\/1940x6000_paddle_02-497x1536.png 497w, https:\/\/www.xpaddleboards.com\/wp-content\/uploads\/2021\/09\/1940x6000_paddle_02-662x2048.png 662w, https:\/\/www.xpaddleboards.com\/wp-content\/uploads\/2021\/09\/1940x6000_paddle_02-2x6.png 2w, https:\/\/www.xpaddleboards.com\/wp-content\/uploads\/2021\/09\/1940x6000_paddle_02.png 1940w\" \/>\t\t\t\t\t\t\t\t\t\t\t\t\t\t\t<\/div>\n\t\t\t\t<\/div>\n\t\t\t\t\t<\/div>\n\t\t<\/div>\n\t\t\t\t\t<\/div>\n\t\t<\/section>\n\t\t\t\t<\/div>","protected":false},"excerpt":{"rendered":"<h4>Ready to paddling package including<\/h4>\n<ul>\n<li>Paddleboard<\/li>\n<li>Pack \u00e9lectrique<\/li>\n<li>Paddle<\/li>\n<li>Leash<\/li>\n<li>Pump<\/li>\n<li>Backpack<\/li>\n<li>Repair kit<\/li>\n<\/ul>","protected":false},"featured_media":5378,"template":"","meta":[],"etheme_brands":[],"product_brand":[],"product_cat":[73],"product_tag":[],"class_list":{"0":"post-4736","1":"product","2":"type-product","3":"status-publish","4":"has-post-thumbnail","6":"product_cat-e-sup","8":"first","9":"instock","10":"shipping-taxable","11":"purchasable","12":"product-type-simple"},"yoast_head":"<!-- This site is optimized with the Yoast SEO plugin v26.3 - https:\/\/yoast.com\/wordpress\/plugins\/seo\/ -->\n<title>E-X3 : Le paddle gonflable de l&#039;\u00e9t\u00e9<\/title>\n<meta name=\"description\" content=\"Styl\u00e9, accessible et bien construit, le X3 est sans nul doute un des best seller de l&#039;\u00e9t\u00e9 2022. Un vrai paddle polyvalent pour toute la famille\" \/>\n<meta name=\"robots\" content=\"index, follow, max-snippet:-1, max-image-preview:large, max-video-preview:-1\" \/>\n<link rel=\"canonical\" href=\"https:\/\/www.xpaddleboards.com\/en\/planche\/e-x3\/\" \/>\n<meta property=\"og:locale\" content=\"en_GB\" \/>\n<meta property=\"og:type\" content=\"article\" \/>\n<meta property=\"og:title\" content=\"E-X3 : Le paddle gonflable de l&#039;\u00e9t\u00e9\" \/>\n<meta property=\"og:description\" content=\"Styl\u00e9, accessible et bien construit, le X3 est sans nul doute un des best seller de l&#039;\u00e9t\u00e9 2022. Un vrai paddle polyvalent pour toute la famille\" \/>\n<meta property=\"og:url\" content=\"https:\/\/www.xpaddleboards.com\/en\/planche\/e-x3\/\" \/>\n<meta property=\"og:site_name\" content=\"X Paddleboards\" \/>\n<meta property=\"article:modified_time\" content=\"2025-10-02T10:22:41+00:00\" \/>\n<meta property=\"og:image\" content=\"https:\/\/www.xpaddleboards.com\/wp-content\/uploads\/2022\/11\/5.png\" \/>\n\t<meta property=\"og:image:width\" content=\"950\" \/>\n\t<meta property=\"og:image:height\" content=\"1200\" \/>\n\t<meta property=\"og:image:type\" content=\"image\/png\" \/>\n<meta name=\"twitter:card\" content=\"summary_large_image\" \/>\n<meta name=\"twitter:label1\" content=\"Estimated reading time\" \/>\n\t<meta name=\"twitter:data1\" content=\"4 minutes\" \/>\n<script type=\"application\/ld+json\" class=\"yoast-schema-graph\">{\"@context\":\"https:\/\/schema.org\",\"@graph\":[{\"@type\":\"WebPage\",\"@id\":\"https:\/\/www.xpaddleboards.com\/planche\/e-x3\/\",\"url\":\"https:\/\/www.xpaddleboards.com\/planche\/e-x3\/\",\"name\":\"E-X3 : Le paddle gonflable de l'\u00e9t\u00e9\",\"isPartOf\":{\"@id\":\"https:\/\/www.xpaddleboards.com\/#website\"},\"primaryImageOfPage\":{\"@id\":\"https:\/\/www.xpaddleboards.com\/planche\/e-x3\/#primaryimage\"},\"image\":{\"@id\":\"https:\/\/www.xpaddleboards.com\/planche\/e-x3\/#primaryimage\"},\"thumbnailUrl\":\"https:\/\/www.xpaddleboards.com\/wp-content\/uploads\/2022\/11\/5.png\",\"datePublished\":\"2022-11-14T13:23:51+00:00\",\"dateModified\":\"2025-10-02T10:22:41+00:00\",\"description\":\"Styl\u00e9, accessible et bien construit, le X3 est sans nul doute un des best seller de l'\u00e9t\u00e9 2022. Un vrai paddle polyvalent pour toute la famille\",\"breadcrumb\":{\"@id\":\"https:\/\/www.xpaddleboards.com\/planche\/e-x3\/#breadcrumb\"},\"inLanguage\":\"en-GB\",\"potentialAction\":[{\"@type\":\"ReadAction\",\"target\":[\"https:\/\/www.xpaddleboards.com\/planche\/e-x3\/\"]}]},{\"@type\":\"ImageObject\",\"inLanguage\":\"en-GB\",\"@id\":\"https:\/\/www.xpaddleboards.com\/planche\/e-x3\/#primaryimage\",\"url\":\"https:\/\/www.xpaddleboards.com\/wp-content\/uploads\/2022\/11\/5.png\",\"contentUrl\":\"https:\/\/www.xpaddleboards.com\/wp-content\/uploads\/2022\/11\/5.png\",\"width\":950,\"height\":1200},{\"@type\":\"BreadcrumbList\",\"@id\":\"https:\/\/www.xpaddleboards.com\/planche\/e-x3\/#breadcrumb\",\"itemListElement\":[{\"@type\":\"ListItem\",\"position\":1,\"name\":\"Accueil\",\"item\":\"https:\/\/www.xpaddleboards.com\/\"},{\"@type\":\"ListItem\",\"position\":2,\"name\":\"Nos planches\",\"item\":\"https:\/\/www.xpaddleboards.com\/planches\/\"},{\"@type\":\"ListItem\",\"position\":3,\"name\":\"E-X3\"}]},{\"@type\":\"WebSite\",\"@id\":\"https:\/\/www.xpaddleboards.com\/#website\",\"url\":\"https:\/\/www.xpaddleboards.com\/\",\"name\":\"X Paddleboards\",\"description\":\"La nouvelle g\u00e9n\u00e9ration de SUP gonflable\",\"potentialAction\":[{\"@type\":\"SearchAction\",\"target\":{\"@type\":\"EntryPoint\",\"urlTemplate\":\"https:\/\/www.xpaddleboards.com\/?s={search_term_string}\"},\"query-input\":{\"@type\":\"PropertyValueSpecification\",\"valueRequired\":true,\"valueName\":\"search_term_string\"}}],\"inLanguage\":\"en-GB\"}]}<\/script>\n<!-- \/ Yoast SEO plugin. -->","yoast_head_json":{"title":"E-X3 : Le paddle gonflable de l'\u00e9t\u00e9","description":"Styl\u00e9, accessible et bien construit, le X3 est sans nul doute un des best seller de l'\u00e9t\u00e9 2022. Un vrai paddle polyvalent pour toute la famille","robots":{"index":"index","follow":"follow","max-snippet":"max-snippet:-1","max-image-preview":"max-image-preview:large","max-video-preview":"max-video-preview:-1"},"canonical":"https:\/\/www.xpaddleboards.com\/en\/planche\/e-x3\/","og_locale":"en_GB","og_type":"article","og_title":"E-X3 : Le paddle gonflable de l'\u00e9t\u00e9","og_description":"Styl\u00e9, accessible et bien construit, le X3 est sans nul doute un des best seller de l'\u00e9t\u00e9 2022. Un vrai paddle polyvalent pour toute la famille","og_url":"https:\/\/www.xpaddleboards.com\/en\/planche\/e-x3\/","og_site_name":"X Paddleboards","article_modified_time":"2025-10-02T10:22:41+00:00","og_image":[{"width":950,"height":1200,"url":"https:\/\/www.xpaddleboards.com\/wp-content\/uploads\/2022\/11\/5.png","type":"image\/png"}],"twitter_card":"summary_large_image","twitter_misc":{"Estimated reading time":"4 minutes"},"schema":{"@context":"https:\/\/schema.org","@graph":[{"@type":"WebPage","@id":"https:\/\/www.xpaddleboards.com\/planche\/e-x3\/","url":"https:\/\/www.xpaddleboards.com\/planche\/e-x3\/","name":"E-X3 : Le paddle gonflable de l'\u00e9t\u00e9","isPartOf":{"@id":"https:\/\/www.xpaddleboards.com\/#website"},"primaryImageOfPage":{"@id":"https:\/\/www.xpaddleboards.com\/planche\/e-x3\/#primaryimage"},"image":{"@id":"https:\/\/www.xpaddleboards.com\/planche\/e-x3\/#primaryimage"},"thumbnailUrl":"https:\/\/www.xpaddleboards.com\/wp-content\/uploads\/2022\/11\/5.png","datePublished":"2022-11-14T13:23:51+00:00","dateModified":"2025-10-02T10:22:41+00:00","description":"Styl\u00e9, accessible et bien construit, le X3 est sans nul doute un des best seller de l'\u00e9t\u00e9 2022. Un vrai paddle polyvalent pour toute la famille","breadcrumb":{"@id":"https:\/\/www.xpaddleboards.com\/planche\/e-x3\/#breadcrumb"},"inLanguage":"en-GB","potentialAction":[{"@type":"ReadAction","target":["https:\/\/www.xpaddleboards.com\/planche\/e-x3\/"]}]},{"@type":"ImageObject","inLanguage":"en-GB","@id":"https:\/\/www.xpaddleboards.com\/planche\/e-x3\/#primaryimage","url":"https:\/\/www.xpaddleboards.com\/wp-content\/uploads\/2022\/11\/5.png","contentUrl":"https:\/\/www.xpaddleboards.com\/wp-content\/uploads\/2022\/11\/5.png","width":950,"height":1200},{"@type":"BreadcrumbList","@id":"https:\/\/www.xpaddleboards.com\/planche\/e-x3\/#breadcrumb","itemListElement":[{"@type":"ListItem","position":1,"name":"Accueil","item":"https:\/\/www.xpaddleboards.com\/"},{"@type":"ListItem","position":2,"name":"Nos planches","item":"https:\/\/www.xpaddleboards.com\/planches\/"},{"@type":"ListItem","position":3,"name":"E-X3"}]},{"@type":"WebSite","@id":"https:\/\/www.xpaddleboards.com\/#website","url":"https:\/\/www.xpaddleboards.com\/","name":"X Paddleboards","description":"La nouvelle g\u00e9n\u00e9ration de SUP gonflable","potentialAction":[{"@type":"SearchAction","target":{"@type":"EntryPoint","urlTemplate":"https:\/\/www.xpaddleboards.com\/?s={search_term_string}"},"query-input":{"@type":"PropertyValueSpecification","valueRequired":true,"valueName":"search_term_string"}}],"inLanguage":"en-GB"}]}},"_links":{"self":[{"href":"https:\/\/www.xpaddleboards.com\/en\/wp-json\/wp\/v2\/product\/4736","targetHints":{"allow":["GET"]}}],"collection":[{"href":"https:\/\/www.xpaddleboards.com\/en\/wp-json\/wp\/v2\/product"}],"about":[{"href":"https:\/\/www.xpaddleboards.com\/en\/wp-json\/wp\/v2\/types\/product"}],"version-history":[{"count":42,"href":"https:\/\/www.xpaddleboards.com\/en\/wp-json\/wp\/v2\/product\/4736\/revisions"}],"predecessor-version":[{"id":5899,"href":"https:\/\/www.xpaddleboards.com\/en\/wp-json\/wp\/v2\/product\/4736\/revisions\/5899"}],"wp:featuredmedia":[{"embeddable":true,"href":"https:\/\/www.xpaddleboards.com\/en\/wp-json\/wp\/v2\/media\/5378"}],"wp:attachment":[{"href":"https:\/\/www.xpaddleboards.com\/en\/wp-json\/wp\/v2\/media?parent=4736"}],"wp:term":[{"taxonomy":"brand","embeddable":true,"href":"https:\/\/www.xpaddleboards.com\/en\/wp-json\/wp\/v2\/etheme_brands?post=4736"},{"taxonomy":"product_brand","embeddable":true,"href":"https:\/\/www.xpaddleboards.com\/en\/wp-json\/wp\/v2\/product_brand?post=4736"},{"taxonomy":"product_cat","embeddable":true,"href":"https:\/\/www.xpaddleboards.com\/en\/wp-json\/wp\/v2\/product_cat?post=4736"},{"taxonomy":"product_tag","embeddable":true,"href":"https:\/\/www.xpaddleboards.com\/en\/wp-json\/wp\/v2\/product_tag?post=4736"}],"curies":[{"name":"wp","href":"https:\/\/api.w.org\/{rel}","templated":true}]}}