{"id":4108,"date":"2022-03-14T19:04:49","date_gmt":"2022-03-14T18:04:49","guid":{"rendered":"https:\/\/xpaddleboards.com\/?post_type=product&#038;p=4108"},"modified":"2025-10-02T12:25:18","modified_gmt":"2025-10-02T10:25:18","slug":"x3-kayak","status":"publish","type":"product","link":"https:\/\/www.xpaddleboards.com\/en\/planche\/x3-kayak\/","title":{"rendered":"X3 Kayak"},"content":{"rendered":"<div data-elementor-type=\"product-post\" data-elementor-id=\"4108\" class=\"elementor elementor-4108\" data-elementor-post-type=\"product\">\n\t\t\t\t\t\t<section class=\"elementor-section elementor-top-section elementor-element elementor-element-887620b elementor-section-boxed elementor-section-height-default elementor-section-height-default\" data-id=\"887620b\" data-element_type=\"section\">\n\t\t\t\t\t\t<div class=\"elementor-container elementor-column-gap-default\">\n\t\t\t\t\t<div class=\"elementor-column elementor-col-100 elementor-top-column elementor-element elementor-element-cc0b5e0\" data-id=\"cc0b5e0\" data-element_type=\"column\">\n\t\t\t<div class=\"elementor-widget-wrap elementor-element-populated\">\n\t\t\t\t\t\t<div class=\"elementor-element elementor-element-60b71e4 elementor-widget elementor-widget-image\" data-id=\"60b71e4\" data-element_type=\"widget\" data-widget_type=\"image.default\">\n\t\t\t\t<div class=\"elementor-widget-container\">\n\t\t\t\t\t\t\t\t\t\t\t\t\t\t\t<img fetchpriority=\"high\" decoding=\"async\" width=\"1940\" height=\"6000\" src=\"https:\/\/www.xpaddleboards.com\/wp-content\/uploads\/2021\/09\/1940x6000_paddle_02.png\" class=\"attachment-full size-full wp-image-4074\" alt=\"\" srcset=\"https:\/\/www.xpaddleboards.com\/wp-content\/uploads\/2021\/09\/1940x6000_paddle_02.png 1940w, https:\/\/www.xpaddleboards.com\/wp-content\/uploads\/2021\/09\/1940x6000_paddle_02-500x1546.png 500w, https:\/\/www.xpaddleboards.com\/wp-content\/uploads\/2021\/09\/1940x6000_paddle_02-259x800.png 259w, https:\/\/www.xpaddleboards.com\/wp-content\/uploads\/2021\/09\/1940x6000_paddle_02-331x1024.png 331w, https:\/\/www.xpaddleboards.com\/wp-content\/uploads\/2021\/09\/1940x6000_paddle_02-768x2375.png 768w, https:\/\/www.xpaddleboards.com\/wp-content\/uploads\/2021\/09\/1940x6000_paddle_02-497x1536.png 497w, https:\/\/www.xpaddleboards.com\/wp-content\/uploads\/2021\/09\/1940x6000_paddle_02-662x2048.png 662w, https:\/\/www.xpaddleboards.com\/wp-content\/uploads\/2021\/09\/1940x6000_paddle_02-2x6.png 2w, https:\/\/www.xpaddleboards.com\/wp-content\/uploads\/2021\/09\/1940x6000_paddle_02-3x10.png 3w\" sizes=\"(max-width: 1940px) 100vw, 1940px\" \/>\t\t\t\t\t\t\t\t\t\t\t\t\t\t\t<\/div>\n\t\t\t\t<\/div>\n\t\t\t\t\t<\/div>\n\t\t<\/div>\n\t\t\t\t\t<\/div>\n\t\t<\/section>\n\t\t\t\t<section class=\"elementor-section elementor-top-section elementor-element elementor-element-05ad706 elementor-section-boxed elementor-section-height-default elementor-section-height-default\" data-id=\"05ad706\" data-element_type=\"section\">\n\t\t\t\t\t\t<div class=\"elementor-container elementor-column-gap-default\">\n\t\t\t\t\t<div class=\"elementor-column elementor-col-100 elementor-top-column elementor-element elementor-element-576be8e\" data-id=\"576be8e\" data-element_type=\"column\">\n\t\t\t<div class=\"elementor-widget-wrap elementor-element-populated\">\n\t\t\t\t\t\t<div class=\"elementor-element elementor-element-4327ca2 elementor-widget elementor-widget-text-editor\" data-id=\"4327ca2\" data-element_type=\"widget\" data-widget_type=\"text-editor.default\">\n\t\t\t\t<div class=\"elementor-widget-container\">\n\t\t\t\t\t\t\t\t\t<p><span style=\"color: #000000;\"><strong>Dimensions: 10 x 82&Prime; x 6&Prime; ( 305 x 82 x 15cm)<\/strong><\/span><\/p><p>The X3 is the 3rd SUP in our latest range with the aim of producing excellent quality paddles at an attractive price (under 300e) while offering performance worthy of the best paddles. This X3 comes with a fresh and sunny design that does not go unnoticed without doing too much!<\/p><h2><strong><span style=\"color: #ffc906;\">The best quality-price ratio<\/span><\/strong><\/h2><p>The X3 is a versatile paddle suitable for beginners as well as intermediates, with a very good construction while remaining under the symbolic 300euros bar.<\/p><h2><strong><span style=\"color: #ffc906;\">An accessible shape ideal for beginners and intermediate riders<\/span><\/strong><\/h2><p>Whether it's your first time on a paddle or you're already a fan of the sport, the X3 <strong>vous surprendra par sa polyvalence<\/strong> and its accessibility. This very stable paddleboard will allow you to take your marks on the board without effort and to give your first strokes of paddle.<\/p><p>Its compact shape with a good width and a thickness of 15cm has a large volume that gives it a lot of buoyancy.<\/p><h2><strong><span style=\"color: #ffc906;\">Performances<\/span><\/strong><\/h2><p>While this paddleboard is perfectly suited for beginners, the performance is still top notch and this paddleboard has excellent glide due to its premium rigid construction that allows the paddle to glide through the water without a hitch.<\/p><p>It swallows the kilometers on the water that it is in sea, in lake and in river for your biggest pleasure.<br \/>This paddleboard will be ideal to accompany you in all your walks and hikes near the coast.<\/p><h2><strong><span style=\"color: #ffc906;\">Building<\/span><\/strong><\/h2><p>This paddleboard has been designed with top of the line materials for maximum rigidity. From the premium single-layer PVC, to the diamond-shaped honeycomb pad, to the high-end dropstitch that allows for inflation up to 15psi, this paddle has nothing to envy the more expensive models.<\/p><h2><span style=\"color: #ffc906;\"><strong>To conclude<\/strong><\/span><\/h2><p>The X3 is a great paddle for people who want a SUP that is very affordable in every way: affordable in terms of price, stability, easy to carry. It is one of the best value paddles on the market if you want to start or improve!<\/p><p><span style=\"color: #ffc906;\"><strong>Pros:<\/strong><\/span><\/p><ul><li>Ideal for beginners thanks to its stability<\/li><li>Well equipped<\/li><li>Solid and quality construction<\/li><li>Convertible into a kayak with its integrated rings<\/li><li>Good Glide<\/li><li>Light<\/li><\/ul><p><strong><span style=\"color: #ffc906;\">Paddleboard supplied in a complete pack with<\/span><\/strong><\/p><ul><li>Paddleboard<\/li><li>Paddle<\/li><li>Leash<\/li><li>Pump<\/li><li>Backpack<\/li><li>Repair kit<\/li><li>Kayak seat<\/li><\/ul>\t\t\t\t\t\t\t\t<\/div>\n\t\t\t\t<\/div>\n\t\t\t\t\t<\/div>\n\t\t<\/div>\n\t\t\t\t\t<\/div>\n\t\t<\/section>\n\t\t\t\t<\/div>","protected":false},"excerpt":{"rendered":"<p>Ready to paddling package including<\/p>\n<ul>\n<li>Paddleboard<\/li>\n<li>Paddle<\/li>\n<li>Leash<\/li>\n<li>Pump<\/li>\n<li>Backpack<\/li>\n<li>Repair kit<\/li>\n<li>Kayak seat<\/li>\n<\/ul>","protected":false},"featured_media":4647,"template":"","meta":[],"etheme_brands":[],"product_brand":[],"product_cat":[79],"product_tag":[],"class_list":{"0":"post-4108","1":"product","2":"type-product","3":"status-publish","4":"has-post-thumbnail","6":"product_cat-sup-kayak","8":"first","9":"instock","10":"shipping-taxable","11":"purchasable","12":"product-type-simple"},"yoast_head":"<!-- This site is optimized with the Yoast SEO plugin v26.3 - https:\/\/yoast.com\/wordpress\/plugins\/seo\/ -->\n<title>X3 Kayak : Le padle kayak styl\u00e9 pour l&#039;\u00e9t\u00e9<\/title>\n<meta name=\"description\" content=\"Le X3 est un paddle styl\u00e9, performant et accessible. Le X3 fera le bonheur de toute la famille cet \u00e9t\u00e9 sur plage\" \/>\n<meta name=\"robots\" content=\"index, follow, max-snippet:-1, max-image-preview:large, max-video-preview:-1\" \/>\n<link rel=\"canonical\" href=\"https:\/\/www.xpaddleboards.com\/en\/planche\/x3-kayak\/\" \/>\n<meta property=\"og:locale\" content=\"en_GB\" \/>\n<meta property=\"og:type\" content=\"article\" \/>\n<meta property=\"og:title\" content=\"X3 Kayak : Le padle kayak styl\u00e9 pour l&#039;\u00e9t\u00e9\" \/>\n<meta property=\"og:description\" content=\"Le X3 est un paddle styl\u00e9, performant et accessible. Le X3 fera le bonheur de toute la famille cet \u00e9t\u00e9 sur plage\" \/>\n<meta property=\"og:url\" content=\"https:\/\/www.xpaddleboards.com\/en\/planche\/x3-kayak\/\" \/>\n<meta property=\"og:site_name\" content=\"X Paddleboards\" \/>\n<meta property=\"article:modified_time\" content=\"2025-10-02T10:25:18+00:00\" \/>\n<meta property=\"og:image\" content=\"https:\/\/www.xpaddleboards.com\/wp-content\/uploads\/2022\/03\/x3-kayak.png\" \/>\n\t<meta property=\"og:image:width\" content=\"1653\" \/>\n\t<meta property=\"og:image:height\" content=\"1656\" \/>\n\t<meta property=\"og:image:type\" content=\"image\/png\" \/>\n<meta name=\"twitter:card\" content=\"summary_large_image\" \/>\n<meta name=\"twitter:label1\" content=\"Estimated reading time\" \/>\n\t<meta name=\"twitter:data1\" content=\"3 minutes\" \/>\n<script type=\"application\/ld+json\" class=\"yoast-schema-graph\">{\"@context\":\"https:\/\/schema.org\",\"@graph\":[{\"@type\":\"WebPage\",\"@id\":\"https:\/\/www.xpaddleboards.com\/planche\/x3-kayak\/\",\"url\":\"https:\/\/www.xpaddleboards.com\/planche\/x3-kayak\/\",\"name\":\"X3 Kayak : Le padle kayak styl\u00e9 pour l'\u00e9t\u00e9\",\"isPartOf\":{\"@id\":\"https:\/\/www.xpaddleboards.com\/#website\"},\"primaryImageOfPage\":{\"@id\":\"https:\/\/www.xpaddleboards.com\/planche\/x3-kayak\/#primaryimage\"},\"image\":{\"@id\":\"https:\/\/www.xpaddleboards.com\/planche\/x3-kayak\/#primaryimage\"},\"thumbnailUrl\":\"https:\/\/www.xpaddleboards.com\/wp-content\/uploads\/2022\/03\/x3-kayak.png\",\"datePublished\":\"2022-03-14T18:04:49+00:00\",\"dateModified\":\"2025-10-02T10:25:18+00:00\",\"description\":\"Le X3 est un paddle styl\u00e9, performant et accessible. Le X3 fera le bonheur de toute la famille cet \u00e9t\u00e9 sur plage\",\"breadcrumb\":{\"@id\":\"https:\/\/www.xpaddleboards.com\/planche\/x3-kayak\/#breadcrumb\"},\"inLanguage\":\"en-GB\",\"potentialAction\":[{\"@type\":\"ReadAction\",\"target\":[\"https:\/\/www.xpaddleboards.com\/planche\/x3-kayak\/\"]}]},{\"@type\":\"ImageObject\",\"inLanguage\":\"en-GB\",\"@id\":\"https:\/\/www.xpaddleboards.com\/planche\/x3-kayak\/#primaryimage\",\"url\":\"https:\/\/www.xpaddleboards.com\/wp-content\/uploads\/2022\/03\/x3-kayak.png\",\"contentUrl\":\"https:\/\/www.xpaddleboards.com\/wp-content\/uploads\/2022\/03\/x3-kayak.png\",\"width\":1653,\"height\":1656},{\"@type\":\"BreadcrumbList\",\"@id\":\"https:\/\/www.xpaddleboards.com\/planche\/x3-kayak\/#breadcrumb\",\"itemListElement\":[{\"@type\":\"ListItem\",\"position\":1,\"name\":\"Accueil\",\"item\":\"https:\/\/www.xpaddleboards.com\/\"},{\"@type\":\"ListItem\",\"position\":2,\"name\":\"Nos planches\",\"item\":\"https:\/\/www.xpaddleboards.com\/planches\/\"},{\"@type\":\"ListItem\",\"position\":3,\"name\":\"X3 Kayak\"}]},{\"@type\":\"WebSite\",\"@id\":\"https:\/\/www.xpaddleboards.com\/#website\",\"url\":\"https:\/\/www.xpaddleboards.com\/\",\"name\":\"X Paddleboards\",\"description\":\"La nouvelle g\u00e9n\u00e9ration de SUP gonflable\",\"potentialAction\":[{\"@type\":\"SearchAction\",\"target\":{\"@type\":\"EntryPoint\",\"urlTemplate\":\"https:\/\/www.xpaddleboards.com\/?s={search_term_string}\"},\"query-input\":{\"@type\":\"PropertyValueSpecification\",\"valueRequired\":true,\"valueName\":\"search_term_string\"}}],\"inLanguage\":\"en-GB\"}]}<\/script>\n<!-- \/ Yoast SEO plugin. -->","yoast_head_json":{"title":"X3 Kayak : Le padle kayak styl\u00e9 pour l'\u00e9t\u00e9","description":"Le X3 est un paddle styl\u00e9, performant et accessible. Le X3 fera le bonheur de toute la famille cet \u00e9t\u00e9 sur plage","robots":{"index":"index","follow":"follow","max-snippet":"max-snippet:-1","max-image-preview":"max-image-preview:large","max-video-preview":"max-video-preview:-1"},"canonical":"https:\/\/www.xpaddleboards.com\/en\/planche\/x3-kayak\/","og_locale":"en_GB","og_type":"article","og_title":"X3 Kayak : Le padle kayak styl\u00e9 pour l'\u00e9t\u00e9","og_description":"Le X3 est un paddle styl\u00e9, performant et accessible. Le X3 fera le bonheur de toute la famille cet \u00e9t\u00e9 sur plage","og_url":"https:\/\/www.xpaddleboards.com\/en\/planche\/x3-kayak\/","og_site_name":"X Paddleboards","article_modified_time":"2025-10-02T10:25:18+00:00","og_image":[{"width":1653,"height":1656,"url":"https:\/\/www.xpaddleboards.com\/wp-content\/uploads\/2022\/03\/x3-kayak.png","type":"image\/png"}],"twitter_card":"summary_large_image","twitter_misc":{"Estimated reading time":"3 minutes"},"schema":{"@context":"https:\/\/schema.org","@graph":[{"@type":"WebPage","@id":"https:\/\/www.xpaddleboards.com\/planche\/x3-kayak\/","url":"https:\/\/www.xpaddleboards.com\/planche\/x3-kayak\/","name":"X3 Kayak : Le padle kayak styl\u00e9 pour l'\u00e9t\u00e9","isPartOf":{"@id":"https:\/\/www.xpaddleboards.com\/#website"},"primaryImageOfPage":{"@id":"https:\/\/www.xpaddleboards.com\/planche\/x3-kayak\/#primaryimage"},"image":{"@id":"https:\/\/www.xpaddleboards.com\/planche\/x3-kayak\/#primaryimage"},"thumbnailUrl":"https:\/\/www.xpaddleboards.com\/wp-content\/uploads\/2022\/03\/x3-kayak.png","datePublished":"2022-03-14T18:04:49+00:00","dateModified":"2025-10-02T10:25:18+00:00","description":"Le X3 est un paddle styl\u00e9, performant et accessible. Le X3 fera le bonheur de toute la famille cet \u00e9t\u00e9 sur plage","breadcrumb":{"@id":"https:\/\/www.xpaddleboards.com\/planche\/x3-kayak\/#breadcrumb"},"inLanguage":"en-GB","potentialAction":[{"@type":"ReadAction","target":["https:\/\/www.xpaddleboards.com\/planche\/x3-kayak\/"]}]},{"@type":"ImageObject","inLanguage":"en-GB","@id":"https:\/\/www.xpaddleboards.com\/planche\/x3-kayak\/#primaryimage","url":"https:\/\/www.xpaddleboards.com\/wp-content\/uploads\/2022\/03\/x3-kayak.png","contentUrl":"https:\/\/www.xpaddleboards.com\/wp-content\/uploads\/2022\/03\/x3-kayak.png","width":1653,"height":1656},{"@type":"BreadcrumbList","@id":"https:\/\/www.xpaddleboards.com\/planche\/x3-kayak\/#breadcrumb","itemListElement":[{"@type":"ListItem","position":1,"name":"Accueil","item":"https:\/\/www.xpaddleboards.com\/"},{"@type":"ListItem","position":2,"name":"Nos planches","item":"https:\/\/www.xpaddleboards.com\/planches\/"},{"@type":"ListItem","position":3,"name":"X3 Kayak"}]},{"@type":"WebSite","@id":"https:\/\/www.xpaddleboards.com\/#website","url":"https:\/\/www.xpaddleboards.com\/","name":"X Paddleboards","description":"La nouvelle g\u00e9n\u00e9ration de SUP gonflable","potentialAction":[{"@type":"SearchAction","target":{"@type":"EntryPoint","urlTemplate":"https:\/\/www.xpaddleboards.com\/?s={search_term_string}"},"query-input":{"@type":"PropertyValueSpecification","valueRequired":true,"valueName":"search_term_string"}}],"inLanguage":"en-GB"}]}},"_links":{"self":[{"href":"https:\/\/www.xpaddleboards.com\/en\/wp-json\/wp\/v2\/product\/4108","targetHints":{"allow":["GET"]}}],"collection":[{"href":"https:\/\/www.xpaddleboards.com\/en\/wp-json\/wp\/v2\/product"}],"about":[{"href":"https:\/\/www.xpaddleboards.com\/en\/wp-json\/wp\/v2\/types\/product"}],"version-history":[{"count":10,"href":"https:\/\/www.xpaddleboards.com\/en\/wp-json\/wp\/v2\/product\/4108\/revisions"}],"predecessor-version":[{"id":5445,"href":"https:\/\/www.xpaddleboards.com\/en\/wp-json\/wp\/v2\/product\/4108\/revisions\/5445"}],"wp:featuredmedia":[{"embeddable":true,"href":"https:\/\/www.xpaddleboards.com\/en\/wp-json\/wp\/v2\/media\/4647"}],"wp:attachment":[{"href":"https:\/\/www.xpaddleboards.com\/en\/wp-json\/wp\/v2\/media?parent=4108"}],"wp:term":[{"taxonomy":"brand","embeddable":true,"href":"https:\/\/www.xpaddleboards.com\/en\/wp-json\/wp\/v2\/etheme_brands?post=4108"},{"taxonomy":"product_brand","embeddable":true,"href":"https:\/\/www.xpaddleboards.com\/en\/wp-json\/wp\/v2\/product_brand?post=4108"},{"taxonomy":"product_cat","embeddable":true,"href":"https:\/\/www.xpaddleboards.com\/en\/wp-json\/wp\/v2\/product_cat?post=4108"},{"taxonomy":"product_tag","embeddable":true,"href":"https:\/\/www.xpaddleboards.com\/en\/wp-json\/wp\/v2\/product_tag?post=4108"}],"curies":[{"name":"wp","href":"https:\/\/api.w.org\/{rel}","templated":true}]}}