{"id":3754,"date":"2021-09-06T15:23:17","date_gmt":"2021-09-06T13:23:17","guid":{"rendered":"https:\/\/xpaddleboards.com\/?post_type=product&#038;p=3754"},"modified":"2026-03-26T10:16:49","modified_gmt":"2026-03-26T09:16:49","slug":"x2","status":"publish","type":"product","link":"https:\/\/www.xpaddleboards.com\/en\/planche\/x2\/","title":{"rendered":"X2"},"content":{"rendered":"<div data-elementor-type=\"product-post\" data-elementor-id=\"3754\" class=\"elementor elementor-3754\" data-elementor-post-type=\"product\">\n\t\t\t\t\t\t<section class=\"elementor-section elementor-top-section elementor-element elementor-element-c84d329 elementor-section-boxed elementor-section-height-default elementor-section-height-default\" data-id=\"c84d329\" data-element_type=\"section\">\n\t\t\t\t\t\t<div class=\"elementor-container elementor-column-gap-default\">\n\t\t\t\t\t<div class=\"elementor-column elementor-col-100 elementor-top-column elementor-element elementor-element-b63d15d\" data-id=\"b63d15d\" data-element_type=\"column\">\n\t\t\t<div class=\"elementor-widget-wrap elementor-element-populated\">\n\t\t\t\t\t\t<div class=\"elementor-element elementor-element-bd0f5f8 elementor-widget elementor-widget-image\" data-id=\"bd0f5f8\" data-element_type=\"widget\" data-widget_type=\"image.default\">\n\t\t\t\t<div class=\"elementor-widget-container\">\n\t\t\t\t\t\t\t\t\t\t\t\t\t\t\t<img fetchpriority=\"high\" decoding=\"async\" width=\"1940\" height=\"6000\" src=\"https:\/\/www.xpaddleboards.com\/wp-content\/uploads\/2021\/09\/1940x6000_paddle_03-3x10.png\" class=\"attachment-full size-full wp-image-4078 lazyload lazyload-lqip et-lazyload-fadeIn\" alt=\"\" sizes=\"(max-width: 1940px) 100vw, 1940px\" data-src=\"https:\/\/www.xpaddleboards.com\/wp-content\/uploads\/2021\/09\/1940x6000_paddle_03.png\" data-srcset=\"https:\/\/www.xpaddleboards.com\/wp-content\/uploads\/2021\/09\/1940x6000_paddle_03.png 1940w, https:\/\/www.xpaddleboards.com\/wp-content\/uploads\/2021\/09\/1940x6000_paddle_03-500x1546.png 500w, https:\/\/www.xpaddleboards.com\/wp-content\/uploads\/2021\/09\/1940x6000_paddle_03-259x800.png 259w, https:\/\/www.xpaddleboards.com\/wp-content\/uploads\/2021\/09\/1940x6000_paddle_03-331x1024.png 331w, https:\/\/www.xpaddleboards.com\/wp-content\/uploads\/2021\/09\/1940x6000_paddle_03-768x2375.png 768w, https:\/\/www.xpaddleboards.com\/wp-content\/uploads\/2021\/09\/1940x6000_paddle_03-497x1536.png 497w, https:\/\/www.xpaddleboards.com\/wp-content\/uploads\/2021\/09\/1940x6000_paddle_03-662x2048.png 662w, https:\/\/www.xpaddleboards.com\/wp-content\/uploads\/2021\/09\/1940x6000_paddle_03-2x6.png 2w, https:\/\/www.xpaddleboards.com\/wp-content\/uploads\/2021\/09\/1940x6000_paddle_03-3x10.png 3w\" srcset=\"https:\/\/www.xpaddleboards.com\/wp-content\/uploads\/2021\/09\/1940x6000_paddle_03-3x10.png 3w, https:\/\/www.xpaddleboards.com\/wp-content\/uploads\/2021\/09\/1940x6000_paddle_03-500x1546.png 500w, https:\/\/www.xpaddleboards.com\/wp-content\/uploads\/2021\/09\/1940x6000_paddle_03-259x800.png 259w, https:\/\/www.xpaddleboards.com\/wp-content\/uploads\/2021\/09\/1940x6000_paddle_03-331x1024.png 331w, https:\/\/www.xpaddleboards.com\/wp-content\/uploads\/2021\/09\/1940x6000_paddle_03-768x2375.png 768w, https:\/\/www.xpaddleboards.com\/wp-content\/uploads\/2021\/09\/1940x6000_paddle_03-497x1536.png 497w, https:\/\/www.xpaddleboards.com\/wp-content\/uploads\/2021\/09\/1940x6000_paddle_03-662x2048.png 662w, https:\/\/www.xpaddleboards.com\/wp-content\/uploads\/2021\/09\/1940x6000_paddle_03-2x6.png 2w, https:\/\/www.xpaddleboards.com\/wp-content\/uploads\/2021\/09\/1940x6000_paddle_03.png 1940w\" \/>\t\t\t\t\t\t\t\t\t\t\t\t\t\t\t<\/div>\n\t\t\t\t<\/div>\n\t\t\t\t\t<\/div>\n\t\t<\/div>\n\t\t\t\t\t<\/div>\n\t\t<\/section>\n\t\t\t\t<section class=\"elementor-section elementor-top-section elementor-element elementor-element-cd57980 elementor-section-boxed elementor-section-height-default elementor-section-height-default\" data-id=\"cd57980\" data-element_type=\"section\">\n\t\t\t\t\t\t<div class=\"elementor-container elementor-column-gap-default\">\n\t\t\t\t\t<div class=\"elementor-column elementor-col-100 elementor-top-column elementor-element elementor-element-c61cfbe\" data-id=\"c61cfbe\" data-element_type=\"column\">\n\t\t\t<div class=\"elementor-widget-wrap elementor-element-populated\">\n\t\t\t\t\t\t<div class=\"elementor-element elementor-element-0cc8cc0 elementor-widget elementor-widget-text-editor\" data-id=\"0cc8cc0\" data-element_type=\"widget\" data-widget_type=\"text-editor.default\">\n\t\t\t\t<div class=\"elementor-widget-container\">\n\t\t\t\t\t\t\t\t\t<p><span style=\"color: #000000;\"><strong>Dimensions: 10&prime; x 32\u2033 x 6\u2033 ( 305 x 82 x 15cm)<\/strong><\/span><\/p>\n<h2><span style=\"color: #ec30b3;\"><strong>Ultra-accessible fun and quality<\/strong><\/span><\/h2>\n<p>The X2 is part of our new 2022 range with the aim of creating a range of competitive, high quality paddles at under 300 euros for beginners and intermediates wishing to progress quickly.<\/p>\n<p>The X2 is a colorful and visually appealing model for beginners and intermediates who want the ideal weapon to progress in an all-inclusive package without breaking the bank.<\/p>\n<h2><span style=\"color: #ec30b3;\"><strong>Ideal for beginners<\/strong><\/span><\/h2>\n<p>The X2 has been built with a generous volume that gives it excellent stability on all types of water - sea, lake or river.<\/p>\n<p>It is perfectly adapted to all beginners who want an easy and stable board to stand up quickly and give their first paddle strokes, whatever their size.<\/p>\n<p>If this is your first time on a paddle, the X2 will give you the confidence to quickly get your bearings.<\/p>\n<h2><span style=\"color: #ec30b3;\"><strong>Easy to progress<\/strong><\/span><\/h2>\n<p>The X2 has an excellent glide that will accompany people who want to go further and progress in stand up paddling. This board splits the water with no problem at all with the slightest paddle stroke and its great rigidity ensures that you will drag the minimum amount of water when you are on a ride or a tour. A great board for cruising along the coast, exploring creeks or touring the lake near your home.\n\nTranslated with www.DeepL.com\/Translator (free version)<\/p>\n<h2><strong><span style=\"color: #ec30b3;\">Building<\/span><\/strong><\/h2>\n<p>Despite the affordable price of the X2, the construction remains of very good quality with dropstitch and high quality single layer PVC which ensures excellent resistance to shocks, abrasion and will allow you to keep this paddle for many years.<\/p>\n<p>Les finitions sont soign\u00e9es avec des collages impeccables,&nbsp; des anneaux pour attacher un si\u00e8ge kayaks et du pad antid\u00e9rapant de qualit\u00e9.<\/p>\n<h2><strong><span style=\"color: #ec30b3;\">To conclude<\/span><\/strong><\/h2>\n<p>The X2 is a good paddleboard and very versatile board at a price that defies all competition. This board will please people who are looking for the best quality\/price ratio for their paddle and who wish to discover this sport and progress without breaking the bank.<\/p>\n<h5><span style=\"color: #ec30b3;\"><strong>Pros:<\/strong><\/span><\/h5>\n<ul>\n<li>Ideal for beginners thanks to its stability<\/li>\n<li>Well equipped<\/li>\n<li>Solid and quality construction<\/li>\n<li>Convertible into a kayak with its integrated rings<\/li>\n<li>Good Glide<\/li>\n<li>Light<\/li>\n<\/ul>\n<h5><span style=\"color: #ec30b3;\"><strong>Paddleboard supplied in a complete pack with<\/strong><\/span><\/h5>\n<ul>\n<li>Paddleboard<\/li>\n<li>Paddle<\/li>\n<li>Leash<\/li>\n<li>Pump<\/li>\n<li>Backpack<\/li>\n<li>Repair kit<\/li>\n<\/ul>\t\t\t\t\t\t\t\t<\/div>\n\t\t\t\t<\/div>\n\t\t\t\t\t<\/div>\n\t\t<\/div>\n\t\t\t\t\t<\/div>\n\t\t<\/section>\n\t\t\t\t<\/div>","protected":false},"excerpt":{"rendered":"<h4>Ready to paddling package including<\/h4>\n<ul>\n<li>Paddleboard<\/li>\n<li>Paddle<\/li>\n<li>Leash<\/li>\n<li>Pump<\/li>\n<li>Backpack<\/li>\n<li>Repair kit<\/li>\n<\/ul>","protected":false},"featured_media":4580,"template":"","meta":[],"etheme_brands":[],"product_brand":[],"product_cat":[74,41,30],"product_tag":[],"class_list":{"0":"post-3754","1":"product","2":"type-product","3":"status-publish","4":"has-post-thumbnail","6":"product_cat-les-paddles-gonflables","7":"product_cat-femmes","8":"product_cat-hommes","10":"first","11":"instock","12":"featured","13":"shipping-taxable","14":"purchasable","15":"product-type-simple"},"yoast_head":"<!-- This site is optimized with the Yoast SEO plugin v26.3 - https:\/\/yoast.com\/wordpress\/plugins\/seo\/ -->\n<title>X2 : un pack paddle performant pour 300\u20ac<\/title>\n<meta name=\"description\" content=\"Le X2 est propos\u00e9 en pack complet \u00e0 un super rapport qualit\u00e9 \/ prix. Performant et accessible, cette planche est une vrai machine \u00e0 sensation\" \/>\n<meta name=\"robots\" content=\"index, follow, max-snippet:-1, max-image-preview:large, max-video-preview:-1\" \/>\n<link rel=\"canonical\" href=\"https:\/\/www.xpaddleboards.com\/en\/planche\/x2\/\" \/>\n<meta property=\"og:locale\" content=\"en_GB\" \/>\n<meta property=\"og:type\" content=\"article\" \/>\n<meta property=\"og:title\" content=\"X2 : un pack paddle performant pour 300\u20ac\" \/>\n<meta property=\"og:description\" content=\"Le X2 est propos\u00e9 en pack complet \u00e0 un super rapport qualit\u00e9 \/ prix. Performant et accessible, cette planche est une vrai machine \u00e0 sensation\" \/>\n<meta property=\"og:url\" content=\"https:\/\/www.xpaddleboards.com\/en\/planche\/x2\/\" \/>\n<meta property=\"og:site_name\" content=\"X Paddleboards\" \/>\n<meta property=\"article:modified_time\" content=\"2026-03-26T09:16:49+00:00\" \/>\n<meta property=\"og:image\" content=\"https:\/\/www.xpaddleboards.com\/wp-content\/uploads\/2021\/09\/x2-paddleboard.jpeg\" \/>\n\t<meta property=\"og:image:width\" content=\"1575\" \/>\n\t<meta property=\"og:image:height\" content=\"1905\" \/>\n\t<meta property=\"og:image:type\" content=\"image\/jpeg\" \/>\n<meta name=\"twitter:card\" content=\"summary_large_image\" \/>\n<meta name=\"twitter:label1\" content=\"Estimated reading time\" \/>\n\t<meta name=\"twitter:data1\" content=\"3 minutes\" \/>\n<script type=\"application\/ld+json\" class=\"yoast-schema-graph\">{\"@context\":\"https:\/\/schema.org\",\"@graph\":[{\"@type\":\"WebPage\",\"@id\":\"https:\/\/www.xpaddleboards.com\/planche\/x2\/\",\"url\":\"https:\/\/www.xpaddleboards.com\/planche\/x2\/\",\"name\":\"X2 : un pack paddle performant pour 300\u20ac\",\"isPartOf\":{\"@id\":\"https:\/\/www.xpaddleboards.com\/#website\"},\"primaryImageOfPage\":{\"@id\":\"https:\/\/www.xpaddleboards.com\/planche\/x2\/#primaryimage\"},\"image\":{\"@id\":\"https:\/\/www.xpaddleboards.com\/planche\/x2\/#primaryimage\"},\"thumbnailUrl\":\"https:\/\/www.xpaddleboards.com\/wp-content\/uploads\/2021\/09\/x2-paddleboard.jpeg\",\"datePublished\":\"2021-09-06T13:23:17+00:00\",\"dateModified\":\"2026-03-26T09:16:49+00:00\",\"description\":\"Le X2 est propos\u00e9 en pack complet \u00e0 un super rapport qualit\u00e9 \/ prix. Performant et accessible, cette planche est une vrai machine \u00e0 sensation\",\"breadcrumb\":{\"@id\":\"https:\/\/www.xpaddleboards.com\/planche\/x2\/#breadcrumb\"},\"inLanguage\":\"en-GB\",\"potentialAction\":[{\"@type\":\"ReadAction\",\"target\":[\"https:\/\/www.xpaddleboards.com\/planche\/x2\/\"]}]},{\"@type\":\"ImageObject\",\"inLanguage\":\"en-GB\",\"@id\":\"https:\/\/www.xpaddleboards.com\/planche\/x2\/#primaryimage\",\"url\":\"https:\/\/www.xpaddleboards.com\/wp-content\/uploads\/2021\/09\/x2-paddleboard.jpeg\",\"contentUrl\":\"https:\/\/www.xpaddleboards.com\/wp-content\/uploads\/2021\/09\/x2-paddleboard.jpeg\",\"width\":1575,\"height\":1905},{\"@type\":\"BreadcrumbList\",\"@id\":\"https:\/\/www.xpaddleboards.com\/planche\/x2\/#breadcrumb\",\"itemListElement\":[{\"@type\":\"ListItem\",\"position\":1,\"name\":\"Accueil\",\"item\":\"https:\/\/www.xpaddleboards.com\/\"},{\"@type\":\"ListItem\",\"position\":2,\"name\":\"Nos planches\",\"item\":\"https:\/\/www.xpaddleboards.com\/planches\/\"},{\"@type\":\"ListItem\",\"position\":3,\"name\":\"X2\"}]},{\"@type\":\"WebSite\",\"@id\":\"https:\/\/www.xpaddleboards.com\/#website\",\"url\":\"https:\/\/www.xpaddleboards.com\/\",\"name\":\"X Paddleboards\",\"description\":\"La nouvelle g\u00e9n\u00e9ration de SUP gonflable\",\"potentialAction\":[{\"@type\":\"SearchAction\",\"target\":{\"@type\":\"EntryPoint\",\"urlTemplate\":\"https:\/\/www.xpaddleboards.com\/?s={search_term_string}\"},\"query-input\":{\"@type\":\"PropertyValueSpecification\",\"valueRequired\":true,\"valueName\":\"search_term_string\"}}],\"inLanguage\":\"en-GB\"}]}<\/script>\n<!-- \/ Yoast SEO plugin. -->","yoast_head_json":{"title":"X2 : un pack paddle performant pour 300\u20ac","description":"Le X2 est propos\u00e9 en pack complet \u00e0 un super rapport qualit\u00e9 \/ prix. Performant et accessible, cette planche est une vrai machine \u00e0 sensation","robots":{"index":"index","follow":"follow","max-snippet":"max-snippet:-1","max-image-preview":"max-image-preview:large","max-video-preview":"max-video-preview:-1"},"canonical":"https:\/\/www.xpaddleboards.com\/en\/planche\/x2\/","og_locale":"en_GB","og_type":"article","og_title":"X2 : un pack paddle performant pour 300\u20ac","og_description":"Le X2 est propos\u00e9 en pack complet \u00e0 un super rapport qualit\u00e9 \/ prix. Performant et accessible, cette planche est une vrai machine \u00e0 sensation","og_url":"https:\/\/www.xpaddleboards.com\/en\/planche\/x2\/","og_site_name":"X Paddleboards","article_modified_time":"2026-03-26T09:16:49+00:00","og_image":[{"width":1575,"height":1905,"url":"https:\/\/www.xpaddleboards.com\/wp-content\/uploads\/2021\/09\/x2-paddleboard.jpeg","type":"image\/jpeg"}],"twitter_card":"summary_large_image","twitter_misc":{"Estimated reading time":"3 minutes"},"schema":{"@context":"https:\/\/schema.org","@graph":[{"@type":"WebPage","@id":"https:\/\/www.xpaddleboards.com\/planche\/x2\/","url":"https:\/\/www.xpaddleboards.com\/planche\/x2\/","name":"X2 : un pack paddle performant pour 300\u20ac","isPartOf":{"@id":"https:\/\/www.xpaddleboards.com\/#website"},"primaryImageOfPage":{"@id":"https:\/\/www.xpaddleboards.com\/planche\/x2\/#primaryimage"},"image":{"@id":"https:\/\/www.xpaddleboards.com\/planche\/x2\/#primaryimage"},"thumbnailUrl":"https:\/\/www.xpaddleboards.com\/wp-content\/uploads\/2021\/09\/x2-paddleboard.jpeg","datePublished":"2021-09-06T13:23:17+00:00","dateModified":"2026-03-26T09:16:49+00:00","description":"Le X2 est propos\u00e9 en pack complet \u00e0 un super rapport qualit\u00e9 \/ prix. Performant et accessible, cette planche est une vrai machine \u00e0 sensation","breadcrumb":{"@id":"https:\/\/www.xpaddleboards.com\/planche\/x2\/#breadcrumb"},"inLanguage":"en-GB","potentialAction":[{"@type":"ReadAction","target":["https:\/\/www.xpaddleboards.com\/planche\/x2\/"]}]},{"@type":"ImageObject","inLanguage":"en-GB","@id":"https:\/\/www.xpaddleboards.com\/planche\/x2\/#primaryimage","url":"https:\/\/www.xpaddleboards.com\/wp-content\/uploads\/2021\/09\/x2-paddleboard.jpeg","contentUrl":"https:\/\/www.xpaddleboards.com\/wp-content\/uploads\/2021\/09\/x2-paddleboard.jpeg","width":1575,"height":1905},{"@type":"BreadcrumbList","@id":"https:\/\/www.xpaddleboards.com\/planche\/x2\/#breadcrumb","itemListElement":[{"@type":"ListItem","position":1,"name":"Accueil","item":"https:\/\/www.xpaddleboards.com\/"},{"@type":"ListItem","position":2,"name":"Nos planches","item":"https:\/\/www.xpaddleboards.com\/planches\/"},{"@type":"ListItem","position":3,"name":"X2"}]},{"@type":"WebSite","@id":"https:\/\/www.xpaddleboards.com\/#website","url":"https:\/\/www.xpaddleboards.com\/","name":"X Paddleboards","description":"La nouvelle g\u00e9n\u00e9ration de SUP gonflable","potentialAction":[{"@type":"SearchAction","target":{"@type":"EntryPoint","urlTemplate":"https:\/\/www.xpaddleboards.com\/?s={search_term_string}"},"query-input":{"@type":"PropertyValueSpecification","valueRequired":true,"valueName":"search_term_string"}}],"inLanguage":"en-GB"}]}},"_links":{"self":[{"href":"https:\/\/www.xpaddleboards.com\/en\/wp-json\/wp\/v2\/product\/3754","targetHints":{"allow":["GET"]}}],"collection":[{"href":"https:\/\/www.xpaddleboards.com\/en\/wp-json\/wp\/v2\/product"}],"about":[{"href":"https:\/\/www.xpaddleboards.com\/en\/wp-json\/wp\/v2\/types\/product"}],"version-history":[{"count":31,"href":"https:\/\/www.xpaddleboards.com\/en\/wp-json\/wp\/v2\/product\/3754\/revisions"}],"predecessor-version":[{"id":5902,"href":"https:\/\/www.xpaddleboards.com\/en\/wp-json\/wp\/v2\/product\/3754\/revisions\/5902"}],"wp:featuredmedia":[{"embeddable":true,"href":"https:\/\/www.xpaddleboards.com\/en\/wp-json\/wp\/v2\/media\/4580"}],"wp:attachment":[{"href":"https:\/\/www.xpaddleboards.com\/en\/wp-json\/wp\/v2\/media?parent=3754"}],"wp:term":[{"taxonomy":"brand","embeddable":true,"href":"https:\/\/www.xpaddleboards.com\/en\/wp-json\/wp\/v2\/etheme_brands?post=3754"},{"taxonomy":"product_brand","embeddable":true,"href":"https:\/\/www.xpaddleboards.com\/en\/wp-json\/wp\/v2\/product_brand?post=3754"},{"taxonomy":"product_cat","embeddable":true,"href":"https:\/\/www.xpaddleboards.com\/en\/wp-json\/wp\/v2\/product_cat?post=3754"},{"taxonomy":"product_tag","embeddable":true,"href":"https:\/\/www.xpaddleboards.com\/en\/wp-json\/wp\/v2\/product_tag?post=3754"}],"curies":[{"name":"wp","href":"https:\/\/api.w.org\/{rel}","templated":true}]}}