{"id":3750,"date":"2021-09-06T15:08:47","date_gmt":"2021-09-06T13:08:47","guid":{"rendered":"https:\/\/xpaddleboards.com\/?post_type=product&#038;p=3750"},"modified":"2026-03-26T10:30:24","modified_gmt":"2026-03-26T09:30:24","slug":"x1","status":"publish","type":"product","link":"https:\/\/www.xpaddleboards.com\/en\/planche\/x1\/","title":{"rendered":"X1"},"content":{"rendered":"<div data-elementor-type=\"product-post\" data-elementor-id=\"3750\" class=\"elementor elementor-3750\" data-elementor-post-type=\"product\">\n\t\t\t\t\t\t<section class=\"elementor-section elementor-top-section elementor-element elementor-element-8b2ce0b elementor-section-boxed elementor-section-height-default elementor-section-height-default\" data-id=\"8b2ce0b\" data-element_type=\"section\">\n\t\t\t\t\t\t<div class=\"elementor-container elementor-column-gap-default\">\n\t\t\t\t\t<div class=\"elementor-column elementor-col-100 elementor-top-column elementor-element elementor-element-a8932c1\" data-id=\"a8932c1\" data-element_type=\"column\">\n\t\t\t<div class=\"elementor-widget-wrap elementor-element-populated\">\n\t\t\t\t\t\t<div class=\"elementor-element elementor-element-9dd3057 elementor-widget elementor-widget-text-editor\" data-id=\"9dd3057\" data-element_type=\"widget\" data-widget_type=\"text-editor.default\">\n\t\t\t\t<div class=\"elementor-widget-container\">\n\t\t\t\t\t\t\t\t\t<p><img fetchpriority=\"high\" decoding=\"async\" class=\"alignnone wp-image-4134 size-full\" src=\"http:\/\/xpaddleboards.com\/wp-content\/uploads\/2022\/03\/test.png\" alt=\"\" width=\"1940\" height=\"6000\" srcset=\"https:\/\/www.xpaddleboards.com\/wp-content\/uploads\/2022\/03\/test.png 1940w, https:\/\/www.xpaddleboards.com\/wp-content\/uploads\/2022\/03\/test-500x1546.png 500w, https:\/\/www.xpaddleboards.com\/wp-content\/uploads\/2022\/03\/test-259x800.png 259w, https:\/\/www.xpaddleboards.com\/wp-content\/uploads\/2022\/03\/test-331x1024.png 331w, https:\/\/www.xpaddleboards.com\/wp-content\/uploads\/2022\/03\/test-768x2375.png 768w, https:\/\/www.xpaddleboards.com\/wp-content\/uploads\/2022\/03\/test-497x1536.png 497w, https:\/\/www.xpaddleboards.com\/wp-content\/uploads\/2022\/03\/test-662x2048.png 662w, https:\/\/www.xpaddleboards.com\/wp-content\/uploads\/2022\/03\/test-2x6.png 2w, https:\/\/www.xpaddleboards.com\/wp-content\/uploads\/2022\/03\/test-3x10.png 3w\" sizes=\"(max-width: 1940px) 100vw, 1940px\" \/><\/p><p>Taille: 10 x 32\u2033 x 6\u2033 ( 305 x 82 x 15cm)<\/p><h2>Paddling is 100% accessible from all points of view!<\/h2><p>The X1 is one of the three paddles in our range under the symbolic 300 euro mark, along with the X2 and the X3. The objective of this range was to create simple, aesthetic models, with features worthy of high-end paddles while remaining very difficult to beat in terms of price. The X1 is probably one of the best value for money on the market.<\/p><h2>Accessibility - Stability - Performance<\/h2><p>The X1 was created with the goal of providing maximum stability. It is very suitable for beginners or heavy builders thanks to its width and its important volume associated with a thickness of 15cm<\/p><p>This paddleboard is perfectly suited for your session on fresh or salt water: it will be suitable for sea outings as well as for lakes or rivers.<\/p><p>With excellent glide, the X1 will allow you to paddle for hours without burning out while reaching excellent speeds. Ideal for strolling, hiking.<\/p><h2>Building<\/h2><p>The X1 is constructed of lightweight, heavy-duty PVC and dropstitch for durability and superior impact and abrasion resistance.<br \/>Its premium dropstitch construction allows you to inflate it to 15 psi and makes it one of the stiffest paddleboard in its price range.<\/p><h2>To conclude<\/h2><p>The X1 is a great model that is perfect for beginner to intermediate riders, both men and women, who want the ideal paddle to progress with confidence.<\/p><p><strong>Pros:<\/strong><\/p><ul><li>Ideal for beginners thanks to its stability<\/li><li>Well equipped<\/li><li>Solid and quality construction<\/li><li>Convertible into a kayak with its integrated rings<\/li><li>Good Glide<\/li><li>Light<\/li><\/ul><p>Paddleboard supplied in a complete pack with<\/p><ul><li>Paddleboard<\/li><li>Paddle<\/li><li>Leash<\/li><li>Pump<\/li><li>Backpack<\/li><li>Repair kit<\/li><\/ul>\t\t\t\t\t\t\t\t<\/div>\n\t\t\t\t<\/div>\n\t\t\t\t\t<\/div>\n\t\t<\/div>\n\t\t\t\t\t<\/div>\n\t\t<\/section>\n\t\t\t\t<\/div>","protected":false},"excerpt":{"rendered":"<h4>Ready to paddling package including<\/h4>\n<ul>\n<li>Paddleboard<\/li>\n<li>Paddle<\/li>\n<li>Leash<\/li>\n<li>Pump<\/li>\n<li>Backpack<\/li>\n<li>Repair kit<\/li>\n<\/ul>","protected":false},"featured_media":4602,"template":"","meta":[],"etheme_brands":[],"product_brand":[],"product_cat":[74,41,30],"product_tag":[],"class_list":{"0":"post-3750","1":"product","2":"type-product","3":"status-publish","4":"has-post-thumbnail","6":"product_cat-les-paddles-gonflables","7":"product_cat-femmes","8":"product_cat-hommes","10":"first","11":"instock","12":"featured","13":"shipping-taxable","14":"purchasable","15":"product-type-simple"},"yoast_head":"<!-- This site is optimized with the Yoast SEO plugin v26.3 - https:\/\/yoast.com\/wordpress\/plugins\/seo\/ -->\n<title>X1 : Le pack paddle accessible par excellence<\/title>\n<meta name=\"description\" content=\"Rapport qualit\u00e9\/prix, performance, accessibilit\u00e9, les qualit\u00e9s du X1 sont nombreuses. Ajoutez \u00e0 cela un jolie design, vous obtenez le paddle de l&#039;\u00e9t\u00e9\" \/>\n<meta name=\"robots\" content=\"index, follow, max-snippet:-1, max-image-preview:large, max-video-preview:-1\" \/>\n<link rel=\"canonical\" href=\"https:\/\/www.xpaddleboards.com\/en\/planche\/x1\/\" \/>\n<meta property=\"og:locale\" content=\"en_GB\" \/>\n<meta property=\"og:type\" content=\"article\" \/>\n<meta property=\"og:title\" content=\"X1 : Le pack paddle accessible par excellence\" \/>\n<meta property=\"og:description\" content=\"Rapport qualit\u00e9\/prix, performance, accessibilit\u00e9, les qualit\u00e9s du X1 sont nombreuses. Ajoutez \u00e0 cela un jolie design, vous obtenez le paddle de l&#039;\u00e9t\u00e9\" \/>\n<meta property=\"og:url\" content=\"https:\/\/www.xpaddleboards.com\/en\/planche\/x1\/\" \/>\n<meta property=\"og:site_name\" content=\"X Paddleboards\" \/>\n<meta property=\"article:modified_time\" content=\"2026-03-26T09:30:24+00:00\" \/>\n<meta property=\"og:image\" content=\"https:\/\/www.xpaddleboards.com\/wp-content\/uploads\/2021\/09\/sup-board-x1-1.jpeg\" \/>\n\t<meta property=\"og:image:width\" content=\"1893\" \/>\n\t<meta property=\"og:image:height\" content=\"1914\" \/>\n\t<meta property=\"og:image:type\" content=\"image\/jpeg\" \/>\n<meta name=\"twitter:card\" content=\"summary_large_image\" \/>\n<meta name=\"twitter:label1\" content=\"Estimated reading time\" \/>\n\t<meta name=\"twitter:data1\" content=\"2 minutes\" \/>\n<script type=\"application\/ld+json\" class=\"yoast-schema-graph\">{\"@context\":\"https:\/\/schema.org\",\"@graph\":[{\"@type\":\"WebPage\",\"@id\":\"https:\/\/www.xpaddleboards.com\/planche\/x1\/\",\"url\":\"https:\/\/www.xpaddleboards.com\/planche\/x1\/\",\"name\":\"X1 : Le pack paddle accessible par excellence\",\"isPartOf\":{\"@id\":\"https:\/\/www.xpaddleboards.com\/#website\"},\"primaryImageOfPage\":{\"@id\":\"https:\/\/www.xpaddleboards.com\/planche\/x1\/#primaryimage\"},\"image\":{\"@id\":\"https:\/\/www.xpaddleboards.com\/planche\/x1\/#primaryimage\"},\"thumbnailUrl\":\"https:\/\/www.xpaddleboards.com\/wp-content\/uploads\/2021\/09\/sup-board-x1-1.jpeg\",\"datePublished\":\"2021-09-06T13:08:47+00:00\",\"dateModified\":\"2026-03-26T09:30:24+00:00\",\"description\":\"Rapport qualit\u00e9\/prix, performance, accessibilit\u00e9, les qualit\u00e9s du X1 sont nombreuses. Ajoutez \u00e0 cela un jolie design, vous obtenez le paddle de l'\u00e9t\u00e9\",\"breadcrumb\":{\"@id\":\"https:\/\/www.xpaddleboards.com\/planche\/x1\/#breadcrumb\"},\"inLanguage\":\"en-GB\",\"potentialAction\":[{\"@type\":\"ReadAction\",\"target\":[\"https:\/\/www.xpaddleboards.com\/planche\/x1\/\"]}]},{\"@type\":\"ImageObject\",\"inLanguage\":\"en-GB\",\"@id\":\"https:\/\/www.xpaddleboards.com\/planche\/x1\/#primaryimage\",\"url\":\"https:\/\/www.xpaddleboards.com\/wp-content\/uploads\/2021\/09\/sup-board-x1-1.jpeg\",\"contentUrl\":\"https:\/\/www.xpaddleboards.com\/wp-content\/uploads\/2021\/09\/sup-board-x1-1.jpeg\",\"width\":1893,\"height\":1914},{\"@type\":\"BreadcrumbList\",\"@id\":\"https:\/\/www.xpaddleboards.com\/planche\/x1\/#breadcrumb\",\"itemListElement\":[{\"@type\":\"ListItem\",\"position\":1,\"name\":\"Accueil\",\"item\":\"https:\/\/www.xpaddleboards.com\/\"},{\"@type\":\"ListItem\",\"position\":2,\"name\":\"Nos planches\",\"item\":\"https:\/\/www.xpaddleboards.com\/planches\/\"},{\"@type\":\"ListItem\",\"position\":3,\"name\":\"X1\"}]},{\"@type\":\"WebSite\",\"@id\":\"https:\/\/www.xpaddleboards.com\/#website\",\"url\":\"https:\/\/www.xpaddleboards.com\/\",\"name\":\"X Paddleboards\",\"description\":\"La nouvelle g\u00e9n\u00e9ration de SUP gonflable\",\"potentialAction\":[{\"@type\":\"SearchAction\",\"target\":{\"@type\":\"EntryPoint\",\"urlTemplate\":\"https:\/\/www.xpaddleboards.com\/?s={search_term_string}\"},\"query-input\":{\"@type\":\"PropertyValueSpecification\",\"valueRequired\":true,\"valueName\":\"search_term_string\"}}],\"inLanguage\":\"en-GB\"}]}<\/script>\n<!-- \/ Yoast SEO plugin. -->","yoast_head_json":{"title":"X1 : Le pack paddle accessible par excellence","description":"Rapport qualit\u00e9\/prix, performance, accessibilit\u00e9, les qualit\u00e9s du X1 sont nombreuses. Ajoutez \u00e0 cela un jolie design, vous obtenez le paddle de l'\u00e9t\u00e9","robots":{"index":"index","follow":"follow","max-snippet":"max-snippet:-1","max-image-preview":"max-image-preview:large","max-video-preview":"max-video-preview:-1"},"canonical":"https:\/\/www.xpaddleboards.com\/en\/planche\/x1\/","og_locale":"en_GB","og_type":"article","og_title":"X1 : Le pack paddle accessible par excellence","og_description":"Rapport qualit\u00e9\/prix, performance, accessibilit\u00e9, les qualit\u00e9s du X1 sont nombreuses. Ajoutez \u00e0 cela un jolie design, vous obtenez le paddle de l'\u00e9t\u00e9","og_url":"https:\/\/www.xpaddleboards.com\/en\/planche\/x1\/","og_site_name":"X Paddleboards","article_modified_time":"2026-03-26T09:30:24+00:00","og_image":[{"width":1893,"height":1914,"url":"https:\/\/www.xpaddleboards.com\/wp-content\/uploads\/2021\/09\/sup-board-x1-1.jpeg","type":"image\/jpeg"}],"twitter_card":"summary_large_image","twitter_misc":{"Estimated reading time":"2 minutes"},"schema":{"@context":"https:\/\/schema.org","@graph":[{"@type":"WebPage","@id":"https:\/\/www.xpaddleboards.com\/planche\/x1\/","url":"https:\/\/www.xpaddleboards.com\/planche\/x1\/","name":"X1 : Le pack paddle accessible par excellence","isPartOf":{"@id":"https:\/\/www.xpaddleboards.com\/#website"},"primaryImageOfPage":{"@id":"https:\/\/www.xpaddleboards.com\/planche\/x1\/#primaryimage"},"image":{"@id":"https:\/\/www.xpaddleboards.com\/planche\/x1\/#primaryimage"},"thumbnailUrl":"https:\/\/www.xpaddleboards.com\/wp-content\/uploads\/2021\/09\/sup-board-x1-1.jpeg","datePublished":"2021-09-06T13:08:47+00:00","dateModified":"2026-03-26T09:30:24+00:00","description":"Rapport qualit\u00e9\/prix, performance, accessibilit\u00e9, les qualit\u00e9s du X1 sont nombreuses. Ajoutez \u00e0 cela un jolie design, vous obtenez le paddle de l'\u00e9t\u00e9","breadcrumb":{"@id":"https:\/\/www.xpaddleboards.com\/planche\/x1\/#breadcrumb"},"inLanguage":"en-GB","potentialAction":[{"@type":"ReadAction","target":["https:\/\/www.xpaddleboards.com\/planche\/x1\/"]}]},{"@type":"ImageObject","inLanguage":"en-GB","@id":"https:\/\/www.xpaddleboards.com\/planche\/x1\/#primaryimage","url":"https:\/\/www.xpaddleboards.com\/wp-content\/uploads\/2021\/09\/sup-board-x1-1.jpeg","contentUrl":"https:\/\/www.xpaddleboards.com\/wp-content\/uploads\/2021\/09\/sup-board-x1-1.jpeg","width":1893,"height":1914},{"@type":"BreadcrumbList","@id":"https:\/\/www.xpaddleboards.com\/planche\/x1\/#breadcrumb","itemListElement":[{"@type":"ListItem","position":1,"name":"Accueil","item":"https:\/\/www.xpaddleboards.com\/"},{"@type":"ListItem","position":2,"name":"Nos planches","item":"https:\/\/www.xpaddleboards.com\/planches\/"},{"@type":"ListItem","position":3,"name":"X1"}]},{"@type":"WebSite","@id":"https:\/\/www.xpaddleboards.com\/#website","url":"https:\/\/www.xpaddleboards.com\/","name":"X Paddleboards","description":"La nouvelle g\u00e9n\u00e9ration de SUP gonflable","potentialAction":[{"@type":"SearchAction","target":{"@type":"EntryPoint","urlTemplate":"https:\/\/www.xpaddleboards.com\/?s={search_term_string}"},"query-input":{"@type":"PropertyValueSpecification","valueRequired":true,"valueName":"search_term_string"}}],"inLanguage":"en-GB"}]}},"_links":{"self":[{"href":"https:\/\/www.xpaddleboards.com\/en\/wp-json\/wp\/v2\/product\/3750","targetHints":{"allow":["GET"]}}],"collection":[{"href":"https:\/\/www.xpaddleboards.com\/en\/wp-json\/wp\/v2\/product"}],"about":[{"href":"https:\/\/www.xpaddleboards.com\/en\/wp-json\/wp\/v2\/types\/product"}],"version-history":[{"count":16,"href":"https:\/\/www.xpaddleboards.com\/en\/wp-json\/wp\/v2\/product\/3750\/revisions"}],"predecessor-version":[{"id":5986,"href":"https:\/\/www.xpaddleboards.com\/en\/wp-json\/wp\/v2\/product\/3750\/revisions\/5986"}],"wp:featuredmedia":[{"embeddable":true,"href":"https:\/\/www.xpaddleboards.com\/en\/wp-json\/wp\/v2\/media\/4602"}],"wp:attachment":[{"href":"https:\/\/www.xpaddleboards.com\/en\/wp-json\/wp\/v2\/media?parent=3750"}],"wp:term":[{"taxonomy":"brand","embeddable":true,"href":"https:\/\/www.xpaddleboards.com\/en\/wp-json\/wp\/v2\/etheme_brands?post=3750"},{"taxonomy":"product_brand","embeddable":true,"href":"https:\/\/www.xpaddleboards.com\/en\/wp-json\/wp\/v2\/product_brand?post=3750"},{"taxonomy":"product_cat","embeddable":true,"href":"https:\/\/www.xpaddleboards.com\/en\/wp-json\/wp\/v2\/product_cat?post=3750"},{"taxonomy":"product_tag","embeddable":true,"href":"https:\/\/www.xpaddleboards.com\/en\/wp-json\/wp\/v2\/product_tag?post=3750"}],"curies":[{"name":"wp","href":"https:\/\/api.w.org\/{rel}","templated":true}]}}