{"id":3362,"date":"2021-05-17T16:32:16","date_gmt":"2021-05-17T14:32:16","guid":{"rendered":"https:\/\/xpaddleboards.com\/?post_type=product&#038;p=3362"},"modified":"2025-10-02T12:26:18","modified_gmt":"2025-10-02T10:26:18","slug":"x-fun-kayak","status":"publish","type":"product","link":"https:\/\/www.xpaddleboards.com\/en\/planche\/x-fun-kayak\/","title":{"rendered":"X-Fun kayak"},"content":{"rendered":"<div data-elementor-type=\"wp-post\" data-elementor-id=\"3362\" class=\"elementor elementor-3362\" data-elementor-post-type=\"product\">\n\t\t\t\t\t\t<section class=\"elementor-section elementor-top-section elementor-element elementor-element-27163f98 elementor-section-boxed elementor-section-height-default elementor-section-height-default\" data-id=\"27163f98\" data-element_type=\"section\">\n\t\t\t\t\t\t<div class=\"elementor-container elementor-column-gap-no\">\n\t\t\t\t\t<div class=\"elementor-column elementor-col-100 elementor-top-column elementor-element elementor-element-6c1d35ed\" data-id=\"6c1d35ed\" data-element_type=\"column\">\n\t\t\t<div class=\"elementor-widget-wrap elementor-element-populated\">\n\t\t\t\t\t\t<div class=\"elementor-element elementor-element-348666f0 elementor-widget elementor-widget-text-editor\" data-id=\"348666f0\" data-element_type=\"widget\" data-widget_type=\"text-editor.default\">\n\t\t\t\t<div class=\"elementor-widget-container\">\n\t\t\t\t\t\t\t\t\t<div><img fetchpriority=\"high\" decoding=\"async\" class=\"alignnone wp-image-4085 size-full\" src=\"http:\/\/xpaddleboards.com\/wp-content\/uploads\/2022\/03\/1940x6000_paddle_06-1.png\" alt=\"\" width=\"1940\" height=\"6000\" srcset=\"https:\/\/www.xpaddleboards.com\/wp-content\/uploads\/2022\/03\/1940x6000_paddle_06-1.png 1940w, https:\/\/www.xpaddleboards.com\/wp-content\/uploads\/2022\/03\/1940x6000_paddle_06-1-500x1546.png 500w\" sizes=\"(max-width: 1940px) 100vw, 1940px\" \/><\/div><div class=\"tab-panels\"><div id=\"tab-description\" class=\"woocommerce-Tabs-panel woocommerce-Tabs-panel--description panel entry-content active\" role=\"tabpanel\" aria-labelledby=\"tab-title-description\"><p>Fresh and colorful model of the X-paddleboards range, the X- Fun will suit men or women who are looking for an efficient paddle, easy to handle, stable and fast on the water.<\/p><p>At 10'6 x 32 x 6\u2033, it's a versatile and accessible paddleboard.<\/p><h3><span style=\"color: #cc99ff;\"><strong>Building<\/strong><\/span><\/h3><p>Like all X-paddleboards, X-Fun was created with the best materials available on the market. A high-end dropstitch ensures exceptional rigidity, while its single-layer PVC coating guarantees its durability.<\/p><h3><span style=\"color: #cc99ff;\"><strong>Easy and stable<\/strong><\/span><\/h3><p>Very stable, this paddleboard will suit all beginners up to 130kg who can easily stand on the X-fun without being destabilized. It is ideal for men and women who are looking to start paddling on a super reassuring but also efficient paddle that will allow them to progress for many years. The X-Fun is indeed perfect<\/p><h3><span style=\"color: #cc99ff;\"><strong>Glide<\/strong><\/span><\/h3><p>One of the strengths of the X-fun is its exceptional glide, which is due to its hydrodynamic shape and surprising rigidity.<\/p><p><span style=\"color: #cc99ff;\"><strong>To conclude<\/strong><\/span>, un superbe paddle pour les hommes ou les femmes qui cherchent un mod\u00e8le performant, facile \u00e0 utiliser et avec une tr\u00e8s bonne glisse pour la balade, la randonn\u00e9e ou simplement d\u00e9buter et progresser rapidement!<\/p><p><strong>Convertible into a Kayak<\/strong><\/p><\/div><p>Easily transform your paddle into a kayak with its hooks to attach the kayak seat provided and paddle while seated!\u00a0<\/p><div id=\"tab-description\" class=\"woocommerce-Tabs-panel woocommerce-Tabs-panel--description panel entry-content active\" role=\"tabpanel\" aria-labelledby=\"tab-title-description\">\u00a0<\/div><\/div>\t\t\t\t\t\t\t\t<\/div>\n\t\t\t\t<\/div>\n\t\t\t\t\t<\/div>\n\t\t<\/div>\n\t\t\t\t\t<\/div>\n\t\t<\/section>\n\t\t\t\t<\/div>","protected":false},"excerpt":{"rendered":"<ul>\n<li>Paddleboard<\/li>\n<li>Kayak seat<\/li>\n<li>Paddle<\/li>\n<li>Leash<\/li>\n<li>Pump<\/li>\n<li>Backpack<\/li>\n<li>Repair kit<\/li>\n<\/ul>","protected":false},"featured_media":4646,"template":"","meta":[],"etheme_brands":[],"product_brand":[],"product_cat":[79],"product_tag":[],"class_list":{"0":"post-3362","1":"product","2":"type-product","3":"status-publish","4":"has-post-thumbnail","6":"product_cat-sup-kayak","8":"first","9":"instock","10":"shipping-taxable","11":"purchasable","12":"product-type-simple"},"yoast_head":"<!-- This site is optimized with the Yoast SEO plugin v26.3 - https:\/\/yoast.com\/wordpress\/plugins\/seo\/ -->\n<title>X-Fun kayak : 100% fun<\/title>\n<meta name=\"description\" content=\"Le X-Fun en pack kayak est facile, tr\u00e8s stable et bien construit. Vous prendrez imm\u00e9diatement du plaisir \u00e0 son bord, nous en sommes s\u00fbrs.\" \/>\n<meta name=\"robots\" content=\"index, follow, max-snippet:-1, max-image-preview:large, max-video-preview:-1\" \/>\n<link rel=\"canonical\" href=\"https:\/\/www.xpaddleboards.com\/en\/planche\/x-fun-kayak\/\" \/>\n<meta property=\"og:locale\" content=\"en_GB\" \/>\n<meta property=\"og:type\" content=\"article\" \/>\n<meta property=\"og:title\" content=\"X-Fun kayak : 100% fun\" \/>\n<meta property=\"og:description\" content=\"Le X-Fun en pack kayak est facile, tr\u00e8s stable et bien construit. Vous prendrez imm\u00e9diatement du plaisir \u00e0 son bord, nous en sommes s\u00fbrs.\" \/>\n<meta property=\"og:url\" content=\"https:\/\/www.xpaddleboards.com\/en\/planche\/x-fun-kayak\/\" \/>\n<meta property=\"og:site_name\" content=\"X Paddleboards\" \/>\n<meta property=\"article:modified_time\" content=\"2025-10-02T10:26:18+00:00\" \/>\n<meta property=\"og:image\" content=\"https:\/\/www.xpaddleboards.com\/wp-content\/uploads\/2021\/05\/xfun-kayak.png\" \/>\n\t<meta property=\"og:image:width\" content=\"1440\" \/>\n\t<meta property=\"og:image:height\" content=\"1340\" \/>\n\t<meta property=\"og:image:type\" content=\"image\/png\" \/>\n<meta name=\"twitter:card\" content=\"summary_large_image\" \/>\n<meta name=\"twitter:label1\" content=\"Estimated reading time\" \/>\n\t<meta name=\"twitter:data1\" content=\"2 minutes\" \/>\n<script type=\"application\/ld+json\" class=\"yoast-schema-graph\">{\"@context\":\"https:\/\/schema.org\",\"@graph\":[{\"@type\":\"WebPage\",\"@id\":\"https:\/\/www.xpaddleboards.com\/planche\/x-fun-kayak\/\",\"url\":\"https:\/\/www.xpaddleboards.com\/planche\/x-fun-kayak\/\",\"name\":\"X-Fun kayak : 100% fun\",\"isPartOf\":{\"@id\":\"https:\/\/www.xpaddleboards.com\/#website\"},\"primaryImageOfPage\":{\"@id\":\"https:\/\/www.xpaddleboards.com\/planche\/x-fun-kayak\/#primaryimage\"},\"image\":{\"@id\":\"https:\/\/www.xpaddleboards.com\/planche\/x-fun-kayak\/#primaryimage\"},\"thumbnailUrl\":\"https:\/\/www.xpaddleboards.com\/wp-content\/uploads\/2021\/05\/xfun-kayak.png\",\"datePublished\":\"2021-05-17T14:32:16+00:00\",\"dateModified\":\"2025-10-02T10:26:18+00:00\",\"description\":\"Le X-Fun en pack kayak est facile, tr\u00e8s stable et bien construit. Vous prendrez imm\u00e9diatement du plaisir \u00e0 son bord, nous en sommes s\u00fbrs.\",\"breadcrumb\":{\"@id\":\"https:\/\/www.xpaddleboards.com\/planche\/x-fun-kayak\/#breadcrumb\"},\"inLanguage\":\"en-GB\",\"potentialAction\":[{\"@type\":\"ReadAction\",\"target\":[\"https:\/\/www.xpaddleboards.com\/planche\/x-fun-kayak\/\"]}]},{\"@type\":\"ImageObject\",\"inLanguage\":\"en-GB\",\"@id\":\"https:\/\/www.xpaddleboards.com\/planche\/x-fun-kayak\/#primaryimage\",\"url\":\"https:\/\/www.xpaddleboards.com\/wp-content\/uploads\/2021\/05\/xfun-kayak.png\",\"contentUrl\":\"https:\/\/www.xpaddleboards.com\/wp-content\/uploads\/2021\/05\/xfun-kayak.png\",\"width\":1440,\"height\":1340},{\"@type\":\"BreadcrumbList\",\"@id\":\"https:\/\/www.xpaddleboards.com\/planche\/x-fun-kayak\/#breadcrumb\",\"itemListElement\":[{\"@type\":\"ListItem\",\"position\":1,\"name\":\"Accueil\",\"item\":\"https:\/\/www.xpaddleboards.com\/\"},{\"@type\":\"ListItem\",\"position\":2,\"name\":\"Nos planches\",\"item\":\"https:\/\/www.xpaddleboards.com\/planches\/\"},{\"@type\":\"ListItem\",\"position\":3,\"name\":\"X-Fun kayak\"}]},{\"@type\":\"WebSite\",\"@id\":\"https:\/\/www.xpaddleboards.com\/#website\",\"url\":\"https:\/\/www.xpaddleboards.com\/\",\"name\":\"X Paddleboards\",\"description\":\"La nouvelle g\u00e9n\u00e9ration de SUP gonflable\",\"potentialAction\":[{\"@type\":\"SearchAction\",\"target\":{\"@type\":\"EntryPoint\",\"urlTemplate\":\"https:\/\/www.xpaddleboards.com\/?s={search_term_string}\"},\"query-input\":{\"@type\":\"PropertyValueSpecification\",\"valueRequired\":true,\"valueName\":\"search_term_string\"}}],\"inLanguage\":\"en-GB\"}]}<\/script>\n<!-- \/ Yoast SEO plugin. -->","yoast_head_json":{"title":"X-Fun kayak : 100% fun","description":"Le X-Fun en pack kayak est facile, tr\u00e8s stable et bien construit. Vous prendrez imm\u00e9diatement du plaisir \u00e0 son bord, nous en sommes s\u00fbrs.","robots":{"index":"index","follow":"follow","max-snippet":"max-snippet:-1","max-image-preview":"max-image-preview:large","max-video-preview":"max-video-preview:-1"},"canonical":"https:\/\/www.xpaddleboards.com\/en\/planche\/x-fun-kayak\/","og_locale":"en_GB","og_type":"article","og_title":"X-Fun kayak : 100% fun","og_description":"Le X-Fun en pack kayak est facile, tr\u00e8s stable et bien construit. Vous prendrez imm\u00e9diatement du plaisir \u00e0 son bord, nous en sommes s\u00fbrs.","og_url":"https:\/\/www.xpaddleboards.com\/en\/planche\/x-fun-kayak\/","og_site_name":"X Paddleboards","article_modified_time":"2025-10-02T10:26:18+00:00","og_image":[{"width":1440,"height":1340,"url":"https:\/\/www.xpaddleboards.com\/wp-content\/uploads\/2021\/05\/xfun-kayak.png","type":"image\/png"}],"twitter_card":"summary_large_image","twitter_misc":{"Estimated reading time":"2 minutes"},"schema":{"@context":"https:\/\/schema.org","@graph":[{"@type":"WebPage","@id":"https:\/\/www.xpaddleboards.com\/planche\/x-fun-kayak\/","url":"https:\/\/www.xpaddleboards.com\/planche\/x-fun-kayak\/","name":"X-Fun kayak : 100% fun","isPartOf":{"@id":"https:\/\/www.xpaddleboards.com\/#website"},"primaryImageOfPage":{"@id":"https:\/\/www.xpaddleboards.com\/planche\/x-fun-kayak\/#primaryimage"},"image":{"@id":"https:\/\/www.xpaddleboards.com\/planche\/x-fun-kayak\/#primaryimage"},"thumbnailUrl":"https:\/\/www.xpaddleboards.com\/wp-content\/uploads\/2021\/05\/xfun-kayak.png","datePublished":"2021-05-17T14:32:16+00:00","dateModified":"2025-10-02T10:26:18+00:00","description":"Le X-Fun en pack kayak est facile, tr\u00e8s stable et bien construit. Vous prendrez imm\u00e9diatement du plaisir \u00e0 son bord, nous en sommes s\u00fbrs.","breadcrumb":{"@id":"https:\/\/www.xpaddleboards.com\/planche\/x-fun-kayak\/#breadcrumb"},"inLanguage":"en-GB","potentialAction":[{"@type":"ReadAction","target":["https:\/\/www.xpaddleboards.com\/planche\/x-fun-kayak\/"]}]},{"@type":"ImageObject","inLanguage":"en-GB","@id":"https:\/\/www.xpaddleboards.com\/planche\/x-fun-kayak\/#primaryimage","url":"https:\/\/www.xpaddleboards.com\/wp-content\/uploads\/2021\/05\/xfun-kayak.png","contentUrl":"https:\/\/www.xpaddleboards.com\/wp-content\/uploads\/2021\/05\/xfun-kayak.png","width":1440,"height":1340},{"@type":"BreadcrumbList","@id":"https:\/\/www.xpaddleboards.com\/planche\/x-fun-kayak\/#breadcrumb","itemListElement":[{"@type":"ListItem","position":1,"name":"Accueil","item":"https:\/\/www.xpaddleboards.com\/"},{"@type":"ListItem","position":2,"name":"Nos planches","item":"https:\/\/www.xpaddleboards.com\/planches\/"},{"@type":"ListItem","position":3,"name":"X-Fun kayak"}]},{"@type":"WebSite","@id":"https:\/\/www.xpaddleboards.com\/#website","url":"https:\/\/www.xpaddleboards.com\/","name":"X Paddleboards","description":"La nouvelle g\u00e9n\u00e9ration de SUP gonflable","potentialAction":[{"@type":"SearchAction","target":{"@type":"EntryPoint","urlTemplate":"https:\/\/www.xpaddleboards.com\/?s={search_term_string}"},"query-input":{"@type":"PropertyValueSpecification","valueRequired":true,"valueName":"search_term_string"}}],"inLanguage":"en-GB"}]}},"_links":{"self":[{"href":"https:\/\/www.xpaddleboards.com\/en\/wp-json\/wp\/v2\/product\/3362","targetHints":{"allow":["GET"]}}],"collection":[{"href":"https:\/\/www.xpaddleboards.com\/en\/wp-json\/wp\/v2\/product"}],"about":[{"href":"https:\/\/www.xpaddleboards.com\/en\/wp-json\/wp\/v2\/types\/product"}],"version-history":[{"count":12,"href":"https:\/\/www.xpaddleboards.com\/en\/wp-json\/wp\/v2\/product\/3362\/revisions"}],"predecessor-version":[{"id":5903,"href":"https:\/\/www.xpaddleboards.com\/en\/wp-json\/wp\/v2\/product\/3362\/revisions\/5903"}],"wp:featuredmedia":[{"embeddable":true,"href":"https:\/\/www.xpaddleboards.com\/en\/wp-json\/wp\/v2\/media\/4646"}],"wp:attachment":[{"href":"https:\/\/www.xpaddleboards.com\/en\/wp-json\/wp\/v2\/media?parent=3362"}],"wp:term":[{"taxonomy":"brand","embeddable":true,"href":"https:\/\/www.xpaddleboards.com\/en\/wp-json\/wp\/v2\/etheme_brands?post=3362"},{"taxonomy":"product_brand","embeddable":true,"href":"https:\/\/www.xpaddleboards.com\/en\/wp-json\/wp\/v2\/product_brand?post=3362"},{"taxonomy":"product_cat","embeddable":true,"href":"https:\/\/www.xpaddleboards.com\/en\/wp-json\/wp\/v2\/product_cat?post=3362"},{"taxonomy":"product_tag","embeddable":true,"href":"https:\/\/www.xpaddleboards.com\/en\/wp-json\/wp\/v2\/product_tag?post=3362"}],"curies":[{"name":"wp","href":"https:\/\/api.w.org\/{rel}","templated":true}]}}