{"id":3340,"date":"2021-05-17T13:56:11","date_gmt":"2021-05-17T11:56:11","guid":{"rendered":"https:\/\/xpaddleboards.com\/?post_type=product&#038;p=3340"},"modified":"2025-10-02T14:10:13","modified_gmt":"2025-10-02T12:10:13","slug":"x-shark-kayak","status":"publish","type":"product","link":"https:\/\/www.xpaddleboards.com\/en\/planche\/x-shark-kayak\/","title":{"rendered":"X-shark- kayak"},"content":{"rendered":"<div data-elementor-type=\"wp-post\" data-elementor-id=\"3340\" class=\"elementor elementor-3340\" data-elementor-post-type=\"product\">\n\t\t\t\t\t\t<section class=\"elementor-section elementor-top-section elementor-element elementor-element-1339a588 elementor-section-boxed elementor-section-height-default elementor-section-height-default\" data-id=\"1339a588\" data-element_type=\"section\">\n\t\t\t\t\t\t<div class=\"elementor-container elementor-column-gap-no\">\n\t\t\t\t\t<div class=\"elementor-column elementor-col-100 elementor-top-column elementor-element elementor-element-40b4aaf7\" data-id=\"40b4aaf7\" data-element_type=\"column\">\n\t\t\t<div class=\"elementor-widget-wrap elementor-element-populated\">\n\t\t\t\t\t\t<div class=\"elementor-element elementor-element-4d079820 elementor-widget elementor-widget-text-editor\" data-id=\"4d079820\" data-element_type=\"widget\" data-widget_type=\"text-editor.default\">\n\t\t\t\t<div class=\"elementor-widget-container\">\n\t\t\t\t\t\t\t\t\t<div class=\"tab-panels\"><div id=\"tab-description\" class=\"woocommerce-Tabs-panel woocommerce-Tabs-panel--description panel entry-content active\" role=\"tabpanel\" aria-labelledby=\"tab-title-description\"><h2><img fetchpriority=\"high\" decoding=\"async\" class=\"alignnone wp-image-4060 size-full\" src=\"http:\/\/xpaddleboards.com\/wp-content\/uploads\/2022\/03\/1940x6000_paddle_05.png\" alt=\"\" width=\"1940\" height=\"6000\" srcset=\"https:\/\/www.xpaddleboards.com\/wp-content\/uploads\/2022\/03\/1940x6000_paddle_05.png 1940w, https:\/\/www.xpaddleboards.com\/wp-content\/uploads\/2022\/03\/1940x6000_paddle_05-500x1546.png 500w\" sizes=\"(max-width: 1940px) 100vw, 1940px\" \/><\/h2><p>The X-shark is the flagship model of the X-paddleboards brand: a look which does not leave indifferent, performances and a high level construction made the recipe of success of this board.<\/p><h3><span style=\"color: #ff0000;\"><strong>Accesibility<\/strong><\/span><\/h3><p>The X-Shark is a very stable paddleboard perfectly adapted to beginners who wish to get their first taste of paddling as well as to experienced paddlers who want a paddle that goes everywhere and is efficient on all types of water.<\/p><p>They are suitable for all sizes up to 140kg and ensure that you can start paddling without any problem, regardless of your age, your physical condition or your level<\/p><h3><span style=\"color: #ff0000;\"><strong>Building<\/strong><\/span><\/h3><p>The X-Shark is built with the highest standards in the industry and offers exemplary high-end drop-stitch construction.<\/p><p>This construction gives it a high level of resistance to impact, sunlight and ensures that you can use it for many years.<\/p><p>Its high definition digital printing assures you an exceptional rendering on the water and on land.<\/p><h3><span style=\"color: #ff0000;\"><strong>Glide<\/strong><\/span><\/h3><p>The X-Shark was developed to provide maximum feel and excellent glide so you can paddle for hours and cover long distances without straining.<\/p><h3><span style=\"color: #ff0000;\"><strong>Equipment<\/strong><\/span><\/h3><p>The X-shark is sold with a complete set of equipment that fits in a backpack and is ready to sail<\/p><p>Include<\/p><ul><li>Paddleboard<\/li><li>Kayak seat<\/li><li>Paddle<\/li><li>Pump<\/li><li>Backpack<\/li><li>Leash<\/li><li>Repair Kit<\/li><\/ul><\/div><\/div>\t\t\t\t\t\t\t\t<\/div>\n\t\t\t\t<\/div>\n\t\t\t\t\t<\/div>\n\t\t<\/div>\n\t\t\t\t\t<\/div>\n\t\t<\/section>\n\t\t\t\t<\/div>","protected":false},"excerpt":{"rendered":"<p>Ready to paddling package including<\/p>\n<ul>\n<li>Paddleboard<\/li>\n<li>Kayak seat<\/li>\n<li>Paddle<\/li>\n<li>Leash<\/li>\n<li>Pump<\/li>\n<li>Backpack<\/li>\n<li>Repair kit<\/li>\n<\/ul>","protected":false},"featured_media":5042,"template":"","meta":[],"etheme_brands":[],"product_brand":[],"product_cat":[79],"product_tag":[],"class_list":{"0":"post-3340","1":"product","2":"type-product","3":"status-publish","4":"has-post-thumbnail","6":"product_cat-sup-kayak","8":"first","9":"instock","10":"shipping-taxable","11":"purchasable","12":"product-type-simple"},"yoast_head":"<!-- This site is optimized with the Yoast SEO plugin v26.3 - https:\/\/yoast.com\/wordpress\/plugins\/seo\/ -->\n<title>X-shark- kayak : Le pack paddle kayak accessible pour cet \u00e9t\u00e9<\/title>\n<meta name=\"description\" content=\"Le X-Shark est le paddle gonflable de l&#039;\u00e9t\u00e9 2022. Livr\u00e9 complet avec si\u00e8ge kayak, ce SUP est un incontournable\" \/>\n<meta name=\"robots\" content=\"index, follow, max-snippet:-1, max-image-preview:large, max-video-preview:-1\" \/>\n<link rel=\"canonical\" href=\"https:\/\/www.xpaddleboards.com\/en\/planche\/x-shark-kayak\/\" \/>\n<meta property=\"og:locale\" content=\"en_GB\" \/>\n<meta property=\"og:type\" content=\"article\" \/>\n<meta property=\"og:title\" content=\"X-shark- kayak : Le pack paddle kayak accessible pour cet \u00e9t\u00e9\" \/>\n<meta property=\"og:description\" content=\"Le X-Shark est le paddle gonflable de l&#039;\u00e9t\u00e9 2022. Livr\u00e9 complet avec si\u00e8ge kayak, ce SUP est un incontournable\" \/>\n<meta property=\"og:url\" content=\"https:\/\/www.xpaddleboards.com\/en\/planche\/x-shark-kayak\/\" \/>\n<meta property=\"og:site_name\" content=\"X Paddleboards\" \/>\n<meta property=\"article:modified_time\" content=\"2025-10-02T12:10:13+00:00\" \/>\n<meta property=\"og:image\" content=\"https:\/\/www.xpaddleboards.com\/wp-content\/uploads\/2021\/05\/shark-kayak.jpg\" \/>\n\t<meta property=\"og:image:width\" content=\"858\" \/>\n\t<meta property=\"og:image:height\" content=\"894\" \/>\n\t<meta property=\"og:image:type\" content=\"image\/jpeg\" \/>\n<meta name=\"twitter:card\" content=\"summary_large_image\" \/>\n<meta name=\"twitter:label1\" content=\"Estimated reading time\" \/>\n\t<meta name=\"twitter:data1\" content=\"2 minutes\" \/>\n<script type=\"application\/ld+json\" class=\"yoast-schema-graph\">{\"@context\":\"https:\/\/schema.org\",\"@graph\":[{\"@type\":\"WebPage\",\"@id\":\"https:\/\/www.xpaddleboards.com\/planche\/x-shark-kayak\/\",\"url\":\"https:\/\/www.xpaddleboards.com\/planche\/x-shark-kayak\/\",\"name\":\"X-shark- kayak : Le pack paddle kayak accessible pour cet \u00e9t\u00e9\",\"isPartOf\":{\"@id\":\"https:\/\/www.xpaddleboards.com\/#website\"},\"primaryImageOfPage\":{\"@id\":\"https:\/\/www.xpaddleboards.com\/planche\/x-shark-kayak\/#primaryimage\"},\"image\":{\"@id\":\"https:\/\/www.xpaddleboards.com\/planche\/x-shark-kayak\/#primaryimage\"},\"thumbnailUrl\":\"https:\/\/www.xpaddleboards.com\/wp-content\/uploads\/2021\/05\/shark-kayak.jpg\",\"datePublished\":\"2021-05-17T11:56:11+00:00\",\"dateModified\":\"2025-10-02T12:10:13+00:00\",\"description\":\"Le X-Shark est le paddle gonflable de l'\u00e9t\u00e9 2022. Livr\u00e9 complet avec si\u00e8ge kayak, ce SUP est un incontournable\",\"breadcrumb\":{\"@id\":\"https:\/\/www.xpaddleboards.com\/planche\/x-shark-kayak\/#breadcrumb\"},\"inLanguage\":\"en-GB\",\"potentialAction\":[{\"@type\":\"ReadAction\",\"target\":[\"https:\/\/www.xpaddleboards.com\/planche\/x-shark-kayak\/\"]}]},{\"@type\":\"ImageObject\",\"inLanguage\":\"en-GB\",\"@id\":\"https:\/\/www.xpaddleboards.com\/planche\/x-shark-kayak\/#primaryimage\",\"url\":\"https:\/\/www.xpaddleboards.com\/wp-content\/uploads\/2021\/05\/shark-kayak.jpg\",\"contentUrl\":\"https:\/\/www.xpaddleboards.com\/wp-content\/uploads\/2021\/05\/shark-kayak.jpg\",\"width\":858,\"height\":894},{\"@type\":\"BreadcrumbList\",\"@id\":\"https:\/\/www.xpaddleboards.com\/planche\/x-shark-kayak\/#breadcrumb\",\"itemListElement\":[{\"@type\":\"ListItem\",\"position\":1,\"name\":\"Accueil\",\"item\":\"https:\/\/www.xpaddleboards.com\/\"},{\"@type\":\"ListItem\",\"position\":2,\"name\":\"Nos planches\",\"item\":\"https:\/\/www.xpaddleboards.com\/planches\/\"},{\"@type\":\"ListItem\",\"position\":3,\"name\":\"X-shark- kayak\"}]},{\"@type\":\"WebSite\",\"@id\":\"https:\/\/www.xpaddleboards.com\/#website\",\"url\":\"https:\/\/www.xpaddleboards.com\/\",\"name\":\"X Paddleboards\",\"description\":\"La nouvelle g\u00e9n\u00e9ration de SUP gonflable\",\"potentialAction\":[{\"@type\":\"SearchAction\",\"target\":{\"@type\":\"EntryPoint\",\"urlTemplate\":\"https:\/\/www.xpaddleboards.com\/?s={search_term_string}\"},\"query-input\":{\"@type\":\"PropertyValueSpecification\",\"valueRequired\":true,\"valueName\":\"search_term_string\"}}],\"inLanguage\":\"en-GB\"}]}<\/script>\n<!-- \/ Yoast SEO plugin. -->","yoast_head_json":{"title":"X-shark- kayak : Le pack paddle kayak accessible pour cet \u00e9t\u00e9","description":"Le X-Shark est le paddle gonflable de l'\u00e9t\u00e9 2022. Livr\u00e9 complet avec si\u00e8ge kayak, ce SUP est un incontournable","robots":{"index":"index","follow":"follow","max-snippet":"max-snippet:-1","max-image-preview":"max-image-preview:large","max-video-preview":"max-video-preview:-1"},"canonical":"https:\/\/www.xpaddleboards.com\/en\/planche\/x-shark-kayak\/","og_locale":"en_GB","og_type":"article","og_title":"X-shark- kayak : Le pack paddle kayak accessible pour cet \u00e9t\u00e9","og_description":"Le X-Shark est le paddle gonflable de l'\u00e9t\u00e9 2022. Livr\u00e9 complet avec si\u00e8ge kayak, ce SUP est un incontournable","og_url":"https:\/\/www.xpaddleboards.com\/en\/planche\/x-shark-kayak\/","og_site_name":"X Paddleboards","article_modified_time":"2025-10-02T12:10:13+00:00","og_image":[{"width":858,"height":894,"url":"https:\/\/www.xpaddleboards.com\/wp-content\/uploads\/2021\/05\/shark-kayak.jpg","type":"image\/jpeg"}],"twitter_card":"summary_large_image","twitter_misc":{"Estimated reading time":"2 minutes"},"schema":{"@context":"https:\/\/schema.org","@graph":[{"@type":"WebPage","@id":"https:\/\/www.xpaddleboards.com\/planche\/x-shark-kayak\/","url":"https:\/\/www.xpaddleboards.com\/planche\/x-shark-kayak\/","name":"X-shark- kayak : Le pack paddle kayak accessible pour cet \u00e9t\u00e9","isPartOf":{"@id":"https:\/\/www.xpaddleboards.com\/#website"},"primaryImageOfPage":{"@id":"https:\/\/www.xpaddleboards.com\/planche\/x-shark-kayak\/#primaryimage"},"image":{"@id":"https:\/\/www.xpaddleboards.com\/planche\/x-shark-kayak\/#primaryimage"},"thumbnailUrl":"https:\/\/www.xpaddleboards.com\/wp-content\/uploads\/2021\/05\/shark-kayak.jpg","datePublished":"2021-05-17T11:56:11+00:00","dateModified":"2025-10-02T12:10:13+00:00","description":"Le X-Shark est le paddle gonflable de l'\u00e9t\u00e9 2022. Livr\u00e9 complet avec si\u00e8ge kayak, ce SUP est un incontournable","breadcrumb":{"@id":"https:\/\/www.xpaddleboards.com\/planche\/x-shark-kayak\/#breadcrumb"},"inLanguage":"en-GB","potentialAction":[{"@type":"ReadAction","target":["https:\/\/www.xpaddleboards.com\/planche\/x-shark-kayak\/"]}]},{"@type":"ImageObject","inLanguage":"en-GB","@id":"https:\/\/www.xpaddleboards.com\/planche\/x-shark-kayak\/#primaryimage","url":"https:\/\/www.xpaddleboards.com\/wp-content\/uploads\/2021\/05\/shark-kayak.jpg","contentUrl":"https:\/\/www.xpaddleboards.com\/wp-content\/uploads\/2021\/05\/shark-kayak.jpg","width":858,"height":894},{"@type":"BreadcrumbList","@id":"https:\/\/www.xpaddleboards.com\/planche\/x-shark-kayak\/#breadcrumb","itemListElement":[{"@type":"ListItem","position":1,"name":"Accueil","item":"https:\/\/www.xpaddleboards.com\/"},{"@type":"ListItem","position":2,"name":"Nos planches","item":"https:\/\/www.xpaddleboards.com\/planches\/"},{"@type":"ListItem","position":3,"name":"X-shark- kayak"}]},{"@type":"WebSite","@id":"https:\/\/www.xpaddleboards.com\/#website","url":"https:\/\/www.xpaddleboards.com\/","name":"X Paddleboards","description":"La nouvelle g\u00e9n\u00e9ration de SUP gonflable","potentialAction":[{"@type":"SearchAction","target":{"@type":"EntryPoint","urlTemplate":"https:\/\/www.xpaddleboards.com\/?s={search_term_string}"},"query-input":{"@type":"PropertyValueSpecification","valueRequired":true,"valueName":"search_term_string"}}],"inLanguage":"en-GB"}]}},"_links":{"self":[{"href":"https:\/\/www.xpaddleboards.com\/en\/wp-json\/wp\/v2\/product\/3340","targetHints":{"allow":["GET"]}}],"collection":[{"href":"https:\/\/www.xpaddleboards.com\/en\/wp-json\/wp\/v2\/product"}],"about":[{"href":"https:\/\/www.xpaddleboards.com\/en\/wp-json\/wp\/v2\/types\/product"}],"version-history":[{"count":5,"href":"https:\/\/www.xpaddleboards.com\/en\/wp-json\/wp\/v2\/product\/3340\/revisions"}],"predecessor-version":[{"id":4509,"href":"https:\/\/www.xpaddleboards.com\/en\/wp-json\/wp\/v2\/product\/3340\/revisions\/4509"}],"wp:featuredmedia":[{"embeddable":true,"href":"https:\/\/www.xpaddleboards.com\/en\/wp-json\/wp\/v2\/media\/5042"}],"wp:attachment":[{"href":"https:\/\/www.xpaddleboards.com\/en\/wp-json\/wp\/v2\/media?parent=3340"}],"wp:term":[{"taxonomy":"brand","embeddable":true,"href":"https:\/\/www.xpaddleboards.com\/en\/wp-json\/wp\/v2\/etheme_brands?post=3340"},{"taxonomy":"product_brand","embeddable":true,"href":"https:\/\/www.xpaddleboards.com\/en\/wp-json\/wp\/v2\/product_brand?post=3340"},{"taxonomy":"product_cat","embeddable":true,"href":"https:\/\/www.xpaddleboards.com\/en\/wp-json\/wp\/v2\/product_cat?post=3340"},{"taxonomy":"product_tag","embeddable":true,"href":"https:\/\/www.xpaddleboards.com\/en\/wp-json\/wp\/v2\/product_tag?post=3340"}],"curies":[{"name":"wp","href":"https:\/\/api.w.org\/{rel}","templated":true}]}}