{"id":3332,"date":"2021-05-17T13:11:32","date_gmt":"2021-05-17T11:11:32","guid":{"rendered":"https:\/\/xpaddleboards.com\/?post_type=product&#038;p=3332"},"modified":"2025-10-02T14:12:24","modified_gmt":"2025-10-02T12:12:24","slug":"x-flamingo-kayak","status":"publish","type":"product","link":"https:\/\/www.xpaddleboards.com\/en\/planche\/x-flamingo-kayak\/","title":{"rendered":"X-Flamingo Kayak"},"content":{"rendered":"<div data-elementor-type=\"wp-post\" data-elementor-id=\"3332\" class=\"elementor elementor-3332\" data-elementor-post-type=\"product\">\n\t\t\t\t\t\t<section class=\"elementor-section elementor-top-section elementor-element elementor-element-bdbe2ca elementor-section-boxed elementor-section-height-default elementor-section-height-default\" data-id=\"bdbe2ca\" data-element_type=\"section\">\n\t\t\t\t\t\t<div class=\"elementor-container elementor-column-gap-no\">\n\t\t\t\t\t<div class=\"elementor-column elementor-col-100 elementor-top-column elementor-element elementor-element-72f6674d\" data-id=\"72f6674d\" data-element_type=\"column\">\n\t\t\t<div class=\"elementor-widget-wrap elementor-element-populated\">\n\t\t\t\t\t\t<div class=\"elementor-element elementor-element-7541f00f elementor-widget elementor-widget-text-editor\" data-id=\"7541f00f\" data-element_type=\"widget\" data-widget_type=\"text-editor.default\">\n\t\t\t\t<div class=\"elementor-widget-container\">\n\t\t\t\t\t\t\t\t\t<p><img fetchpriority=\"high\" decoding=\"async\" class=\"alignnone wp-image-4065 size-full\" src=\"http:\/\/xpaddleboards.com\/wp-content\/uploads\/2022\/03\/1940x6000_paddle_04-1.png\" alt=\"\" width=\"1940\" height=\"6000\" srcset=\"https:\/\/www.xpaddleboards.com\/wp-content\/uploads\/2022\/03\/1940x6000_paddle_04-1.png 1940w, https:\/\/www.xpaddleboards.com\/wp-content\/uploads\/2022\/03\/1940x6000_paddle_04-1-500x1546.png 500w, https:\/\/www.xpaddleboards.com\/wp-content\/uploads\/2022\/03\/1940x6000_paddle_04-1-259x800.png 259w, https:\/\/www.xpaddleboards.com\/wp-content\/uploads\/2022\/03\/1940x6000_paddle_04-1-331x1024.png 331w, https:\/\/www.xpaddleboards.com\/wp-content\/uploads\/2022\/03\/1940x6000_paddle_04-1-768x2375.png 768w, https:\/\/www.xpaddleboards.com\/wp-content\/uploads\/2022\/03\/1940x6000_paddle_04-1-497x1536.png 497w, https:\/\/www.xpaddleboards.com\/wp-content\/uploads\/2022\/03\/1940x6000_paddle_04-1-662x2048.png 662w, https:\/\/www.xpaddleboards.com\/wp-content\/uploads\/2022\/03\/1940x6000_paddle_04-1-2x6.png 2w, https:\/\/www.xpaddleboards.com\/wp-content\/uploads\/2022\/03\/1940x6000_paddle_04-1-3x10.png 3w\" sizes=\"(max-width: 1940px) 100vw, 1940px\" \/><\/p><p>The X-Flamingo is the flagship paddleboard of the X-Paddleboards brand specially developed for women. This paddle has been thought, designed and developed to allow women to have maximum pleasure on a paddle board, whether they are beginners or already experienced.<\/p><h3><strong>Design<\/strong><\/h3><p>With its ravaging and artistic look, the X-Flamingo leaves no one indifferent on the beach as well as on the water. Inspired by a jungle trend, it is probably one of the most beautiful paddles for women that we have had in our hands.<\/p><h3><strong>Building<\/strong><\/h3><p>The X-Flamingo is built to the highest industry standards with high quality drop stitch for outstanding rigidity. Combined with its 15cm thickness, this paddle will be usable by all sizes and on all types of water.<\/p><p><strong>Glide<\/strong><\/p><p>X Paddleboards has made its reputation on exceptional gliding quality that allow you to evolve with great ease on the water. The X-Flamingo is no exception to the rule<\/p><h3><strong>Stability<\/strong><\/h3><p>At 15cm thick, 32\u2033 wide and 10'2 long, the X-Flamingo has a decent amount of volume that will allow any woman to get started with ease, even those who are less comfortable with water sports.<\/p><p>Ready to paddling pack delivered with:<\/p><ul><li>Paddleboard<\/li><li>Kayak seat<\/li><li>Paddle<\/li><li>Leash<\/li><li>Pump<\/li><li>Backpack<\/li><li>Repair kit<\/li><\/ul>\t\t\t\t\t\t\t\t<\/div>\n\t\t\t\t<\/div>\n\t\t\t\t\t<\/div>\n\t\t<\/div>\n\t\t\t\t\t<\/div>\n\t\t<\/section>\n\t\t\t\t<\/div>","protected":false},"excerpt":{"rendered":"<p>Ready to paddling package including<\/p>\n<ul>\n<li>Paddleboard<\/li>\n<li>Kayak seat<\/li>\n<li>Paddle<\/li>\n<li>Leash<\/li>\n<li>Pump<\/li>\n<li>Backpack<\/li>\n<li>Repair kit<\/li>\n<\/ul>","protected":false},"featured_media":4648,"template":"","meta":[],"etheme_brands":[],"product_brand":[],"product_cat":[79],"product_tag":[],"class_list":{"0":"post-3332","1":"product","2":"type-product","3":"status-publish","4":"has-post-thumbnail","6":"product_cat-sup-kayak","8":"first","9":"instock","10":"shipping-taxable","11":"purchasable","12":"product-type-simple"},"yoast_head":"<!-- This site is optimized with the Yoast SEO plugin v26.3 - https:\/\/yoast.com\/wordpress\/plugins\/seo\/ -->\n<title>X-Flamingo Kayak : le paddle gonflable 100% f\u00e9minin<\/title>\n<meta name=\"description\" content=\"Parfait pour les femmes, ce SUP gonflable est stable et tr\u00e8s facile. Nous le conseillons \u00e0 toute les pratiquantes\" \/>\n<meta name=\"robots\" content=\"index, follow, max-snippet:-1, max-image-preview:large, max-video-preview:-1\" \/>\n<link rel=\"canonical\" href=\"https:\/\/www.xpaddleboards.com\/en\/planche\/x-flamingo-kayak\/\" \/>\n<meta property=\"og:locale\" content=\"en_GB\" \/>\n<meta property=\"og:type\" content=\"article\" \/>\n<meta property=\"og:title\" content=\"X-Flamingo Kayak : le paddle gonflable 100% f\u00e9minin\" \/>\n<meta property=\"og:description\" content=\"Parfait pour les femmes, ce SUP gonflable est stable et tr\u00e8s facile. Nous le conseillons \u00e0 toute les pratiquantes\" \/>\n<meta property=\"og:url\" content=\"https:\/\/www.xpaddleboards.com\/en\/planche\/x-flamingo-kayak\/\" \/>\n<meta property=\"og:site_name\" content=\"X Paddleboards\" \/>\n<meta property=\"article:modified_time\" content=\"2025-10-02T12:12:24+00:00\" \/>\n<meta property=\"og:image\" content=\"https:\/\/www.xpaddleboards.com\/wp-content\/uploads\/2021\/05\/flamingo-kayak.png\" \/>\n\t<meta property=\"og:image:width\" content=\"1821\" \/>\n\t<meta property=\"og:image:height\" content=\"1842\" \/>\n\t<meta property=\"og:image:type\" content=\"image\/png\" \/>\n<meta name=\"twitter:card\" content=\"summary_large_image\" \/>\n<meta name=\"twitter:label1\" content=\"Estimated reading time\" \/>\n\t<meta name=\"twitter:data1\" content=\"2 minutes\" \/>\n<script type=\"application\/ld+json\" class=\"yoast-schema-graph\">{\"@context\":\"https:\/\/schema.org\",\"@graph\":[{\"@type\":\"WebPage\",\"@id\":\"https:\/\/www.xpaddleboards.com\/planche\/x-flamingo-kayak\/\",\"url\":\"https:\/\/www.xpaddleboards.com\/planche\/x-flamingo-kayak\/\",\"name\":\"X-Flamingo Kayak : le paddle gonflable 100% f\u00e9minin\",\"isPartOf\":{\"@id\":\"https:\/\/www.xpaddleboards.com\/#website\"},\"primaryImageOfPage\":{\"@id\":\"https:\/\/www.xpaddleboards.com\/planche\/x-flamingo-kayak\/#primaryimage\"},\"image\":{\"@id\":\"https:\/\/www.xpaddleboards.com\/planche\/x-flamingo-kayak\/#primaryimage\"},\"thumbnailUrl\":\"https:\/\/www.xpaddleboards.com\/wp-content\/uploads\/2021\/05\/flamingo-kayak.png\",\"datePublished\":\"2021-05-17T11:11:32+00:00\",\"dateModified\":\"2025-10-02T12:12:24+00:00\",\"description\":\"Parfait pour les femmes, ce SUP gonflable est stable et tr\u00e8s facile. Nous le conseillons \u00e0 toute les pratiquantes\",\"breadcrumb\":{\"@id\":\"https:\/\/www.xpaddleboards.com\/planche\/x-flamingo-kayak\/#breadcrumb\"},\"inLanguage\":\"en-GB\",\"potentialAction\":[{\"@type\":\"ReadAction\",\"target\":[\"https:\/\/www.xpaddleboards.com\/planche\/x-flamingo-kayak\/\"]}]},{\"@type\":\"ImageObject\",\"inLanguage\":\"en-GB\",\"@id\":\"https:\/\/www.xpaddleboards.com\/planche\/x-flamingo-kayak\/#primaryimage\",\"url\":\"https:\/\/www.xpaddleboards.com\/wp-content\/uploads\/2021\/05\/flamingo-kayak.png\",\"contentUrl\":\"https:\/\/www.xpaddleboards.com\/wp-content\/uploads\/2021\/05\/flamingo-kayak.png\",\"width\":1821,\"height\":1842},{\"@type\":\"BreadcrumbList\",\"@id\":\"https:\/\/www.xpaddleboards.com\/planche\/x-flamingo-kayak\/#breadcrumb\",\"itemListElement\":[{\"@type\":\"ListItem\",\"position\":1,\"name\":\"Accueil\",\"item\":\"https:\/\/www.xpaddleboards.com\/\"},{\"@type\":\"ListItem\",\"position\":2,\"name\":\"Nos planches\",\"item\":\"https:\/\/www.xpaddleboards.com\/planches\/\"},{\"@type\":\"ListItem\",\"position\":3,\"name\":\"X-Flamingo Kayak\"}]},{\"@type\":\"WebSite\",\"@id\":\"https:\/\/www.xpaddleboards.com\/#website\",\"url\":\"https:\/\/www.xpaddleboards.com\/\",\"name\":\"X Paddleboards\",\"description\":\"La nouvelle g\u00e9n\u00e9ration de SUP gonflable\",\"potentialAction\":[{\"@type\":\"SearchAction\",\"target\":{\"@type\":\"EntryPoint\",\"urlTemplate\":\"https:\/\/www.xpaddleboards.com\/?s={search_term_string}\"},\"query-input\":{\"@type\":\"PropertyValueSpecification\",\"valueRequired\":true,\"valueName\":\"search_term_string\"}}],\"inLanguage\":\"en-GB\"}]}<\/script>\n<!-- \/ Yoast SEO plugin. -->","yoast_head_json":{"title":"X-Flamingo Kayak : le paddle gonflable 100% f\u00e9minin","description":"Parfait pour les femmes, ce SUP gonflable est stable et tr\u00e8s facile. Nous le conseillons \u00e0 toute les pratiquantes","robots":{"index":"index","follow":"follow","max-snippet":"max-snippet:-1","max-image-preview":"max-image-preview:large","max-video-preview":"max-video-preview:-1"},"canonical":"https:\/\/www.xpaddleboards.com\/en\/planche\/x-flamingo-kayak\/","og_locale":"en_GB","og_type":"article","og_title":"X-Flamingo Kayak : le paddle gonflable 100% f\u00e9minin","og_description":"Parfait pour les femmes, ce SUP gonflable est stable et tr\u00e8s facile. Nous le conseillons \u00e0 toute les pratiquantes","og_url":"https:\/\/www.xpaddleboards.com\/en\/planche\/x-flamingo-kayak\/","og_site_name":"X Paddleboards","article_modified_time":"2025-10-02T12:12:24+00:00","og_image":[{"width":1821,"height":1842,"url":"https:\/\/www.xpaddleboards.com\/wp-content\/uploads\/2021\/05\/flamingo-kayak.png","type":"image\/png"}],"twitter_card":"summary_large_image","twitter_misc":{"Estimated reading time":"2 minutes"},"schema":{"@context":"https:\/\/schema.org","@graph":[{"@type":"WebPage","@id":"https:\/\/www.xpaddleboards.com\/planche\/x-flamingo-kayak\/","url":"https:\/\/www.xpaddleboards.com\/planche\/x-flamingo-kayak\/","name":"X-Flamingo Kayak : le paddle gonflable 100% f\u00e9minin","isPartOf":{"@id":"https:\/\/www.xpaddleboards.com\/#website"},"primaryImageOfPage":{"@id":"https:\/\/www.xpaddleboards.com\/planche\/x-flamingo-kayak\/#primaryimage"},"image":{"@id":"https:\/\/www.xpaddleboards.com\/planche\/x-flamingo-kayak\/#primaryimage"},"thumbnailUrl":"https:\/\/www.xpaddleboards.com\/wp-content\/uploads\/2021\/05\/flamingo-kayak.png","datePublished":"2021-05-17T11:11:32+00:00","dateModified":"2025-10-02T12:12:24+00:00","description":"Parfait pour les femmes, ce SUP gonflable est stable et tr\u00e8s facile. Nous le conseillons \u00e0 toute les pratiquantes","breadcrumb":{"@id":"https:\/\/www.xpaddleboards.com\/planche\/x-flamingo-kayak\/#breadcrumb"},"inLanguage":"en-GB","potentialAction":[{"@type":"ReadAction","target":["https:\/\/www.xpaddleboards.com\/planche\/x-flamingo-kayak\/"]}]},{"@type":"ImageObject","inLanguage":"en-GB","@id":"https:\/\/www.xpaddleboards.com\/planche\/x-flamingo-kayak\/#primaryimage","url":"https:\/\/www.xpaddleboards.com\/wp-content\/uploads\/2021\/05\/flamingo-kayak.png","contentUrl":"https:\/\/www.xpaddleboards.com\/wp-content\/uploads\/2021\/05\/flamingo-kayak.png","width":1821,"height":1842},{"@type":"BreadcrumbList","@id":"https:\/\/www.xpaddleboards.com\/planche\/x-flamingo-kayak\/#breadcrumb","itemListElement":[{"@type":"ListItem","position":1,"name":"Accueil","item":"https:\/\/www.xpaddleboards.com\/"},{"@type":"ListItem","position":2,"name":"Nos planches","item":"https:\/\/www.xpaddleboards.com\/planches\/"},{"@type":"ListItem","position":3,"name":"X-Flamingo Kayak"}]},{"@type":"WebSite","@id":"https:\/\/www.xpaddleboards.com\/#website","url":"https:\/\/www.xpaddleboards.com\/","name":"X Paddleboards","description":"La nouvelle g\u00e9n\u00e9ration de SUP gonflable","potentialAction":[{"@type":"SearchAction","target":{"@type":"EntryPoint","urlTemplate":"https:\/\/www.xpaddleboards.com\/?s={search_term_string}"},"query-input":{"@type":"PropertyValueSpecification","valueRequired":true,"valueName":"search_term_string"}}],"inLanguage":"en-GB"}]}},"_links":{"self":[{"href":"https:\/\/www.xpaddleboards.com\/en\/wp-json\/wp\/v2\/product\/3332","targetHints":{"allow":["GET"]}}],"collection":[{"href":"https:\/\/www.xpaddleboards.com\/en\/wp-json\/wp\/v2\/product"}],"about":[{"href":"https:\/\/www.xpaddleboards.com\/en\/wp-json\/wp\/v2\/types\/product"}],"version-history":[{"count":6,"href":"https:\/\/www.xpaddleboards.com\/en\/wp-json\/wp\/v2\/product\/3332\/revisions"}],"predecessor-version":[{"id":4554,"href":"https:\/\/www.xpaddleboards.com\/en\/wp-json\/wp\/v2\/product\/3332\/revisions\/4554"}],"wp:featuredmedia":[{"embeddable":true,"href":"https:\/\/www.xpaddleboards.com\/en\/wp-json\/wp\/v2\/media\/4648"}],"wp:attachment":[{"href":"https:\/\/www.xpaddleboards.com\/en\/wp-json\/wp\/v2\/media?parent=3332"}],"wp:term":[{"taxonomy":"brand","embeddable":true,"href":"https:\/\/www.xpaddleboards.com\/en\/wp-json\/wp\/v2\/etheme_brands?post=3332"},{"taxonomy":"product_brand","embeddable":true,"href":"https:\/\/www.xpaddleboards.com\/en\/wp-json\/wp\/v2\/product_brand?post=3332"},{"taxonomy":"product_cat","embeddable":true,"href":"https:\/\/www.xpaddleboards.com\/en\/wp-json\/wp\/v2\/product_cat?post=3332"},{"taxonomy":"product_tag","embeddable":true,"href":"https:\/\/www.xpaddleboards.com\/en\/wp-json\/wp\/v2\/product_tag?post=3332"}],"curies":[{"name":"wp","href":"https:\/\/api.w.org\/{rel}","templated":true}]}}