{"id":3319,"date":"2021-05-17T12:43:47","date_gmt":"2021-05-17T10:43:47","guid":{"rendered":"https:\/\/xpaddleboards.com\/?post_type=product&#038;p=3319"},"modified":"2025-10-02T14:13:37","modified_gmt":"2025-10-02T12:13:37","slug":"x-ite-kayak","status":"publish","type":"product","link":"https:\/\/www.xpaddleboards.com\/en\/planche\/x-ite-kayak\/","title":{"rendered":"Pack X-ite Kayak"},"content":{"rendered":"<div data-elementor-type=\"wp-post\" data-elementor-id=\"3319\" class=\"elementor elementor-3319\" data-elementor-post-type=\"product\">\n\t\t\t\t\t\t<section class=\"elementor-section elementor-top-section elementor-element elementor-element-19a0c599 elementor-section-boxed elementor-section-height-default elementor-section-height-default\" data-id=\"19a0c599\" data-element_type=\"section\">\n\t\t\t\t\t\t<div class=\"elementor-container elementor-column-gap-no\">\n\t\t\t\t\t<div class=\"elementor-column elementor-col-100 elementor-top-column elementor-element elementor-element-581ade8a\" data-id=\"581ade8a\" data-element_type=\"column\">\n\t\t\t<div class=\"elementor-widget-wrap elementor-element-populated\">\n\t\t\t\t\t\t<div class=\"elementor-element elementor-element-11e7ec8b elementor-widget elementor-widget-text-editor\" data-id=\"11e7ec8b\" data-element_type=\"widget\" data-widget_type=\"text-editor.default\">\n\t\t\t\t<div class=\"elementor-widget-container\">\n\t\t\t\t\t\t\t\t\t<p><img fetchpriority=\"high\" decoding=\"async\" class=\"alignnone wp-image-4051 size-full\" src=\"http:\/\/xpaddleboards.com\/wp-content\/uploads\/2022\/03\/1940x6000_paddle_08.png\" alt=\"\" width=\"1940\" height=\"6000\" srcset=\"https:\/\/www.xpaddleboards.com\/wp-content\/uploads\/2022\/03\/1940x6000_paddle_08.png 1940w, https:\/\/www.xpaddleboards.com\/wp-content\/uploads\/2022\/03\/1940x6000_paddle_08-500x1546.png 500w\" sizes=\"(max-width: 1940px) 100vw, 1940px\" \/>The X-ite is the most stable model of the X Paddleboards range, perfectly adapted to the big sizes or to the beginners not very at ease on the water.<\/p><p>It is an ideal model to learn and enjoy paddling on lake or sea.<\/p><h3><span style=\"color: #00ccff;\"><strong>Stability<\/strong><\/span><\/h3><p>With its fairly large ribs (11\u2032 x 33\u2033 x 6\u2033) this X-ite will offer exemplary stability and buoyancy for starting, learning and progressing in paddling.<\/p><p>It is one of the easiest paddleboard on the market to handle and will allow anyone to take their first steps without any problem<\/p><h3><span style=\"color: #00ccff;\"><strong>Building<\/strong><\/span><\/h3><p>The best quality dropstitch was chosen to develop this single skin paddleboard with a particularly nice look.<\/p><p>This paddle is very rigid and will support even the heaviest of riders without bending.<\/p><h3><span style=\"color: #00ccff;\"><strong>Glide<\/strong><\/span><\/h3><p>This paddleboard is an excellent compromise between stability\/learning and performance and will allow you to glide with great ease with the slightest paddle stroke.<\/p><p><strong><span style=\"color: #00ccff;\">To conclude<\/span>,\u00a0<\/strong>This paddleboard is an exceptional board for beginners but will also accompany you throughout your progression. A sure value to start and enjoy paddling.<\/p><p>Paddleboard supplied in a complete pack with<\/p><ul><li>Paddleboard<\/li><li>Siege kayak<\/li><li>Paddle<\/li><li>Leash<\/li><li>Pump<\/li><li>Backpack<\/li><li>Repair kit<\/li><\/ul>\t\t\t\t\t\t\t\t<\/div>\n\t\t\t\t<\/div>\n\t\t\t\t\t<\/div>\n\t\t<\/div>\n\t\t\t\t\t<\/div>\n\t\t<\/section>\n\t\t\t\t<\/div>","protected":false},"excerpt":{"rendered":"<p>Paddleboard sold in complete pack with<\/p>\n<ul>\n<li>Paddle<\/li>\n<li>Leash<\/li>\n<li>Backpack<\/li>\n<li>Pump<\/li>\n<li>Repair Kit<\/li>\n<li>Kayak seat<\/li>\n<\/ul>","protected":false},"featured_media":4642,"template":"","meta":[],"etheme_brands":[],"product_brand":[],"product_cat":[79],"product_tag":[],"class_list":{"0":"post-3319","1":"product","2":"type-product","3":"status-publish","4":"has-post-thumbnail","6":"product_cat-sup-kayak","8":"first","9":"instock","10":"shipping-taxable","11":"purchasable","12":"product-type-simple"},"yoast_head":"<!-- This site is optimized with the Yoast SEO plugin v26.3 - https:\/\/yoast.com\/wordpress\/plugins\/seo\/ -->\n<title>Pack X-ite Kayak : Le pack paddle accessible<\/title>\n<meta name=\"description\" content=\"Envie d&#039;un pack kayak complet facile et polyvalent ? Le X-ite est un SUP gonflable parfaitement adapt\u00e9 \u00e0 une utilisation en mer ou rivi\u00e8re\" \/>\n<meta name=\"robots\" content=\"index, follow, max-snippet:-1, max-image-preview:large, max-video-preview:-1\" \/>\n<link rel=\"canonical\" href=\"https:\/\/www.xpaddleboards.com\/en\/planche\/x-ite-kayak\/\" \/>\n<meta property=\"og:locale\" content=\"en_GB\" \/>\n<meta property=\"og:type\" content=\"article\" \/>\n<meta property=\"og:title\" content=\"Pack X-ite Kayak : Le pack paddle accessible\" \/>\n<meta property=\"og:description\" content=\"Envie d&#039;un pack kayak complet facile et polyvalent ? Le X-ite est un SUP gonflable parfaitement adapt\u00e9 \u00e0 une utilisation en mer ou rivi\u00e8re\" \/>\n<meta property=\"og:url\" content=\"https:\/\/www.xpaddleboards.com\/en\/planche\/x-ite-kayak\/\" \/>\n<meta property=\"og:site_name\" content=\"X Paddleboards\" \/>\n<meta property=\"article:modified_time\" content=\"2025-10-02T12:13:37+00:00\" \/>\n<meta property=\"og:image\" content=\"https:\/\/www.xpaddleboards.com\/wp-content\/uploads\/2021\/05\/xite-kayak.png\" \/>\n\t<meta property=\"og:image:width\" content=\"1878\" \/>\n\t<meta property=\"og:image:height\" content=\"1878\" \/>\n\t<meta property=\"og:image:type\" content=\"image\/png\" \/>\n<meta name=\"twitter:card\" content=\"summary_large_image\" \/>\n<meta name=\"twitter:label1\" content=\"Estimated reading time\" \/>\n\t<meta name=\"twitter:data1\" content=\"2 minutes\" \/>\n<script type=\"application\/ld+json\" class=\"yoast-schema-graph\">{\"@context\":\"https:\/\/schema.org\",\"@graph\":[{\"@type\":\"WebPage\",\"@id\":\"https:\/\/www.xpaddleboards.com\/planche\/x-ite-kayak\/\",\"url\":\"https:\/\/www.xpaddleboards.com\/planche\/x-ite-kayak\/\",\"name\":\"Pack X-ite Kayak : Le pack paddle accessible\",\"isPartOf\":{\"@id\":\"https:\/\/www.xpaddleboards.com\/#website\"},\"primaryImageOfPage\":{\"@id\":\"https:\/\/www.xpaddleboards.com\/planche\/x-ite-kayak\/#primaryimage\"},\"image\":{\"@id\":\"https:\/\/www.xpaddleboards.com\/planche\/x-ite-kayak\/#primaryimage\"},\"thumbnailUrl\":\"https:\/\/www.xpaddleboards.com\/wp-content\/uploads\/2021\/05\/xite-kayak.png\",\"datePublished\":\"2021-05-17T10:43:47+00:00\",\"dateModified\":\"2025-10-02T12:13:37+00:00\",\"description\":\"Envie d'un pack kayak complet facile et polyvalent ? Le X-ite est un SUP gonflable parfaitement adapt\u00e9 \u00e0 une utilisation en mer ou rivi\u00e8re\",\"breadcrumb\":{\"@id\":\"https:\/\/www.xpaddleboards.com\/planche\/x-ite-kayak\/#breadcrumb\"},\"inLanguage\":\"en-GB\",\"potentialAction\":[{\"@type\":\"ReadAction\",\"target\":[\"https:\/\/www.xpaddleboards.com\/planche\/x-ite-kayak\/\"]}]},{\"@type\":\"ImageObject\",\"inLanguage\":\"en-GB\",\"@id\":\"https:\/\/www.xpaddleboards.com\/planche\/x-ite-kayak\/#primaryimage\",\"url\":\"https:\/\/www.xpaddleboards.com\/wp-content\/uploads\/2021\/05\/xite-kayak.png\",\"contentUrl\":\"https:\/\/www.xpaddleboards.com\/wp-content\/uploads\/2021\/05\/xite-kayak.png\",\"width\":1878,\"height\":1878},{\"@type\":\"BreadcrumbList\",\"@id\":\"https:\/\/www.xpaddleboards.com\/planche\/x-ite-kayak\/#breadcrumb\",\"itemListElement\":[{\"@type\":\"ListItem\",\"position\":1,\"name\":\"Accueil\",\"item\":\"https:\/\/www.xpaddleboards.com\/\"},{\"@type\":\"ListItem\",\"position\":2,\"name\":\"Nos planches\",\"item\":\"https:\/\/www.xpaddleboards.com\/planches\/\"},{\"@type\":\"ListItem\",\"position\":3,\"name\":\"Pack X-ite Kayak\"}]},{\"@type\":\"WebSite\",\"@id\":\"https:\/\/www.xpaddleboards.com\/#website\",\"url\":\"https:\/\/www.xpaddleboards.com\/\",\"name\":\"X Paddleboards\",\"description\":\"La nouvelle g\u00e9n\u00e9ration de SUP gonflable\",\"potentialAction\":[{\"@type\":\"SearchAction\",\"target\":{\"@type\":\"EntryPoint\",\"urlTemplate\":\"https:\/\/www.xpaddleboards.com\/?s={search_term_string}\"},\"query-input\":{\"@type\":\"PropertyValueSpecification\",\"valueRequired\":true,\"valueName\":\"search_term_string\"}}],\"inLanguage\":\"en-GB\"}]}<\/script>\n<!-- \/ Yoast SEO plugin. -->","yoast_head_json":{"title":"Pack X-ite Kayak : Le pack paddle accessible","description":"Envie d'un pack kayak complet facile et polyvalent ? Le X-ite est un SUP gonflable parfaitement adapt\u00e9 \u00e0 une utilisation en mer ou rivi\u00e8re","robots":{"index":"index","follow":"follow","max-snippet":"max-snippet:-1","max-image-preview":"max-image-preview:large","max-video-preview":"max-video-preview:-1"},"canonical":"https:\/\/www.xpaddleboards.com\/en\/planche\/x-ite-kayak\/","og_locale":"en_GB","og_type":"article","og_title":"Pack X-ite Kayak : Le pack paddle accessible","og_description":"Envie d'un pack kayak complet facile et polyvalent ? Le X-ite est un SUP gonflable parfaitement adapt\u00e9 \u00e0 une utilisation en mer ou rivi\u00e8re","og_url":"https:\/\/www.xpaddleboards.com\/en\/planche\/x-ite-kayak\/","og_site_name":"X Paddleboards","article_modified_time":"2025-10-02T12:13:37+00:00","og_image":[{"width":1878,"height":1878,"url":"https:\/\/www.xpaddleboards.com\/wp-content\/uploads\/2021\/05\/xite-kayak.png","type":"image\/png"}],"twitter_card":"summary_large_image","twitter_misc":{"Estimated reading time":"2 minutes"},"schema":{"@context":"https:\/\/schema.org","@graph":[{"@type":"WebPage","@id":"https:\/\/www.xpaddleboards.com\/planche\/x-ite-kayak\/","url":"https:\/\/www.xpaddleboards.com\/planche\/x-ite-kayak\/","name":"Pack X-ite Kayak : Le pack paddle accessible","isPartOf":{"@id":"https:\/\/www.xpaddleboards.com\/#website"},"primaryImageOfPage":{"@id":"https:\/\/www.xpaddleboards.com\/planche\/x-ite-kayak\/#primaryimage"},"image":{"@id":"https:\/\/www.xpaddleboards.com\/planche\/x-ite-kayak\/#primaryimage"},"thumbnailUrl":"https:\/\/www.xpaddleboards.com\/wp-content\/uploads\/2021\/05\/xite-kayak.png","datePublished":"2021-05-17T10:43:47+00:00","dateModified":"2025-10-02T12:13:37+00:00","description":"Envie d'un pack kayak complet facile et polyvalent ? Le X-ite est un SUP gonflable parfaitement adapt\u00e9 \u00e0 une utilisation en mer ou rivi\u00e8re","breadcrumb":{"@id":"https:\/\/www.xpaddleboards.com\/planche\/x-ite-kayak\/#breadcrumb"},"inLanguage":"en-GB","potentialAction":[{"@type":"ReadAction","target":["https:\/\/www.xpaddleboards.com\/planche\/x-ite-kayak\/"]}]},{"@type":"ImageObject","inLanguage":"en-GB","@id":"https:\/\/www.xpaddleboards.com\/planche\/x-ite-kayak\/#primaryimage","url":"https:\/\/www.xpaddleboards.com\/wp-content\/uploads\/2021\/05\/xite-kayak.png","contentUrl":"https:\/\/www.xpaddleboards.com\/wp-content\/uploads\/2021\/05\/xite-kayak.png","width":1878,"height":1878},{"@type":"BreadcrumbList","@id":"https:\/\/www.xpaddleboards.com\/planche\/x-ite-kayak\/#breadcrumb","itemListElement":[{"@type":"ListItem","position":1,"name":"Accueil","item":"https:\/\/www.xpaddleboards.com\/"},{"@type":"ListItem","position":2,"name":"Nos planches","item":"https:\/\/www.xpaddleboards.com\/planches\/"},{"@type":"ListItem","position":3,"name":"Pack X-ite Kayak"}]},{"@type":"WebSite","@id":"https:\/\/www.xpaddleboards.com\/#website","url":"https:\/\/www.xpaddleboards.com\/","name":"X Paddleboards","description":"La nouvelle g\u00e9n\u00e9ration de SUP gonflable","potentialAction":[{"@type":"SearchAction","target":{"@type":"EntryPoint","urlTemplate":"https:\/\/www.xpaddleboards.com\/?s={search_term_string}"},"query-input":{"@type":"PropertyValueSpecification","valueRequired":true,"valueName":"search_term_string"}}],"inLanguage":"en-GB"}]}},"_links":{"self":[{"href":"https:\/\/www.xpaddleboards.com\/en\/wp-json\/wp\/v2\/product\/3319","targetHints":{"allow":["GET"]}}],"collection":[{"href":"https:\/\/www.xpaddleboards.com\/en\/wp-json\/wp\/v2\/product"}],"about":[{"href":"https:\/\/www.xpaddleboards.com\/en\/wp-json\/wp\/v2\/types\/product"}],"version-history":[{"count":8,"href":"https:\/\/www.xpaddleboards.com\/en\/wp-json\/wp\/v2\/product\/3319\/revisions"}],"predecessor-version":[{"id":5904,"href":"https:\/\/www.xpaddleboards.com\/en\/wp-json\/wp\/v2\/product\/3319\/revisions\/5904"}],"wp:featuredmedia":[{"embeddable":true,"href":"https:\/\/www.xpaddleboards.com\/en\/wp-json\/wp\/v2\/media\/4642"}],"wp:attachment":[{"href":"https:\/\/www.xpaddleboards.com\/en\/wp-json\/wp\/v2\/media?parent=3319"}],"wp:term":[{"taxonomy":"brand","embeddable":true,"href":"https:\/\/www.xpaddleboards.com\/en\/wp-json\/wp\/v2\/etheme_brands?post=3319"},{"taxonomy":"product_brand","embeddable":true,"href":"https:\/\/www.xpaddleboards.com\/en\/wp-json\/wp\/v2\/product_brand?post=3319"},{"taxonomy":"product_cat","embeddable":true,"href":"https:\/\/www.xpaddleboards.com\/en\/wp-json\/wp\/v2\/product_cat?post=3319"},{"taxonomy":"product_tag","embeddable":true,"href":"https:\/\/www.xpaddleboards.com\/en\/wp-json\/wp\/v2\/product_tag?post=3319"}],"curies":[{"name":"wp","href":"https:\/\/api.w.org\/{rel}","templated":true}]}}