{"id":202,"date":"2016-05-05T06:26:46","date_gmt":"2016-05-05T04:26:46","guid":{"rendered":"https:\/\/xstore.8theme.com\/demos\/bike\/product\/mauris-convallis-penatibus\/"},"modified":"2026-03-26T10:32:24","modified_gmt":"2026-03-26T09:32:24","slug":"x-pink","status":"publish","type":"product","link":"https:\/\/www.xpaddleboards.com\/en\/planche\/x-pink\/","title":{"rendered":"Pink-X"},"content":{"rendered":"<div data-elementor-type=\"wp-post\" data-elementor-id=\"202\" class=\"elementor elementor-202\" data-elementor-post-type=\"product\">\n\t\t\t\t\t\t<section class=\"elementor-section elementor-top-section elementor-element elementor-element-4744d546 elementor-section-boxed elementor-section-height-default elementor-section-height-default\" data-id=\"4744d546\" data-element_type=\"section\">\n\t\t\t\t\t\t<div class=\"elementor-container elementor-column-gap-no\">\n\t\t\t\t\t<div class=\"elementor-column elementor-col-100 elementor-top-column elementor-element elementor-element-2c940af5\" data-id=\"2c940af5\" data-element_type=\"column\">\n\t\t\t<div class=\"elementor-widget-wrap elementor-element-populated\">\n\t\t\t\t\t\t<div class=\"elementor-element elementor-element-8e74333 elementor-widget elementor-widget-video\" data-id=\"8e74333\" data-element_type=\"widget\" data-settings=\"{&quot;youtube_url&quot;:&quot;https:\\\/\\\/www.youtube.com\\\/watch?v=okqvK5P98Fc&quot;,&quot;video_type&quot;:&quot;youtube&quot;,&quot;controls&quot;:&quot;yes&quot;}\" data-widget_type=\"video.default\">\n\t\t\t\t<div class=\"elementor-widget-container\">\n\t\t\t\t\t\t\t<div class=\"elementor-wrapper elementor-open-inline\">\n\t\t\t<div class=\"elementor-video\"><\/div>\t\t<\/div>\n\t\t\t\t\t\t<\/div>\n\t\t\t\t<\/div>\n\t\t\t\t<div class=\"elementor-element elementor-element-42ac9173 elementor-widget elementor-widget-text-editor\" data-id=\"42ac9173\" data-element_type=\"widget\" data-widget_type=\"text-editor.default\">\n\t\t\t\t<div class=\"elementor-widget-container\">\n\t\t\t\t\t\t\t\t\t<h3><img fetchpriority=\"high\" decoding=\"async\" class=\"alignnone wp-image-4089 size-full\" src=\"http:\/\/xpaddleboards.com\/wp-content\/uploads\/2022\/03\/1940x6000_paddle_07.png\" alt=\"\" width=\"1940\" height=\"6000\" srcset=\"https:\/\/www.xpaddleboards.com\/wp-content\/uploads\/2022\/03\/1940x6000_paddle_07.png 1940w, https:\/\/www.xpaddleboards.com\/wp-content\/uploads\/2022\/03\/1940x6000_paddle_07-500x1546.png 500w\" sizes=\"(max-width: 1940px) 100vw, 1940px\" \/><\/h3><p>\u00a0<\/p><p>The Pink-X is the best paddleboard for girls from 6 to 15 years old from the brand X Paddle boards. This board can also be used without any problem by beginners up to 75kg and experienced women up to 100kg.<\/p><h3><span style=\"color: #ff00ff;\"><strong>Beginning and progressing<\/strong><\/span><\/h3><p>The Pinky-X was created for children who want to take their first steps in stand up paddling and keep an evolving board to progress and have fun.<\/p><p>Very stable, it allows the children to stand up without difficulty and to give their first strokes of paddle.<\/p><h3><span style=\"color: #ff00ff;\"><strong>Handling<\/strong><\/span><\/h3><p>With its small size, the Pinky-X is not too cumbersome for small people and allows them to get the feel of a board adapted to their morphology very easily. It turns in a handkerchief of pocket in some blow of paddles and allows the children to take very quickly in hand the possibilities of their paddleboard.<\/p><h3><span style=\"color: #ff00ff;\"><strong>Building<\/strong><\/span><\/h3><p>This board was built with the best materials available on the market and the highest quality drop stitch.<\/p><p>Its thickness of 15cm offers a maximum rigidity.<\/p><h3><span style=\"color: #ff00ff;\"><strong>Glide and\u00a0<\/strong><b>Performance<\/b><\/span><\/h3><p>The Pinky-X is particularly adapted to beginners, to ride and to slide easily on the water. This board presents an excellent rigidity which offers very interesting performances.<\/p><p>The Pink-X picks up speed quickly with just a few strokes of the oar and glides easily over any water surface.<\/p><h3><span style=\"color: #ff00ff;\"><strong>All included package<\/strong><\/span><\/h3><p>The Pinky-X is sold as an all-inclusive package ready to sail with:<\/p><ul><li>Paddleboard<\/li><li>Paddle<\/li><li>Backpack<\/li><li>Leash<\/li><li>Repair Kit<\/li><\/ul><p><b>Sp\u00e9cifications<\/b><strong>:<\/strong><\/p><p>Paddleboard: 9'2 x 30\" x 15cm<\/p><p>Simple skin<\/p><p>All included package<\/p>\t\t\t\t\t\t\t\t<\/div>\n\t\t\t\t<\/div>\n\t\t\t\t\t<\/div>\n\t\t<\/div>\n\t\t\t\t\t<\/div>\n\t\t<\/section>\n\t\t\t\t<\/div>","protected":false},"excerpt":{"rendered":"<p>&nbsp;<\/p>\n<h4>Ready to paddling package including<\/h4>\n<ul>\n<li>Paddleboard<\/li>\n<li>Paddle<\/li>\n<li>Leash<\/li>\n<li>Pump<\/li>\n<li>Backpack<\/li>\n<li>Repair kit<\/li>\n<\/ul>","protected":false},"featured_media":4613,"template":"","meta":[],"etheme_brands":[],"product_brand":[],"product_cat":[74,42,41],"product_tag":[],"class_list":{"0":"post-202","1":"product","2":"type-product","3":"status-publish","4":"has-post-thumbnail","6":"product_cat-les-paddles-gonflables","7":"product_cat-enfants","8":"product_cat-femmes","10":"first","11":"instock","12":"featured","13":"shipping-taxable","14":"purchasable","15":"product-type-simple"},"yoast_head":"<!-- This site is optimized with the Yoast SEO plugin v26.3 - https:\/\/yoast.com\/wordpress\/plugins\/seo\/ -->\n<title>Pink-X : un sup gonflable id\u00e9al pour enfant<\/title>\n<meta name=\"description\" content=\"Le Pink-X est un paddle gonflable super facile pour permettre \u00e0 vos enfants de s&#039;amuser en toute s\u00e9curit\u00e9 sur la plage\" \/>\n<meta name=\"robots\" content=\"index, follow, max-snippet:-1, max-image-preview:large, max-video-preview:-1\" \/>\n<link rel=\"canonical\" href=\"https:\/\/www.xpaddleboards.com\/en\/planche\/x-pink\/\" \/>\n<meta property=\"og:locale\" content=\"en_GB\" \/>\n<meta property=\"og:type\" content=\"article\" \/>\n<meta property=\"og:title\" content=\"Pink-X : un sup gonflable id\u00e9al pour enfant\" \/>\n<meta property=\"og:description\" content=\"Le Pink-X est un paddle gonflable super facile pour permettre \u00e0 vos enfants de s&#039;amuser en toute s\u00e9curit\u00e9 sur la plage\" \/>\n<meta property=\"og:url\" content=\"https:\/\/www.xpaddleboards.com\/en\/planche\/x-pink\/\" \/>\n<meta property=\"og:site_name\" content=\"X Paddleboards\" \/>\n<meta property=\"article:modified_time\" content=\"2026-03-26T09:32:24+00:00\" \/>\n<meta property=\"og:image\" content=\"https:\/\/www.xpaddleboards.com\/wp-content\/uploads\/2016\/05\/stand-up-paddle-pinkx.jpeg\" \/>\n\t<meta property=\"og:image:width\" content=\"1830\" \/>\n\t<meta property=\"og:image:height\" content=\"1916\" \/>\n\t<meta property=\"og:image:type\" content=\"image\/jpeg\" \/>\n<meta name=\"twitter:card\" content=\"summary_large_image\" \/>\n<meta name=\"twitter:label1\" content=\"Estimated reading time\" \/>\n\t<meta name=\"twitter:data1\" content=\"2 minutes\" \/>\n<script type=\"application\/ld+json\" class=\"yoast-schema-graph\">{\"@context\":\"https:\/\/schema.org\",\"@graph\":[{\"@type\":\"WebPage\",\"@id\":\"https:\/\/www.xpaddleboards.com\/planche\/x-pink\/\",\"url\":\"https:\/\/www.xpaddleboards.com\/planche\/x-pink\/\",\"name\":\"Pink-X : un sup gonflable id\u00e9al pour enfant\",\"isPartOf\":{\"@id\":\"https:\/\/www.xpaddleboards.com\/#website\"},\"primaryImageOfPage\":{\"@id\":\"https:\/\/www.xpaddleboards.com\/planche\/x-pink\/#primaryimage\"},\"image\":{\"@id\":\"https:\/\/www.xpaddleboards.com\/planche\/x-pink\/#primaryimage\"},\"thumbnailUrl\":\"https:\/\/www.xpaddleboards.com\/wp-content\/uploads\/2016\/05\/stand-up-paddle-pinkx.jpeg\",\"datePublished\":\"2016-05-05T04:26:46+00:00\",\"dateModified\":\"2026-03-26T09:32:24+00:00\",\"description\":\"Le Pink-X est un paddle gonflable super facile pour permettre \u00e0 vos enfants de s'amuser en toute s\u00e9curit\u00e9 sur la plage\",\"breadcrumb\":{\"@id\":\"https:\/\/www.xpaddleboards.com\/planche\/x-pink\/#breadcrumb\"},\"inLanguage\":\"en-GB\",\"potentialAction\":[{\"@type\":\"ReadAction\",\"target\":[\"https:\/\/www.xpaddleboards.com\/planche\/x-pink\/\"]}]},{\"@type\":\"ImageObject\",\"inLanguage\":\"en-GB\",\"@id\":\"https:\/\/www.xpaddleboards.com\/planche\/x-pink\/#primaryimage\",\"url\":\"https:\/\/www.xpaddleboards.com\/wp-content\/uploads\/2016\/05\/stand-up-paddle-pinkx.jpeg\",\"contentUrl\":\"https:\/\/www.xpaddleboards.com\/wp-content\/uploads\/2016\/05\/stand-up-paddle-pinkx.jpeg\",\"width\":1830,\"height\":1916},{\"@type\":\"BreadcrumbList\",\"@id\":\"https:\/\/www.xpaddleboards.com\/planche\/x-pink\/#breadcrumb\",\"itemListElement\":[{\"@type\":\"ListItem\",\"position\":1,\"name\":\"Accueil\",\"item\":\"https:\/\/www.xpaddleboards.com\/\"},{\"@type\":\"ListItem\",\"position\":2,\"name\":\"Nos planches\",\"item\":\"https:\/\/www.xpaddleboards.com\/planches\/\"},{\"@type\":\"ListItem\",\"position\":3,\"name\":\"Pink-X\"}]},{\"@type\":\"WebSite\",\"@id\":\"https:\/\/www.xpaddleboards.com\/#website\",\"url\":\"https:\/\/www.xpaddleboards.com\/\",\"name\":\"X Paddleboards\",\"description\":\"La nouvelle g\u00e9n\u00e9ration de SUP gonflable\",\"potentialAction\":[{\"@type\":\"SearchAction\",\"target\":{\"@type\":\"EntryPoint\",\"urlTemplate\":\"https:\/\/www.xpaddleboards.com\/?s={search_term_string}\"},\"query-input\":{\"@type\":\"PropertyValueSpecification\",\"valueRequired\":true,\"valueName\":\"search_term_string\"}}],\"inLanguage\":\"en-GB\"}]}<\/script>\n<!-- \/ Yoast SEO plugin. -->","yoast_head_json":{"title":"Pink-X : un sup gonflable id\u00e9al pour enfant","description":"Le Pink-X est un paddle gonflable super facile pour permettre \u00e0 vos enfants de s'amuser en toute s\u00e9curit\u00e9 sur la plage","robots":{"index":"index","follow":"follow","max-snippet":"max-snippet:-1","max-image-preview":"max-image-preview:large","max-video-preview":"max-video-preview:-1"},"canonical":"https:\/\/www.xpaddleboards.com\/en\/planche\/x-pink\/","og_locale":"en_GB","og_type":"article","og_title":"Pink-X : un sup gonflable id\u00e9al pour enfant","og_description":"Le Pink-X est un paddle gonflable super facile pour permettre \u00e0 vos enfants de s'amuser en toute s\u00e9curit\u00e9 sur la plage","og_url":"https:\/\/www.xpaddleboards.com\/en\/planche\/x-pink\/","og_site_name":"X Paddleboards","article_modified_time":"2026-03-26T09:32:24+00:00","og_image":[{"width":1830,"height":1916,"url":"https:\/\/www.xpaddleboards.com\/wp-content\/uploads\/2016\/05\/stand-up-paddle-pinkx.jpeg","type":"image\/jpeg"}],"twitter_card":"summary_large_image","twitter_misc":{"Estimated reading time":"2 minutes"},"schema":{"@context":"https:\/\/schema.org","@graph":[{"@type":"WebPage","@id":"https:\/\/www.xpaddleboards.com\/planche\/x-pink\/","url":"https:\/\/www.xpaddleboards.com\/planche\/x-pink\/","name":"Pink-X : un sup gonflable id\u00e9al pour enfant","isPartOf":{"@id":"https:\/\/www.xpaddleboards.com\/#website"},"primaryImageOfPage":{"@id":"https:\/\/www.xpaddleboards.com\/planche\/x-pink\/#primaryimage"},"image":{"@id":"https:\/\/www.xpaddleboards.com\/planche\/x-pink\/#primaryimage"},"thumbnailUrl":"https:\/\/www.xpaddleboards.com\/wp-content\/uploads\/2016\/05\/stand-up-paddle-pinkx.jpeg","datePublished":"2016-05-05T04:26:46+00:00","dateModified":"2026-03-26T09:32:24+00:00","description":"Le Pink-X est un paddle gonflable super facile pour permettre \u00e0 vos enfants de s'amuser en toute s\u00e9curit\u00e9 sur la plage","breadcrumb":{"@id":"https:\/\/www.xpaddleboards.com\/planche\/x-pink\/#breadcrumb"},"inLanguage":"en-GB","potentialAction":[{"@type":"ReadAction","target":["https:\/\/www.xpaddleboards.com\/planche\/x-pink\/"]}]},{"@type":"ImageObject","inLanguage":"en-GB","@id":"https:\/\/www.xpaddleboards.com\/planche\/x-pink\/#primaryimage","url":"https:\/\/www.xpaddleboards.com\/wp-content\/uploads\/2016\/05\/stand-up-paddle-pinkx.jpeg","contentUrl":"https:\/\/www.xpaddleboards.com\/wp-content\/uploads\/2016\/05\/stand-up-paddle-pinkx.jpeg","width":1830,"height":1916},{"@type":"BreadcrumbList","@id":"https:\/\/www.xpaddleboards.com\/planche\/x-pink\/#breadcrumb","itemListElement":[{"@type":"ListItem","position":1,"name":"Accueil","item":"https:\/\/www.xpaddleboards.com\/"},{"@type":"ListItem","position":2,"name":"Nos planches","item":"https:\/\/www.xpaddleboards.com\/planches\/"},{"@type":"ListItem","position":3,"name":"Pink-X"}]},{"@type":"WebSite","@id":"https:\/\/www.xpaddleboards.com\/#website","url":"https:\/\/www.xpaddleboards.com\/","name":"X Paddleboards","description":"La nouvelle g\u00e9n\u00e9ration de SUP gonflable","potentialAction":[{"@type":"SearchAction","target":{"@type":"EntryPoint","urlTemplate":"https:\/\/www.xpaddleboards.com\/?s={search_term_string}"},"query-input":{"@type":"PropertyValueSpecification","valueRequired":true,"valueName":"search_term_string"}}],"inLanguage":"en-GB"}]}},"_links":{"self":[{"href":"https:\/\/www.xpaddleboards.com\/en\/wp-json\/wp\/v2\/product\/202","targetHints":{"allow":["GET"]}}],"collection":[{"href":"https:\/\/www.xpaddleboards.com\/en\/wp-json\/wp\/v2\/product"}],"about":[{"href":"https:\/\/www.xpaddleboards.com\/en\/wp-json\/wp\/v2\/types\/product"}],"version-history":[{"count":13,"href":"https:\/\/www.xpaddleboards.com\/en\/wp-json\/wp\/v2\/product\/202\/revisions"}],"predecessor-version":[{"id":5910,"href":"https:\/\/www.xpaddleboards.com\/en\/wp-json\/wp\/v2\/product\/202\/revisions\/5910"}],"wp:featuredmedia":[{"embeddable":true,"href":"https:\/\/www.xpaddleboards.com\/en\/wp-json\/wp\/v2\/media\/4613"}],"wp:attachment":[{"href":"https:\/\/www.xpaddleboards.com\/en\/wp-json\/wp\/v2\/media?parent=202"}],"wp:term":[{"taxonomy":"brand","embeddable":true,"href":"https:\/\/www.xpaddleboards.com\/en\/wp-json\/wp\/v2\/etheme_brands?post=202"},{"taxonomy":"product_brand","embeddable":true,"href":"https:\/\/www.xpaddleboards.com\/en\/wp-json\/wp\/v2\/product_brand?post=202"},{"taxonomy":"product_cat","embeddable":true,"href":"https:\/\/www.xpaddleboards.com\/en\/wp-json\/wp\/v2\/product_cat?post=202"},{"taxonomy":"product_tag","embeddable":true,"href":"https:\/\/www.xpaddleboards.com\/en\/wp-json\/wp\/v2\/product_tag?post=202"}],"curies":[{"name":"wp","href":"https:\/\/api.w.org\/{rel}","templated":true}]}}