{"id":201,"date":"2016-05-05T06:26:21","date_gmt":"2016-05-05T04:26:21","guid":{"rendered":"https:\/\/xstore.8theme.com\/demos\/bike\/product\/vestibulum-dignissim-posuere\/"},"modified":"2026-03-26T10:33:24","modified_gmt":"2026-03-26T09:33:24","slug":"x-treme","status":"publish","type":"product","link":"https:\/\/www.xpaddleboards.com\/en\/planche\/x-treme\/","title":{"rendered":"X-Treme"},"content":{"rendered":"<div data-elementor-type=\"wp-post\" data-elementor-id=\"201\" class=\"elementor elementor-201\" data-elementor-post-type=\"product\">\n\t\t\t\t\t\t<section class=\"elementor-section elementor-top-section elementor-element elementor-element-767a2112 elementor-section-boxed elementor-section-height-default elementor-section-height-default\" data-id=\"767a2112\" data-element_type=\"section\">\n\t\t\t\t\t\t<div class=\"elementor-container elementor-column-gap-no\">\n\t\t\t\t\t<div class=\"elementor-column elementor-col-100 elementor-top-column elementor-element elementor-element-668a31e8\" data-id=\"668a31e8\" data-element_type=\"column\">\n\t\t\t<div class=\"elementor-widget-wrap elementor-element-populated\">\n\t\t\t\t\t\t<div class=\"elementor-element elementor-element-3a17e2e5 elementor-widget elementor-widget-text-editor\" data-id=\"3a17e2e5\" data-element_type=\"widget\" data-widget_type=\"text-editor.default\">\n\t\t\t\t<div class=\"elementor-widget-container\">\n\t\t\t\t\t\t\t\t\t<p><img fetchpriority=\"high\" decoding=\"async\" class=\"aligncenter wp-image-4046 size-full\" src=\"http:\/\/xpaddleboards.com\/wp-content\/uploads\/2022\/03\/1940x6000_paddle_01.png\" alt=\"\" width=\"1940\" height=\"6000\" srcset=\"https:\/\/www.xpaddleboards.com\/wp-content\/uploads\/2022\/03\/1940x6000_paddle_01.png 1940w, https:\/\/www.xpaddleboards.com\/wp-content\/uploads\/2022\/03\/1940x6000_paddle_01-500x1546.png 500w\" sizes=\"(max-width: 1940px) 100vw, 1940px\" \/><\/p><p>The X-treme is the X-Paddle Board brand's model with an aggressive, masculine and radical look. It has been developed to offer excellent performance to people who want to start or progress in stand up paddle.<\/p><h3><span style=\"color: #00ccff;\"><strong>Building<\/strong><\/span><\/h3><p>The Xtreme features a single skin construction with a high end drop-stitch based on the best standards in the industry. This construction combined with its 15cm thickness provides exemplary rigidity that allows it to accommodate all types of riders, makes it shock resistant and ensures you can keep this paddle for a long time without damaging it.<\/p><h3><span style=\"color: #00ccff; font-family: remover;\"><strong>Stability<\/strong><\/span><\/h3><p>The X-treme is very easy to handle for beginners and can support a weight of up to 140kg without any problem. Its generous volume ensures excellent buoyancy and stability. At 320cm long, it remains a versatile paddle that will turn in a handkerchief.<\/p><h3><span style=\"color: #00ccff;\"><strong>Glide\u00a0<\/strong><\/span><\/h3><p>The X-treme is a particularly rigid paddleboard with excellent glide. It starts with the first strokes of the paddle and allows you to cover kilometers without forcing. As comfortable on the lake as on the sea, this paddle is ideal for those who wish to improve their skills with an evolving paddle.<\/p><h3><span style=\"color: #00ccff;\">Conclusion<\/span><\/h3><p>The X-paddle Boards X-treme is a real success that will allow you to start without problems and will not slow you down over the years. It will allow to accompany the paddlers of all levels who like the sport, the ballade and the fun!<\/p><p>Included in the pack<\/p><ul><li>Paddleboard<\/li><li>3-parts paddle<\/li><li>Backpack<\/li><li>Leash<\/li><li>Repair Kit<\/li><\/ul>\t\t\t\t\t\t\t\t<\/div>\n\t\t\t\t<\/div>\n\t\t\t\t\t<\/div>\n\t\t<\/div>\n\t\t\t\t\t<\/div>\n\t\t<\/section>\n\t\t\t\t<\/div>","protected":false},"excerpt":{"rendered":"<h4>Pack paddle complet livr\u00e9 avec:<\/h4>\n<ul>\n<li>Paddleboard<\/li>\n<li>Paddle<\/li>\n<li>Leash<\/li>\n<li>Pump<\/li>\n<li>Backpack<\/li>\n<li>Repair kit<\/li>\n<\/ul>","protected":false},"featured_media":4575,"template":"","meta":[],"etheme_brands":[],"product_brand":[],"product_cat":[74,30],"product_tag":[],"class_list":{"0":"post-201","1":"product","2":"type-product","3":"status-publish","4":"has-post-thumbnail","6":"product_cat-les-paddles-gonflables","7":"product_cat-hommes","9":"first","10":"instock","11":"featured","12":"shipping-taxable","13":"purchasable","14":"product-type-simple"},"yoast_head":"<!-- This site is optimized with the Yoast SEO plugin v26.3 - https:\/\/yoast.com\/wordpress\/plugins\/seo\/ -->\n<title>X-Treme : Le paddle gonflable extreme<\/title>\n<meta name=\"description\" content=\"Best seller de la gamme X-PaddleBoards, le X-Treme est un sup gonflable facile d&#039;acc\u00e8s, performant et styl\u00e9. Sourire garanti \u00e0 son bord\" \/>\n<meta name=\"robots\" content=\"index, follow, max-snippet:-1, max-image-preview:large, max-video-preview:-1\" \/>\n<link rel=\"canonical\" href=\"https:\/\/www.xpaddleboards.com\/en\/planche\/x-treme\/\" \/>\n<meta property=\"og:locale\" content=\"en_GB\" \/>\n<meta property=\"og:type\" content=\"article\" \/>\n<meta property=\"og:title\" content=\"X-Treme : Le paddle gonflable extreme\" \/>\n<meta property=\"og:description\" content=\"Best seller de la gamme X-PaddleBoards, le X-Treme est un sup gonflable facile d&#039;acc\u00e8s, performant et styl\u00e9. Sourire garanti \u00e0 son bord\" \/>\n<meta property=\"og:url\" content=\"https:\/\/www.xpaddleboards.com\/en\/planche\/x-treme\/\" \/>\n<meta property=\"og:site_name\" content=\"X Paddleboards\" \/>\n<meta property=\"article:modified_time\" content=\"2026-03-26T09:33:24+00:00\" \/>\n<meta property=\"og:image\" content=\"https:\/\/www.xpaddleboards.com\/wp-content\/uploads\/2016\/05\/paddle-gonflable-x-treme-1.jpeg\" \/>\n\t<meta property=\"og:image:width\" content=\"1890\" \/>\n\t<meta property=\"og:image:height\" content=\"1914\" \/>\n\t<meta property=\"og:image:type\" content=\"image\/jpeg\" \/>\n<meta name=\"twitter:card\" content=\"summary_large_image\" \/>\n<meta name=\"twitter:label1\" content=\"Estimated reading time\" \/>\n\t<meta name=\"twitter:data1\" content=\"2 minutes\" \/>\n<script type=\"application\/ld+json\" class=\"yoast-schema-graph\">{\"@context\":\"https:\/\/schema.org\",\"@graph\":[{\"@type\":\"WebPage\",\"@id\":\"https:\/\/www.xpaddleboards.com\/planche\/x-treme\/\",\"url\":\"https:\/\/www.xpaddleboards.com\/planche\/x-treme\/\",\"name\":\"X-Treme : Le paddle gonflable extreme\",\"isPartOf\":{\"@id\":\"https:\/\/www.xpaddleboards.com\/#website\"},\"primaryImageOfPage\":{\"@id\":\"https:\/\/www.xpaddleboards.com\/planche\/x-treme\/#primaryimage\"},\"image\":{\"@id\":\"https:\/\/www.xpaddleboards.com\/planche\/x-treme\/#primaryimage\"},\"thumbnailUrl\":\"https:\/\/www.xpaddleboards.com\/wp-content\/uploads\/2016\/05\/paddle-gonflable-x-treme-1.jpeg\",\"datePublished\":\"2016-05-05T04:26:21+00:00\",\"dateModified\":\"2026-03-26T09:33:24+00:00\",\"description\":\"Best seller de la gamme X-PaddleBoards, le X-Treme est un sup gonflable facile d'acc\u00e8s, performant et styl\u00e9. Sourire garanti \u00e0 son bord\",\"breadcrumb\":{\"@id\":\"https:\/\/www.xpaddleboards.com\/planche\/x-treme\/#breadcrumb\"},\"inLanguage\":\"en-GB\",\"potentialAction\":[{\"@type\":\"ReadAction\",\"target\":[\"https:\/\/www.xpaddleboards.com\/planche\/x-treme\/\"]}]},{\"@type\":\"ImageObject\",\"inLanguage\":\"en-GB\",\"@id\":\"https:\/\/www.xpaddleboards.com\/planche\/x-treme\/#primaryimage\",\"url\":\"https:\/\/www.xpaddleboards.com\/wp-content\/uploads\/2016\/05\/paddle-gonflable-x-treme-1.jpeg\",\"contentUrl\":\"https:\/\/www.xpaddleboards.com\/wp-content\/uploads\/2016\/05\/paddle-gonflable-x-treme-1.jpeg\",\"width\":1890,\"height\":1914},{\"@type\":\"BreadcrumbList\",\"@id\":\"https:\/\/www.xpaddleboards.com\/planche\/x-treme\/#breadcrumb\",\"itemListElement\":[{\"@type\":\"ListItem\",\"position\":1,\"name\":\"Accueil\",\"item\":\"https:\/\/www.xpaddleboards.com\/\"},{\"@type\":\"ListItem\",\"position\":2,\"name\":\"Nos planches\",\"item\":\"https:\/\/www.xpaddleboards.com\/planches\/\"},{\"@type\":\"ListItem\",\"position\":3,\"name\":\"X-Treme\"}]},{\"@type\":\"WebSite\",\"@id\":\"https:\/\/www.xpaddleboards.com\/#website\",\"url\":\"https:\/\/www.xpaddleboards.com\/\",\"name\":\"X Paddleboards\",\"description\":\"La nouvelle g\u00e9n\u00e9ration de SUP gonflable\",\"potentialAction\":[{\"@type\":\"SearchAction\",\"target\":{\"@type\":\"EntryPoint\",\"urlTemplate\":\"https:\/\/www.xpaddleboards.com\/?s={search_term_string}\"},\"query-input\":{\"@type\":\"PropertyValueSpecification\",\"valueRequired\":true,\"valueName\":\"search_term_string\"}}],\"inLanguage\":\"en-GB\"}]}<\/script>\n<!-- \/ Yoast SEO plugin. -->","yoast_head_json":{"title":"X-Treme : Le paddle gonflable extreme","description":"Best seller de la gamme X-PaddleBoards, le X-Treme est un sup gonflable facile d'acc\u00e8s, performant et styl\u00e9. Sourire garanti \u00e0 son bord","robots":{"index":"index","follow":"follow","max-snippet":"max-snippet:-1","max-image-preview":"max-image-preview:large","max-video-preview":"max-video-preview:-1"},"canonical":"https:\/\/www.xpaddleboards.com\/en\/planche\/x-treme\/","og_locale":"en_GB","og_type":"article","og_title":"X-Treme : Le paddle gonflable extreme","og_description":"Best seller de la gamme X-PaddleBoards, le X-Treme est un sup gonflable facile d'acc\u00e8s, performant et styl\u00e9. Sourire garanti \u00e0 son bord","og_url":"https:\/\/www.xpaddleboards.com\/en\/planche\/x-treme\/","og_site_name":"X Paddleboards","article_modified_time":"2026-03-26T09:33:24+00:00","og_image":[{"width":1890,"height":1914,"url":"https:\/\/www.xpaddleboards.com\/wp-content\/uploads\/2016\/05\/paddle-gonflable-x-treme-1.jpeg","type":"image\/jpeg"}],"twitter_card":"summary_large_image","twitter_misc":{"Estimated reading time":"2 minutes"},"schema":{"@context":"https:\/\/schema.org","@graph":[{"@type":"WebPage","@id":"https:\/\/www.xpaddleboards.com\/planche\/x-treme\/","url":"https:\/\/www.xpaddleboards.com\/planche\/x-treme\/","name":"X-Treme : Le paddle gonflable extreme","isPartOf":{"@id":"https:\/\/www.xpaddleboards.com\/#website"},"primaryImageOfPage":{"@id":"https:\/\/www.xpaddleboards.com\/planche\/x-treme\/#primaryimage"},"image":{"@id":"https:\/\/www.xpaddleboards.com\/planche\/x-treme\/#primaryimage"},"thumbnailUrl":"https:\/\/www.xpaddleboards.com\/wp-content\/uploads\/2016\/05\/paddle-gonflable-x-treme-1.jpeg","datePublished":"2016-05-05T04:26:21+00:00","dateModified":"2026-03-26T09:33:24+00:00","description":"Best seller de la gamme X-PaddleBoards, le X-Treme est un sup gonflable facile d'acc\u00e8s, performant et styl\u00e9. Sourire garanti \u00e0 son bord","breadcrumb":{"@id":"https:\/\/www.xpaddleboards.com\/planche\/x-treme\/#breadcrumb"},"inLanguage":"en-GB","potentialAction":[{"@type":"ReadAction","target":["https:\/\/www.xpaddleboards.com\/planche\/x-treme\/"]}]},{"@type":"ImageObject","inLanguage":"en-GB","@id":"https:\/\/www.xpaddleboards.com\/planche\/x-treme\/#primaryimage","url":"https:\/\/www.xpaddleboards.com\/wp-content\/uploads\/2016\/05\/paddle-gonflable-x-treme-1.jpeg","contentUrl":"https:\/\/www.xpaddleboards.com\/wp-content\/uploads\/2016\/05\/paddle-gonflable-x-treme-1.jpeg","width":1890,"height":1914},{"@type":"BreadcrumbList","@id":"https:\/\/www.xpaddleboards.com\/planche\/x-treme\/#breadcrumb","itemListElement":[{"@type":"ListItem","position":1,"name":"Accueil","item":"https:\/\/www.xpaddleboards.com\/"},{"@type":"ListItem","position":2,"name":"Nos planches","item":"https:\/\/www.xpaddleboards.com\/planches\/"},{"@type":"ListItem","position":3,"name":"X-Treme"}]},{"@type":"WebSite","@id":"https:\/\/www.xpaddleboards.com\/#website","url":"https:\/\/www.xpaddleboards.com\/","name":"X Paddleboards","description":"La nouvelle g\u00e9n\u00e9ration de SUP gonflable","potentialAction":[{"@type":"SearchAction","target":{"@type":"EntryPoint","urlTemplate":"https:\/\/www.xpaddleboards.com\/?s={search_term_string}"},"query-input":{"@type":"PropertyValueSpecification","valueRequired":true,"valueName":"search_term_string"}}],"inLanguage":"en-GB"}]}},"_links":{"self":[{"href":"https:\/\/www.xpaddleboards.com\/en\/wp-json\/wp\/v2\/product\/201","targetHints":{"allow":["GET"]}}],"collection":[{"href":"https:\/\/www.xpaddleboards.com\/en\/wp-json\/wp\/v2\/product"}],"about":[{"href":"https:\/\/www.xpaddleboards.com\/en\/wp-json\/wp\/v2\/types\/product"}],"version-history":[{"count":8,"href":"https:\/\/www.xpaddleboards.com\/en\/wp-json\/wp\/v2\/product\/201\/revisions"}],"predecessor-version":[{"id":5282,"href":"https:\/\/www.xpaddleboards.com\/en\/wp-json\/wp\/v2\/product\/201\/revisions\/5282"}],"wp:featuredmedia":[{"embeddable":true,"href":"https:\/\/www.xpaddleboards.com\/en\/wp-json\/wp\/v2\/media\/4575"}],"wp:attachment":[{"href":"https:\/\/www.xpaddleboards.com\/en\/wp-json\/wp\/v2\/media?parent=201"}],"wp:term":[{"taxonomy":"brand","embeddable":true,"href":"https:\/\/www.xpaddleboards.com\/en\/wp-json\/wp\/v2\/etheme_brands?post=201"},{"taxonomy":"product_brand","embeddable":true,"href":"https:\/\/www.xpaddleboards.com\/en\/wp-json\/wp\/v2\/product_brand?post=201"},{"taxonomy":"product_cat","embeddable":true,"href":"https:\/\/www.xpaddleboards.com\/en\/wp-json\/wp\/v2\/product_cat?post=201"},{"taxonomy":"product_tag","embeddable":true,"href":"https:\/\/www.xpaddleboards.com\/en\/wp-json\/wp\/v2\/product_tag?post=201"}],"curies":[{"name":"wp","href":"https:\/\/api.w.org\/{rel}","templated":true}]}}