{"id":200,"date":"2016-05-05T06:25:48","date_gmt":"2016-05-05T04:25:48","guid":{"rendered":"https:\/\/xstore.8theme.com\/demos\/bike\/product\/curae-parturient-aenean\/"},"modified":"2025-10-02T14:44:53","modified_gmt":"2025-10-02T12:44:53","slug":"e-shark","status":"publish","type":"product","link":"https:\/\/www.xpaddleboards.com\/en\/planche\/e-shark\/","title":{"rendered":"E-shark"},"content":{"rendered":"<div data-elementor-type=\"wp-post\" data-elementor-id=\"200\" class=\"elementor elementor-200\" data-elementor-post-type=\"product\">\n\t\t\t\t\t\t<section class=\"elementor-section elementor-top-section elementor-element elementor-element-1339a588 elementor-section-boxed elementor-section-height-default elementor-section-height-default\" data-id=\"1339a588\" data-element_type=\"section\">\n\t\t\t\t\t\t<div class=\"elementor-container elementor-column-gap-no\">\n\t\t\t\t\t<div class=\"elementor-column elementor-col-100 elementor-top-column elementor-element elementor-element-40b4aaf7\" data-id=\"40b4aaf7\" data-element_type=\"column\">\n\t\t\t<div class=\"elementor-widget-wrap elementor-element-populated\">\n\t\t\t\t\t\t<div class=\"elementor-element elementor-element-8d78da3 elementor-widget elementor-widget-video\" data-id=\"8d78da3\" data-element_type=\"widget\" data-settings=\"{&quot;youtube_url&quot;:&quot;https:\\\/\\\/www.youtube.com\\\/watch?v=E5SE81M58PE&quot;,&quot;video_type&quot;:&quot;youtube&quot;,&quot;controls&quot;:&quot;yes&quot;}\" data-widget_type=\"video.default\">\n\t\t\t\t<div class=\"elementor-widget-container\">\n\t\t\t\t\t\t\t<div class=\"elementor-wrapper elementor-open-inline\">\n\t\t\t<div class=\"elementor-video\"><\/div>\t\t<\/div>\n\t\t\t\t\t\t<\/div>\n\t\t\t\t<\/div>\n\t\t\t\t<div class=\"elementor-element elementor-element-4d079820 elementor-widget elementor-widget-text-editor\" data-id=\"4d079820\" data-element_type=\"widget\" data-widget_type=\"text-editor.default\">\n\t\t\t\t<div class=\"elementor-widget-container\">\n\t\t\t\t\t\t\t\t\t<div class=\"tab-panels\"><div id=\"tab-description\" class=\"woocommerce-Tabs-panel woocommerce-Tabs-panel--description panel entry-content active\" role=\"tabpanel\" aria-labelledby=\"tab-title-description\"><p><img fetchpriority=\"high\" decoding=\"async\" class=\"alignnone wp-image-4872 size-full\" src=\"http:\/\/www.xpaddleboards.com\/wp-content\/uploads\/2022\/11\/Preview_1080_05.png\" alt=\"\" width=\"1080\" height=\"3340\" srcset=\"https:\/\/www.xpaddleboards.com\/wp-content\/uploads\/2022\/11\/Preview_1080_05.png 1080w, https:\/\/www.xpaddleboards.com\/wp-content\/uploads\/2022\/11\/Preview_1080_05-500x1546.png 500w, https:\/\/www.xpaddleboards.com\/wp-content\/uploads\/2022\/11\/Preview_1080_05-259x800.png 259w, https:\/\/www.xpaddleboards.com\/wp-content\/uploads\/2022\/11\/Preview_1080_05-647x2000.png 647w, https:\/\/www.xpaddleboards.com\/wp-content\/uploads\/2022\/11\/Preview_1080_05-768x2375.png 768w, https:\/\/www.xpaddleboards.com\/wp-content\/uploads\/2022\/11\/Preview_1080_05-497x1536.png 497w, https:\/\/www.xpaddleboards.com\/wp-content\/uploads\/2022\/11\/Preview_1080_05-662x2048.png 662w, https:\/\/www.xpaddleboards.com\/wp-content\/uploads\/2022\/11\/Preview_1080_05-4x12.png 4w, https:\/\/www.xpaddleboards.com\/wp-content\/uploads\/2022\/11\/Preview_1080_05-2x6.png 2w, https:\/\/www.xpaddleboards.com\/wp-content\/uploads\/2022\/11\/Preview_1080_05-3x10.png 3w\" sizes=\"(max-width: 1080px) 100vw, 1080px\" \/><\/p><p>\u00a0<\/p><p>\u00a0<\/p><p><strong>La version \u00e9lectrique en pack complet de notre X-SHARK, livr\u00e9 avec:\u00a0<\/strong><\/p><ul><li>Aileron propulseur<\/li><li>Batterie Lithium 12 A \u00e9tanche<\/li><li>Leash de s\u00e9curit\u00e9\u00a0<\/li><li>Sangles<\/li><li>Chargeur<\/li><\/ul><p><b>Description<\/b><strong>:<\/strong><\/p><ul><li>Temps de charge: 6 h<\/li><li>Puissance moteur: 350 W<\/li><li>Voltage: 36v<\/li><li>4 vitesses<\/li><\/ul><p><strong>Vitesses:<\/strong><\/p><p><strong>Vitesse 1<\/strong>:\u00a0 0,8m\/s ou 2,9 km\/h. ( autonomie de 10h)<\/p><p><strong>Vitesse 2<\/strong>:\u00a0 1,3m\/s ou 4,6 km\/h (autonomie 4h )<\/p><p><strong>Vitesse 3<\/strong>:\u00a0 2m\/ s ou 6,9 km\/h ( autonomie 2 h )<\/p><p><strong>Vitesse 4<\/strong>:\u00a0 2,3m\/s ou 8km\/h (autonomie 1h30)<\/p><\/div><hr \/><\/div><p>\u00a0<\/p><p>\u00a0<\/p><div class=\"tab-panels\"><div id=\"tab-description\" class=\"woocommerce-Tabs-panel woocommerce-Tabs-panel--description panel entry-content active\" role=\"tabpanel\" aria-labelledby=\"tab-title-description\"><p>The X-shark is the flagship model of the X-paddleboards brand: a look which does not leave indifferent, performances and a high level construction made the recipe of success of this board.<\/p><h3><strong>Accesibility<\/strong><\/h3><p>The X-Shark is a very stable paddleboard perfectly adapted to beginners who wish to get their first taste of paddling as well as to experienced paddlers who want a paddle that goes everywhere and is efficient on all types of water.<\/p><p>They are suitable for all sizes up to 140kg and ensure that you can start paddling without any problem, regardless of your age, your physical condition or your level<\/p><h3><strong>Building<\/strong><\/h3><p>The X-Shark is built with the highest standards in the industry and offers exemplary high-end drop-stitch construction.<\/p><p>This construction gives it a high level of resistance to impact, sunlight and ensures that you can use it for many years.<\/p><p>Its high definition digital printing assures you an exceptional rendering on the water and on land.<\/p><h3><strong>Glide<\/strong><\/h3><p>The X-Shark was developed to provide maximum feel and excellent glide so you can paddle for hours and cover long distances without straining.<\/p><h3><strong>Equipment<\/strong><\/h3><p>The X-shark is sold with a complete set of equipment that fits in a backpack and is ready to sail<\/p><p>Include<\/p><ul><li>Paddleboard<\/li><li>Kit \u00e9lectrique<\/li><li>Paddle<\/li><li>Pump<\/li><li>Backpack<\/li><li>Leash<\/li><li>Kit de r\u00e9paratio<\/li><\/ul><\/div><\/div>\t\t\t\t\t\t\t\t<\/div>\n\t\t\t\t<\/div>\n\t\t\t\t\t<\/div>\n\t\t<\/div>\n\t\t\t\t\t<\/div>\n\t\t<\/section>\n\t\t\t\t<\/div>","protected":false},"excerpt":{"rendered":"<h4>Pack pr\u00eat \u00e0 naviguer comprenant:<\/h4>\n<ul>\n<li>Paddleboard<\/li>\n<li>Kit \u00e9lectrique<\/li>\n<li>Paddle<\/li>\n<li>Leash<\/li>\n<li>Pump<\/li>\n<li>Backpack<\/li>\n<li>Repair kit<\/li>\n<\/ul>","protected":false},"featured_media":5450,"template":"","meta":[],"etheme_brands":[],"product_brand":[],"product_cat":[73],"product_tag":[],"class_list":{"0":"post-200","1":"product","2":"type-product","3":"status-publish","4":"has-post-thumbnail","6":"product_cat-e-sup","8":"first","9":"instock","10":"shipping-taxable","11":"purchasable","12":"product-type-simple"},"yoast_head":"<!-- This site is optimized with the Yoast SEO plugin v26.3 - https:\/\/yoast.com\/wordpress\/plugins\/seo\/ -->\n<title>E-shark : le paddle au look ravageur<\/title>\n<meta name=\"description\" content=\"Vous r\u00eaviez d&#039;un paddle gonflable styl\u00e9 ? X-PaddleBoards a cr\u00e9e le X-Shark ! Un sup facile et performant pour s&#039;amuser tout l&#039;\u00e9t\u00e9.\" \/>\n<meta name=\"robots\" content=\"index, follow, max-snippet:-1, max-image-preview:large, max-video-preview:-1\" \/>\n<link rel=\"canonical\" href=\"https:\/\/www.xpaddleboards.com\/en\/planche\/e-shark\/\" \/>\n<meta property=\"og:locale\" content=\"en_GB\" \/>\n<meta property=\"og:type\" content=\"article\" \/>\n<meta property=\"og:title\" content=\"E-shark : le paddle au look ravageur\" \/>\n<meta property=\"og:description\" content=\"Vous r\u00eaviez d&#039;un paddle gonflable styl\u00e9 ? X-PaddleBoards a cr\u00e9e le X-Shark ! Un sup facile et performant pour s&#039;amuser tout l&#039;\u00e9t\u00e9.\" \/>\n<meta property=\"og:url\" content=\"https:\/\/www.xpaddleboards.com\/en\/planche\/e-shark\/\" \/>\n<meta property=\"og:site_name\" content=\"X Paddleboards\" \/>\n<meta property=\"article:modified_time\" content=\"2025-10-02T12:44:53+00:00\" \/>\n<meta property=\"og:image\" content=\"https:\/\/www.xpaddleboards.com\/wp-content\/uploads\/2016\/05\/Xpaddleboards-photos.png\" \/>\n\t<meta property=\"og:image:width\" content=\"950\" \/>\n\t<meta property=\"og:image:height\" content=\"1200\" \/>\n\t<meta property=\"og:image:type\" content=\"image\/png\" \/>\n<meta name=\"twitter:card\" content=\"summary_large_image\" \/>\n<meta name=\"twitter:label1\" content=\"Estimated reading time\" \/>\n\t<meta name=\"twitter:data1\" content=\"2 minutes\" \/>\n<script type=\"application\/ld+json\" class=\"yoast-schema-graph\">{\"@context\":\"https:\/\/schema.org\",\"@graph\":[{\"@type\":\"WebPage\",\"@id\":\"https:\/\/www.xpaddleboards.com\/planche\/e-shark\/\",\"url\":\"https:\/\/www.xpaddleboards.com\/planche\/e-shark\/\",\"name\":\"E-shark : le paddle au look ravageur\",\"isPartOf\":{\"@id\":\"https:\/\/www.xpaddleboards.com\/#website\"},\"primaryImageOfPage\":{\"@id\":\"https:\/\/www.xpaddleboards.com\/planche\/e-shark\/#primaryimage\"},\"image\":{\"@id\":\"https:\/\/www.xpaddleboards.com\/planche\/e-shark\/#primaryimage\"},\"thumbnailUrl\":\"https:\/\/www.xpaddleboards.com\/wp-content\/uploads\/2016\/05\/Xpaddleboards-photos.png\",\"datePublished\":\"2016-05-05T04:25:48+00:00\",\"dateModified\":\"2025-10-02T12:44:53+00:00\",\"description\":\"Vous r\u00eaviez d'un paddle gonflable styl\u00e9 ? X-PaddleBoards a cr\u00e9e le X-Shark ! Un sup facile et performant pour s'amuser tout l'\u00e9t\u00e9.\",\"breadcrumb\":{\"@id\":\"https:\/\/www.xpaddleboards.com\/planche\/e-shark\/#breadcrumb\"},\"inLanguage\":\"en-GB\",\"potentialAction\":[{\"@type\":\"ReadAction\",\"target\":[\"https:\/\/www.xpaddleboards.com\/planche\/e-shark\/\"]}]},{\"@type\":\"ImageObject\",\"inLanguage\":\"en-GB\",\"@id\":\"https:\/\/www.xpaddleboards.com\/planche\/e-shark\/#primaryimage\",\"url\":\"https:\/\/www.xpaddleboards.com\/wp-content\/uploads\/2016\/05\/Xpaddleboards-photos.png\",\"contentUrl\":\"https:\/\/www.xpaddleboards.com\/wp-content\/uploads\/2016\/05\/Xpaddleboards-photos.png\",\"width\":950,\"height\":1200},{\"@type\":\"BreadcrumbList\",\"@id\":\"https:\/\/www.xpaddleboards.com\/planche\/e-shark\/#breadcrumb\",\"itemListElement\":[{\"@type\":\"ListItem\",\"position\":1,\"name\":\"Accueil\",\"item\":\"https:\/\/www.xpaddleboards.com\/\"},{\"@type\":\"ListItem\",\"position\":2,\"name\":\"Nos planches\",\"item\":\"https:\/\/www.xpaddleboards.com\/planches\/\"},{\"@type\":\"ListItem\",\"position\":3,\"name\":\"E-shark\"}]},{\"@type\":\"WebSite\",\"@id\":\"https:\/\/www.xpaddleboards.com\/#website\",\"url\":\"https:\/\/www.xpaddleboards.com\/\",\"name\":\"X Paddleboards\",\"description\":\"La nouvelle g\u00e9n\u00e9ration de SUP gonflable\",\"potentialAction\":[{\"@type\":\"SearchAction\",\"target\":{\"@type\":\"EntryPoint\",\"urlTemplate\":\"https:\/\/www.xpaddleboards.com\/?s={search_term_string}\"},\"query-input\":{\"@type\":\"PropertyValueSpecification\",\"valueRequired\":true,\"valueName\":\"search_term_string\"}}],\"inLanguage\":\"en-GB\"}]}<\/script>\n<!-- \/ Yoast SEO plugin. -->","yoast_head_json":{"title":"E-shark : le paddle au look ravageur","description":"Vous r\u00eaviez d'un paddle gonflable styl\u00e9 ? X-PaddleBoards a cr\u00e9e le X-Shark ! Un sup facile et performant pour s'amuser tout l'\u00e9t\u00e9.","robots":{"index":"index","follow":"follow","max-snippet":"max-snippet:-1","max-image-preview":"max-image-preview:large","max-video-preview":"max-video-preview:-1"},"canonical":"https:\/\/www.xpaddleboards.com\/en\/planche\/e-shark\/","og_locale":"en_GB","og_type":"article","og_title":"E-shark : le paddle au look ravageur","og_description":"Vous r\u00eaviez d'un paddle gonflable styl\u00e9 ? X-PaddleBoards a cr\u00e9e le X-Shark ! Un sup facile et performant pour s'amuser tout l'\u00e9t\u00e9.","og_url":"https:\/\/www.xpaddleboards.com\/en\/planche\/e-shark\/","og_site_name":"X Paddleboards","article_modified_time":"2025-10-02T12:44:53+00:00","og_image":[{"width":950,"height":1200,"url":"https:\/\/www.xpaddleboards.com\/wp-content\/uploads\/2016\/05\/Xpaddleboards-photos.png","type":"image\/png"}],"twitter_card":"summary_large_image","twitter_misc":{"Estimated reading time":"2 minutes"},"schema":{"@context":"https:\/\/schema.org","@graph":[{"@type":"WebPage","@id":"https:\/\/www.xpaddleboards.com\/planche\/e-shark\/","url":"https:\/\/www.xpaddleboards.com\/planche\/e-shark\/","name":"E-shark : le paddle au look ravageur","isPartOf":{"@id":"https:\/\/www.xpaddleboards.com\/#website"},"primaryImageOfPage":{"@id":"https:\/\/www.xpaddleboards.com\/planche\/e-shark\/#primaryimage"},"image":{"@id":"https:\/\/www.xpaddleboards.com\/planche\/e-shark\/#primaryimage"},"thumbnailUrl":"https:\/\/www.xpaddleboards.com\/wp-content\/uploads\/2016\/05\/Xpaddleboards-photos.png","datePublished":"2016-05-05T04:25:48+00:00","dateModified":"2025-10-02T12:44:53+00:00","description":"Vous r\u00eaviez d'un paddle gonflable styl\u00e9 ? X-PaddleBoards a cr\u00e9e le X-Shark ! Un sup facile et performant pour s'amuser tout l'\u00e9t\u00e9.","breadcrumb":{"@id":"https:\/\/www.xpaddleboards.com\/planche\/e-shark\/#breadcrumb"},"inLanguage":"en-GB","potentialAction":[{"@type":"ReadAction","target":["https:\/\/www.xpaddleboards.com\/planche\/e-shark\/"]}]},{"@type":"ImageObject","inLanguage":"en-GB","@id":"https:\/\/www.xpaddleboards.com\/planche\/e-shark\/#primaryimage","url":"https:\/\/www.xpaddleboards.com\/wp-content\/uploads\/2016\/05\/Xpaddleboards-photos.png","contentUrl":"https:\/\/www.xpaddleboards.com\/wp-content\/uploads\/2016\/05\/Xpaddleboards-photos.png","width":950,"height":1200},{"@type":"BreadcrumbList","@id":"https:\/\/www.xpaddleboards.com\/planche\/e-shark\/#breadcrumb","itemListElement":[{"@type":"ListItem","position":1,"name":"Accueil","item":"https:\/\/www.xpaddleboards.com\/"},{"@type":"ListItem","position":2,"name":"Nos planches","item":"https:\/\/www.xpaddleboards.com\/planches\/"},{"@type":"ListItem","position":3,"name":"E-shark"}]},{"@type":"WebSite","@id":"https:\/\/www.xpaddleboards.com\/#website","url":"https:\/\/www.xpaddleboards.com\/","name":"X Paddleboards","description":"La nouvelle g\u00e9n\u00e9ration de SUP gonflable","potentialAction":[{"@type":"SearchAction","target":{"@type":"EntryPoint","urlTemplate":"https:\/\/www.xpaddleboards.com\/?s={search_term_string}"},"query-input":{"@type":"PropertyValueSpecification","valueRequired":true,"valueName":"search_term_string"}}],"inLanguage":"en-GB"}]}},"_links":{"self":[{"href":"https:\/\/www.xpaddleboards.com\/en\/wp-json\/wp\/v2\/product\/200","targetHints":{"allow":["GET"]}}],"collection":[{"href":"https:\/\/www.xpaddleboards.com\/en\/wp-json\/wp\/v2\/product"}],"about":[{"href":"https:\/\/www.xpaddleboards.com\/en\/wp-json\/wp\/v2\/types\/product"}],"version-history":[{"count":29,"href":"https:\/\/www.xpaddleboards.com\/en\/wp-json\/wp\/v2\/product\/200\/revisions"}],"predecessor-version":[{"id":5551,"href":"https:\/\/www.xpaddleboards.com\/en\/wp-json\/wp\/v2\/product\/200\/revisions\/5551"}],"wp:featuredmedia":[{"embeddable":true,"href":"https:\/\/www.xpaddleboards.com\/en\/wp-json\/wp\/v2\/media\/5450"}],"wp:attachment":[{"href":"https:\/\/www.xpaddleboards.com\/en\/wp-json\/wp\/v2\/media?parent=200"}],"wp:term":[{"taxonomy":"brand","embeddable":true,"href":"https:\/\/www.xpaddleboards.com\/en\/wp-json\/wp\/v2\/etheme_brands?post=200"},{"taxonomy":"product_brand","embeddable":true,"href":"https:\/\/www.xpaddleboards.com\/en\/wp-json\/wp\/v2\/product_brand?post=200"},{"taxonomy":"product_cat","embeddable":true,"href":"https:\/\/www.xpaddleboards.com\/en\/wp-json\/wp\/v2\/product_cat?post=200"},{"taxonomy":"product_tag","embeddable":true,"href":"https:\/\/www.xpaddleboards.com\/en\/wp-json\/wp\/v2\/product_tag?post=200"}],"curies":[{"name":"wp","href":"https:\/\/api.w.org\/{rel}","templated":true}]}}