{"id":199,"date":"2016-05-05T06:24:24","date_gmt":"2016-05-05T04:24:24","guid":{"rendered":"https:\/\/xstore.8theme.com\/demos\/bike\/product\/quisque-augue-est-convallis\/"},"modified":"2026-03-26T10:35:36","modified_gmt":"2026-03-26T09:35:36","slug":"x-flamingo","status":"publish","type":"product","link":"https:\/\/www.xpaddleboards.com\/en\/planche\/x-flamingo\/","title":{"rendered":"X-Flamingo"},"content":{"rendered":"<div data-elementor-type=\"wp-post\" data-elementor-id=\"199\" class=\"elementor elementor-199\" data-elementor-post-type=\"product\">\n\t\t\t\t\t\t<section class=\"elementor-section elementor-top-section elementor-element elementor-element-bdbe2ca elementor-section-boxed elementor-section-height-default elementor-section-height-default\" data-id=\"bdbe2ca\" data-element_type=\"section\">\n\t\t\t\t\t\t<div class=\"elementor-container elementor-column-gap-no\">\n\t\t\t\t\t<div class=\"elementor-column elementor-col-100 elementor-top-column elementor-element elementor-element-72f6674d\" data-id=\"72f6674d\" data-element_type=\"column\">\n\t\t\t<div class=\"elementor-widget-wrap elementor-element-populated\">\n\t\t\t\t\t\t<div class=\"elementor-element elementor-element-7541f00f elementor-widget elementor-widget-text-editor\" data-id=\"7541f00f\" data-element_type=\"widget\" data-widget_type=\"text-editor.default\">\n\t\t\t\t<div class=\"elementor-widget-container\">\n\t\t\t\t\t\t\t\t\t<p>\u00a0<\/p><p><img fetchpriority=\"high\" decoding=\"async\" class=\"aligncenter wp-image-4065 size-full\" src=\"http:\/\/xpaddleboards.com\/wp-content\/uploads\/2022\/03\/1940x6000_paddle_04-1.png\" alt=\"\" width=\"1940\" height=\"6000\" srcset=\"https:\/\/www.xpaddleboards.com\/wp-content\/uploads\/2022\/03\/1940x6000_paddle_04-1.png 1940w, https:\/\/www.xpaddleboards.com\/wp-content\/uploads\/2022\/03\/1940x6000_paddle_04-1-500x1546.png 500w, https:\/\/www.xpaddleboards.com\/wp-content\/uploads\/2022\/03\/1940x6000_paddle_04-1-259x800.png 259w, https:\/\/www.xpaddleboards.com\/wp-content\/uploads\/2022\/03\/1940x6000_paddle_04-1-331x1024.png 331w, https:\/\/www.xpaddleboards.com\/wp-content\/uploads\/2022\/03\/1940x6000_paddle_04-1-768x2375.png 768w, https:\/\/www.xpaddleboards.com\/wp-content\/uploads\/2022\/03\/1940x6000_paddle_04-1-497x1536.png 497w, https:\/\/www.xpaddleboards.com\/wp-content\/uploads\/2022\/03\/1940x6000_paddle_04-1-662x2048.png 662w, https:\/\/www.xpaddleboards.com\/wp-content\/uploads\/2022\/03\/1940x6000_paddle_04-1-2x6.png 2w, https:\/\/www.xpaddleboards.com\/wp-content\/uploads\/2022\/03\/1940x6000_paddle_04-1-3x10.png 3w\" sizes=\"(max-width: 1940px) 100vw, 1940px\" \/><\/p><p>The X-Flamingo is the flagship paddleboard of the X-Paddleboards brand specially developed for women. This paddle has been thought, designed and developed to allow women to have maximum pleasure on a paddle board, whether they are beginners or already experienced.<\/p><h3><strong>Design<\/strong><\/h3><p>With its ravaging and artistic look, the X-Flamingo leaves no one indifferent on the beach as well as on the water. Inspired by a jungle trend, it is probably one of the most beautiful paddles for women that we have had in our hands.<\/p><h3><strong>Building<\/strong><\/h3><p>The X-Flamingo is built to the highest industry standards with high quality drop stitch for outstanding rigidity. Combined with its 15cm thickness, this paddle will be usable by all sizes and on all types of water.<\/p><h3><strong>Glide<\/strong><\/h3><p>X Paddleboards has made its reputation on exceptional gliding quality that allow you to evolve with great ease on the water. The X-Flamingo is no exception to the rule<\/p><h3><strong>Stability<\/strong><\/h3><p>At 15cm thick, 32\u2033 wide and 10'2 long, the X-Flamingo has a decent amount of volume that will allow any woman to get started with ease, even those who are less comfortable with water sports.<\/p><p>Ready to paddling pack delivered with:<\/p><ul><li>Paddleboard<\/li><li>Paddle<\/li><li>Leash<\/li><li>Pump<\/li><li>Backpack<\/li><li>Repair kit<\/li><\/ul>\t\t\t\t\t\t\t\t<\/div>\n\t\t\t\t<\/div>\n\t\t\t\t\t<\/div>\n\t\t<\/div>\n\t\t\t\t\t<\/div>\n\t\t<\/section>\n\t\t\t\t<\/div>","protected":false},"excerpt":{"rendered":"<h4>Pack pr\u00eat \u00e0 naviguer comprenant:<\/h4>\n<ul>\n<li>Paddleboard<\/li>\n<li>Paddle<\/li>\n<li>Leash<\/li>\n<li>Pump<\/li>\n<li>Backpack<\/li>\n<li>Repair kit<\/li>\n<\/ul>","protected":false},"featured_media":4617,"template":"","meta":[],"etheme_brands":[],"product_brand":[],"product_cat":[74,41],"product_tag":[],"class_list":{"0":"post-199","1":"product","2":"type-product","3":"status-publish","4":"has-post-thumbnail","6":"product_cat-les-paddles-gonflables","7":"product_cat-femmes","9":"first","10":"instock","11":"featured","12":"shipping-taxable","13":"purchasable","14":"product-type-simple"},"yoast_head":"<!-- This site is optimized with the Yoast SEO plugin v26.3 - https:\/\/yoast.com\/wordpress\/plugins\/seo\/ -->\n<title>X-Flamingo : le paddle gonflable au f\u00e9minin<\/title>\n<meta name=\"description\" content=\"Sp\u00e9cialement \u00e9tudi\u00e9 pour vous mesdames, le X-Flamingo est un SUP gonflable facile \u00e0 prendre en main et tr\u00e8s l\u00e9ger.\" \/>\n<meta name=\"robots\" content=\"index, follow, max-snippet:-1, max-image-preview:large, max-video-preview:-1\" \/>\n<link rel=\"canonical\" href=\"https:\/\/www.xpaddleboards.com\/en\/planche\/x-flamingo\/\" \/>\n<meta property=\"og:locale\" content=\"en_GB\" \/>\n<meta property=\"og:type\" content=\"article\" \/>\n<meta property=\"og:title\" content=\"X-Flamingo : le paddle gonflable au f\u00e9minin\" \/>\n<meta property=\"og:description\" content=\"Sp\u00e9cialement \u00e9tudi\u00e9 pour vous mesdames, le X-Flamingo est un SUP gonflable facile \u00e0 prendre en main et tr\u00e8s l\u00e9ger.\" \/>\n<meta property=\"og:url\" content=\"https:\/\/www.xpaddleboards.com\/en\/planche\/x-flamingo\/\" \/>\n<meta property=\"og:site_name\" content=\"X Paddleboards\" \/>\n<meta property=\"article:modified_time\" content=\"2026-03-26T09:35:36+00:00\" \/>\n<meta property=\"og:image\" content=\"https:\/\/www.xpaddleboards.com\/wp-content\/uploads\/2016\/05\/stand-up-paddle-gonflable-femme-flamingo-1.jpeg\" \/>\n\t<meta property=\"og:image:width\" content=\"1830\" \/>\n\t<meta property=\"og:image:height\" content=\"1916\" \/>\n\t<meta property=\"og:image:type\" content=\"image\/jpeg\" \/>\n<meta name=\"twitter:card\" content=\"summary_large_image\" \/>\n<meta name=\"twitter:label1\" content=\"Estimated reading time\" \/>\n\t<meta name=\"twitter:data1\" content=\"2 minutes\" \/>\n<script type=\"application\/ld+json\" class=\"yoast-schema-graph\">{\"@context\":\"https:\/\/schema.org\",\"@graph\":[{\"@type\":\"WebPage\",\"@id\":\"https:\/\/www.xpaddleboards.com\/planche\/x-flamingo\/\",\"url\":\"https:\/\/www.xpaddleboards.com\/planche\/x-flamingo\/\",\"name\":\"X-Flamingo : le paddle gonflable au f\u00e9minin\",\"isPartOf\":{\"@id\":\"https:\/\/www.xpaddleboards.com\/#website\"},\"primaryImageOfPage\":{\"@id\":\"https:\/\/www.xpaddleboards.com\/planche\/x-flamingo\/#primaryimage\"},\"image\":{\"@id\":\"https:\/\/www.xpaddleboards.com\/planche\/x-flamingo\/#primaryimage\"},\"thumbnailUrl\":\"https:\/\/www.xpaddleboards.com\/wp-content\/uploads\/2016\/05\/stand-up-paddle-gonflable-femme-flamingo-1.jpeg\",\"datePublished\":\"2016-05-05T04:24:24+00:00\",\"dateModified\":\"2026-03-26T09:35:36+00:00\",\"description\":\"Sp\u00e9cialement \u00e9tudi\u00e9 pour vous mesdames, le X-Flamingo est un SUP gonflable facile \u00e0 prendre en main et tr\u00e8s l\u00e9ger.\",\"breadcrumb\":{\"@id\":\"https:\/\/www.xpaddleboards.com\/planche\/x-flamingo\/#breadcrumb\"},\"inLanguage\":\"en-GB\",\"potentialAction\":[{\"@type\":\"ReadAction\",\"target\":[\"https:\/\/www.xpaddleboards.com\/planche\/x-flamingo\/\"]}]},{\"@type\":\"ImageObject\",\"inLanguage\":\"en-GB\",\"@id\":\"https:\/\/www.xpaddleboards.com\/planche\/x-flamingo\/#primaryimage\",\"url\":\"https:\/\/www.xpaddleboards.com\/wp-content\/uploads\/2016\/05\/stand-up-paddle-gonflable-femme-flamingo-1.jpeg\",\"contentUrl\":\"https:\/\/www.xpaddleboards.com\/wp-content\/uploads\/2016\/05\/stand-up-paddle-gonflable-femme-flamingo-1.jpeg\",\"width\":1830,\"height\":1916},{\"@type\":\"BreadcrumbList\",\"@id\":\"https:\/\/www.xpaddleboards.com\/planche\/x-flamingo\/#breadcrumb\",\"itemListElement\":[{\"@type\":\"ListItem\",\"position\":1,\"name\":\"Accueil\",\"item\":\"https:\/\/www.xpaddleboards.com\/\"},{\"@type\":\"ListItem\",\"position\":2,\"name\":\"Nos planches\",\"item\":\"https:\/\/www.xpaddleboards.com\/planches\/\"},{\"@type\":\"ListItem\",\"position\":3,\"name\":\"X-Flamingo\"}]},{\"@type\":\"WebSite\",\"@id\":\"https:\/\/www.xpaddleboards.com\/#website\",\"url\":\"https:\/\/www.xpaddleboards.com\/\",\"name\":\"X Paddleboards\",\"description\":\"La nouvelle g\u00e9n\u00e9ration de SUP gonflable\",\"potentialAction\":[{\"@type\":\"SearchAction\",\"target\":{\"@type\":\"EntryPoint\",\"urlTemplate\":\"https:\/\/www.xpaddleboards.com\/?s={search_term_string}\"},\"query-input\":{\"@type\":\"PropertyValueSpecification\",\"valueRequired\":true,\"valueName\":\"search_term_string\"}}],\"inLanguage\":\"en-GB\"}]}<\/script>\n<!-- \/ Yoast SEO plugin. -->","yoast_head_json":{"title":"X-Flamingo : le paddle gonflable au f\u00e9minin","description":"Sp\u00e9cialement \u00e9tudi\u00e9 pour vous mesdames, le X-Flamingo est un SUP gonflable facile \u00e0 prendre en main et tr\u00e8s l\u00e9ger.","robots":{"index":"index","follow":"follow","max-snippet":"max-snippet:-1","max-image-preview":"max-image-preview:large","max-video-preview":"max-video-preview:-1"},"canonical":"https:\/\/www.xpaddleboards.com\/en\/planche\/x-flamingo\/","og_locale":"en_GB","og_type":"article","og_title":"X-Flamingo : le paddle gonflable au f\u00e9minin","og_description":"Sp\u00e9cialement \u00e9tudi\u00e9 pour vous mesdames, le X-Flamingo est un SUP gonflable facile \u00e0 prendre en main et tr\u00e8s l\u00e9ger.","og_url":"https:\/\/www.xpaddleboards.com\/en\/planche\/x-flamingo\/","og_site_name":"X Paddleboards","article_modified_time":"2026-03-26T09:35:36+00:00","og_image":[{"width":1830,"height":1916,"url":"https:\/\/www.xpaddleboards.com\/wp-content\/uploads\/2016\/05\/stand-up-paddle-gonflable-femme-flamingo-1.jpeg","type":"image\/jpeg"}],"twitter_card":"summary_large_image","twitter_misc":{"Estimated reading time":"2 minutes"},"schema":{"@context":"https:\/\/schema.org","@graph":[{"@type":"WebPage","@id":"https:\/\/www.xpaddleboards.com\/planche\/x-flamingo\/","url":"https:\/\/www.xpaddleboards.com\/planche\/x-flamingo\/","name":"X-Flamingo : le paddle gonflable au f\u00e9minin","isPartOf":{"@id":"https:\/\/www.xpaddleboards.com\/#website"},"primaryImageOfPage":{"@id":"https:\/\/www.xpaddleboards.com\/planche\/x-flamingo\/#primaryimage"},"image":{"@id":"https:\/\/www.xpaddleboards.com\/planche\/x-flamingo\/#primaryimage"},"thumbnailUrl":"https:\/\/www.xpaddleboards.com\/wp-content\/uploads\/2016\/05\/stand-up-paddle-gonflable-femme-flamingo-1.jpeg","datePublished":"2016-05-05T04:24:24+00:00","dateModified":"2026-03-26T09:35:36+00:00","description":"Sp\u00e9cialement \u00e9tudi\u00e9 pour vous mesdames, le X-Flamingo est un SUP gonflable facile \u00e0 prendre en main et tr\u00e8s l\u00e9ger.","breadcrumb":{"@id":"https:\/\/www.xpaddleboards.com\/planche\/x-flamingo\/#breadcrumb"},"inLanguage":"en-GB","potentialAction":[{"@type":"ReadAction","target":["https:\/\/www.xpaddleboards.com\/planche\/x-flamingo\/"]}]},{"@type":"ImageObject","inLanguage":"en-GB","@id":"https:\/\/www.xpaddleboards.com\/planche\/x-flamingo\/#primaryimage","url":"https:\/\/www.xpaddleboards.com\/wp-content\/uploads\/2016\/05\/stand-up-paddle-gonflable-femme-flamingo-1.jpeg","contentUrl":"https:\/\/www.xpaddleboards.com\/wp-content\/uploads\/2016\/05\/stand-up-paddle-gonflable-femme-flamingo-1.jpeg","width":1830,"height":1916},{"@type":"BreadcrumbList","@id":"https:\/\/www.xpaddleboards.com\/planche\/x-flamingo\/#breadcrumb","itemListElement":[{"@type":"ListItem","position":1,"name":"Accueil","item":"https:\/\/www.xpaddleboards.com\/"},{"@type":"ListItem","position":2,"name":"Nos planches","item":"https:\/\/www.xpaddleboards.com\/planches\/"},{"@type":"ListItem","position":3,"name":"X-Flamingo"}]},{"@type":"WebSite","@id":"https:\/\/www.xpaddleboards.com\/#website","url":"https:\/\/www.xpaddleboards.com\/","name":"X Paddleboards","description":"La nouvelle g\u00e9n\u00e9ration de SUP gonflable","potentialAction":[{"@type":"SearchAction","target":{"@type":"EntryPoint","urlTemplate":"https:\/\/www.xpaddleboards.com\/?s={search_term_string}"},"query-input":{"@type":"PropertyValueSpecification","valueRequired":true,"valueName":"search_term_string"}}],"inLanguage":"en-GB"}]}},"_links":{"self":[{"href":"https:\/\/www.xpaddleboards.com\/en\/wp-json\/wp\/v2\/product\/199","targetHints":{"allow":["GET"]}}],"collection":[{"href":"https:\/\/www.xpaddleboards.com\/en\/wp-json\/wp\/v2\/product"}],"about":[{"href":"https:\/\/www.xpaddleboards.com\/en\/wp-json\/wp\/v2\/types\/product"}],"version-history":[{"count":7,"href":"https:\/\/www.xpaddleboards.com\/en\/wp-json\/wp\/v2\/product\/199\/revisions"}],"predecessor-version":[{"id":5280,"href":"https:\/\/www.xpaddleboards.com\/en\/wp-json\/wp\/v2\/product\/199\/revisions\/5280"}],"wp:featuredmedia":[{"embeddable":true,"href":"https:\/\/www.xpaddleboards.com\/en\/wp-json\/wp\/v2\/media\/4617"}],"wp:attachment":[{"href":"https:\/\/www.xpaddleboards.com\/en\/wp-json\/wp\/v2\/media?parent=199"}],"wp:term":[{"taxonomy":"brand","embeddable":true,"href":"https:\/\/www.xpaddleboards.com\/en\/wp-json\/wp\/v2\/etheme_brands?post=199"},{"taxonomy":"product_brand","embeddable":true,"href":"https:\/\/www.xpaddleboards.com\/en\/wp-json\/wp\/v2\/product_brand?post=199"},{"taxonomy":"product_cat","embeddable":true,"href":"https:\/\/www.xpaddleboards.com\/en\/wp-json\/wp\/v2\/product_cat?post=199"},{"taxonomy":"product_tag","embeddable":true,"href":"https:\/\/www.xpaddleboards.com\/en\/wp-json\/wp\/v2\/product_tag?post=199"}],"curies":[{"name":"wp","href":"https:\/\/api.w.org\/{rel}","templated":true}]}}