{"id":198,"date":"2016-05-05T06:22:48","date_gmt":"2016-05-05T04:22:48","guid":{"rendered":"https:\/\/xstore.8theme.com\/demos\/bike\/product\/cubilia-ultrices-torquent\/"},"modified":"2026-03-26T10:35:19","modified_gmt":"2026-03-26T09:35:19","slug":"x-fun","status":"publish","type":"product","link":"https:\/\/www.xpaddleboards.com\/en\/planche\/x-fun\/","title":{"rendered":"X-Fun"},"content":{"rendered":"<div data-elementor-type=\"wp-post\" data-elementor-id=\"198\" class=\"elementor elementor-198\" data-elementor-post-type=\"product\">\n\t\t\t\t\t\t<section class=\"elementor-section elementor-top-section elementor-element elementor-element-27163f98 elementor-section-boxed elementor-section-height-default elementor-section-height-default\" data-id=\"27163f98\" data-element_type=\"section\">\n\t\t\t\t\t\t<div class=\"elementor-container elementor-column-gap-no\">\n\t\t\t\t\t<div class=\"elementor-column elementor-col-100 elementor-top-column elementor-element elementor-element-6c1d35ed\" data-id=\"6c1d35ed\" data-element_type=\"column\">\n\t\t\t<div class=\"elementor-widget-wrap elementor-element-populated\">\n\t\t\t\t\t\t<div class=\"elementor-element elementor-element-348666f0 elementor-widget elementor-widget-text-editor\" data-id=\"348666f0\" data-element_type=\"widget\" data-widget_type=\"text-editor.default\">\n\t\t\t\t<div class=\"elementor-widget-container\">\n\t\t\t\t\t\t\t\t\t<p>\u00a0<\/p><h3 class=\"tab-panels\"><img fetchpriority=\"high\" decoding=\"async\" class=\"aligncenter wp-image-4055 size-full\" src=\"http:\/\/xpaddleboards.com\/wp-content\/uploads\/2022\/03\/1940x6000_paddle_06.png\" alt=\"\" width=\"1940\" height=\"6000\" srcset=\"https:\/\/www.xpaddleboards.com\/wp-content\/uploads\/2022\/03\/1940x6000_paddle_06.png 1940w, https:\/\/www.xpaddleboards.com\/wp-content\/uploads\/2022\/03\/1940x6000_paddle_06-500x1546.png 500w, https:\/\/www.xpaddleboards.com\/wp-content\/uploads\/2022\/03\/1940x6000_paddle_06-259x800.png 259w, https:\/\/www.xpaddleboards.com\/wp-content\/uploads\/2022\/03\/1940x6000_paddle_06-331x1024.png 331w, https:\/\/www.xpaddleboards.com\/wp-content\/uploads\/2022\/03\/1940x6000_paddle_06-768x2375.png 768w, https:\/\/www.xpaddleboards.com\/wp-content\/uploads\/2022\/03\/1940x6000_paddle_06-497x1536.png 497w, https:\/\/www.xpaddleboards.com\/wp-content\/uploads\/2022\/03\/1940x6000_paddle_06-662x2048.png 662w, https:\/\/www.xpaddleboards.com\/wp-content\/uploads\/2022\/03\/1940x6000_paddle_06-2x6.png 2w, https:\/\/www.xpaddleboards.com\/wp-content\/uploads\/2022\/03\/1940x6000_paddle_06-3x10.png 3w\" sizes=\"(max-width: 1940px) 100vw, 1940px\" \/><\/h3><p>Fresh and colorful model of the X-paddleboards range, the X- Fun will suit men or women who are looking for an efficient paddle, easy to handle, stable and fast on the water.<\/p><p>At 10'6 x 32 x 6\u2033, it's a versatile and accessible paddleboard.<\/p><h3 class=\"tab-panels\"><span style=\"color: #cc99ff;\"><strong>Building<\/strong><\/span><\/h3><p>Like all X-paddleboards, X-Fun was created with the best materials available on the market. A high-end dropstitch ensures exceptional rigidity, while its single-layer PVC coating guarantees its durability.<\/p><h3 class=\"tab-panels\"><span style=\"color: #cc99ff;\"><strong>Easy and stable<\/strong><\/span><\/h3><p>Very stable, this paddleboard will suit all beginners up to 130kg who can easily stand on the X-fun without being destabilized. It is ideal for men and women who are looking to start paddling on a super reassuring but also efficient paddle that will allow them to progress for many years. The X-Fun is indeed perfect<\/p><h3><span style=\"color: #cc99ff;\"><strong>Glide<\/strong><\/span><\/h3><p>One of the strengths of the X-fun is its exceptional glide, which is due to its hydrodynamic shape and surprising rigidity.<\/p>\t\t\t\t\t\t\t\t<\/div>\n\t\t\t\t<\/div>\n\t\t\t\t\t<\/div>\n\t\t<\/div>\n\t\t\t\t\t<\/div>\n\t\t<\/section>\n\t\t\t\t<\/div>","protected":false},"excerpt":{"rendered":"<ul>\n<li>Paddleboard<\/li>\n<li>Paddle<\/li>\n<li>Leash<\/li>\n<li>Pump<\/li>\n<li>Backpack<\/li>\n<li>Repair kit<\/li>\n<\/ul>","protected":false},"featured_media":4607,"template":"","meta":[],"etheme_brands":[],"product_brand":[],"product_cat":[74,41,30],"product_tag":[],"class_list":{"0":"post-198","1":"product","2":"type-product","3":"status-publish","4":"has-post-thumbnail","6":"product_cat-les-paddles-gonflables","7":"product_cat-femmes","8":"product_cat-hommes","10":"first","11":"instock","12":"featured","13":"shipping-taxable","14":"purchasable","15":"product-type-simple"},"yoast_head":"<!-- This site is optimized with the Yoast SEO plugin v26.3 - https:\/\/yoast.com\/wordpress\/plugins\/seo\/ -->\n<title>X-Fun : le paddle gonflable qui ne manque pas de fun<\/title>\n<meta name=\"description\" content=\"Le X-Fun est le dernier n\u00e9s de la gamme X-PaddleBoards. C&#039;est un SUP polyvalent, facile et tr\u00e8s performant. Un vrai r\u00e9gal sur l&#039;eau.\" \/>\n<meta name=\"robots\" content=\"index, follow, max-snippet:-1, max-image-preview:large, max-video-preview:-1\" \/>\n<link rel=\"canonical\" href=\"https:\/\/www.xpaddleboards.com\/en\/planche\/x-fun\/\" \/>\n<meta property=\"og:locale\" content=\"en_GB\" \/>\n<meta property=\"og:type\" content=\"article\" \/>\n<meta property=\"og:title\" content=\"X-Fun : le paddle gonflable qui ne manque pas de fun\" \/>\n<meta property=\"og:description\" content=\"Le X-Fun est le dernier n\u00e9s de la gamme X-PaddleBoards. C&#039;est un SUP polyvalent, facile et tr\u00e8s performant. Un vrai r\u00e9gal sur l&#039;eau.\" \/>\n<meta property=\"og:url\" content=\"https:\/\/www.xpaddleboards.com\/en\/planche\/x-fun\/\" \/>\n<meta property=\"og:site_name\" content=\"X Paddleboards\" \/>\n<meta property=\"article:modified_time\" content=\"2026-03-26T09:35:19+00:00\" \/>\n<meta property=\"og:image\" content=\"https:\/\/www.xpaddleboards.com\/wp-content\/uploads\/2016\/05\/stand-up-paddle-x-fun.jpg\" \/>\n\t<meta property=\"og:image:width\" content=\"1822\" \/>\n\t<meta property=\"og:image:height\" content=\"1911\" \/>\n\t<meta property=\"og:image:type\" content=\"image\/jpeg\" \/>\n<meta name=\"twitter:card\" content=\"summary_large_image\" \/>\n<meta name=\"twitter:label1\" content=\"Estimated reading time\" \/>\n\t<meta name=\"twitter:data1\" content=\"2 minutes\" \/>\n<script type=\"application\/ld+json\" class=\"yoast-schema-graph\">{\"@context\":\"https:\/\/schema.org\",\"@graph\":[{\"@type\":\"WebPage\",\"@id\":\"https:\/\/www.xpaddleboards.com\/planche\/x-fun\/\",\"url\":\"https:\/\/www.xpaddleboards.com\/planche\/x-fun\/\",\"name\":\"X-Fun : le paddle gonflable qui ne manque pas de fun\",\"isPartOf\":{\"@id\":\"https:\/\/www.xpaddleboards.com\/#website\"},\"primaryImageOfPage\":{\"@id\":\"https:\/\/www.xpaddleboards.com\/planche\/x-fun\/#primaryimage\"},\"image\":{\"@id\":\"https:\/\/www.xpaddleboards.com\/planche\/x-fun\/#primaryimage\"},\"thumbnailUrl\":\"https:\/\/www.xpaddleboards.com\/wp-content\/uploads\/2016\/05\/stand-up-paddle-x-fun.jpg\",\"datePublished\":\"2016-05-05T04:22:48+00:00\",\"dateModified\":\"2026-03-26T09:35:19+00:00\",\"description\":\"Le X-Fun est le dernier n\u00e9s de la gamme X-PaddleBoards. C'est un SUP polyvalent, facile et tr\u00e8s performant. Un vrai r\u00e9gal sur l'eau.\",\"breadcrumb\":{\"@id\":\"https:\/\/www.xpaddleboards.com\/planche\/x-fun\/#breadcrumb\"},\"inLanguage\":\"en-GB\",\"potentialAction\":[{\"@type\":\"ReadAction\",\"target\":[\"https:\/\/www.xpaddleboards.com\/planche\/x-fun\/\"]}]},{\"@type\":\"ImageObject\",\"inLanguage\":\"en-GB\",\"@id\":\"https:\/\/www.xpaddleboards.com\/planche\/x-fun\/#primaryimage\",\"url\":\"https:\/\/www.xpaddleboards.com\/wp-content\/uploads\/2016\/05\/stand-up-paddle-x-fun.jpg\",\"contentUrl\":\"https:\/\/www.xpaddleboards.com\/wp-content\/uploads\/2016\/05\/stand-up-paddle-x-fun.jpg\",\"width\":1822,\"height\":1911},{\"@type\":\"BreadcrumbList\",\"@id\":\"https:\/\/www.xpaddleboards.com\/planche\/x-fun\/#breadcrumb\",\"itemListElement\":[{\"@type\":\"ListItem\",\"position\":1,\"name\":\"Accueil\",\"item\":\"https:\/\/www.xpaddleboards.com\/\"},{\"@type\":\"ListItem\",\"position\":2,\"name\":\"Nos planches\",\"item\":\"https:\/\/www.xpaddleboards.com\/planches\/\"},{\"@type\":\"ListItem\",\"position\":3,\"name\":\"X-Fun\"}]},{\"@type\":\"WebSite\",\"@id\":\"https:\/\/www.xpaddleboards.com\/#website\",\"url\":\"https:\/\/www.xpaddleboards.com\/\",\"name\":\"X Paddleboards\",\"description\":\"La nouvelle g\u00e9n\u00e9ration de SUP gonflable\",\"potentialAction\":[{\"@type\":\"SearchAction\",\"target\":{\"@type\":\"EntryPoint\",\"urlTemplate\":\"https:\/\/www.xpaddleboards.com\/?s={search_term_string}\"},\"query-input\":{\"@type\":\"PropertyValueSpecification\",\"valueRequired\":true,\"valueName\":\"search_term_string\"}}],\"inLanguage\":\"en-GB\"}]}<\/script>\n<!-- \/ Yoast SEO plugin. -->","yoast_head_json":{"title":"X-Fun : le paddle gonflable qui ne manque pas de fun","description":"Le X-Fun est le dernier n\u00e9s de la gamme X-PaddleBoards. C'est un SUP polyvalent, facile et tr\u00e8s performant. Un vrai r\u00e9gal sur l'eau.","robots":{"index":"index","follow":"follow","max-snippet":"max-snippet:-1","max-image-preview":"max-image-preview:large","max-video-preview":"max-video-preview:-1"},"canonical":"https:\/\/www.xpaddleboards.com\/en\/planche\/x-fun\/","og_locale":"en_GB","og_type":"article","og_title":"X-Fun : le paddle gonflable qui ne manque pas de fun","og_description":"Le X-Fun est le dernier n\u00e9s de la gamme X-PaddleBoards. C'est un SUP polyvalent, facile et tr\u00e8s performant. Un vrai r\u00e9gal sur l'eau.","og_url":"https:\/\/www.xpaddleboards.com\/en\/planche\/x-fun\/","og_site_name":"X Paddleboards","article_modified_time":"2026-03-26T09:35:19+00:00","og_image":[{"width":1822,"height":1911,"url":"https:\/\/www.xpaddleboards.com\/wp-content\/uploads\/2016\/05\/stand-up-paddle-x-fun.jpg","type":"image\/jpeg"}],"twitter_card":"summary_large_image","twitter_misc":{"Estimated reading time":"2 minutes"},"schema":{"@context":"https:\/\/schema.org","@graph":[{"@type":"WebPage","@id":"https:\/\/www.xpaddleboards.com\/planche\/x-fun\/","url":"https:\/\/www.xpaddleboards.com\/planche\/x-fun\/","name":"X-Fun : le paddle gonflable qui ne manque pas de fun","isPartOf":{"@id":"https:\/\/www.xpaddleboards.com\/#website"},"primaryImageOfPage":{"@id":"https:\/\/www.xpaddleboards.com\/planche\/x-fun\/#primaryimage"},"image":{"@id":"https:\/\/www.xpaddleboards.com\/planche\/x-fun\/#primaryimage"},"thumbnailUrl":"https:\/\/www.xpaddleboards.com\/wp-content\/uploads\/2016\/05\/stand-up-paddle-x-fun.jpg","datePublished":"2016-05-05T04:22:48+00:00","dateModified":"2026-03-26T09:35:19+00:00","description":"Le X-Fun est le dernier n\u00e9s de la gamme X-PaddleBoards. C'est un SUP polyvalent, facile et tr\u00e8s performant. Un vrai r\u00e9gal sur l'eau.","breadcrumb":{"@id":"https:\/\/www.xpaddleboards.com\/planche\/x-fun\/#breadcrumb"},"inLanguage":"en-GB","potentialAction":[{"@type":"ReadAction","target":["https:\/\/www.xpaddleboards.com\/planche\/x-fun\/"]}]},{"@type":"ImageObject","inLanguage":"en-GB","@id":"https:\/\/www.xpaddleboards.com\/planche\/x-fun\/#primaryimage","url":"https:\/\/www.xpaddleboards.com\/wp-content\/uploads\/2016\/05\/stand-up-paddle-x-fun.jpg","contentUrl":"https:\/\/www.xpaddleboards.com\/wp-content\/uploads\/2016\/05\/stand-up-paddle-x-fun.jpg","width":1822,"height":1911},{"@type":"BreadcrumbList","@id":"https:\/\/www.xpaddleboards.com\/planche\/x-fun\/#breadcrumb","itemListElement":[{"@type":"ListItem","position":1,"name":"Accueil","item":"https:\/\/www.xpaddleboards.com\/"},{"@type":"ListItem","position":2,"name":"Nos planches","item":"https:\/\/www.xpaddleboards.com\/planches\/"},{"@type":"ListItem","position":3,"name":"X-Fun"}]},{"@type":"WebSite","@id":"https:\/\/www.xpaddleboards.com\/#website","url":"https:\/\/www.xpaddleboards.com\/","name":"X Paddleboards","description":"La nouvelle g\u00e9n\u00e9ration de SUP gonflable","potentialAction":[{"@type":"SearchAction","target":{"@type":"EntryPoint","urlTemplate":"https:\/\/www.xpaddleboards.com\/?s={search_term_string}"},"query-input":{"@type":"PropertyValueSpecification","valueRequired":true,"valueName":"search_term_string"}}],"inLanguage":"en-GB"}]}},"_links":{"self":[{"href":"https:\/\/www.xpaddleboards.com\/en\/wp-json\/wp\/v2\/product\/198","targetHints":{"allow":["GET"]}}],"collection":[{"href":"https:\/\/www.xpaddleboards.com\/en\/wp-json\/wp\/v2\/product"}],"about":[{"href":"https:\/\/www.xpaddleboards.com\/en\/wp-json\/wp\/v2\/types\/product"}],"version-history":[{"count":6,"href":"https:\/\/www.xpaddleboards.com\/en\/wp-json\/wp\/v2\/product\/198\/revisions"}],"predecessor-version":[{"id":4555,"href":"https:\/\/www.xpaddleboards.com\/en\/wp-json\/wp\/v2\/product\/198\/revisions\/4555"}],"wp:featuredmedia":[{"embeddable":true,"href":"https:\/\/www.xpaddleboards.com\/en\/wp-json\/wp\/v2\/media\/4607"}],"wp:attachment":[{"href":"https:\/\/www.xpaddleboards.com\/en\/wp-json\/wp\/v2\/media?parent=198"}],"wp:term":[{"taxonomy":"brand","embeddable":true,"href":"https:\/\/www.xpaddleboards.com\/en\/wp-json\/wp\/v2\/etheme_brands?post=198"},{"taxonomy":"product_brand","embeddable":true,"href":"https:\/\/www.xpaddleboards.com\/en\/wp-json\/wp\/v2\/product_brand?post=198"},{"taxonomy":"product_cat","embeddable":true,"href":"https:\/\/www.xpaddleboards.com\/en\/wp-json\/wp\/v2\/product_cat?post=198"},{"taxonomy":"product_tag","embeddable":true,"href":"https:\/\/www.xpaddleboards.com\/en\/wp-json\/wp\/v2\/product_tag?post=198"}],"curies":[{"name":"wp","href":"https:\/\/api.w.org\/{rel}","templated":true}]}}