{"id":3302,"date":"2021-05-17T12:19:44","date_gmt":"2021-05-17T10:19:44","guid":{"rendered":"https:\/\/xpaddleboards.com\/?page_id=3302"},"modified":"2023-09-06T23:52:58","modified_gmt":"2023-09-06T21:52:58","slug":"cgv","status":"publish","type":"page","link":"https:\/\/www.xpaddleboards.com\/en\/cgv\/","title":{"rendered":"Conditions g\u00e9n\u00e9rales de vente"},"content":{"rendered":"<h2>ARTICLE 1: GENERAL INFORMATION<\/h2>\n<p>La marque X Paddle Boards est la propri\u00e9t\u00e9 de Loic Viandier, pr\u00e9sident de la Sas L&rsquo;entreprise Gonflante ( Siret\u00a0 89801578900016) Les pr\u00e9sentes conditions g\u00e9n\u00e9rales de vente s\u2019appliquent \u00e0 toutes commandes pass\u00e9es sur le site www.paddlegonflable.fr , L&rsquo;entreprise Gonflante se r\u00e9serve la possibilit\u00e9 d\u2019adapter ou de modifier \u00e0 tout moment les pr\u00e9sentes conditions g\u00e9n\u00e9rales de vente. En cas de modification, il sera appliqu\u00e9 \u00e0 chaque commande les conditions g\u00e9n\u00e9rales de vente en vigueur au jour de la commande.<br \/>\nAt the time of the validation of the order, the customer recognizes to have taken knowledge of the general conditions of sale stated below and declares to accept them without reserve.<\/p>\n<h2>ARTICLE 2 : AVAILABILITY OF PRODUCTS<\/h2>\n<p>Les produits propos\u00e9s \u00ab EN STOCK\u00a0 \u00bb sur paddlegonflable.fr sont en stock et disponibles dans notre entrep\u00f4t.<\/p>\n<p>RETOUR MARCHANDISES : Lors du retour d\u2019un produit, nous proc\u00e8derons \u00e0 son remboursement dans les 7 jours qui suivent la r\u00e9ception en magasin. Les retours sont gratuits et pris en charge par X Paddle Boards<\/p>\n<h2>ARTICLE 3 : MODALIT\u00c9S ET TARIF DE LIVRAISON \u2013 FRANCE METROPOLITAINE \/ CORSE ET RESTE DU MONDE<\/h2>\n<p>Les frais de port sont gratuits pour toute commande sur xpaddleboards.com en France m\u00e9tropolitaine et Corse.<\/p>\n<p>L\u2019envoi est trait\u00e9 par Colissimo et la livraison est effectu\u00e9e en colis suivi contre signature.<\/p>\n<h2>ARTICLE 4: ORDERING METHODS<\/h2>\n<p>You can order by :<br \/>\n\u2022\u00a0\u00a0\u00a0 Internet : www.xpaddleboards.com<br \/>\n\u2022\u00a0\u00a0\u00a0 T\u00e9l\u00e9phone : 07.56.84.62.89<\/p>\n<p>\u2022\u00a0\u00a0\u00a0 Courrier : X paddle Boards, 201 rue du canigou, 11480 La Palme<br \/>\nThe price indicated on the product sheet at the time of the order corresponds to the invoice price including all taxes. An invoice will be sent to you with the shipment of the product.<\/p>\n<p><strong>Online payment by credit card<\/strong><br \/>\nLe paiement en ligne sur ce site est s\u00e9curis\u00e9, les coordonn\u00e9es de votre carte de cr\u00e9dit sont crypt\u00e9es gr\u00e2ce au protocole SSL (Secure Socket Layer) et ne transitent jamais en clair sur le r\u00e9seau. X Paddle Boards ne conserve en aucun cas ces coordonn\u00e9es apr\u00e8s la transaction. C\u2019est pourquoi elles vous sont redemand\u00e9es \u00e0 chaque nouvelle transaction sur notre site.<br \/>\nAny validated order, implies an irrevocable acceptance of the general conditions of sale and cannot be called into question.<\/p>\n<p><strong>Payment by Paypal<br \/>\n<\/strong>PayPal peut \u00eatre utilis\u00e9 pour envoyer et recevoir des paiements via Internet. Vous pouvez envoyer et recevoir de l\u2019argent en ligne apr\u00e8s avoir ouvert un compte PayPal ou payer directement par CB via le syst\u00e8me de r\u00e8glement Paypal. Vous pouvez d\u00e9cider d\u2019approvisionner vos paiements \u00e0 partir du solde de votre compte PayPal, une carte bancaire ou votre compte bancaire. Les destinataires re\u00e7oivent un email de la part de PayPal les avertissant du paiement. Il n\u2019est pas n\u00e9cessaire de disposer d\u2019 un compte Paypal pour pouvoir r\u00e9gler par ce mode de r\u00e8glement. http:\/\/www.paypal.com\/fr\/ car Paypal accepte les Carte bancaires.<\/p>\n<p><strong>Payment by check<\/strong><br \/>\nYou have the possibility to pay your order with a bank check to be sent to the following address<br \/>\nL&rsquo;entreprise Gonflante<br \/>\n201 rue du canigou<br \/>\n11480 La Palme<br \/>\nOrders paid by check will be taken into account upon receipt of the check. The check will be cashed on the day of shipment of your package.<br \/>\nIl est \u00e9galement possible de payer en trois ch\u00e8ques sans frais. Les trois ch\u00e8ques identiques d\u2019un montant total de la valeur de la commande seront encaiss\u00e9s d\u00e8s r\u00e9ception, 30 jours plus tard et 60 jours plus tard.<br \/>\n<strong><br \/>\nPayment by Bank Transfer<br \/>\n<\/strong>Notre RIB figure dans l\u2019email de confirmation de commande. Votre commande sera ainsi enregistr\u00e9e et valid\u00e9e d\u00e8s r\u00e9ception du paiement.<br \/>\n<strong><br \/>\n<\/strong><\/p>\n<p><strong>Paiement par t\u00e9l\u00e9phone (Ventes \u00e0 Distance \u2013 VAD)<\/strong><br \/>\nLes commandes peuvent \u00eatre r\u00e9gl\u00e9es par t\u00e9l\u00e9phone (VAD) : vente \u00e0 distance. En appelant le 07.56.84.62.89 vous pouvez passer votre commande aupr\u00e8s d\u2019un vendeur qui la validera avec votre num\u00e9ro de carte bancaire.<\/p>\n<h2>ARTICLE 5 : CONTROL OF THE PACKAGES AT THE RECEPTION<\/h2>\n<p>Upon receipt of your package, it is imperative to check the general condition of the package.<br \/>\nSi les produits sont d\u00e9t\u00e9rior\u00e9s, nous vous conseillons d&rsquo;accepter la livraison et de nous contacter en prenant une photo des d\u00e9gats.\u00a0 L&rsquo;Entreprise Gonflante se chargera de r\u00e9gler le litige en rempla\u00e7ant imm\u00e9diatement le produit d\u00e9t\u00e9rior\u00e9.<\/p>\n<h2>ARTICLE 6 : RETRACTION \/ RETURN POLICY<\/h2>\n<p>Conform\u00e9ment \u00e0 la l\u00e9gislation en vigueur sur la vente \u00e0 distance vous b\u00e9n\u00e9ficiez d\u2019un d\u00e9lai de r\u00e9tractation de 14 jours ouvrables \u00e0 compter de la date de r\u00e9ception du colis, dans ce cas vous serez rembours\u00e9 ou le produit vous sera \u00e9chang\u00e9. Les produits doivent \u00eatre retourn\u00e9s dans leur emballage d\u2019origine en parfait \u00e9tat. Contactez-nous pour obtenir un bordereau de retour, nous prenons ne charge les frais de retours.<br \/>\nThe product must be returned in good condition, with all accessories and not used.<\/p>\n<p>The right of withdrawal cannot be exercised for contracts for the supply of goods made to the specifications of the consumer or clearly personalized (Article 121-20-2).<\/p>\n<h2>ARTICLE 7 : RIGHT OF RETURN, EXCHANGE, CREDIT NOTE<\/h2>\n<p>Vous disposez d\u2019un d\u00e9lai de 14 jours \u00e0 compter de la r\u00e9ception de votre colis pour nous retourner \u00e0 vos frais celui ci (en partie ou en totalit\u00e9) voir article 8<br \/>\nDans le cas d\u2019un \u00e9change d\u2019article, nous nous prenons en charge les frais de port li\u00e9s \u00e0 cet \u00e9change.<\/p>\n<p>D\u00e9pass\u00e9 ce d\u00e9lais de 14 jours, nous nous r\u00e9servons le droit de reprendre \u00e0 titre commercial un ou plusieurs articles \u00e0 un prix identique ou inf\u00e9rieur au prix d\u2019achat initial.<br \/>\nCette reprise se fera sous la forme d\u2019un avoir commercial d\u2019une validit\u00e9 de 6 mois.<\/p>\n<h2>ARTICLE 8 : WARRANTY<\/h2>\n<p>Le site X Paddle Boards propose des produits suivant les standards de qualit\u00e9 les plus \u00e9lev\u00e9s du march\u00e9.<br \/>\nAs such, the customer benefits from a manufacturer's warranty that covers the legal warranty against all hidden defects.<br \/>\nCette garantie est soumise \u00e0 une utilisation normale du produit, et toute demande se fait en envoyant un mail \u00e0 cette adresse : contact@xpaddleboards.com.\u00a0 Le service apr\u00e8s vente est ouvert du lundi au vendredi de 10h \u00e0 12h et 14h \u00e0 17h.<br \/>\nLes retours des marchandises d\u00e9fectueuses se feront aux frais de L&rsquo;entreprise Gonflante ( contactez notre service client). Par contre toute d\u00e9gradation du mat\u00e9riel cons\u00e9quente \u00e0 un emballage insuffisant ne saurait engager la responsabilit\u00e9 de l&rsquo;entreprise gonflante. Il est fortement conseill\u00e9 de bien emballer le produit d\u00e9fectueux.<br \/>\nUn bordereau vous sera fourni et pris en charge par L&rsquo;Entreprise Gonflante pour le retour de votre produit en SAV.<br \/>\nApr\u00e8s intervention du SAV, nous prenons en charge le frais de renvoi du nouveau produit<br \/>\nS\u2019il s\u2019av\u00e8re par contre que le mat\u00e9riel retourn\u00e9 n\u2019a pas fait l\u2019objet d\u2019une autorisation de retour et\/ou qu\u2019il n\u2019est pas affect\u00e9 de d\u00e9fectuosit\u00e9 entrant dans le cadre de la garantie, il pourra \u00eatre retourn\u00e9 au client.<\/p>\n<h2>ARTICLE 9: CUSTOMER FILE<\/h2>\n<p>En application de la loi 78-17 du 6 janvier 1978 relative aux libert\u00e9s individuelles et au traitement informatique des donn\u00e9es, vous disposez d\u2019un droit d\u2019acc\u00e8s aux informations que vous nous avez communiqu\u00e9 et de la possibilit\u00e9 de les faire rectifier. Sur demande de votre part ces informations resteront \u00e0 usage purement interne \u00e0 la soci\u00e9t\u00e9 L&rsquo;entreprise Gonflante<\/p>\n<p>&nbsp;<\/p>\n<h2>Article 10: Litige<\/h2>\n<p>En cas de litige pouvant survenir entre l&rsquo;entreprise gonflante et ses clients, ce litige sera soumis \u00e0 la loi fran\u00e7aise. Seul le tribunal de Narbonne sera comp\u00e9tent.<\/p>\n<p>&nbsp;<\/p>\n<h2>ARTICLE 11: CONTACT DETAILS OF THE COMPANY<\/h2>\n<p>L&rsquo;enteprise gonflante<\/p>\n<p>201 rue du canigou<\/p>\n<p>11480 la palme<\/p>\n<p>France<\/p>","protected":false},"excerpt":{"rendered":"<p>ARTICLE 1 : G\u00c9N\u00c9RALIT\u00c9S La marque X Paddle Boards est la propri\u00e9t\u00e9 de Loic Viandier, pr\u00e9sident de la Sas L&rsquo;entreprise Gonflante ( Siret\u00a0 89801578900016) Les&#8230;<\/p>","protected":false},"author":1,"featured_media":0,"parent":0,"menu_order":0,"comment_status":"closed","ping_status":"closed","template":"","meta":{"footnotes":""},"class_list":["post-3302","page","type-page","status-publish","hentry"],"yoast_head":"<!-- This site is optimized with the Yoast SEO plugin v26.3 - https:\/\/yoast.com\/wordpress\/plugins\/seo\/ -->\n<title>Conditions g\u00e9n\u00e9rales de vente - X Paddleboards<\/title>\n<meta name=\"robots\" content=\"index, follow, max-snippet:-1, max-image-preview:large, max-video-preview:-1\" \/>\n<link rel=\"canonical\" href=\"https:\/\/www.xpaddleboards.com\/en\/cgv\/\" \/>\n<meta property=\"og:locale\" content=\"en_GB\" \/>\n<meta property=\"og:type\" content=\"article\" \/>\n<meta property=\"og:title\" content=\"Conditions g\u00e9n\u00e9rales de vente - X Paddleboards\" \/>\n<meta property=\"og:description\" content=\"ARTICLE 1 : G\u00c9N\u00c9RALIT\u00c9S La marque X Paddle Boards est la propri\u00e9t\u00e9 de Loic Viandier, pr\u00e9sident de la Sas L&rsquo;entreprise Gonflante ( Siret\u00a0 89801578900016) Les...\" \/>\n<meta property=\"og:url\" content=\"https:\/\/www.xpaddleboards.com\/en\/cgv\/\" \/>\n<meta property=\"og:site_name\" content=\"X Paddleboards\" \/>\n<meta property=\"article:modified_time\" content=\"2023-09-06T21:52:58+00:00\" \/>\n<meta name=\"twitter:card\" content=\"summary_large_image\" \/>\n<meta name=\"twitter:label1\" content=\"Estimated reading time\" \/>\n\t<meta name=\"twitter:data1\" content=\"7 minutes\" \/>\n<script type=\"application\/ld+json\" class=\"yoast-schema-graph\">{\"@context\":\"https:\/\/schema.org\",\"@graph\":[{\"@type\":\"WebPage\",\"@id\":\"https:\/\/www.xpaddleboards.com\/cgv\/\",\"url\":\"https:\/\/www.xpaddleboards.com\/cgv\/\",\"name\":\"Conditions g\u00e9n\u00e9rales de vente - X Paddleboards\",\"isPartOf\":{\"@id\":\"https:\/\/www.xpaddleboards.com\/#website\"},\"datePublished\":\"2021-05-17T10:19:44+00:00\",\"dateModified\":\"2023-09-06T21:52:58+00:00\",\"breadcrumb\":{\"@id\":\"https:\/\/www.xpaddleboards.com\/cgv\/#breadcrumb\"},\"inLanguage\":\"en-GB\",\"potentialAction\":[{\"@type\":\"ReadAction\",\"target\":[\"https:\/\/www.xpaddleboards.com\/cgv\/\"]}]},{\"@type\":\"BreadcrumbList\",\"@id\":\"https:\/\/www.xpaddleboards.com\/cgv\/#breadcrumb\",\"itemListElement\":[{\"@type\":\"ListItem\",\"position\":1,\"name\":\"Accueil\",\"item\":\"https:\/\/www.xpaddleboards.com\/\"},{\"@type\":\"ListItem\",\"position\":2,\"name\":\"Conditions g\u00e9n\u00e9rales de vente\"}]},{\"@type\":\"WebSite\",\"@id\":\"https:\/\/www.xpaddleboards.com\/#website\",\"url\":\"https:\/\/www.xpaddleboards.com\/\",\"name\":\"X Paddleboards\",\"description\":\"La nouvelle g\u00e9n\u00e9ration de SUP gonflable\",\"potentialAction\":[{\"@type\":\"SearchAction\",\"target\":{\"@type\":\"EntryPoint\",\"urlTemplate\":\"https:\/\/www.xpaddleboards.com\/?s={search_term_string}\"},\"query-input\":{\"@type\":\"PropertyValueSpecification\",\"valueRequired\":true,\"valueName\":\"search_term_string\"}}],\"inLanguage\":\"en-GB\"}]}<\/script>\n<!-- \/ Yoast SEO plugin. -->","yoast_head_json":{"title":"Conditions g\u00e9n\u00e9rales de vente - X Paddleboards","robots":{"index":"index","follow":"follow","max-snippet":"max-snippet:-1","max-image-preview":"max-image-preview:large","max-video-preview":"max-video-preview:-1"},"canonical":"https:\/\/www.xpaddleboards.com\/en\/cgv\/","og_locale":"en_GB","og_type":"article","og_title":"Conditions g\u00e9n\u00e9rales de vente - X Paddleboards","og_description":"ARTICLE 1 : G\u00c9N\u00c9RALIT\u00c9S La marque X Paddle Boards est la propri\u00e9t\u00e9 de Loic Viandier, pr\u00e9sident de la Sas L&rsquo;entreprise Gonflante ( Siret\u00a0 89801578900016) Les...","og_url":"https:\/\/www.xpaddleboards.com\/en\/cgv\/","og_site_name":"X Paddleboards","article_modified_time":"2023-09-06T21:52:58+00:00","twitter_card":"summary_large_image","twitter_misc":{"Estimated reading time":"7 minutes"},"schema":{"@context":"https:\/\/schema.org","@graph":[{"@type":"WebPage","@id":"https:\/\/www.xpaddleboards.com\/cgv\/","url":"https:\/\/www.xpaddleboards.com\/cgv\/","name":"Conditions g\u00e9n\u00e9rales de vente - X Paddleboards","isPartOf":{"@id":"https:\/\/www.xpaddleboards.com\/#website"},"datePublished":"2021-05-17T10:19:44+00:00","dateModified":"2023-09-06T21:52:58+00:00","breadcrumb":{"@id":"https:\/\/www.xpaddleboards.com\/cgv\/#breadcrumb"},"inLanguage":"en-GB","potentialAction":[{"@type":"ReadAction","target":["https:\/\/www.xpaddleboards.com\/cgv\/"]}]},{"@type":"BreadcrumbList","@id":"https:\/\/www.xpaddleboards.com\/cgv\/#breadcrumb","itemListElement":[{"@type":"ListItem","position":1,"name":"Accueil","item":"https:\/\/www.xpaddleboards.com\/"},{"@type":"ListItem","position":2,"name":"Conditions g\u00e9n\u00e9rales de vente"}]},{"@type":"WebSite","@id":"https:\/\/www.xpaddleboards.com\/#website","url":"https:\/\/www.xpaddleboards.com\/","name":"X Paddleboards","description":"La nouvelle g\u00e9n\u00e9ration de SUP gonflable","potentialAction":[{"@type":"SearchAction","target":{"@type":"EntryPoint","urlTemplate":"https:\/\/www.xpaddleboards.com\/?s={search_term_string}"},"query-input":{"@type":"PropertyValueSpecification","valueRequired":true,"valueName":"search_term_string"}}],"inLanguage":"en-GB"}]}},"_links":{"self":[{"href":"https:\/\/www.xpaddleboards.com\/en\/wp-json\/wp\/v2\/pages\/3302","targetHints":{"allow":["GET"]}}],"collection":[{"href":"https:\/\/www.xpaddleboards.com\/en\/wp-json\/wp\/v2\/pages"}],"about":[{"href":"https:\/\/www.xpaddleboards.com\/en\/wp-json\/wp\/v2\/types\/page"}],"author":[{"embeddable":true,"href":"https:\/\/www.xpaddleboards.com\/en\/wp-json\/wp\/v2\/users\/1"}],"replies":[{"embeddable":true,"href":"https:\/\/www.xpaddleboards.com\/en\/wp-json\/wp\/v2\/comments?post=3302"}],"version-history":[{"count":4,"href":"https:\/\/www.xpaddleboards.com\/en\/wp-json\/wp\/v2\/pages\/3302\/revisions"}],"predecessor-version":[{"id":5222,"href":"https:\/\/www.xpaddleboards.com\/en\/wp-json\/wp\/v2\/pages\/3302\/revisions\/5222"}],"wp:attachment":[{"href":"https:\/\/www.xpaddleboards.com\/en\/wp-json\/wp\/v2\/media?parent=3302"}],"curies":[{"name":"wp","href":"https:\/\/api.w.org\/{rel}","templated":true}]}}