{"id":3300,"date":"2021-05-17T12:14:52","date_gmt":"2021-05-17T10:14:52","guid":{"rendered":"https:\/\/xpaddleboards.com\/?page_id=3300"},"modified":"2022-03-22T15:43:05","modified_gmt":"2022-03-22T14:43:05","slug":"mentions-legales","status":"publish","type":"page","link":"https:\/\/www.xpaddleboards.com\/en\/mentions-legales\/","title":{"rendered":"Legal notices"},"content":{"rendered":"<h2>Legal notices<\/h2>\n<h3>Cr\u00e9dits<\/h3>\n<p>Concept and production:<\/p>\n<p>This website was created by an open-source solution called Wordpress.<\/p>\n<p>This site is hosted on OVH and realized by the company Wind and Web<\/p>\n<p>The website www.xpaddleboard.com is exploited by the Wind and Web company, specialized in watersports products distribution.<\/p>\n<p>12 boulevard gambetta<\/p>\n<p>11100 Narbonne<\/p>\n<p>0656700569<\/p>\n<p>contact@xpaddleboards.com<\/p>","protected":false},"excerpt":{"rendered":"<p>Mentions l\u00e9gales Cr\u00e9dits Concept et production : Ce site internet a \u00e9t\u00e9 r\u00e9alis\u00e9 en utilisant la solution open-source WordPress. Ce site est h\u00e9berg\u00e9 sur OVH&#8230;<\/p>","protected":false},"author":1,"featured_media":0,"parent":0,"menu_order":0,"comment_status":"closed","ping_status":"closed","template":"","meta":{"footnotes":""},"class_list":["post-3300","page","type-page","status-publish","hentry"],"yoast_head":"<!-- This site is optimized with the Yoast SEO plugin v26.3 - https:\/\/yoast.com\/wordpress\/plugins\/seo\/ -->\n<title>Mentions l\u00e9gales - X Paddleboards<\/title>\n<meta name=\"robots\" content=\"index, follow, max-snippet:-1, max-image-preview:large, max-video-preview:-1\" \/>\n<link rel=\"canonical\" href=\"https:\/\/www.xpaddleboards.com\/en\/mentions-legales\/\" \/>\n<meta property=\"og:locale\" content=\"en_GB\" \/>\n<meta property=\"og:type\" content=\"article\" \/>\n<meta property=\"og:title\" content=\"Mentions l\u00e9gales - X Paddleboards\" \/>\n<meta property=\"og:description\" content=\"Mentions l\u00e9gales Cr\u00e9dits Concept et production : Ce site internet a \u00e9t\u00e9 r\u00e9alis\u00e9 en utilisant la solution open-source WordPress. Ce site est h\u00e9berg\u00e9 sur OVH...\" \/>\n<meta property=\"og:url\" content=\"https:\/\/www.xpaddleboards.com\/en\/mentions-legales\/\" \/>\n<meta property=\"og:site_name\" content=\"X Paddleboards\" \/>\n<meta property=\"article:modified_time\" content=\"2022-03-22T14:43:05+00:00\" \/>\n<meta name=\"twitter:card\" content=\"summary_large_image\" \/>\n<meta name=\"twitter:label1\" content=\"Estimated reading time\" \/>\n\t<meta name=\"twitter:data1\" content=\"1 minute\" \/>\n<script type=\"application\/ld+json\" class=\"yoast-schema-graph\">{\"@context\":\"https:\/\/schema.org\",\"@graph\":[{\"@type\":\"WebPage\",\"@id\":\"https:\/\/www.xpaddleboards.com\/mentions-legales\/\",\"url\":\"https:\/\/www.xpaddleboards.com\/mentions-legales\/\",\"name\":\"Mentions l\u00e9gales - X Paddleboards\",\"isPartOf\":{\"@id\":\"https:\/\/www.xpaddleboards.com\/#website\"},\"datePublished\":\"2021-05-17T10:14:52+00:00\",\"dateModified\":\"2022-03-22T14:43:05+00:00\",\"breadcrumb\":{\"@id\":\"https:\/\/www.xpaddleboards.com\/mentions-legales\/#breadcrumb\"},\"inLanguage\":\"en-GB\",\"potentialAction\":[{\"@type\":\"ReadAction\",\"target\":[\"https:\/\/www.xpaddleboards.com\/mentions-legales\/\"]}]},{\"@type\":\"BreadcrumbList\",\"@id\":\"https:\/\/www.xpaddleboards.com\/mentions-legales\/#breadcrumb\",\"itemListElement\":[{\"@type\":\"ListItem\",\"position\":1,\"name\":\"Accueil\",\"item\":\"https:\/\/www.xpaddleboards.com\/\"},{\"@type\":\"ListItem\",\"position\":2,\"name\":\"Mentions l\u00e9gales\"}]},{\"@type\":\"WebSite\",\"@id\":\"https:\/\/www.xpaddleboards.com\/#website\",\"url\":\"https:\/\/www.xpaddleboards.com\/\",\"name\":\"X Paddleboards\",\"description\":\"La nouvelle g\u00e9n\u00e9ration de SUP gonflable\",\"potentialAction\":[{\"@type\":\"SearchAction\",\"target\":{\"@type\":\"EntryPoint\",\"urlTemplate\":\"https:\/\/www.xpaddleboards.com\/?s={search_term_string}\"},\"query-input\":{\"@type\":\"PropertyValueSpecification\",\"valueRequired\":true,\"valueName\":\"search_term_string\"}}],\"inLanguage\":\"en-GB\"}]}<\/script>\n<!-- \/ Yoast SEO plugin. -->","yoast_head_json":{"title":"Mentions l\u00e9gales - X Paddleboards","robots":{"index":"index","follow":"follow","max-snippet":"max-snippet:-1","max-image-preview":"max-image-preview:large","max-video-preview":"max-video-preview:-1"},"canonical":"https:\/\/www.xpaddleboards.com\/en\/mentions-legales\/","og_locale":"en_GB","og_type":"article","og_title":"Mentions l\u00e9gales - X Paddleboards","og_description":"Mentions l\u00e9gales Cr\u00e9dits Concept et production : Ce site internet a \u00e9t\u00e9 r\u00e9alis\u00e9 en utilisant la solution open-source WordPress. Ce site est h\u00e9berg\u00e9 sur OVH...","og_url":"https:\/\/www.xpaddleboards.com\/en\/mentions-legales\/","og_site_name":"X Paddleboards","article_modified_time":"2022-03-22T14:43:05+00:00","twitter_card":"summary_large_image","twitter_misc":{"Estimated reading time":"1 minute"},"schema":{"@context":"https:\/\/schema.org","@graph":[{"@type":"WebPage","@id":"https:\/\/www.xpaddleboards.com\/mentions-legales\/","url":"https:\/\/www.xpaddleboards.com\/mentions-legales\/","name":"Mentions l\u00e9gales - X Paddleboards","isPartOf":{"@id":"https:\/\/www.xpaddleboards.com\/#website"},"datePublished":"2021-05-17T10:14:52+00:00","dateModified":"2022-03-22T14:43:05+00:00","breadcrumb":{"@id":"https:\/\/www.xpaddleboards.com\/mentions-legales\/#breadcrumb"},"inLanguage":"en-GB","potentialAction":[{"@type":"ReadAction","target":["https:\/\/www.xpaddleboards.com\/mentions-legales\/"]}]},{"@type":"BreadcrumbList","@id":"https:\/\/www.xpaddleboards.com\/mentions-legales\/#breadcrumb","itemListElement":[{"@type":"ListItem","position":1,"name":"Accueil","item":"https:\/\/www.xpaddleboards.com\/"},{"@type":"ListItem","position":2,"name":"Mentions l\u00e9gales"}]},{"@type":"WebSite","@id":"https:\/\/www.xpaddleboards.com\/#website","url":"https:\/\/www.xpaddleboards.com\/","name":"X Paddleboards","description":"La nouvelle g\u00e9n\u00e9ration de SUP gonflable","potentialAction":[{"@type":"SearchAction","target":{"@type":"EntryPoint","urlTemplate":"https:\/\/www.xpaddleboards.com\/?s={search_term_string}"},"query-input":{"@type":"PropertyValueSpecification","valueRequired":true,"valueName":"search_term_string"}}],"inLanguage":"en-GB"}]}},"_links":{"self":[{"href":"https:\/\/www.xpaddleboards.com\/en\/wp-json\/wp\/v2\/pages\/3300","targetHints":{"allow":["GET"]}}],"collection":[{"href":"https:\/\/www.xpaddleboards.com\/en\/wp-json\/wp\/v2\/pages"}],"about":[{"href":"https:\/\/www.xpaddleboards.com\/en\/wp-json\/wp\/v2\/types\/page"}],"author":[{"embeddable":true,"href":"https:\/\/www.xpaddleboards.com\/en\/wp-json\/wp\/v2\/users\/1"}],"replies":[{"embeddable":true,"href":"https:\/\/www.xpaddleboards.com\/en\/wp-json\/wp\/v2\/comments?post=3300"}],"version-history":[{"count":2,"href":"https:\/\/www.xpaddleboards.com\/en\/wp-json\/wp\/v2\/pages\/3300\/revisions"}],"predecessor-version":[{"id":4272,"href":"https:\/\/www.xpaddleboards.com\/en\/wp-json\/wp\/v2\/pages\/3300\/revisions\/4272"}],"wp:attachment":[{"href":"https:\/\/www.xpaddleboards.com\/en\/wp-json\/wp\/v2\/media?parent=3300"}],"curies":[{"name":"wp","href":"https:\/\/api.w.org\/{rel}","templated":true}]}}