{"id":3150,"date":"2021-05-11T16:26:17","date_gmt":"2021-05-11T14:26:17","guid":{"rendered":"https:\/\/xpaddleboards.com\/?page_id=3150"},"modified":"2021-12-08T15:26:32","modified_gmt":"2021-12-08T14:26:32","slug":"livraison","status":"publish","type":"page","link":"https:\/\/www.xpaddleboards.com\/en\/livraison\/","title":{"rendered":"Delivery"},"content":{"rendered":"<div data-elementor-type=\"wp-page\" data-elementor-id=\"3150\" class=\"elementor elementor-3150\" data-elementor-post-type=\"page\">\n\t\t\t\t\t\t<section class=\"elementor-section elementor-top-section elementor-element elementor-element-6e08ed27 elementor-section-stretched elementor-section-full_width elementor-section-height-default elementor-section-height-default elementor-invisible\" data-id=\"6e08ed27\" data-element_type=\"section\" data-settings=\"{&quot;stretch_section&quot;:&quot;section-stretched&quot;,&quot;background_background&quot;:&quot;classic&quot;,&quot;animation&quot;:&quot;fadeIn&quot;}\">\n\t\t\t\t\t\t<div class=\"elementor-container elementor-column-gap-no\">\n\t\t\t\t\t<div class=\"elementor-column elementor-col-50 elementor-top-column elementor-element elementor-element-44061510\" data-id=\"44061510\" data-element_type=\"column\">\n\t\t\t<div class=\"elementor-widget-wrap elementor-element-populated\">\n\t\t\t\t\t\t<div class=\"elementor-element elementor-element-4fce9f83 elementor-widget elementor-widget-heading\" data-id=\"4fce9f83\" data-element_type=\"widget\" data-widget_type=\"heading.default\">\n\t\t\t\t<div class=\"elementor-widget-container\">\n\t\t\t\t\t<h2 class=\"elementor-heading-title elementor-size-default\">\"Your paddleboard is on its way!\"<\/h2>\t\t\t\t<\/div>\n\t\t\t\t<\/div>\n\t\t\t\t<div class=\"elementor-element elementor-element-3f3ce55a elementor-widget elementor-widget-text-editor\" data-id=\"3f3ce55a\" data-element_type=\"widget\" data-widget_type=\"text-editor.default\">\n\t\t\t\t<div class=\"elementor-widget-container\">\n\t\t\t\t\t\t\t\t\t<p>All the orders ordered before 2pm are shipped the same day.<\/p>\t\t\t\t\t\t\t\t<\/div>\n\t\t\t\t<\/div>\n\t\t\t\t<section class=\"elementor-section elementor-inner-section elementor-element elementor-element-3aa9636e elementor-section-boxed elementor-section-height-default elementor-section-height-default\" data-id=\"3aa9636e\" data-element_type=\"section\">\n\t\t\t\t\t\t<div class=\"elementor-container elementor-column-gap-no\">\n\t\t\t\t\t<div class=\"elementor-column elementor-col-50 elementor-inner-column elementor-element elementor-element-29e00757\" data-id=\"29e00757\" data-element_type=\"column\">\n\t\t\t<div class=\"elementor-widget-wrap elementor-element-populated\">\n\t\t\t\t\t\t<div class=\"elementor-element elementor-element-4f0c58ea elementor-position-top elementor-widget elementor-widget-image-box\" data-id=\"4f0c58ea\" data-element_type=\"widget\" data-widget_type=\"image-box.default\">\n\t\t\t\t<div class=\"elementor-widget-container\">\n\t\t\t\t\t<div class=\"elementor-image-box-wrapper\"><figure class=\"elementor-image-box-img\"><img decoding=\"async\" width=\"400\" height=\"102\" src=\"https:\/\/www.xpaddleboards.com\/wp-content\/uploads\/2021\/05\/colissimo-10x3.png\" class=\"attachment-full size-full wp-image-3159 lazyload lazyload-lqip et-lazyload-fadeIn\" alt=\"\" data-src=\"https:\/\/www.xpaddleboards.com\/wp-content\/uploads\/2021\/05\/colissimo.png\" data-srcset=\"https:\/\/www.xpaddleboards.com\/wp-content\/uploads\/2021\/05\/colissimo.png 400w, https:\/\/www.xpaddleboards.com\/wp-content\/uploads\/2021\/05\/colissimo-4x1.png 4w, https:\/\/www.xpaddleboards.com\/wp-content\/uploads\/2021\/05\/colissimo-10x3.png 10w\" srcset=\"https:\/\/www.xpaddleboards.com\/wp-content\/uploads\/2021\/05\/colissimo-10x3.png 10w, https:\/\/www.xpaddleboards.com\/wp-content\/uploads\/2021\/05\/colissimo-4x1.png 4w, https:\/\/www.xpaddleboards.com\/wp-content\/uploads\/2021\/05\/colissimo.png 400w\" sizes=\"(max-width: 400px) 100vw, 400px\" \/><\/figure><div class=\"elementor-image-box-content\"><h3 class=\"elementor-image-box-title\">Delivery in 48H<\/h3><p class=\"elementor-image-box-description\">Directly to your home with Colissimo tracking<\/p><\/div><\/div>\t\t\t\t<\/div>\n\t\t\t\t<\/div>\n\t\t\t\t\t<\/div>\n\t\t<\/div>\n\t\t\t\t<div class=\"elementor-column elementor-col-50 elementor-inner-column elementor-element elementor-element-7f9fa62a\" data-id=\"7f9fa62a\" data-element_type=\"column\">\n\t\t\t<div class=\"elementor-widget-wrap elementor-element-populated\">\n\t\t\t\t\t\t<div class=\"elementor-element elementor-element-30e7a157 elementor-position-top elementor-widget elementor-widget-image-box\" data-id=\"30e7a157\" data-element_type=\"widget\" data-widget_type=\"image-box.default\">\n\t\t\t\t<div class=\"elementor-widget-container\">\n\t\t\t\t\t<div class=\"elementor-image-box-wrapper\"><figure class=\"elementor-image-box-img\"><img decoding=\"async\" width=\"90\" height=\"90\" src=\"https:\/\/www.xpaddleboards.com\/wp-content\/uploads\/2021\/05\/shipped-1-10x10.png\" class=\"attachment-full size-full wp-image-3157 lazyload lazyload-lqip et-lazyload-fadeIn\" alt=\"\" data-src=\"https:\/\/www.xpaddleboards.com\/wp-content\/uploads\/2021\/05\/shipped-1.png\" data-srcset=\"https:\/\/www.xpaddleboards.com\/wp-content\/uploads\/2021\/05\/shipped-1.png 90w, https:\/\/www.xpaddleboards.com\/wp-content\/uploads\/2021\/05\/shipped-1-4x4.png 4w, https:\/\/www.xpaddleboards.com\/wp-content\/uploads\/2021\/05\/shipped-1-10x10.png 10w\" srcset=\"https:\/\/www.xpaddleboards.com\/wp-content\/uploads\/2021\/05\/shipped-1-10x10.png 10w, https:\/\/www.xpaddleboards.com\/wp-content\/uploads\/2021\/05\/shipped-1-4x4.png 4w, https:\/\/www.xpaddleboards.com\/wp-content\/uploads\/2021\/05\/shipped-1.png 90w\" sizes=\"(max-width: 90px) 100vw, 90px\" \/><\/figure><div class=\"elementor-image-box-content\"><h3 class=\"elementor-image-box-title\">Tracking number<\/h3><p class=\"elementor-image-box-description\">On your mailbox at the time of sending<\/p><\/div><\/div>\t\t\t\t<\/div>\n\t\t\t\t<\/div>\n\t\t\t\t\t<\/div>\n\t\t<\/div>\n\t\t\t\t\t<\/div>\n\t\t<\/section>\n\t\t\t\t\t<\/div>\n\t\t<\/div>\n\t\t\t\t<div class=\"elementor-column elementor-col-50 elementor-top-column elementor-element elementor-element-1b56e04e\" data-id=\"1b56e04e\" data-element_type=\"column\">\n\t\t\t<div class=\"elementor-widget-wrap\">\n\t\t\t\t\t\t\t<\/div>\n\t\t<\/div>\n\t\t\t\t\t<\/div>\n\t\t<\/section>\n\t\t\t\t<\/div>","protected":false},"excerpt":{"rendered":"<p>\u00ab\u00a0Votre paddle est en route!\u00a0\u00bb Toutes les commandes pass\u00e9es avant 14h sont exp\u00e9di\u00e9es le jour m\u00eame Livraison en 48H Directement \u00e0 votre domicile avec Colissimo&#8230;<\/p>","protected":false},"author":1,"featured_media":0,"parent":0,"menu_order":0,"comment_status":"closed","ping_status":"closed","template":"","meta":{"footnotes":""},"class_list":["post-3150","page","type-page","status-publish","hentry"],"yoast_head":"<!-- This site is optimized with the Yoast SEO plugin v26.3 - https:\/\/yoast.com\/wordpress\/plugins\/seo\/ -->\n<title>Livraison - X Paddleboards<\/title>\n<meta name=\"robots\" content=\"index, follow, max-snippet:-1, max-image-preview:large, max-video-preview:-1\" \/>\n<link rel=\"canonical\" href=\"https:\/\/www.xpaddleboards.com\/en\/livraison\/\" \/>\n<meta property=\"og:locale\" content=\"en_GB\" \/>\n<meta property=\"og:type\" content=\"article\" \/>\n<meta property=\"og:title\" content=\"Livraison - X Paddleboards\" \/>\n<meta property=\"og:description\" content=\"\u00ab\u00a0Votre paddle est en route!\u00a0\u00bb Toutes les commandes pass\u00e9es avant 14h sont exp\u00e9di\u00e9es le jour m\u00eame Livraison en 48H Directement \u00e0 votre domicile avec Colissimo...\" \/>\n<meta property=\"og:url\" content=\"https:\/\/www.xpaddleboards.com\/en\/livraison\/\" \/>\n<meta property=\"og:site_name\" content=\"X Paddleboards\" \/>\n<meta property=\"article:modified_time\" content=\"2021-12-08T14:26:32+00:00\" \/>\n<meta property=\"og:image\" content=\"http:\/\/xpaddleboards.com\/wp-content\/uploads\/2021\/05\/colissimo.png\" \/>\n<meta name=\"twitter:card\" content=\"summary_large_image\" \/>\n<meta name=\"twitter:label1\" content=\"Estimated reading time\" \/>\n\t<meta name=\"twitter:data1\" content=\"1 minute\" \/>\n<script type=\"application\/ld+json\" class=\"yoast-schema-graph\">{\"@context\":\"https:\/\/schema.org\",\"@graph\":[{\"@type\":\"WebPage\",\"@id\":\"https:\/\/www.xpaddleboards.com\/livraison\/\",\"url\":\"https:\/\/www.xpaddleboards.com\/livraison\/\",\"name\":\"Livraison - X Paddleboards\",\"isPartOf\":{\"@id\":\"https:\/\/www.xpaddleboards.com\/#website\"},\"primaryImageOfPage\":{\"@id\":\"https:\/\/www.xpaddleboards.com\/livraison\/#primaryimage\"},\"image\":{\"@id\":\"https:\/\/www.xpaddleboards.com\/livraison\/#primaryimage\"},\"thumbnailUrl\":\"http:\/\/xpaddleboards.com\/wp-content\/uploads\/2021\/05\/colissimo.png\",\"datePublished\":\"2021-05-11T14:26:17+00:00\",\"dateModified\":\"2021-12-08T14:26:32+00:00\",\"breadcrumb\":{\"@id\":\"https:\/\/www.xpaddleboards.com\/livraison\/#breadcrumb\"},\"inLanguage\":\"en-GB\",\"potentialAction\":[{\"@type\":\"ReadAction\",\"target\":[\"https:\/\/www.xpaddleboards.com\/livraison\/\"]}]},{\"@type\":\"ImageObject\",\"inLanguage\":\"en-GB\",\"@id\":\"https:\/\/www.xpaddleboards.com\/livraison\/#primaryimage\",\"url\":\"http:\/\/xpaddleboards.com\/wp-content\/uploads\/2021\/05\/colissimo.png\",\"contentUrl\":\"http:\/\/xpaddleboards.com\/wp-content\/uploads\/2021\/05\/colissimo.png\"},{\"@type\":\"BreadcrumbList\",\"@id\":\"https:\/\/www.xpaddleboards.com\/livraison\/#breadcrumb\",\"itemListElement\":[{\"@type\":\"ListItem\",\"position\":1,\"name\":\"Accueil\",\"item\":\"https:\/\/www.xpaddleboards.com\/\"},{\"@type\":\"ListItem\",\"position\":2,\"name\":\"Livraison\"}]},{\"@type\":\"WebSite\",\"@id\":\"https:\/\/www.xpaddleboards.com\/#website\",\"url\":\"https:\/\/www.xpaddleboards.com\/\",\"name\":\"X Paddleboards\",\"description\":\"La nouvelle g\u00e9n\u00e9ration de SUP gonflable\",\"potentialAction\":[{\"@type\":\"SearchAction\",\"target\":{\"@type\":\"EntryPoint\",\"urlTemplate\":\"https:\/\/www.xpaddleboards.com\/?s={search_term_string}\"},\"query-input\":{\"@type\":\"PropertyValueSpecification\",\"valueRequired\":true,\"valueName\":\"search_term_string\"}}],\"inLanguage\":\"en-GB\"}]}<\/script>\n<!-- \/ Yoast SEO plugin. -->","yoast_head_json":{"title":"Livraison - X Paddleboards","robots":{"index":"index","follow":"follow","max-snippet":"max-snippet:-1","max-image-preview":"max-image-preview:large","max-video-preview":"max-video-preview:-1"},"canonical":"https:\/\/www.xpaddleboards.com\/en\/livraison\/","og_locale":"en_GB","og_type":"article","og_title":"Livraison - X Paddleboards","og_description":"\u00ab\u00a0Votre paddle est en route!\u00a0\u00bb Toutes les commandes pass\u00e9es avant 14h sont exp\u00e9di\u00e9es le jour m\u00eame Livraison en 48H Directement \u00e0 votre domicile avec Colissimo...","og_url":"https:\/\/www.xpaddleboards.com\/en\/livraison\/","og_site_name":"X Paddleboards","article_modified_time":"2021-12-08T14:26:32+00:00","og_image":[{"url":"http:\/\/xpaddleboards.com\/wp-content\/uploads\/2021\/05\/colissimo.png","type":"","width":"","height":""}],"twitter_card":"summary_large_image","twitter_misc":{"Estimated reading time":"1 minute"},"schema":{"@context":"https:\/\/schema.org","@graph":[{"@type":"WebPage","@id":"https:\/\/www.xpaddleboards.com\/livraison\/","url":"https:\/\/www.xpaddleboards.com\/livraison\/","name":"Livraison - X Paddleboards","isPartOf":{"@id":"https:\/\/www.xpaddleboards.com\/#website"},"primaryImageOfPage":{"@id":"https:\/\/www.xpaddleboards.com\/livraison\/#primaryimage"},"image":{"@id":"https:\/\/www.xpaddleboards.com\/livraison\/#primaryimage"},"thumbnailUrl":"http:\/\/xpaddleboards.com\/wp-content\/uploads\/2021\/05\/colissimo.png","datePublished":"2021-05-11T14:26:17+00:00","dateModified":"2021-12-08T14:26:32+00:00","breadcrumb":{"@id":"https:\/\/www.xpaddleboards.com\/livraison\/#breadcrumb"},"inLanguage":"en-GB","potentialAction":[{"@type":"ReadAction","target":["https:\/\/www.xpaddleboards.com\/livraison\/"]}]},{"@type":"ImageObject","inLanguage":"en-GB","@id":"https:\/\/www.xpaddleboards.com\/livraison\/#primaryimage","url":"http:\/\/xpaddleboards.com\/wp-content\/uploads\/2021\/05\/colissimo.png","contentUrl":"http:\/\/xpaddleboards.com\/wp-content\/uploads\/2021\/05\/colissimo.png"},{"@type":"BreadcrumbList","@id":"https:\/\/www.xpaddleboards.com\/livraison\/#breadcrumb","itemListElement":[{"@type":"ListItem","position":1,"name":"Accueil","item":"https:\/\/www.xpaddleboards.com\/"},{"@type":"ListItem","position":2,"name":"Livraison"}]},{"@type":"WebSite","@id":"https:\/\/www.xpaddleboards.com\/#website","url":"https:\/\/www.xpaddleboards.com\/","name":"X Paddleboards","description":"La nouvelle g\u00e9n\u00e9ration de SUP gonflable","potentialAction":[{"@type":"SearchAction","target":{"@type":"EntryPoint","urlTemplate":"https:\/\/www.xpaddleboards.com\/?s={search_term_string}"},"query-input":{"@type":"PropertyValueSpecification","valueRequired":true,"valueName":"search_term_string"}}],"inLanguage":"en-GB"}]}},"_links":{"self":[{"href":"https:\/\/www.xpaddleboards.com\/en\/wp-json\/wp\/v2\/pages\/3150","targetHints":{"allow":["GET"]}}],"collection":[{"href":"https:\/\/www.xpaddleboards.com\/en\/wp-json\/wp\/v2\/pages"}],"about":[{"href":"https:\/\/www.xpaddleboards.com\/en\/wp-json\/wp\/v2\/types\/page"}],"author":[{"embeddable":true,"href":"https:\/\/www.xpaddleboards.com\/en\/wp-json\/wp\/v2\/users\/1"}],"replies":[{"embeddable":true,"href":"https:\/\/www.xpaddleboards.com\/en\/wp-json\/wp\/v2\/comments?post=3150"}],"version-history":[{"count":1,"href":"https:\/\/www.xpaddleboards.com\/en\/wp-json\/wp\/v2\/pages\/3150\/revisions"}],"predecessor-version":[{"id":3937,"href":"https:\/\/www.xpaddleboards.com\/en\/wp-json\/wp\/v2\/pages\/3150\/revisions\/3937"}],"wp:attachment":[{"href":"https:\/\/www.xpaddleboards.com\/en\/wp-json\/wp\/v2\/media?parent=3150"}],"curies":[{"name":"wp","href":"https:\/\/api.w.org\/{rel}","templated":true}]}}