{"id":3131,"date":"2021-05-11T16:04:59","date_gmt":"2021-05-11T14:04:59","guid":{"rendered":"https:\/\/xpaddleboards.com\/?page_id=3131"},"modified":"2021-12-08T15:28:27","modified_gmt":"2021-12-08T14:28:27","slug":"modes-paiement","status":"publish","type":"page","link":"https:\/\/www.xpaddleboards.com\/en\/modes-paiement\/","title":{"rendered":"Payment methods"},"content":{"rendered":"<div data-elementor-type=\"wp-page\" data-elementor-id=\"3131\" class=\"elementor elementor-3131\" data-elementor-post-type=\"page\">\n\t\t\t\t\t\t<section class=\"elementor-section elementor-top-section elementor-element elementor-element-ff6caf0 elementor-section-content-middle elementor-section-full_width elementor-section-height-default elementor-section-height-default\" data-id=\"ff6caf0\" data-element_type=\"section\">\n\t\t\t\t\t\t<div class=\"elementor-container elementor-column-gap-no\">\n\t\t\t\t\t<div class=\"elementor-column elementor-col-50 elementor-top-column elementor-element elementor-element-cbf6c8c\" data-id=\"cbf6c8c\" data-element_type=\"column\">\n\t\t\t<div class=\"elementor-widget-wrap elementor-element-populated\">\n\t\t\t\t\t\t<div class=\"elementor-element elementor-element-b8b0701 elementor-widget elementor-widget-image\" data-id=\"b8b0701\" data-element_type=\"widget\" data-widget_type=\"image.default\">\n\t\t\t\t<div class=\"elementor-widget-container\">\n\t\t\t\t\t\t\t\t\t\t\t\t\t\t\t<img fetchpriority=\"high\" decoding=\"async\" width=\"555\" height=\"624\" src=\"https:\/\/www.xpaddleboards.com\/wp-content\/uploads\/2021\/05\/Shape_image.jpg\" class=\"attachment-full size-full wp-image-3142\" alt=\"\" srcset=\"https:\/\/www.xpaddleboards.com\/wp-content\/uploads\/2021\/05\/Shape_image.jpg 555w, https:\/\/www.xpaddleboards.com\/wp-content\/uploads\/2021\/05\/Shape_image-500x562.jpg 500w, https:\/\/www.xpaddleboards.com\/wp-content\/uploads\/2021\/05\/Shape_image-4x4.jpg 4w, https:\/\/www.xpaddleboards.com\/wp-content\/uploads\/2021\/05\/Shape_image-10x10.jpg 10w\" sizes=\"(max-width: 555px) 100vw, 555px\" \/>\t\t\t\t\t\t\t\t\t\t\t\t\t\t\t<\/div>\n\t\t\t\t<\/div>\n\t\t\t\t\t<\/div>\n\t\t<\/div>\n\t\t\t\t<div class=\"elementor-column elementor-col-50 elementor-top-column elementor-element elementor-element-3d9839d2\" data-id=\"3d9839d2\" data-element_type=\"column\">\n\t\t\t<div class=\"elementor-widget-wrap elementor-element-populated\">\n\t\t\t\t\t\t<div class=\"elementor-element elementor-element-643fe091 elementor-widget elementor-widget-heading\" data-id=\"643fe091\" data-element_type=\"widget\" data-widget_type=\"heading.default\">\n\t\t\t\t<div class=\"elementor-widget-container\">\n\t\t\t\t\t<h2 class=\"elementor-heading-title elementor-size-default\">Payment methods<\/h2>\t\t\t\t<\/div>\n\t\t\t\t<\/div>\n\t\t\t\t<section class=\"elementor-section elementor-inner-section elementor-element elementor-element-462e7e5a elementor-section-boxed elementor-section-height-default elementor-section-height-default\" data-id=\"462e7e5a\" data-element_type=\"section\">\n\t\t\t\t\t\t<div class=\"elementor-container elementor-column-gap-no\">\n\t\t\t\t\t<div class=\"elementor-column elementor-col-100 elementor-inner-column elementor-element elementor-element-261e7aa5\" data-id=\"261e7aa5\" data-element_type=\"column\">\n\t\t\t<div class=\"elementor-widget-wrap elementor-element-populated\">\n\t\t\t\t\t\t<div class=\"elementor-element elementor-element-3a083174 elementor-widget elementor-widget-heading\" data-id=\"3a083174\" data-element_type=\"widget\" data-widget_type=\"heading.default\">\n\t\t\t\t<div class=\"elementor-widget-container\">\n\t\t\t\t\t<h2 class=\"elementor-heading-title elementor-size-default\">Payment by credit card<\/h2>\t\t\t\t<\/div>\n\t\t\t\t<\/div>\n\t\t\t\t<div class=\"elementor-element elementor-element-2e5fa890 elementor-widget elementor-widget-text-editor\" data-id=\"2e5fa890\" data-element_type=\"widget\" data-widget_type=\"text-editor.default\">\n\t\t\t\t<div class=\"elementor-widget-container\">\n\t\t\t\t\t\t\t\t\t<p>Pay directly with your Visa or Mastercard thanks to our 100% secure payment solution and number 1 in the world :  Stripe<\/p>\t\t\t\t\t\t\t\t<\/div>\n\t\t\t\t<\/div>\n\t\t\t\t\t<\/div>\n\t\t<\/div>\n\t\t\t\t\t<\/div>\n\t\t<\/section>\n\t\t\t\t<section class=\"elementor-section elementor-inner-section elementor-element elementor-element-224856a3 elementor-section-boxed elementor-section-height-default elementor-section-height-default\" data-id=\"224856a3\" data-element_type=\"section\">\n\t\t\t\t\t\t<div class=\"elementor-container elementor-column-gap-no\">\n\t\t\t\t\t<div class=\"elementor-column elementor-col-100 elementor-inner-column elementor-element elementor-element-4ae5b2cc\" data-id=\"4ae5b2cc\" data-element_type=\"column\">\n\t\t\t<div class=\"elementor-widget-wrap elementor-element-populated\">\n\t\t\t\t\t\t<div class=\"elementor-element elementor-element-7d7c6d0b elementor-widget elementor-widget-heading\" data-id=\"7d7c6d0b\" data-element_type=\"widget\" data-widget_type=\"heading.default\">\n\t\t\t\t<div class=\"elementor-widget-container\">\n\t\t\t\t\t<h2 class=\"elementor-heading-title elementor-size-default\">Payment by Paypal<\/h2>\t\t\t\t<\/div>\n\t\t\t\t<\/div>\n\t\t\t\t<div class=\"elementor-element elementor-element-29589575 elementor-widget elementor-widget-text-editor\" data-id=\"29589575\" data-element_type=\"widget\" data-widget_type=\"text-editor.default\">\n\t\t\t\t<div class=\"elementor-widget-container\">\n\t\t\t\t\t\t\t\t\t<p>Fast, easy and extremely secure, we accept payment by Paypal<\/p>\t\t\t\t\t\t\t\t<\/div>\n\t\t\t\t<\/div>\n\t\t\t\t\t<\/div>\n\t\t<\/div>\n\t\t\t\t\t<\/div>\n\t\t<\/section>\n\t\t\t\t<section class=\"elementor-section elementor-inner-section elementor-element elementor-element-7c1e0b6 elementor-section-boxed elementor-section-height-default elementor-section-height-default\" data-id=\"7c1e0b6\" data-element_type=\"section\">\n\t\t\t\t\t\t<div class=\"elementor-container elementor-column-gap-no\">\n\t\t\t\t\t<div class=\"elementor-column elementor-col-100 elementor-inner-column elementor-element elementor-element-4f108185\" data-id=\"4f108185\" data-element_type=\"column\">\n\t\t\t<div class=\"elementor-widget-wrap elementor-element-populated\">\n\t\t\t\t\t\t<div class=\"elementor-element elementor-element-341181b elementor-widget elementor-widget-heading\" data-id=\"341181b\" data-element_type=\"widget\" data-widget_type=\"heading.default\">\n\t\t\t\t<div class=\"elementor-widget-container\">\n\t\t\t\t\t<h2 class=\"elementor-heading-title elementor-size-default\">Payment by bank transfer<\/h2>\t\t\t\t<\/div>\n\t\t\t\t<\/div>\n\t\t\t\t<div class=\"elementor-element elementor-element-684dbf77 elementor-widget elementor-widget-text-editor\" data-id=\"684dbf77\" data-element_type=\"widget\" data-widget_type=\"text-editor.default\">\n\t\t\t\t<div class=\"elementor-widget-container\">\n\t\t\t\t\t\t\t\t\t<p>Choose the payment by bank transfer if this solution suits you. The processing time is generally 1 or 2 days longer than by credit card or Paypal.<\/p>\t\t\t\t\t\t\t\t<\/div>\n\t\t\t\t<\/div>\n\t\t\t\t\t<\/div>\n\t\t<\/div>\n\t\t\t\t\t<\/div>\n\t\t<\/section>\n\t\t\t\t<section class=\"elementor-section elementor-inner-section elementor-element elementor-element-20611575 elementor-section-boxed elementor-section-height-default elementor-section-height-default\" data-id=\"20611575\" data-element_type=\"section\">\n\t\t\t\t\t\t<div class=\"elementor-container elementor-column-gap-no\">\n\t\t\t\t\t<div class=\"elementor-column elementor-col-100 elementor-inner-column elementor-element elementor-element-4fad365e\" data-id=\"4fad365e\" data-element_type=\"column\">\n\t\t\t<div class=\"elementor-widget-wrap elementor-element-populated\">\n\t\t\t\t\t\t<div class=\"elementor-element elementor-element-165c82ba elementor-widget elementor-widget-heading\" data-id=\"165c82ba\" data-element_type=\"widget\" data-widget_type=\"heading.default\">\n\t\t\t\t<div class=\"elementor-widget-container\">\n\t\t\t\t\t<h2 class=\"elementor-heading-title elementor-size-default\">Payment by bank transfer<\/h2>\t\t\t\t<\/div>\n\t\t\t\t<\/div>\n\t\t\t\t<div class=\"elementor-element elementor-element-2f1d2bce elementor-widget elementor-widget-text-editor\" data-id=\"2f1d2bce\" data-element_type=\"widget\" data-widget_type=\"text-editor.default\">\n\t\t\t\t<div class=\"elementor-widget-container\">\n\t\t\t\t\t\t\t\t\t<p>Many people still like to pay by check and we offer you this possibility. Please note that the processing of the order will take longer. Please make sure to send your mail with tracking.<\/p>\t\t\t\t\t\t\t\t<\/div>\n\t\t\t\t<\/div>\n\t\t\t\t\t<\/div>\n\t\t<\/div>\n\t\t\t\t\t<\/div>\n\t\t<\/section>\n\t\t\t\t\t<\/div>\n\t\t<\/div>\n\t\t\t\t\t<\/div>\n\t\t<\/section>\n\t\t\t\t<section class=\"elementor-section elementor-top-section elementor-element elementor-element-9acfebb elementor-section-full_width elementor-section-height-default elementor-section-height-default\" data-id=\"9acfebb\" data-element_type=\"section\">\n\t\t\t\t\t\t<div class=\"elementor-container elementor-column-gap-default\">\n\t\t\t\t\t<div class=\"elementor-column elementor-col-100 elementor-top-column elementor-element elementor-element-eb97233\" data-id=\"eb97233\" data-element_type=\"column\">\n\t\t\t<div class=\"elementor-widget-wrap\">\n\t\t\t\t\t\t\t<\/div>\n\t\t<\/div>\n\t\t\t\t\t<\/div>\n\t\t<\/section>\n\t\t\t\t<\/div>","protected":false},"excerpt":{"rendered":"<p>M\u00e9thodes de r\u00e8glement Payment par CB R\u00e9glez directement vos achats avec votre carte bancaire Visa ou Mastercard gr\u00e2ce \u00e0 notre solution de paiement 100% s\u00e9curis\u00e9e&#8230;<\/p>","protected":false},"author":1,"featured_media":0,"parent":0,"menu_order":0,"comment_status":"closed","ping_status":"closed","template":"","meta":{"footnotes":""},"class_list":["post-3131","page","type-page","status-publish","hentry"],"yoast_head":"<!-- This site is optimized with the Yoast SEO plugin v26.3 - https:\/\/yoast.com\/wordpress\/plugins\/seo\/ -->\n<title>Modes de paiement - X Paddleboards<\/title>\n<meta name=\"robots\" content=\"index, follow, max-snippet:-1, max-image-preview:large, max-video-preview:-1\" \/>\n<link rel=\"canonical\" href=\"https:\/\/www.xpaddleboards.com\/en\/modes-paiement\/\" \/>\n<meta property=\"og:locale\" content=\"en_GB\" \/>\n<meta property=\"og:type\" content=\"article\" \/>\n<meta property=\"og:title\" content=\"Modes de paiement - X Paddleboards\" \/>\n<meta property=\"og:description\" content=\"M\u00e9thodes de r\u00e8glement Payment par CB R\u00e9glez directement vos achats avec votre carte bancaire Visa ou Mastercard gr\u00e2ce \u00e0 notre solution de paiement 100% s\u00e9curis\u00e9e...\" \/>\n<meta property=\"og:url\" content=\"https:\/\/www.xpaddleboards.com\/en\/modes-paiement\/\" \/>\n<meta property=\"og:site_name\" content=\"X Paddleboards\" \/>\n<meta property=\"article:modified_time\" content=\"2021-12-08T14:28:27+00:00\" \/>\n<meta property=\"og:image\" content=\"http:\/\/xpaddleboards.com\/wp-content\/uploads\/2021\/05\/Shape_image.jpg\" \/>\n<meta name=\"twitter:card\" content=\"summary_large_image\" \/>\n<meta name=\"twitter:label1\" content=\"Estimated reading time\" \/>\n\t<meta name=\"twitter:data1\" content=\"1 minute\" \/>\n<script type=\"application\/ld+json\" class=\"yoast-schema-graph\">{\"@context\":\"https:\/\/schema.org\",\"@graph\":[{\"@type\":\"WebPage\",\"@id\":\"https:\/\/www.xpaddleboards.com\/modes-paiement\/\",\"url\":\"https:\/\/www.xpaddleboards.com\/modes-paiement\/\",\"name\":\"Modes de paiement - X Paddleboards\",\"isPartOf\":{\"@id\":\"https:\/\/www.xpaddleboards.com\/#website\"},\"primaryImageOfPage\":{\"@id\":\"https:\/\/www.xpaddleboards.com\/modes-paiement\/#primaryimage\"},\"image\":{\"@id\":\"https:\/\/www.xpaddleboards.com\/modes-paiement\/#primaryimage\"},\"thumbnailUrl\":\"http:\/\/xpaddleboards.com\/wp-content\/uploads\/2021\/05\/Shape_image.jpg\",\"datePublished\":\"2021-05-11T14:04:59+00:00\",\"dateModified\":\"2021-12-08T14:28:27+00:00\",\"breadcrumb\":{\"@id\":\"https:\/\/www.xpaddleboards.com\/modes-paiement\/#breadcrumb\"},\"inLanguage\":\"en-GB\",\"potentialAction\":[{\"@type\":\"ReadAction\",\"target\":[\"https:\/\/www.xpaddleboards.com\/modes-paiement\/\"]}]},{\"@type\":\"ImageObject\",\"inLanguage\":\"en-GB\",\"@id\":\"https:\/\/www.xpaddleboards.com\/modes-paiement\/#primaryimage\",\"url\":\"http:\/\/xpaddleboards.com\/wp-content\/uploads\/2021\/05\/Shape_image.jpg\",\"contentUrl\":\"http:\/\/xpaddleboards.com\/wp-content\/uploads\/2021\/05\/Shape_image.jpg\"},{\"@type\":\"BreadcrumbList\",\"@id\":\"https:\/\/www.xpaddleboards.com\/modes-paiement\/#breadcrumb\",\"itemListElement\":[{\"@type\":\"ListItem\",\"position\":1,\"name\":\"Accueil\",\"item\":\"https:\/\/www.xpaddleboards.com\/\"},{\"@type\":\"ListItem\",\"position\":2,\"name\":\"Modes de paiement\"}]},{\"@type\":\"WebSite\",\"@id\":\"https:\/\/www.xpaddleboards.com\/#website\",\"url\":\"https:\/\/www.xpaddleboards.com\/\",\"name\":\"X Paddleboards\",\"description\":\"La nouvelle g\u00e9n\u00e9ration de SUP gonflable\",\"potentialAction\":[{\"@type\":\"SearchAction\",\"target\":{\"@type\":\"EntryPoint\",\"urlTemplate\":\"https:\/\/www.xpaddleboards.com\/?s={search_term_string}\"},\"query-input\":{\"@type\":\"PropertyValueSpecification\",\"valueRequired\":true,\"valueName\":\"search_term_string\"}}],\"inLanguage\":\"en-GB\"}]}<\/script>\n<!-- \/ Yoast SEO plugin. -->","yoast_head_json":{"title":"Modes de paiement - X Paddleboards","robots":{"index":"index","follow":"follow","max-snippet":"max-snippet:-1","max-image-preview":"max-image-preview:large","max-video-preview":"max-video-preview:-1"},"canonical":"https:\/\/www.xpaddleboards.com\/en\/modes-paiement\/","og_locale":"en_GB","og_type":"article","og_title":"Modes de paiement - X Paddleboards","og_description":"M\u00e9thodes de r\u00e8glement Payment par CB R\u00e9glez directement vos achats avec votre carte bancaire Visa ou Mastercard gr\u00e2ce \u00e0 notre solution de paiement 100% s\u00e9curis\u00e9e...","og_url":"https:\/\/www.xpaddleboards.com\/en\/modes-paiement\/","og_site_name":"X Paddleboards","article_modified_time":"2021-12-08T14:28:27+00:00","og_image":[{"url":"http:\/\/xpaddleboards.com\/wp-content\/uploads\/2021\/05\/Shape_image.jpg","type":"","width":"","height":""}],"twitter_card":"summary_large_image","twitter_misc":{"Estimated reading time":"1 minute"},"schema":{"@context":"https:\/\/schema.org","@graph":[{"@type":"WebPage","@id":"https:\/\/www.xpaddleboards.com\/modes-paiement\/","url":"https:\/\/www.xpaddleboards.com\/modes-paiement\/","name":"Modes de paiement - X Paddleboards","isPartOf":{"@id":"https:\/\/www.xpaddleboards.com\/#website"},"primaryImageOfPage":{"@id":"https:\/\/www.xpaddleboards.com\/modes-paiement\/#primaryimage"},"image":{"@id":"https:\/\/www.xpaddleboards.com\/modes-paiement\/#primaryimage"},"thumbnailUrl":"http:\/\/xpaddleboards.com\/wp-content\/uploads\/2021\/05\/Shape_image.jpg","datePublished":"2021-05-11T14:04:59+00:00","dateModified":"2021-12-08T14:28:27+00:00","breadcrumb":{"@id":"https:\/\/www.xpaddleboards.com\/modes-paiement\/#breadcrumb"},"inLanguage":"en-GB","potentialAction":[{"@type":"ReadAction","target":["https:\/\/www.xpaddleboards.com\/modes-paiement\/"]}]},{"@type":"ImageObject","inLanguage":"en-GB","@id":"https:\/\/www.xpaddleboards.com\/modes-paiement\/#primaryimage","url":"http:\/\/xpaddleboards.com\/wp-content\/uploads\/2021\/05\/Shape_image.jpg","contentUrl":"http:\/\/xpaddleboards.com\/wp-content\/uploads\/2021\/05\/Shape_image.jpg"},{"@type":"BreadcrumbList","@id":"https:\/\/www.xpaddleboards.com\/modes-paiement\/#breadcrumb","itemListElement":[{"@type":"ListItem","position":1,"name":"Accueil","item":"https:\/\/www.xpaddleboards.com\/"},{"@type":"ListItem","position":2,"name":"Modes de paiement"}]},{"@type":"WebSite","@id":"https:\/\/www.xpaddleboards.com\/#website","url":"https:\/\/www.xpaddleboards.com\/","name":"X Paddleboards","description":"La nouvelle g\u00e9n\u00e9ration de SUP gonflable","potentialAction":[{"@type":"SearchAction","target":{"@type":"EntryPoint","urlTemplate":"https:\/\/www.xpaddleboards.com\/?s={search_term_string}"},"query-input":{"@type":"PropertyValueSpecification","valueRequired":true,"valueName":"search_term_string"}}],"inLanguage":"en-GB"}]}},"_links":{"self":[{"href":"https:\/\/www.xpaddleboards.com\/en\/wp-json\/wp\/v2\/pages\/3131","targetHints":{"allow":["GET"]}}],"collection":[{"href":"https:\/\/www.xpaddleboards.com\/en\/wp-json\/wp\/v2\/pages"}],"about":[{"href":"https:\/\/www.xpaddleboards.com\/en\/wp-json\/wp\/v2\/types\/page"}],"author":[{"embeddable":true,"href":"https:\/\/www.xpaddleboards.com\/en\/wp-json\/wp\/v2\/users\/1"}],"replies":[{"embeddable":true,"href":"https:\/\/www.xpaddleboards.com\/en\/wp-json\/wp\/v2\/comments?post=3131"}],"version-history":[{"count":1,"href":"https:\/\/www.xpaddleboards.com\/en\/wp-json\/wp\/v2\/pages\/3131\/revisions"}],"predecessor-version":[{"id":3944,"href":"https:\/\/www.xpaddleboards.com\/en\/wp-json\/wp\/v2\/pages\/3131\/revisions\/3944"}],"wp:attachment":[{"href":"https:\/\/www.xpaddleboards.com\/en\/wp-json\/wp\/v2\/media?parent=3131"}],"curies":[{"name":"wp","href":"https:\/\/api.w.org\/{rel}","templated":true}]}}