{"id":3088,"date":"2021-05-11T14:23:25","date_gmt":"2021-05-11T12:23:25","guid":{"rendered":"https:\/\/xpaddleboards.com\/?page_id=3088"},"modified":"2023-12-13T21:04:01","modified_gmt":"2023-12-13T20:04:01","slug":"qui-sommes-nous","status":"publish","type":"page","link":"https:\/\/www.xpaddleboards.com\/en\/qui-sommes-nous\/","title":{"rendered":"About us"},"content":{"rendered":"<div data-elementor-type=\"wp-page\" data-elementor-id=\"3088\" class=\"elementor elementor-3088\" data-elementor-post-type=\"page\">\n\t\t\t\t\t\t<section class=\"elementor-section elementor-top-section elementor-element elementor-element-51655672 elementor-section-full_width elementor-section-height-min-height elementor-section-items-stretch elementor-section-content-middle elementor-section-height-default\" data-id=\"51655672\" data-element_type=\"section\" data-settings=\"{&quot;motion_fx_motion_fx_scrolling&quot;:&quot;yes&quot;,&quot;motion_fx_devices&quot;:[&quot;desktop&quot;,&quot;tablet&quot;,&quot;mobile&quot;]}\">\n\t\t\t\t\t\t<div class=\"elementor-container elementor-column-gap-no\">\n\t\t\t\t\t<div class=\"elementor-column elementor-col-50 elementor-top-column elementor-element elementor-element-2c85163f\" data-id=\"2c85163f\" data-element_type=\"column\" data-settings=\"{&quot;background_background&quot;:&quot;classic&quot;}\">\n\t\t\t<div class=\"elementor-widget-wrap elementor-element-populated\">\n\t\t\t\t\t\t<div class=\"elementor-element elementor-element-31f4fcb1 animated-slow elementor-invisible elementor-widget elementor-widget-image\" data-id=\"31f4fcb1\" data-element_type=\"widget\" data-settings=\"{&quot;_animation&quot;:&quot;fadeIn&quot;}\" data-widget_type=\"image.default\">\n\t\t\t\t<div class=\"elementor-widget-container\">\n\t\t\t\t\t\t\t\t\t\t\t\t\t\t\t<img fetchpriority=\"high\" decoding=\"async\" width=\"1046\" height=\"674\" src=\"https:\/\/www.xpaddleboards.com\/wp-content\/uploads\/2021\/05\/loic4-1400x674-1.jpg\" class=\"attachment-full size-full wp-image-3119\" alt=\"\" srcset=\"https:\/\/www.xpaddleboards.com\/wp-content\/uploads\/2021\/05\/loic4-1400x674-1.jpg 1046w, https:\/\/www.xpaddleboards.com\/wp-content\/uploads\/2021\/05\/loic4-1400x674-1-500x322.jpg 500w, https:\/\/www.xpaddleboards.com\/wp-content\/uploads\/2021\/05\/loic4-1400x674-1-800x515.jpg 800w, https:\/\/www.xpaddleboards.com\/wp-content\/uploads\/2021\/05\/loic4-1400x674-1-1024x660.jpg 1024w, https:\/\/www.xpaddleboards.com\/wp-content\/uploads\/2021\/05\/loic4-1400x674-1-768x495.jpg 768w, https:\/\/www.xpaddleboards.com\/wp-content\/uploads\/2021\/05\/loic4-1400x674-1-4x3.jpg 4w, https:\/\/www.xpaddleboards.com\/wp-content\/uploads\/2021\/05\/loic4-1400x674-1-10x6.jpg 10w\" sizes=\"(max-width: 1046px) 100vw, 1046px\" \/>\t\t\t\t\t\t\t\t\t\t\t\t\t\t\t<\/div>\n\t\t\t\t<\/div>\n\t\t\t\t<div class=\"elementor-element elementor-element-562e0ea3 elementor-view-stacked elementor-shape-square elementor-absolute elementor-widget elementor-widget-icon\" data-id=\"562e0ea3\" data-element_type=\"widget\" data-settings=\"{&quot;_position&quot;:&quot;absolute&quot;}\" data-widget_type=\"icon.default\">\n\t\t\t\t<div class=\"elementor-widget-container\">\n\t\t\t\t\t\t\t<div class=\"elementor-icon-wrapper\">\n\t\t\t<a class=\"elementor-icon\" href=\"#hero_down\">\n\t\t\t<svg xmlns=\"http:\/\/www.w3.org\/2000\/svg\" id=\"bd360ee6-57fd-4359-b2dc-7fcc99dd8348\" data-name=\"Layer 1\" width=\"34.5083\" height=\"56.5635\" viewbox=\"0 0 34.5083 56.5635\"><polygon points=\"34.01 40.394 17.134 55.427 17.134 0 16.384 0 16.384 54.952 0.519 39.782 0 40.325 16.384 55.99 16.384 56 16.395 56 16.735 56.325 16.986 56.563 34.508 40.954 34.01 40.394\"><\/polygon><\/svg>\t\t\t<\/a>\n\t\t<\/div>\n\t\t\t\t\t\t<\/div>\n\t\t\t\t<\/div>\n\t\t\t\t\t<\/div>\n\t\t<\/div>\n\t\t\t\t<div class=\"elementor-column elementor-col-50 elementor-top-column elementor-element elementor-element-73ecd883\" data-id=\"73ecd883\" data-element_type=\"column\">\n\t\t\t<div class=\"elementor-widget-wrap elementor-element-populated\">\n\t\t\t\t\t\t<div class=\"elementor-element elementor-element-9bbeaa8 elementor-widget elementor-widget-heading\" data-id=\"9bbeaa8\" data-element_type=\"widget\" data-widget_type=\"heading.default\">\n\t\t\t\t<div class=\"elementor-widget-container\">\n\t\t\t\t\t<h1 class=\"elementor-heading-title elementor-size-default\">About<br>\nus<\/h1>\t\t\t\t<\/div>\n\t\t\t\t<\/div>\n\t\t\t\t<div class=\"elementor-element elementor-element-5c7272ae elementor-widget elementor-widget-heading\" data-id=\"5c7272ae\" data-element_type=\"widget\" data-widget_type=\"heading.default\">\n\t\t\t\t<div class=\"elementor-widget-container\">\n\t\t\t\t\t<h5 class=\"elementor-heading-title elementor-size-default\">J'ai d\u00e9cid\u00e9 de cr\u00e9er X-Paddle Boards afin de proposer des paddles accessibles, styl\u00e9s et performants \u00e0 destination des amateurs comme des passionn\u00e9s<\/h5>\t\t\t\t<\/div>\n\t\t\t\t<\/div>\n\t\t\t\t\t<\/div>\n\t\t<\/div>\n\t\t\t\t\t<\/div>\n\t\t<\/section>\n\t\t\t\t<section class=\"elementor-section elementor-top-section elementor-element elementor-element-25e0495c elementor-section-full_width elementor-reverse-tablet elementor-reverse-mobile elementor-section-height-default elementor-section-height-default\" data-id=\"25e0495c\" data-element_type=\"section\" id=\"hero_down\" data-settings=\"{&quot;motion_fx_motion_fx_scrolling&quot;:&quot;yes&quot;,&quot;motion_fx_devices&quot;:[&quot;desktop&quot;,&quot;tablet&quot;,&quot;mobile&quot;]}\">\n\t\t\t\t\t\t<div class=\"elementor-container elementor-column-gap-no\">\n\t\t\t\t\t<div class=\"elementor-column elementor-col-50 elementor-top-column elementor-element elementor-element-38027bb9\" data-id=\"38027bb9\" data-element_type=\"column\">\n\t\t\t<div class=\"elementor-widget-wrap elementor-element-populated\">\n\t\t\t\t\t\t<section class=\"elementor-section elementor-inner-section elementor-element elementor-element-4dbee2a7 elementor-section-full_width elementor-section-height-default elementor-section-height-default\" data-id=\"4dbee2a7\" data-element_type=\"section\">\n\t\t\t\t\t\t<div class=\"elementor-container elementor-column-gap-no\">\n\t\t\t\t\t<div class=\"elementor-column elementor-col-100 elementor-inner-column elementor-element elementor-element-732df62\" data-id=\"732df62\" data-element_type=\"column\">\n\t\t\t<div class=\"elementor-widget-wrap elementor-element-populated\">\n\t\t\t\t\t\t<div class=\"elementor-element elementor-element-1a0f04b3 elementor-widget elementor-widget-heading\" data-id=\"1a0f04b3\" data-element_type=\"widget\" data-widget_type=\"heading.default\">\n\t\t\t\t<div class=\"elementor-widget-container\">\n\t\t\t\t\t<h2 class=\"elementor-heading-title elementor-size-default\">The beginnings of X-paddle Boards<\/h2>\t\t\t\t<\/div>\n\t\t\t\t<\/div>\n\t\t\t\t<div class=\"elementor-element elementor-element-6f63f9be elementor-widget elementor-widget-image\" data-id=\"6f63f9be\" data-element_type=\"widget\" data-widget_type=\"image.default\">\n\t\t\t\t<div class=\"elementor-widget-container\">\n\t\t\t\t\t\t\t\t\t\t\t\t\t\t\t<img decoding=\"async\" width=\"2016\" height=\"1512\" src=\"https:\/\/www.xpaddleboards.com\/wp-content\/uploads\/2021\/05\/marque-3.jpg\" class=\"attachment-full size-full wp-image-3307\" alt=\"\" srcset=\"https:\/\/www.xpaddleboards.com\/wp-content\/uploads\/2021\/05\/marque-3.jpg 2016w, https:\/\/www.xpaddleboards.com\/wp-content\/uploads\/2021\/05\/marque-3-500x375.jpg 500w, https:\/\/www.xpaddleboards.com\/wp-content\/uploads\/2021\/05\/marque-3-800x600.jpg 800w, https:\/\/www.xpaddleboards.com\/wp-content\/uploads\/2021\/05\/marque-3-1024x768.jpg 1024w, https:\/\/www.xpaddleboards.com\/wp-content\/uploads\/2021\/05\/marque-3-768x576.jpg 768w, https:\/\/www.xpaddleboards.com\/wp-content\/uploads\/2021\/05\/marque-3-1536x1152.jpg 1536w, https:\/\/www.xpaddleboards.com\/wp-content\/uploads\/2021\/05\/marque-3-4x3.jpg 4w, https:\/\/www.xpaddleboards.com\/wp-content\/uploads\/2021\/05\/marque-3-10x8.jpg 10w\" sizes=\"(max-width: 2016px) 100vw, 2016px\" \/>\t\t\t\t\t\t\t\t\t\t\t\t\t\t\t<\/div>\n\t\t\t\t<\/div>\n\t\t\t\t\t<\/div>\n\t\t<\/div>\n\t\t\t\t\t<\/div>\n\t\t<\/section>\n\t\t\t\t<div class=\"elementor-element elementor-element-5413545c elementor-widget__width-initial elementor-widget elementor-widget-spacer\" data-id=\"5413545c\" data-element_type=\"widget\" data-widget_type=\"spacer.default\">\n\t\t\t\t<div class=\"elementor-widget-container\">\n\t\t\t\t\t\t\t<div class=\"elementor-spacer\">\n\t\t\t<div class=\"elementor-spacer-inner\"><\/div>\n\t\t<\/div>\n\t\t\t\t\t\t<\/div>\n\t\t\t\t<\/div>\n\t\t\t\t\t<\/div>\n\t\t<\/div>\n\t\t\t\t<div class=\"elementor-column elementor-col-50 elementor-top-column elementor-element elementor-element-4c0e2361\" data-id=\"4c0e2361\" data-element_type=\"column\">\n\t\t\t<div class=\"elementor-widget-wrap elementor-element-populated\">\n\t\t\t\t\t\t<div class=\"elementor-element elementor-element-a6ca6a5 elementor-widget elementor-widget-spacer\" data-id=\"a6ca6a5\" data-element_type=\"widget\" data-widget_type=\"spacer.default\">\n\t\t\t\t<div class=\"elementor-widget-container\">\n\t\t\t\t\t\t\t<div class=\"elementor-spacer\">\n\t\t\t<div class=\"elementor-spacer-inner\"><\/div>\n\t\t<\/div>\n\t\t\t\t\t\t<\/div>\n\t\t\t\t<\/div>\n\t\t\t\t\t<\/div>\n\t\t<\/div>\n\t\t\t\t\t<\/div>\n\t\t<\/section>\n\t\t\t\t<section class=\"elementor-section elementor-top-section elementor-element elementor-element-ea6764 elementor-section-full_width elementor-section-height-default elementor-section-height-default\" data-id=\"ea6764\" data-element_type=\"section\" data-settings=\"{&quot;motion_fx_motion_fx_scrolling&quot;:&quot;yes&quot;,&quot;motion_fx_devices&quot;:[&quot;desktop&quot;,&quot;tablet&quot;,&quot;mobile&quot;]}\">\n\t\t\t\t\t\t<div class=\"elementor-container elementor-column-gap-no\">\n\t\t\t\t\t<div class=\"elementor-column elementor-col-50 elementor-top-column elementor-element elementor-element-6afcf73b\" data-id=\"6afcf73b\" data-element_type=\"column\">\n\t\t\t<div class=\"elementor-widget-wrap elementor-element-populated\">\n\t\t\t\t\t\t<div class=\"elementor-element elementor-element-6d63cd5c elementor-widget elementor-widget-heading\" data-id=\"6d63cd5c\" data-element_type=\"widget\" data-widget_type=\"heading.default\">\n\t\t\t\t<div class=\"elementor-widget-container\">\n\t\t\t\t\t<h2 class=\"elementor-heading-title elementor-size-default\">The birth<\/h2>\t\t\t\t<\/div>\n\t\t\t\t<\/div>\n\t\t\t\t<div class=\"elementor-element elementor-element-458ecd32 elementor-widget elementor-widget-text-editor\" data-id=\"458ecd32\" data-element_type=\"widget\" data-widget_type=\"text-editor.default\">\n\t\t\t\t<div class=\"elementor-widget-container\">\n\t\t\t\t\t\t\t\t\t<p>X-Paddle Boards est n\u00e9 d&rsquo;un constat: les paddles disponibles sur le march\u00e9 sont soit vraiment bas de gamme, peu performants et disons le franchement pas tr\u00e8s esth\u00e9tiques non plus \ud83d\ude42 , soit trop chers et trop techniques, peu adapt\u00e9s au grand public. Un paddle gonflable ne devrait pas couter 1000 euros et pourtant, c&rsquo; est souvent le cas chez de nombreuses marques issues de l&rsquo;univers de la glisse.<\/p><p>Notre objectif \u00e9tait de cr\u00e9er une gamme de produits visuellement sympas, rigides avec une excellente glisse et tout en restant sous la barre des 500 euros sur l&rsquo;int\u00e9gralit\u00e9 de la gamme.<\/p><p>Nous souhaitions \u00e9galement proposer un service client fran\u00e7ais sans faille et r\u00e9actif afin que ceux qui souhaitent s&rsquo;initier ou progresser en paddle puissent s&rsquo;\u00e9quiper en toute confiance<\/p>\t\t\t\t\t\t\t\t<\/div>\n\t\t\t\t<\/div>\n\t\t\t\t\t<\/div>\n\t\t<\/div>\n\t\t\t\t<div class=\"elementor-column elementor-col-50 elementor-top-column elementor-element elementor-element-910cb0c\" data-id=\"910cb0c\" data-element_type=\"column\">\n\t\t\t<div class=\"elementor-widget-wrap elementor-element-populated\">\n\t\t\t\t\t\t<div class=\"elementor-element elementor-element-2172b0f8 elementor-widget elementor-widget-heading\" data-id=\"2172b0f8\" data-element_type=\"widget\" data-widget_type=\"heading.default\">\n\t\t\t\t<div class=\"elementor-widget-container\">\n\t\t\t\t\t<h2 class=\"elementor-heading-title elementor-size-default\">Development<\/h2>\t\t\t\t<\/div>\n\t\t\t\t<\/div>\n\t\t\t\t<div class=\"elementor-element elementor-element-1818b2cc elementor-widget elementor-widget-text-editor\" data-id=\"1818b2cc\" data-element_type=\"widget\" data-widget_type=\"text-editor.default\">\n\t\t\t\t<div class=\"elementor-widget-container\">\n\t\t\t\t\t\t\t\t\t<p>About fifteen prototypes and 4 different producers were tested in order to develop a range of durable, high-performance paddles that are still accessible. We want to democratize access to SUP with nice products that everyone can afford without having to make concessions.<\/p><p>X-Paddle Boards a pour mission de d\u00e9mocratiser l&rsquo;acc\u00e8s aux sports nautiques avec son support le plus populaire, le stand up paddle.<\/p><p>Our paddles have been developed to offer maximum stability and resistance to knocks and wear over time.<\/p><p>In the long term, our objective will be to enlarge our range of complementary nautical products, always with this will to continue to propose accessible products.<\/p>\t\t\t\t\t\t\t\t<\/div>\n\t\t\t\t<\/div>\n\t\t\t\t\t<\/div>\n\t\t<\/div>\n\t\t\t\t\t<\/div>\n\t\t<\/section>\n\t\t\t\t<section class=\"elementor-section elementor-top-section elementor-element elementor-element-5bb5d10e elementor-section-full_width elementor-section-height-default elementor-section-height-default\" data-id=\"5bb5d10e\" data-element_type=\"section\" data-settings=\"{&quot;motion_fx_motion_fx_scrolling&quot;:&quot;yes&quot;,&quot;motion_fx_devices&quot;:[&quot;desktop&quot;,&quot;tablet&quot;,&quot;mobile&quot;]}\">\n\t\t\t\t\t\t<div class=\"elementor-container elementor-column-gap-no\">\n\t\t\t\t\t<div class=\"elementor-column elementor-col-50 elementor-top-column elementor-element elementor-element-63d0e9f3\" data-id=\"63d0e9f3\" data-element_type=\"column\">\n\t\t\t<div class=\"elementor-widget-wrap\">\n\t\t\t\t\t\t\t<\/div>\n\t\t<\/div>\n\t\t\t\t<div class=\"elementor-column elementor-col-50 elementor-top-column elementor-element elementor-element-7f5e8c3e\" data-id=\"7f5e8c3e\" data-element_type=\"column\">\n\t\t\t<div class=\"elementor-widget-wrap elementor-element-populated\">\n\t\t\t\t\t\t<div class=\"elementor-element elementor-element-151ac79f elementor-widget__width-initial elementor-widget-tablet__width-initial elementor-absolute elementor-view-default elementor-widget elementor-widget-icon\" data-id=\"151ac79f\" data-element_type=\"widget\" data-settings=\"{&quot;_position&quot;:&quot;absolute&quot;}\" data-widget_type=\"icon.default\">\n\t\t\t\t<div class=\"elementor-widget-container\">\n\t\t\t\t\t\t\t<div class=\"elementor-icon-wrapper\">\n\t\t\t<div class=\"elementor-icon\">\n\t\t\t<svg xmlns=\"http:\/\/www.w3.org\/2000\/svg\" id=\"af347a29-ddc3-4db2-adae-eae92e2b407e\" data-name=\"Layer 1\" width=\"204.3\" height=\"120.6001\" viewbox=\"0 0 204.3 120.6001\"><polygon points=\"0 120.6 78.75 120.6 102.15 0 50.4 0 0 120.6\"><\/polygon><polygon points=\"153 0 102.6 120.6 180.9 120.6 204.3 0 153 0\"><\/polygon><\/svg>\t\t\t<\/div>\n\t\t<\/div>\n\t\t\t\t\t\t<\/div>\n\t\t\t\t<\/div>\n\t\t\t\t<div class=\"elementor-element elementor-element-607aca75 elementor-blockquote--skin-clean elementor-blockquote--align-center elementor-widget__width-initial elementor-widget-tablet__width-initial elementor-widget elementor-widget-blockquote\" data-id=\"607aca75\" data-element_type=\"widget\" data-widget_type=\"blockquote.default\">\n\t\t\t\t<div class=\"elementor-widget-container\">\n\t\t\t\t\t\t\t<blockquote class=\"elementor-blockquote\">\n\t\t\t<p class=\"elementor-blockquote__content\">\n\t\t\t\tWith X Paddle Boards, you are sure to have a reliable, guaranteed, high-performance product at the right price to get you on the water \t\t\t<\/p>\n\t\t\t\t\t\t\t<div class=\"e-q-footer\">\n\t\t\t\t\t\t\t\t\t\t\t<cite class=\"elementor-blockquote__author\">\u2014Lo\u00efc Viandier \u2014<\/cite>\n\t\t\t\t\t\t\t\t\t\t\t\t\t\t<\/div>\n\t\t\t\t\t<\/blockquote>\n\t\t\t\t\t\t<\/div>\n\t\t\t\t<\/div>\n\t\t\t\t\t<\/div>\n\t\t<\/div>\n\t\t\t\t\t<\/div>\n\t\t<\/section>\n\t\t\t\t<\/div>","protected":false},"excerpt":{"rendered":"<p>A propos de nous J&rsquo;ai d\u00e9cid\u00e9 de cr\u00e9er X-Paddle Boards afin de proposer des paddles accessibles, styl\u00e9s et performants \u00e0 destination des amateurs comme des&#8230;<\/p>","protected":false},"author":1,"featured_media":0,"parent":0,"menu_order":0,"comment_status":"closed","ping_status":"closed","template":"","meta":{"footnotes":""},"class_list":["post-3088","page","type-page","status-publish","hentry"],"yoast_head":"<!-- This site is optimized with the Yoast SEO plugin v26.3 - https:\/\/yoast.com\/wordpress\/plugins\/seo\/ -->\n<title>Qui sommes nous - X Paddleboards<\/title>\n<meta name=\"robots\" content=\"index, follow, max-snippet:-1, max-image-preview:large, max-video-preview:-1\" \/>\n<link rel=\"canonical\" href=\"https:\/\/www.xpaddleboards.com\/en\/qui-sommes-nous\/\" \/>\n<meta property=\"og:locale\" content=\"en_GB\" \/>\n<meta property=\"og:type\" content=\"article\" \/>\n<meta property=\"og:title\" content=\"Qui sommes nous - X Paddleboards\" \/>\n<meta property=\"og:description\" content=\"A propos de nous J&rsquo;ai d\u00e9cid\u00e9 de cr\u00e9er X-Paddle Boards afin de proposer des paddles accessibles, styl\u00e9s et performants \u00e0 destination des amateurs comme des...\" \/>\n<meta property=\"og:url\" content=\"https:\/\/www.xpaddleboards.com\/en\/qui-sommes-nous\/\" \/>\n<meta property=\"og:site_name\" content=\"X Paddleboards\" \/>\n<meta property=\"article:modified_time\" content=\"2023-12-13T20:04:01+00:00\" \/>\n<meta property=\"og:image\" content=\"https:\/\/www.xpaddleboards.com\/wp-content\/uploads\/2021\/05\/loic4-1400x674-1.jpg\" \/>\n<meta name=\"twitter:card\" content=\"summary_large_image\" \/>\n<meta name=\"twitter:label1\" content=\"Estimated reading time\" \/>\n\t<meta name=\"twitter:data1\" content=\"2 minutes\" \/>\n<script type=\"application\/ld+json\" class=\"yoast-schema-graph\">{\"@context\":\"https:\/\/schema.org\",\"@graph\":[{\"@type\":\"WebPage\",\"@id\":\"https:\/\/www.xpaddleboards.com\/qui-sommes-nous\/\",\"url\":\"https:\/\/www.xpaddleboards.com\/qui-sommes-nous\/\",\"name\":\"Qui sommes nous - X Paddleboards\",\"isPartOf\":{\"@id\":\"https:\/\/www.xpaddleboards.com\/#website\"},\"primaryImageOfPage\":{\"@id\":\"https:\/\/www.xpaddleboards.com\/qui-sommes-nous\/#primaryimage\"},\"image\":{\"@id\":\"https:\/\/www.xpaddleboards.com\/qui-sommes-nous\/#primaryimage\"},\"thumbnailUrl\":\"https:\/\/www.xpaddleboards.com\/wp-content\/uploads\/2021\/05\/loic4-1400x674-1.jpg\",\"datePublished\":\"2021-05-11T12:23:25+00:00\",\"dateModified\":\"2023-12-13T20:04:01+00:00\",\"breadcrumb\":{\"@id\":\"https:\/\/www.xpaddleboards.com\/qui-sommes-nous\/#breadcrumb\"},\"inLanguage\":\"en-GB\",\"potentialAction\":[{\"@type\":\"ReadAction\",\"target\":[\"https:\/\/www.xpaddleboards.com\/qui-sommes-nous\/\"]}]},{\"@type\":\"ImageObject\",\"inLanguage\":\"en-GB\",\"@id\":\"https:\/\/www.xpaddleboards.com\/qui-sommes-nous\/#primaryimage\",\"url\":\"https:\/\/www.xpaddleboards.com\/wp-content\/uploads\/2021\/05\/loic4-1400x674-1.jpg\",\"contentUrl\":\"https:\/\/www.xpaddleboards.com\/wp-content\/uploads\/2021\/05\/loic4-1400x674-1.jpg\"},{\"@type\":\"BreadcrumbList\",\"@id\":\"https:\/\/www.xpaddleboards.com\/qui-sommes-nous\/#breadcrumb\",\"itemListElement\":[{\"@type\":\"ListItem\",\"position\":1,\"name\":\"Accueil\",\"item\":\"https:\/\/www.xpaddleboards.com\/\"},{\"@type\":\"ListItem\",\"position\":2,\"name\":\"Qui sommes nous\"}]},{\"@type\":\"WebSite\",\"@id\":\"https:\/\/www.xpaddleboards.com\/#website\",\"url\":\"https:\/\/www.xpaddleboards.com\/\",\"name\":\"X Paddleboards\",\"description\":\"La nouvelle g\u00e9n\u00e9ration de SUP gonflable\",\"potentialAction\":[{\"@type\":\"SearchAction\",\"target\":{\"@type\":\"EntryPoint\",\"urlTemplate\":\"https:\/\/www.xpaddleboards.com\/?s={search_term_string}\"},\"query-input\":{\"@type\":\"PropertyValueSpecification\",\"valueRequired\":true,\"valueName\":\"search_term_string\"}}],\"inLanguage\":\"en-GB\"}]}<\/script>\n<!-- \/ Yoast SEO plugin. -->","yoast_head_json":{"title":"Qui sommes nous - X Paddleboards","robots":{"index":"index","follow":"follow","max-snippet":"max-snippet:-1","max-image-preview":"max-image-preview:large","max-video-preview":"max-video-preview:-1"},"canonical":"https:\/\/www.xpaddleboards.com\/en\/qui-sommes-nous\/","og_locale":"en_GB","og_type":"article","og_title":"Qui sommes nous - X Paddleboards","og_description":"A propos de nous J&rsquo;ai d\u00e9cid\u00e9 de cr\u00e9er X-Paddle Boards afin de proposer des paddles accessibles, styl\u00e9s et performants \u00e0 destination des amateurs comme des...","og_url":"https:\/\/www.xpaddleboards.com\/en\/qui-sommes-nous\/","og_site_name":"X Paddleboards","article_modified_time":"2023-12-13T20:04:01+00:00","og_image":[{"url":"https:\/\/www.xpaddleboards.com\/wp-content\/uploads\/2021\/05\/loic4-1400x674-1.jpg","type":"","width":"","height":""}],"twitter_card":"summary_large_image","twitter_misc":{"Estimated reading time":"2 minutes"},"schema":{"@context":"https:\/\/schema.org","@graph":[{"@type":"WebPage","@id":"https:\/\/www.xpaddleboards.com\/qui-sommes-nous\/","url":"https:\/\/www.xpaddleboards.com\/qui-sommes-nous\/","name":"Qui sommes nous - X Paddleboards","isPartOf":{"@id":"https:\/\/www.xpaddleboards.com\/#website"},"primaryImageOfPage":{"@id":"https:\/\/www.xpaddleboards.com\/qui-sommes-nous\/#primaryimage"},"image":{"@id":"https:\/\/www.xpaddleboards.com\/qui-sommes-nous\/#primaryimage"},"thumbnailUrl":"https:\/\/www.xpaddleboards.com\/wp-content\/uploads\/2021\/05\/loic4-1400x674-1.jpg","datePublished":"2021-05-11T12:23:25+00:00","dateModified":"2023-12-13T20:04:01+00:00","breadcrumb":{"@id":"https:\/\/www.xpaddleboards.com\/qui-sommes-nous\/#breadcrumb"},"inLanguage":"en-GB","potentialAction":[{"@type":"ReadAction","target":["https:\/\/www.xpaddleboards.com\/qui-sommes-nous\/"]}]},{"@type":"ImageObject","inLanguage":"en-GB","@id":"https:\/\/www.xpaddleboards.com\/qui-sommes-nous\/#primaryimage","url":"https:\/\/www.xpaddleboards.com\/wp-content\/uploads\/2021\/05\/loic4-1400x674-1.jpg","contentUrl":"https:\/\/www.xpaddleboards.com\/wp-content\/uploads\/2021\/05\/loic4-1400x674-1.jpg"},{"@type":"BreadcrumbList","@id":"https:\/\/www.xpaddleboards.com\/qui-sommes-nous\/#breadcrumb","itemListElement":[{"@type":"ListItem","position":1,"name":"Accueil","item":"https:\/\/www.xpaddleboards.com\/"},{"@type":"ListItem","position":2,"name":"Qui sommes nous"}]},{"@type":"WebSite","@id":"https:\/\/www.xpaddleboards.com\/#website","url":"https:\/\/www.xpaddleboards.com\/","name":"X Paddleboards","description":"La nouvelle g\u00e9n\u00e9ration de SUP gonflable","potentialAction":[{"@type":"SearchAction","target":{"@type":"EntryPoint","urlTemplate":"https:\/\/www.xpaddleboards.com\/?s={search_term_string}"},"query-input":{"@type":"PropertyValueSpecification","valueRequired":true,"valueName":"search_term_string"}}],"inLanguage":"en-GB"}]}},"_links":{"self":[{"href":"https:\/\/www.xpaddleboards.com\/en\/wp-json\/wp\/v2\/pages\/3088","targetHints":{"allow":["GET"]}}],"collection":[{"href":"https:\/\/www.xpaddleboards.com\/en\/wp-json\/wp\/v2\/pages"}],"about":[{"href":"https:\/\/www.xpaddleboards.com\/en\/wp-json\/wp\/v2\/types\/page"}],"author":[{"embeddable":true,"href":"https:\/\/www.xpaddleboards.com\/en\/wp-json\/wp\/v2\/users\/1"}],"replies":[{"embeddable":true,"href":"https:\/\/www.xpaddleboards.com\/en\/wp-json\/wp\/v2\/comments?post=3088"}],"version-history":[{"count":42,"href":"https:\/\/www.xpaddleboards.com\/en\/wp-json\/wp\/v2\/pages\/3088\/revisions"}],"predecessor-version":[{"id":5271,"href":"https:\/\/www.xpaddleboards.com\/en\/wp-json\/wp\/v2\/pages\/3088\/revisions\/5271"}],"wp:attachment":[{"href":"https:\/\/www.xpaddleboards.com\/en\/wp-json\/wp\/v2\/media?parent=3088"}],"curies":[{"name":"wp","href":"https:\/\/api.w.org\/{rel}","templated":true}]}}